{"id":52542,"date":"2026-05-15T13:16:18","date_gmt":"2026-05-15T17:16:18","guid":{"rendered":"https:\/\/www.canarie.ca\/?page_id=52542"},"modified":"2026-05-15T13:16:45","modified_gmt":"2026-05-15T17:16:45","slug":"nouvelles-et-annonces-en-cybersecurite","status":"publish","type":"page","link":"https:\/\/www.canarie.ca\/fr\/nouvelles-et-annonces-en-cybersecurite\/","title":{"rendered":"Nouvelles et annonces en cybers\u00e9curit\u00e9"},"content":{"rendered":"\n\n<section class=\"section section--text-with-image  alignfull container squares-right\">\n  <svg version=\"1.1\" class=\"animated-square-graphic\" xmlns=\"http:\/\/www.w3.org\/2000\/svg\" xmlns:xlink=\"http:\/\/www.w3.org\/1999\/xlink\" x=\"0px\" y=\"0px\"\n\t viewBox=\"0 0 1084.85 1080\" style=\"enable-background:new 0 0 1084.85 1080;\" xml:space=\"preserve\">\n<style type=\"text\/css\">\n\t.st0{opacity:0.51;fill:#FEFEFE;}\n\t.st1{fill:#F4F4F5;}\n\t.st2{fill:#58C3D2;}\n\t.st3{fill:#E90D0B;}\n\t.st4{fill:#393D3F;}\n<\/style>\n<g>\n\t<path class=\"st0\" d=\"M275.09,0c0,20.92,0.02,41.84-0.04,62.75c-0.01,1.9,0.82,4.06-1.04,5.66c-1.33-1.48-1.49-3.32-1.5-5.17\n\t\tc-0.07-19.54-0.1-39.07,0.02-58.61c0.01-1,0.15-2,0.5-2.95c0.27-0.62,0.62-1.18,1.06-1.68C274.42,0,274.76,0,275.09,0z\"\/>\n\t<path class=\"st0\" d=\"M270.93,134.87c0,0.67,0,1.34,0,2.01c-1.96-0.21-3.39-1.13-2.71-3.24c0.6-1.87,2.15-2.92,4.31-2.71\n\t\tc21.9,2.09,43.85,0.35,65.77,0.92c-0.01,0.67-0.01,1.34-0.02,2.01c-1.73,0.94-3.6,0.46-5.4,0.47c-19.36,0.04-38.73,0.02-58.09,0.04\n\t\tC273.5,134.36,272.11,133.88,270.93,134.87z\"\/>\n\t<path class=\"st0\" d=\"M67.6,132.85c-0.22,2.23,0.79,3.24,3.02,3.02c-0.21,1.56-0.6,3.05-2.65,2.59c-1.53-0.34-2.62-1.44-2.96-2.96\n\t\tC64.55,133.46,66.04,133.06,67.6,132.85z\"\/>\n\t<path class=\"st0\" d=\"M270.93,134.87c0.15-0.9,0.44-1.31,1.6-1.31c21.92,0.15,43.84,0.21,65.76,0.29c-1.46,1.71-3.44,0.97-5.18,0.97\n\t\tC312.38,134.88,291.66,134.87,270.93,134.87z\"\/>\n\t<rect x=\"71.76\" y=\"67.43\" class=\"st1\" width=\"67.44\" height=\"67.44\"\/>\n\t<rect x=\"206.62\" class=\"st2\" width=\"67.44\" height=\"67.44\"\/>\n\t<rect x=\"410.45\" class=\"st2\" width=\"67.44\" height=\"67.44\"\/>\n\t<rect x=\"343.11\" y=\"67.73\" class=\"st2\" width=\"67.44\" height=\"67.44\"\/>\n\t<rect x=\"544.46\" y=\"0.06\" class=\"st1\" width=\"67.44\" height=\"67.44\"\/>\n\t<rect x=\"680.21\" class=\"st1\" width=\"67.44\" height=\"67.44\"\/>\n\t<rect x=\"815.09\" class=\"st1\" width=\"67.44\" height=\"67.44\"\/>\n\t<rect x=\"949.97\" class=\"st2\" width=\"67.44\" height=\"67.44\"\/>\n\t<rect x=\"477.89\" y=\"67.73\" class=\"st3\" width=\"67.44\" height=\"67.44\"\/>\n\t<rect x=\"612.77\" y=\"67.73\" class=\"st2\" width=\"67.44\" height=\"67.44\"\/>\n\t<rect x=\"747.65\" y=\"67.73\" class=\"st4\" width=\"67.44\" height=\"67.44\"\/>\n\t<rect x=\"882.53\" y=\"67.83\" class=\"st1\" width=\"67.44\" height=\"67.44\"\/>\n\t<rect x=\"1017.41\" y=\"67.73\" class=\"st2\" width=\"67.44\" height=\"67.44\"\/>\n\t<rect x=\"1017.41\" y=\"203.13\" class=\"st2\" width=\"67.44\" height=\"67.44\"\/>\n\t<rect x=\"275.67\" y=\"135.45\" class=\"st1\" width=\"67.44\" height=\"67.44\"\/>\n\t<rect x=\"208.23\" y=\"202.81\" class=\"st3\" width=\"67.44\" height=\"67.44\"\/>\n\t<rect x=\"1.8\" y=\"202.81\" class=\"st1\" width=\"67.44\" height=\"67.44\"\/>\n\t<rect x=\"69.24\" y=\"270.83\" class=\"st2\" width=\"67.44\" height=\"67.44\"\/>\n\t<rect x=\"410.55\" y=\"270.57\" class=\"st1\" width=\"67.44\" height=\"67.44\"\/>\n\t<rect x=\"545.43\" y=\"270.57\" class=\"st1\" width=\"67.44\" height=\"67.44\"\/>\n\t<rect x=\"680.44\" y=\"270.57\" class=\"st2\" width=\"67.44\" height=\"67.44\"\/>\n\t<rect x=\"815.3\" y=\"270.57\" class=\"st1\" width=\"67.44\" height=\"67.44\"\/>\n\t<rect x=\"950.11\" y=\"270.57\" class=\"st2\" width=\"67.44\" height=\"67.44\"\/>\n\t<rect x=\"1017.41\" y=\"270.57\" class=\"st4\" width=\"67.44\" height=\"67.44\"\/>\n\t<rect x=\"1017.41\" y=\"338.01\" class=\"st2\" width=\"67.44\" height=\"67.44\"\/>\n\t<rect x=\"882.5\" y=\"338.16\" class=\"st2\" width=\"67.44\" height=\"67.44\"\/>\n\t<rect x=\"747.86\" y=\"338.16\" class=\"st1\" width=\"67.44\" height=\"67.44\"\/>\n\t<rect x=\"612.87\" y=\"338.16\" class=\"st2\" width=\"67.44\" height=\"67.44\"\/>\n\t<rect x=\"271.44\" y=\"338.01\" class=\"st1\" width=\"67.44\" height=\"67.44\"\/>\n\t<rect x=\"136.7\" y=\"405.75\" class=\"st3\" width=\"67.44\" height=\"67.44\"\/>\n\t<rect x=\"407.3\" y=\"405.6\" class=\"st3\" width=\"67.44\" height=\"67.44\"\/>\n\t<rect x=\"815.06\" y=\"405.6\" class=\"st2\" width=\"67.44\" height=\"67.44\"\/>\n\t<rect x=\"950.11\" y=\"405.6\" class=\"st1\" width=\"67.44\" height=\"67.44\"\/>\n\t<rect x=\"1017.41\" y=\"473.04\" class=\"st1\" width=\"67.44\" height=\"67.44\"\/>\n\t<rect x=\"882.5\" y=\"473.04\" class=\"st1\" width=\"67.44\" height=\"67.44\"\/>\n\t<rect x=\"747.62\" y=\"473.04\" class=\"st1\" width=\"67.44\" height=\"67.44\"\/>\n\t<rect x=\"611.17\" y=\"473.04\" class=\"st4\" width=\"67.44\" height=\"67.44\"\/>\n\t<rect y=\"475.55\" class=\"st1\" width=\"67.44\" height=\"67.44\"\/>\n\t<rect x=\"410.55\" y=\"135.45\" class=\"st4\" width=\"67.44\" height=\"67.44\"\/>\n\t<rect x=\"680.42\" y=\"135.17\" class=\"st1\" width=\"67.44\" height=\"67.44\"\/>\n\t<rect x=\"815.23\" y=\"135.36\" class=\"st1\" width=\"67.44\" height=\"67.44\"\/>\n\t<rect x=\"950.12\" y=\"135.36\" class=\"st4\" width=\"67.44\" height=\"67.44\"\/>\n\t<rect x=\"343.11\" y=\"202.81\" class=\"st3\" width=\"67.44\" height=\"67.44\"\/>\n\t<rect x=\"477.99\" y=\"202.81\" class=\"st2\" width=\"67.44\" height=\"67.44\"\/>\n\t<rect x=\"613\" y=\"202.81\" class=\"st4\" width=\"67.44\" height=\"67.44\"\/>\n\t<rect x=\"747.86\" y=\"202.74\" class=\"st2\" width=\"67.44\" height=\"67.44\"\/>\n\t<rect x=\"882.67\" y=\"202.8\" class=\"st2\" width=\"67.44\" height=\"67.44\"\/>\n\t<rect x=\"950.08\" y=\"540.48\" class=\"st2\" width=\"67.44\" height=\"67.44\"\/>\n\t<rect x=\"815.06\" y=\"540.48\" class=\"st2\" width=\"67.44\" height=\"67.44\"\/>\n\t<rect x=\"1017.41\" y=\"607.92\" class=\"st2\" width=\"67.44\" height=\"67.44\"\/>\n\t<rect x=\"882.44\" y=\"607.92\" class=\"st4\" width=\"67.44\" height=\"67.44\"\/>\n\t<rect x=\"747.62\" y=\"607.92\" class=\"st4\" width=\"67.44\" height=\"67.44\"\/>\n\t<rect x=\"950.06\" y=\"675.36\" class=\"st1\" width=\"67.44\" height=\"67.44\"\/>\n\t<rect x=\"815\" y=\"675.36\" class=\"st2\" width=\"67.44\" height=\"67.44\"\/>\n\t<rect x=\"680.18\" y=\"675.36\" class=\"st2\" width=\"67.44\" height=\"67.44\"\/>\n\t<rect x=\"882.7\" y=\"742.8\" class=\"st1\" width=\"67.44\" height=\"67.44\"\/>\n\t<rect x=\"1017.41\" y=\"742.8\" class=\"st2\" width=\"67.44\" height=\"67.44\"\/>\n\t<rect x=\"1017.41\" y=\"810.24\" class=\"st1\" width=\"67.44\" height=\"67.44\"\/>\n\t<rect x=\"950.06\" y=\"810.24\" class=\"st2\" width=\"67.44\" height=\"67.44\"\/>\n\t<rect x=\"950.06\" y=\"877.68\" class=\"st3\" width=\"67.44\" height=\"67.44\"\/>\n\t<rect x=\"882.62\" y=\"877.68\" class=\"st2\" width=\"67.44\" height=\"67.44\"\/>\n\t<rect x=\"747.66\" y=\"877.68\" class=\"st3\" width=\"67.44\" height=\"67.44\"\/>\n\t<rect x=\"680.22\" y=\"877.68\" class=\"st1\" width=\"67.44\" height=\"67.44\"\/>\n\t<rect x=\"815.06\" y=\"945.12\" class=\"st4\" width=\"67.44\" height=\"67.44\"\/>\n\t<rect x=\"747.66\" y=\"945.12\" class=\"st2\" width=\"67.44\" height=\"67.44\"\/>\n\t<rect x=\"1017.5\" y=\"945.12\" class=\"st4\" width=\"67.44\" height=\"67.44\"\/>\n\t<rect x=\"950.06\" y=\"945.12\" class=\"st2\" width=\"67.44\" height=\"67.44\"\/>\n\t<rect x=\"882.5\" y=\"1012.56\" class=\"st4\" width=\"67.44\" height=\"67.44\"\/>\n\t<rect x=\"1017.5\" y=\"1012.56\" class=\"st2\" width=\"67.44\" height=\"67.44\"\/>\n\t<rect x=\"545.3\" y=\"1012.56\" class=\"st4\" width=\"67.44\" height=\"67.44\"\/>\n\t<rect x=\"407.54\" y=\"1012.56\" class=\"st2\" width=\"67.44\" height=\"67.44\"\/>\n\t<rect x=\"815.06\" y=\"1012.56\" class=\"st2\" width=\"67.44\" height=\"67.44\"\/>\n\t<rect x=\"747.66\" y=\"1012.56\" class=\"st3\" width=\"67.44\" height=\"67.44\"\/>\n\t<rect x=\"680.18\" y=\"1012.56\" class=\"st2\" width=\"67.44\" height=\"67.44\"\/>\n\t<rect x=\"747.62\" y=\"742.8\" class=\"st2\" width=\"67.44\" height=\"67.44\"\/>\n\t<rect x=\"612.74\" y=\"742.8\" class=\"st4\" width=\"67.44\" height=\"67.44\"\/>\n\t<rect x=\"545.3\" y=\"877.68\" class=\"st2\" width=\"67.44\" height=\"67.44\"\/>\n\t<rect x=\"612.74\" y=\"945.12\" class=\"st4\" width=\"67.44\" height=\"67.44\"\/>\n<\/g>\n<\/svg>\n  <div class=\"grid-container simple-fade\">\n    <div class=\"grid-x grid-padding-x align-middle\">\n      <div class=\"cell medium-6 medium-order-2\">\n\t\t  \t\t\t  <img decoding=\"async\" src=\"https:\/\/www.canarie.ca\/wp-content\/uploads\/2026\/01\/news-3-1024x683.gif\" alt=\"Infographic showing a light blue stylized map of Canada with multiple question mark icons and document-like shapes connected by network lines, representing Cybersecurity News &#038; Announcements.\">\n\t\t        <\/div>\n      <div class=\"cell medium-6 medium-order-1 text-left text-cell \">\n  \t\t  \t\t          <h1 class=\"cssanimation leFadeIn\">Nouvelles et annonces en cybers\u00e9curit\u00e9<\/h1>\n  \t\t  \t\t                              <\/div>\n    <\/div>\n  <\/div>\n<\/section>\n\n\n\n\n\n<section class=\"section section--text-columns no-background\">\n    <div class=\"grid-container\">\n      <div class=\"grid-x grid-padding-x\">\n        <div class=\"cell\">\n                  \t<h3>Bulletin sur la s\u00e9curit\u00e9 : Vuln\u00e9rabilit\u00e9 des r\u00e9seaux sans fil aux attaques par fragmentation et agr\u00e9gation (FragAttacks)<\/h3>\n                    <p>Une nouvelle vuln\u00e9rabilit\u00e9 appel\u00e9e \u00ab attaque par fragmentation et agr\u00e9gation \u00bb (FragAttacks) menace la s\u00e9curit\u00e9 des r\u00e9seaux sans fil.<\/p>\n                    <div class=\"button-group\">\n              \t\t\t\t  \t<a class=\"button-border-blue\" href=\"https:\/\/www.canarie.ca\/fr\/identite\/soutien\/fragattacks\/\" target=\"_self\">Lire la suite<\/a>\n    \t\t\t    \t\t\t    \t\t\t<\/div>\n    \t\t\t        <\/div>\n      <\/div>\n    <\/div>\n  <\/section>\n\n\n<section class=\"section section--text-columns no-background\">\n    <div class=\"grid-container\">\n      <div class=\"grid-x grid-padding-x\">\n        <div class=\"cell\">\n                  \t<h3>Bulletin sur le service eduroam \u2013 connexion impossible \u00e0 eduroam pour les utilisateurs ayant un appareil Android, n\u00e9cessit\u00e9 de modifier le profil CAT<\/h3>\n                    <p>La mise \u00e0 niveau 11 QPR1 d\u2019Android de d\u00e9cembre sur le plan de la s\u00e9curit\u00e9 modifie la fa\u00e7on dont les certificats de s\u00e9curit\u00e9 sans fil sont trait\u00e9s&#8230;.<\/p>\n                    <div class=\"button-group\">\n              \t\t\t\t  \t<a class=\"button-border-blue\" href=\"https:\/\/www.canarie.ca\/fr\/identite\/soutien\/admin\/#organisation\" target=\"_self\">En apprendre plus<\/a>\n    \t\t\t    \t\t\t    \t\t\t<\/div>\n    \t\t\t        <\/div>\n      <\/div>\n    <\/div>\n  <\/section>\n\n\n<section class=\"section section--text-columns no-background\">\n    <div class=\"grid-container\">\n      <div class=\"grid-x grid-padding-x\">\n        <div class=\"cell\">\n                  \t<h3>Bulletin sur le service eduroam \u2013 \u00c0 l\u2019intention des contacts techniques et des signataires autoris\u00e9s<\/h3>\n                    <p>Nous avons appris que les utilisateurs d\u2019eduroam pourraient \u00eatre victimes d\u2019une br\u00e8che de s\u00e9curit\u00e9 si leur appareil n\u2019est pas correctement configur\u00e9&#8230;.La mise \u00e0 niveau 11 QPR1 d\u2019Android de d\u00e9cembre sur le plan de la s\u00e9curit\u00e9 modifie la fa\u00e7on dont les certificats de s\u00e9curit\u00e9 sans fil sont trait\u00e9s&#8230;<\/p>\n                    <div class=\"button-group\">\n              \t\t\t\t  \t<a class=\"button-border-blue\" href=\"https:\/\/www.canarie.ca\/fr\/document\/fca-connexion-impossible-a-eduroam-pour-les-utilisateurs-ayant-un-appareil-android-necessite-de-modifier-le-profil-cat\/\" target=\"_self\">En apprendre plus<\/a>\n    \t\t\t    \t\t\t    \t\t\t<\/div>\n    \t\t\t        <\/div>\n      <\/div>\n    <\/div>\n  <\/section>\n\n\n<section class=\"section section--quick-links\">\n    <div class=\"grid-container\">\n      <div class=\"grid-x grid-padding-x\">\n        <div class=\"cell\">\n                  \t<h2>Connexes :<\/h2>\n                                <div class=\"wp-block-buttons\">\n                \t\t\t\t  \t<a class=\"button wp-block-button__link\" href=\"https:\/\/www.canarie.ca\/fr\/?page_id=48593\" target=\"_self\">Programme Initiatives en cybers\u00e9curit\u00e9 (PIC) <\/a><br>\n    \t\t\t        \t\t\t\t  \t<a class=\"button wp-block-button__link\" href=\"https:\/\/www.canarie.ca\/fr\/cybersecurite\/pic\/foire-aux-questions\/\" target=\"_self\">Foire aux questions <\/a><br>\n    \t\t\t        \t\t\t\t  \t<a class=\"button wp-block-button__link\" href=\"https:\/\/www.canarie.ca\/fr\/?page_id=52557\" target=\"_self\">Soutien<\/a><br>\n    \t\t\t        \t\t\t  <\/div>\n    \t\t\t          <\/div>\n      <\/div>\n    <\/div>\n  <\/section>\n\n\n<hr class=\"wp-block-separator has-text-color has-red-color has-css-opacity has-red-background-color has-background is-style-wide\"\/>\n","protected":false},"excerpt":{"rendered":"","protected":false},"author":22,"featured_media":0,"parent":0,"menu_order":0,"comment_status":"closed","ping_status":"closed","template":"","meta":{"_acf_changed":false,"footnotes":""},"class_list":["post-52542","page","type-page","status-publish","hentry"],"acf":[],"yoast_head":"<!-- This site is optimized with the Yoast SEO plugin v27.6 - https:\/\/yoast.com\/product\/yoast-seo-wordpress\/ -->\n<title>Nouvelles et annonces en cybers\u00e9curit\u00e9 - CANARIE<\/title>\n<meta name=\"robots\" content=\"noindex, nofollow\" \/>\n<meta property=\"og:locale\" content=\"fr_FR\" \/>\n<meta property=\"og:type\" content=\"article\" \/>\n<meta property=\"og:title\" content=\"Nouvelles et annonces en cybers\u00e9curit\u00e9 - CANARIE\" \/>\n<meta property=\"og:url\" content=\"https:\/\/www.canarie.ca\/fr\/nouvelles-et-annonces-en-cybersecurite\/\" \/>\n<meta property=\"og:site_name\" content=\"CANARIE\" \/>\n<meta property=\"article:modified_time\" content=\"2026-05-15T17:16:45+00:00\" \/>\n<meta name=\"twitter:card\" content=\"summary_large_image\" \/>\n<script type=\"application\/ld+json\" class=\"yoast-schema-graph\">{\"@context\":\"https:\\\/\\\/schema.org\",\"@graph\":[{\"@type\":\"WebPage\",\"@id\":\"https:\\\/\\\/www.canarie.ca\\\/fr\\\/nouvelles-et-annonces-en-cybersecurite\\\/\",\"url\":\"https:\\\/\\\/www.canarie.ca\\\/fr\\\/nouvelles-et-annonces-en-cybersecurite\\\/\",\"name\":\"Nouvelles et annonces en cybers\u00e9curit\u00e9 - CANARIE\",\"isPartOf\":{\"@id\":\"https:\\\/\\\/www.canarie.ca\\\/#website\"},\"datePublished\":\"2026-05-15T17:16:18+00:00\",\"dateModified\":\"2026-05-15T17:16:45+00:00\",\"breadcrumb\":{\"@id\":\"https:\\\/\\\/www.canarie.ca\\\/fr\\\/nouvelles-et-annonces-en-cybersecurite\\\/#breadcrumb\"},\"inLanguage\":\"fr-FR\",\"potentialAction\":[{\"@type\":\"ReadAction\",\"target\":[\"https:\\\/\\\/www.canarie.ca\\\/fr\\\/nouvelles-et-annonces-en-cybersecurite\\\/\"]}]},{\"@type\":\"BreadcrumbList\",\"@id\":\"https:\\\/\\\/www.canarie.ca\\\/fr\\\/nouvelles-et-annonces-en-cybersecurite\\\/#breadcrumb\",\"itemListElement\":[{\"@type\":\"ListItem\",\"position\":1,\"name\":\"Accueil\",\"item\":\"https:\\\/\\\/www.canarie.ca\\\/fr\\\/\"},{\"@type\":\"ListItem\",\"position\":2,\"name\":\"Nouvelles et annonces en cybers\u00e9curit\u00e9\"}]},{\"@type\":\"WebSite\",\"@id\":\"https:\\\/\\\/www.canarie.ca\\\/#website\",\"url\":\"https:\\\/\\\/www.canarie.ca\\\/\",\"name\":\"CANARIE\",\"description\":\"\",\"potentialAction\":[{\"@type\":\"SearchAction\",\"target\":{\"@type\":\"EntryPoint\",\"urlTemplate\":\"https:\\\/\\\/www.canarie.ca\\\/?s={search_term_string}\"},\"query-input\":{\"@type\":\"PropertyValueSpecification\",\"valueRequired\":true,\"valueName\":\"search_term_string\"}}],\"inLanguage\":\"fr-FR\"}]}<\/script>\n<!-- \/ Yoast SEO plugin. -->","yoast_head_json":{"title":"Nouvelles et annonces en cybers\u00e9curit\u00e9 - CANARIE","robots":{"index":"noindex","follow":"nofollow"},"og_locale":"fr_FR","og_type":"article","og_title":"Nouvelles et annonces en cybers\u00e9curit\u00e9 - CANARIE","og_url":"https:\/\/www.canarie.ca\/fr\/nouvelles-et-annonces-en-cybersecurite\/","og_site_name":"CANARIE","article_modified_time":"2026-05-15T17:16:45+00:00","twitter_card":"summary_large_image","schema":{"@context":"https:\/\/schema.org","@graph":[{"@type":"WebPage","@id":"https:\/\/www.canarie.ca\/fr\/nouvelles-et-annonces-en-cybersecurite\/","url":"https:\/\/www.canarie.ca\/fr\/nouvelles-et-annonces-en-cybersecurite\/","name":"Nouvelles et annonces en cybers\u00e9curit\u00e9 - CANARIE","isPartOf":{"@id":"https:\/\/www.canarie.ca\/#website"},"datePublished":"2026-05-15T17:16:18+00:00","dateModified":"2026-05-15T17:16:45+00:00","breadcrumb":{"@id":"https:\/\/www.canarie.ca\/fr\/nouvelles-et-annonces-en-cybersecurite\/#breadcrumb"},"inLanguage":"fr-FR","potentialAction":[{"@type":"ReadAction","target":["https:\/\/www.canarie.ca\/fr\/nouvelles-et-annonces-en-cybersecurite\/"]}]},{"@type":"BreadcrumbList","@id":"https:\/\/www.canarie.ca\/fr\/nouvelles-et-annonces-en-cybersecurite\/#breadcrumb","itemListElement":[{"@type":"ListItem","position":1,"name":"Accueil","item":"https:\/\/www.canarie.ca\/fr\/"},{"@type":"ListItem","position":2,"name":"Nouvelles et annonces en cybers\u00e9curit\u00e9"}]},{"@type":"WebSite","@id":"https:\/\/www.canarie.ca\/#website","url":"https:\/\/www.canarie.ca\/","name":"CANARIE","description":"","potentialAction":[{"@type":"SearchAction","target":{"@type":"EntryPoint","urlTemplate":"https:\/\/www.canarie.ca\/?s={search_term_string}"},"query-input":{"@type":"PropertyValueSpecification","valueRequired":true,"valueName":"search_term_string"}}],"inLanguage":"fr-FR"}]}},"_links":{"self":[{"href":"https:\/\/www.canarie.ca\/fr\/wp-json\/wp\/v2\/pages\/52542","targetHints":{"allow":["GET"]}}],"collection":[{"href":"https:\/\/www.canarie.ca\/fr\/wp-json\/wp\/v2\/pages"}],"about":[{"href":"https:\/\/www.canarie.ca\/fr\/wp-json\/wp\/v2\/types\/page"}],"author":[{"embeddable":true,"href":"https:\/\/www.canarie.ca\/fr\/wp-json\/wp\/v2\/users\/22"}],"replies":[{"embeddable":true,"href":"https:\/\/www.canarie.ca\/fr\/wp-json\/wp\/v2\/comments?post=52542"}],"version-history":[{"count":7,"href":"https:\/\/www.canarie.ca\/fr\/wp-json\/wp\/v2\/pages\/52542\/revisions"}],"predecessor-version":[{"id":52753,"href":"https:\/\/www.canarie.ca\/fr\/wp-json\/wp\/v2\/pages\/52542\/revisions\/52753"}],"wp:attachment":[{"href":"https:\/\/www.canarie.ca\/fr\/wp-json\/wp\/v2\/media?parent=52542"}],"curies":[{"name":"wp","href":"https:\/\/api.w.org\/{rel}","templated":true}]}}