{"id":7094,"date":"2020-04-20T13:48:07","date_gmt":"2020-04-20T17:48:07","guid":{"rendered":"https:\/\/canarie.machinedev.ca\/members\/list\/"},"modified":"2025-09-02T13:51:21","modified_gmt":"2025-09-02T17:51:21","slug":"liste","status":"publish","type":"page","link":"https:\/\/www.canarie.ca\/fr\/membres\/liste\/","title":{"rendered":"Membres de CANARIE"},"content":{"rendered":"\n<div style=\"height:36px\" aria-hidden=\"true\" class=\"wp-block-spacer\"><\/div>\n\n\n\n<h1 class=\"wp-block-heading has-text-align-center\" id=\"membres-de-canarie\">Membres de CANARIE<\/h1>\n\n\n\n<div style=\"height:36px\" aria-hidden=\"true\" class=\"wp-block-spacer\"><\/div>\n\n\n\n<h2 class=\"wp-block-heading has-text-align-center\" id=\"nous-sommes-reconnaissants-pour-le-soutien-de-nos-membres\">Nous sommes reconnaissants pour le soutien de nos membres.<\/h2>\n\n\n\n<section class=\"section section--current-members alignfull\">\n  <div class=\"grid-container\">\n\t\t  <h2>Coll\u00e8ges, \u00e9coles polytechniques et c\u00e9geps canadiens<\/h2>\n\t\t\t\t<ul class=\"arrow-list members\">\n\t\t\t\t\t<li><a href=\"https:\/\/assiniboine.net\/\" target=\"_blank\">Assiniboine Community College<\/a><\/li>\n\t\t\t\t\t<li><a href=\"https:\/\/www.bcit.ca\/\" target=\"_blank\">British Columbia Institute of Technology<\/a><\/li>\n\t\t\t\t\t<li><a href=\"https:\/\/bowvalleycollege.ca\/\" target=\"_blank\">Bow Valley College <\/a><\/li>\n\t\t\t\t\t<li><a href=\"https:\/\/cambriancollege.ca\/\" target=\"_blank\">Cambrian College<\/a><\/li>\n\t\t\t\t\t<li><a href=\"http:\/\/www.camosun.ca\" target=\"_blank\">Camosun College<\/a><\/li>\n\t\t\t\t\t<li><a href=\"https:\/\/www.cengn.ca\/\" target=\"_blank\">Canada\u2019s Centre of Excellence in Next Generation Networks (CENGN)<\/a><\/li>\n\t\t\t\t\t<li><a href=\"https:\/\/www.canadorecollege.ca\/\" target=\"_blank\">Canadore College<\/a><\/li>\n\t\t\t\t\t<li><a href=\"https:\/\/www.cegep-ste-foy.qc.ca\/accueil\/\" target=\"_self\">C\u00e9gep de Sainte-Foy<\/a><\/li>\n\t\t\t\t\t<li><a href=\"https:\/\/www.cegepsth.qc.ca\/\" target=\"_blank\">C\u00c9GEP de Saint-Hyacinthe<\/a><\/li>\n\t\t\t\t\t<li><a href=\"https:\/\/www.cvm.qc.ca\/\" target=\"_blank\">C\u00e9gep du Vieux Montr\u00e9al<\/a><\/li>\n\t\t\t\t\t<li><a href=\"https:\/\/www.cegeplimoilou.ca\/\" target=\"_blank\">C\u00e9gep Limoilou<\/a><\/li>\n\t\t\t\t\t<li><a href=\"https:\/\/www.cegep-lanaudiere.qc.ca\/\" target=\"_blank\">C\u00c9GEP r\u00e9gional de Lanaudi\u00e8re<\/a><\/li>\n\t\t\t\t\t<li><a href=\"https:\/\/www.cegeptr.qc.ca\/\" target=\"_blank\">C\u00e9gep de Trois-Rivi\u00e8res<\/a><\/li>\n\t\t\t\t\t<li><a href=\"https:\/\/www.centennialcollege.ca\/\" target=\"_blank\">Centennial College<\/a><\/li>\n\t\t\t\t\t<li><a href=\"https:\/\/www.collegelacite.ca\/\" target=\"_blank\">Cit\u00e9 Collegiale<\/a><\/li>\n\t\t\t\t\t<li><a href=\"https:\/\/www.collegeahuntsic.qc.ca\/\" target=\"_blank\">Coll\u00e8ge Ahuntsic<\/a><\/li>\n\t\t\t\t\t<li><a href=\"https:\/\/www.arcticcollege.com\/\" target=\"_blank\">Coll\u00e8ge de l&#039;Arctique du Nunavut<\/a><\/li>\n\t\t\t\t\t<li><a href=\"https:\/\/www.bdeb.qc.ca\/\" target=\"_blank\">Coll\u00e8ge de Bois-de-Boulogne<\/a><\/li>\n\t\t\t\t\t<li><a href=\"https:\/\/www.conestogac.on.ca\/\" target=\"_blank\">Conestoga College<\/a><\/li>\n\t\t\t\t\t<li><a href=\"https:\/\/www.coastmountaincollege.ca\/\" target=\"_blank\">Coast Mountain College<\/a><\/li>\n\t\t\t\t\t<li><a href=\"https:\/\/cnc.bc.ca\/\" target=\"_blank\">College of New Caledonia<\/a><\/li>\n\t\t\t\t\t<li><a href=\"https:\/\/cotr.bc.ca\/\" target=\"_blank\">College of the Rockies<\/a><\/li>\n\t\t\t\t\t<li><a href=\"https:\/\/www.dawsoncollege.qc.ca\/\" target=\"_blank\">Dawson College<\/a><\/li>\n\t\t\t\t\t<li><a href=\"http:\/\/douglascollege.ca\" target=\"_blank\">Douglas College<\/a><\/li>\n\t\t\t\t\t<li><a href=\"https:\/\/durhamcollege.ca\/\" target=\"_blank\">Durham College<\/a><\/li>\n\t\t\t\t\t<li><a href=\"https:\/\/www.polymtl.ca\/\" target=\"_blank\">Polytechnique Montr\u00e9al<\/a><\/li>\n\t\t\t\t\t<li><a href=\"https:\/\/www.fanshawec.ca\/\" target=\"_blank\">Fanshawe College<\/a><\/li>\n\t\t\t\t\t<li><a href=\"https:\/\/www.georgebrown.ca\/\" target=\"_blank\">George Brown College<\/a><\/li>\n\t\t\t\t\t<li><a href=\"https:\/\/www.georgiancollege.ca\/\" target=\"_blank\">Georgian College<\/a><\/li>\n\t\t\t\t\t<li><a href=\"https:\/\/www.hollandcollege.com\/\" target=\"_blank\">Holland College<\/a><\/li>\n\t\t\t\t\t<li><a href=\"https:\/\/humber.ca\/\" target=\"_blank\">Humber Polytechnic<\/a><\/li>\n\t\t\t\t\t<li><a href=\"https:\/\/www.kpu.ca\/\" target=\"_blank\">Kwantlen Polytechnic<\/a><\/li>\n\t\t\t\t\t<li><a href=\"https:\/\/langara.ca\/index.html\" target=\"_blank\">Langara College<\/a><\/li>\n\t\t\t\t\t<li><a href=\"https:\/\/lethpolytech.ca\/\" target=\"_self\">Lethbridge Polytechnic<\/a><\/li>\n\t\t\t\t\t<li><a href=\"https:\/\/www.loyalistcollege.com\/\" target=\"_blank\">Loyalist College<\/a><\/li>\n\t\t\t\t\t<li><a href=\"https:\/\/www.mohawkcollege.ca\/\" target=\"_blank\">Mohawk College<\/a><\/li>\n\t\t\t\t\t<li><a href=\"https:\/\/www.niagaracollege.ca\/\" target=\"_blank\">Niagara College of Applied Arts and Technology<\/a><\/li>\n\t\t\t\t\t<li><a href=\"https:\/\/nvit.ca\/\" target=\"_blank\">Nicola Valley Institute of Technology<\/a><\/li>\n\t\t\t\t\t<li><a href=\"https:\/\/www.nlc.bc.ca\/\" target=\"_blank\">Northern Lights College<\/a><\/li>\n\t\t\t\t\t<li><a href=\"https:\/\/www.nic.bc.ca\/\" target=\"_blank\">North Island College<\/a><\/li>\n\t\t\t\t\t<li><a href=\"http:\/\/www.norquest.ca\" target=\"_blank\">NorQuest College<\/a><\/li>\n\t\t\t\t\t<li><a href=\"https:\/\/www.nwpolytech.ca\/\" target=\"_blank\">Northwestern Polytechnic <\/a><\/li>\n\t\t\t\t\t<li><a href=\"http:\/\/okanagan.bc.ca\" target=\"_blank\">Okanagan College<\/a><\/li>\n\t\t\t\t\t<li><a href=\"https:\/\/www.oldscollege.ca\/\" target=\"_blank\">Olds College<\/a><\/li>\n\t\t\t\t\t<li><a href=\"https:\/\/www.rrc.ca\/\" target=\"_blank\">RRC Polytech<\/a><\/li>\n\t\t\t\t\t<li><a href=\"https:\/\/www.sait.ca\/\" target=\"_blank\">SAIT Polytechnic<\/a><\/li>\n\t\t\t\t\t<li><a href=\"https:\/\/saskpolytech.ca\/\" target=\"_blank\">Saskatchewan Polytechnic<\/a><\/li>\n\t\t\t\t\t<li><a href=\"https:\/\/selkirk.ca\/\" target=\"_blank\">Selkirk College<\/a><\/li>\n\t\t\t\t\t<li><a href=\"https:\/\/www.senecacollege.ca\/home.html\" target=\"_blank\">Seneca College<\/a><\/li>\n\t\t\t\t\t<li><a href=\"https:\/\/www.sheridancollege.ca\/\" target=\"_blank\">Sheridan College<\/a><\/li>\n\t\t\t\t\t<li><a href=\"https:\/\/www.stclaircollege.ca\/\" target=\"_blank\">St. Clair College<\/a><\/li>\n\t\t\t\t\t<li><a href=\"https:\/\/www.stlawrencecollege.ca\/\" target=\"_blank\">St. Lawrence College<\/a><\/li>\n\t\t\t\t\t<li><a href=\"https:\/\/www.vcc.ca\/\" target=\"_blank\">Vancouver Community College<\/a><\/li>\n\t\t\t\t<\/ul>\n\t\t  <\/div>\n<\/section>\n\n\n\n<section class=\"section section--current-members alignfull\">\n  <div class=\"grid-container\">\n\t\t  <h2>Universit\u00e9s canadiennes<\/h2>\n\t\t\t\t<ul class=\"arrow-list members\">\n\t\t\t\t\t<li><a href=\"https:\/\/www2.acadiau.ca\/home.html\" target=\"_blank\">Acadia University<\/a><\/li>\n\t\t\t\t\t<li><a href=\"https:\/\/www.algomau.ca\/\" target=\"_blank\">Algoma University <\/a><\/li>\n\t\t\t\t\t<li><a href=\"https:\/\/www.athabascau.ca\/\" target=\"_blank\">Athabasca University <\/a><\/li>\n\t\t\t\t\t<li><a href=\"https:\/\/www.brandonu.ca\/\" target=\"_blank\">Brandon University<\/a><\/li>\n\t\t\t\t\t<li><a href=\"https:\/\/brocku.ca\/\" target=\"_blank\">Brock University<\/a><\/li>\n\t\t\t\t\t<li><a href=\"https:\/\/www.burmanu.ca\/\" target=\"_blank\">Burman University<\/a><\/li>\n\t\t\t\t\t<li><a href=\"https:\/\/www.cbu.ca\/\" target=\"_blank\">Cape Breton University<\/a><\/li>\n\t\t\t\t\t<li><a href=\"https:\/\/www.capilanou.ca\/\" target=\"_blank\">Capilano University<\/a><\/li>\n\t\t\t\t\t<li><a href=\"https:\/\/carleton.ca\/\" target=\"_blank\">Carleton University<\/a><\/li>\n\t\t\t\t\t<li><a href=\"http:\/\/Concordia%20University\" target=\"_blank\">Concordia University<\/a><\/li>\n\t\t\t\t\t<li><a href=\"https:\/\/concordia.ab.ca\/\" target=\"_blank\">Concordia University of Edmonton<\/a><\/li>\n\t\t\t\t\t<li><a href=\"https:\/\/www.crandallu.ca\/\" target=\"_blank\">Crandall University<\/a><\/li>\n\t\t\t\t\t<li><a href=\"https:\/\/www.dal.ca\/\" target=\"_blank\">Dalhousie University<\/a><\/li>\n\t\t\t\t\t<li><a href=\"https:\/\/enap.ca\/enap\/fr\/accueil.aspx\" target=\"_blank\">\u00c9cole nationale d\u2019administration publique<\/a><\/li>\n\t\t\t\t\t<li><a href=\"http:\/\/www.etsmtl.ca\/\" target=\"_self\">\u00c9cole de technologie sup\u00e9rieure <\/a><\/li>\n\t\t\t\t\t<li><a href=\"https:\/\/www.ecuad.ca\/\" target=\"_blank\">Emily Carr University of Art + Design<\/a><\/li>\n\t\t\t\t\t<li><a href=\"https:\/\/www.grenfell.mun.ca\/Pages\/home.aspx\" target=\"_blank\">Grenfell Campus, Memorial University<\/a><\/li>\n\t\t\t\t\t<li><a href=\"https:\/\/www.macewan.ca\/wcm\/index.htm\" target=\"_blank\">MacEwan University<\/a><\/li>\n\t\t\t\t\t<li><a href=\"https:\/\/www.mcgill.ca\/english\/\" target=\"_blank\">McGill University<\/a><\/li>\n\t\t\t\t\t<li><a href=\"https:\/\/www.mcmaster.ca\/\" target=\"_blank\">McMaster University<\/a><\/li>\n\t\t\t\t\t<li><a href=\"https:\/\/www.mun.ca\/\" target=\"_blank\">Memorial University of Newfoundland<\/a><\/li>\n\t\t\t\t\t<li><a href=\"https:\/\/www.mtroyal.ca\/\" target=\"_blank\">Mount Royal University<\/a><\/li>\n\t\t\t\t\t<li><a href=\"https:\/\/www.nipissingu.ca\/\" target=\"_blank\">Nipissing University<\/a><\/li>\n\t\t\t\t\t<li><a href=\"https:\/\/www.nosm.ca\/\" target=\"_blank\">NOSM University<\/a><\/li>\n\t\t\t\t\t<li><a href=\"https:\/\/www.ocadu.ca\/\" target=\"_blank\">OCAD University<\/a><\/li>\n\t\t\t\t\t<li><a href=\"https:\/\/www.queensu.ca\/\" target=\"_self\">Queen\u2019s University<\/a><\/li>\n\t\t\t\t\t<li><a href=\"https:\/\/www.royalroads.ca\/\" target=\"_blank\">Royal Roads University<\/a><\/li>\n\t\t\t\t\t<li><a href=\"https:\/\/www.smu.ca\/\" target=\"_blank\">Saint Mary\u2019s University<\/a><\/li>\n\t\t\t\t\t<li><a href=\"https:\/\/www.sfu.ca\/\" target=\"_blank\">Simon Fraser University<\/a><\/li>\n\t\t\t\t\t<li><a href=\"https:\/\/www.stfx.ca\/\" target=\"_blank\">St. Francis Xavier University<\/a><\/li>\n\t\t\t\t\t<li><a href=\"https:\/\/www.stu.ca\/\" target=\"_blank\">St. Thomas University<\/a><\/li>\n\t\t\t\t\t<li><a href=\"https:\/\/www.tru.ca\/\" target=\"_blank\">Thompson Rivers University<\/a><\/li>\n\t\t\t\t\t<li><a href=\"https:\/\/www.trentu.ca\/\" target=\"_blank\">Trent University<\/a><\/li>\n\t\t\t\t\t<li><a href=\"https:\/\/www.ryerson.ca\/\" target=\"_blank\">Toronto Metropolitan University<\/a><\/li>\n\t\t\t\t\t<li><a href=\"https:\/\/www.umoncton.ca\/english\/\" target=\"_blank\">Universit\u00e9 de Moncton<\/a><\/li>\n\t\t\t\t\t<li><a href=\"https:\/\/www.umontreal.ca\/\" target=\"_blank\">Universit\u00e9 de Montr\u00e9al<\/a><\/li>\n\t\t\t\t\t<li><a href=\"https:\/\/ustboniface.ca\/\" target=\"_blank\">Universit\u00e9 de Saint-Boniface<\/a><\/li>\n\t\t\t\t\t<li><a href=\"https:\/\/www.usherb.ca\/\" target=\"_blank\">Universit\u00e9 de Sherbrooke<\/a><\/li>\n\t\t\t\t\t<li><a href=\"https:\/\/uqam.ca\/\" target=\"_blank\">Universit\u00e9 du Qu\u00e9bec \u00e0 Montr\u00e9al<\/a><\/li>\n\t\t\t\t\t<li><a href=\"https:\/\/www.ulaval.ca\/\" target=\"_blank\">Universit\u00e9 Laval<\/a><\/li>\n\t\t\t\t\t<li><a href=\"https:\/\/www.usainteanne.ca\/\" target=\"_blank\">Universit\u00e9 Saint-Anne<\/a><\/li>\n\t\t\t\t\t<li><a href=\"https:\/\/www.ualberta.ca\/index.html\" target=\"_blank\">University of Alberta<\/a><\/li>\n\t\t\t\t\t<li><a href=\"https:\/\/www.ubc.ca\/\" target=\"_blank\">University of British Columbia<\/a><\/li>\n\t\t\t\t\t<li><a href=\"https:\/\/www.ucalgary.ca\/\" target=\"_blank\">University of Calgary<\/a><\/li>\n\t\t\t\t\t<li><a href=\"https:\/\/www.uoguelph.ca\/\" target=\"_blank\">University of Guelph<\/a><\/li>\n\t\t\t\t\t<li><a href=\"https:\/\/www.uleth.ca\/\" target=\"_blank\">University of Lethbridge<\/a><\/li>\n\t\t\t\t\t<li><a href=\"https:\/\/www.umanitoba.ca\/\" target=\"_blank\">University of Manitoba<\/a><\/li>\n\t\t\t\t\t<li><a href=\"https:\/\/www.unb.ca\/\" target=\"_blank\">University of New Brunswick<\/a><\/li>\n\t\t\t\t\t<li><a href=\"https:\/\/www.unbc.ca\/\" target=\"_blank\">University of Northern British Columbia<\/a><\/li>\n\t\t\t\t\t<li><a href=\"https:\/\/ontariotechu.ca\/\" target=\"_blank\">University of Ontario Institute of Technology<\/a><\/li>\n\t\t\t\t\t<li><a href=\"https:\/\/www.uottawa.ca\/en\" target=\"_blank\">University of Ottawa<\/a><\/li>\n\t\t\t\t\t<li><a href=\"https:\/\/www.upei.ca\/\" target=\"_blank\">University of Prince Edward Island<\/a><\/li>\n\t\t\t\t\t<li><a href=\"https:\/\/www.uregina.ca\/\" target=\"_blank\">University of Regina<\/a><\/li>\n\t\t\t\t\t<li><a href=\"https:\/\/www.usask.ca\/\" target=\"_blank\">University of Saskatchewan<\/a><\/li>\n\t\t\t\t\t<li><a href=\"https:\/\/www.ufv.ca\/\" target=\"_blank\">University of the Fraser Valley<\/a><\/li>\n\t\t\t\t\t<li><a href=\"https:\/\/www.utoronto.ca\/\" target=\"_blank\">University of Toronto<\/a><\/li>\n\t\t\t\t\t<li><a href=\"https:\/\/www.uvic.ca\/\" target=\"_blank\">University of Victoria<\/a><\/li>\n\t\t\t\t\t<li><a href=\"https:\/\/uwaterloo.ca\/\" target=\"_blank\">University of Waterloo<\/a><\/li>\n\t\t\t\t\t<li><a href=\"https:\/\/www.uwindsor.ca\/\" target=\"_blank\">University of Windsor \u2013 Centre for Smart Community Innovation<\/a><\/li>\n\t\t\t\t\t<li><a href=\"https:\/\/www.uwinnipeg.ca\/\" target=\"_blank\">University of Winnipeg<\/a><\/li>\n\t\t\t\t\t<li><a href=\"https:\/\/www.viu.ca\/\" target=\"_blank\">Vancouver Island University<\/a><\/li>\n\t\t\t\t\t<li><a href=\"https:\/\/www.uwo.ca\/\" target=\"_blank\">Western University<\/a><\/li>\n\t\t\t\t\t<li><a href=\"https:\/\/www.wlu.ca\/\" target=\"_blank\">Wilfrid Laurier University<\/a><\/li>\n\t\t\t\t\t<li><a href=\"https:\/\/www.yorku.ca\/\" target=\"_blank\">York University<\/a><\/li>\n\t\t\t\t\t<li><a href=\"https:\/\/www.yukonu.ca\/\" target=\"_blank\">Yukon University<\/a><\/li>\n\t\t\t\t<\/ul>\n\t\t  <\/div>\n<\/section>\n\n\n\n<section class=\"section section--current-members alignfull\">\n  <div class=\"grid-container\">\n\t\t  <h2>Agences gouvernementales<\/h2>\n\t\t\t\t<ul class=\"arrow-list members\">\n\t\t\t\t\t<li><a href=\"http:\/\/www.crc.ca\/\" target=\"_blank\">Communications Research Centre Canada (CRC)<\/a><\/li>\n\t\t\t\t\t<li><a href=\"https:\/\/www.ic.gc.ca\/\" target=\"_blank\">Innovation, Science and Economic Development Canada<\/a><\/li>\n\t\t\t\t\t<li><a href=\"https:\/\/www.merlin.mb.ca\/\" target=\"_blank\">MERLIN<\/a><\/li>\n\t\t\t\t<\/ul>\n\t\t  <\/div>\n<\/section>\n\n\n\n<section class=\"section section--current-members alignfull\">\n  <div class=\"grid-container\">\n\t\t  <h2>Installations de sant\u00e9<\/h2>\n\t\t\t\t<ul class=\"arrow-list members\">\n\t\t\t\t\t<li><a href=\"https:\/\/www.lhsc.on.ca\/\" target=\"_blank\">London Health Sciences Centre<\/a><\/li>\n\t\t\t\t\t<li><a href=\"https:\/\/www.sjhc.london.on.ca\/\" target=\"_blank\">St. Joseph\u2019s Health Care London<\/a><\/li>\n\t\t\t\t<\/ul>\n\t\t  <\/div>\n<\/section>\n\n\n\n<section class=\"section section--current-members alignfull\">\n  <div class=\"grid-container\">\n\t\t  <h2>Partenaires du R\u00e9seau national de la recherche et de l\u2019\u00e9ducation (RNRE)<\/h2>\n\t\t\t\t<ul class=\"arrow-list members\">\n\t\t\t\t\t<li><a href=\"https:\/\/acorn-ns.ca\/\" target=\"_blank\">ACORN-NS<\/a><\/li>\n\t\t\t\t\t<li><a href=\"https:\/\/www.bc.net\/\" target=\"_blank\">BCNET<\/a><\/li>\n\t\t\t\t\t<li><a href=\"https:\/\/www.cybera.ca\/\" target=\"_blank\">Cybera<\/a><\/li>\n\t\t\t\t\t<li><a href=\"https:\/\/mrnet.mb.ca\/\" target=\"_blank\">MRnet<\/a><\/li>\n\t\t\t\t\t<li><a href=\"https:\/\/www.orion.on.ca\/\" target=\"_blank\">ORION<\/a><\/li>\n\t\t\t\t\t<li><a href=\"https:\/\/www.risq.qc.ca\/\" target=\"_blank\">R\u00e9seau d\u2019informations scientifiques du Qu\u00e9bec (RISQ) inc.<\/a><\/li>\n\t\t\t\t\t<li><a href=\"https:\/\/srnet.ca\/\" target=\"_blank\">SRNET<\/a><\/li>\n\t\t\t\t<\/ul>\n\t\t  <\/div>\n<\/section>\n\n\n\n<section class=\"section section--current-members alignfull\">\n  <div class=\"grid-container\">\n\t\t  <h2>Organisations d\u2019innovation sans but lucratif<\/h2>\n\t\t\t\t<ul class=\"arrow-list members\">\n\t\t\t\t\t<li><a href=\"https:\/\/www.crkn-rcdr.ca\/\" target=\"_blank\">Canadian Research Knowledge Network<\/a><\/li>\n\t\t\t\t\t<li><a href=\"https:\/\/www.cira.ca\/\" target=\"_blank\">CIRA<\/a><\/li>\n\t\t\t\t\t<li><a href=\"https:\/\/www.cmc.ca\/\" target=\"_blank\">CMC Microsystems<\/a><\/li>\n\t\t\t\t\t<li><a href=\"https:\/\/www.ecampusontario.ca\/\" target=\"_blank\">eCampus Ontario<\/a><\/li>\n\t\t\t\t\t<li><a href=\"https:\/\/www.internetsociety.org\/\" target=\"_blank\">Internet Society<\/a><\/li>\n\t\t\t\t\t<li><a href=\"https:\/\/alliancecan.ca\/fr\" target=\"_blank\">l&#039;Alliance de recherche num\u00e9rique du Canada (l\u2019Alliance)<\/a><\/li>\n\t\t\t\t<\/ul>\n\t\t  <\/div>\n<\/section>\n\n\n\n<section class=\"section section--current-members alignfull\">\n  <div class=\"grid-container\">\n\t\t  <h2>Organisations du secteur priv\u00e9<\/h2>\n\t\t\t\t<ul class=\"arrow-list members\">\n\t\t\t\t\t<li><a href=\"https:\/\/www.bell.ca\/\" target=\"_blank\">Bell Canada<\/a><\/li>\n\t\t\t\t\t<li><a href=\"http:\/\/BlueVoyant.com\" target=\"_blank\">\tBlueVoyant<\/a><\/li>\n\t\t\t\t\t<li><a href=\"https:\/\/www.ciena.com\/\" target=\"_blank\">Ciena<\/a><\/li>\n\t\t\t\t\t<li><a href=\"https:\/\/www.cirrusidentity.com\/\" target=\"_blank\">Cirrus Identity<\/a><\/li>\n\t\t\t\t\t<li><a href=\"https:\/\/www.fortinet.com\/\" target=\"_blank\">Fortinet<\/a><\/li>\n\t\t\t\t\t<li><a href=\"https:\/\/www.juniper.net\/us\/en\/\" target=\"_blank\">Juniper Networks Inc.<\/a><\/li>\n\t\t\t\t\t<li><a href=\"https:\/\/www.manageengine.com\/ca\/\" target=\"_blank\">ManageEngine<\/a><\/li>\n\t\t\t\t\t<li><a href=\"https:\/\/www.microsoft.com\/en-ca\" target=\"_blank\">Microsoft<\/a><\/li>\n\t\t\t\t\t<li><a href=\"http:\/\/www.nokia.com\/\" target=\"_blank\">Nokia Canada<\/a><\/li>\n\t\t\t\t\t<li><a href=\"https:\/\/www.optic.ca\/fr\" target=\"_blank\"> Technologie Optic.ca<\/a><\/li>\n\t\t\t\t<\/ul>\n\t\t  <\/div>\n<\/section>\n\n\n\n<section class=\"section section--current-members alignfull\">\n  <div class=\"grid-container\">\n\t\t  <h2>Autres institutions postsecondaires<\/h2>\n\t\t\t\t<ul class=\"arrow-list members\">\n\t\t\t\t\t<li><a href=\"https:\/\/www.banffcentre.ca\/\" target=\"_blank\">Banff Centre for Arts and Creativity<\/a><\/li>\n\t\t\t\t\t<li><a href=\"https:\/\/thecdm.ca\/\" target=\"_blank\">Centre for Digital Media<\/a><\/li>\n\t\t\t\t\t<li><a href=\"http:\/\/www.jibc.ca\" target=\"_blank\">Justice Institute of British Columbia<\/a><\/li>\n\t\t\t\t<\/ul>\n\t\t  <\/div>\n<\/section>\n\n\n\n<section class=\"section section--current-members alignfull\">\n  <div class=\"grid-container\">\n\t\t  <h2>Instituts de recherche<\/h2>\n\t\t\t\t<ul class=\"arrow-list members\">\n\t\t\t\t\t<li><a href=\"http:\/\/www.bccrc.ca\/\" target=\"_blank\">BC Cancer Research Institute<\/a><\/li>\n\t\t\t\t\t<li><a href=\"https:\/\/www.lightsource.ca\/index.php\" target=\"_blank\">Canadian Light Source<\/a><\/li>\n\t\t\t\t\t<li><a href=\"https:\/\/www.asc-csa.gc.ca\/eng\/default.asp\" target=\"_blank\">Canadian Space Agency<\/a><\/li>\n\t\t\t\t\t<li><a href=\"https:\/\/oicr.on.ca\/fr\/a-propos\/\" target=\"_blank\">L\u2019Institut ontarien de recherche sur le cancer <\/a><\/li>\n\t\t\t\t\t<li><a href=\"https:\/\/www.triumf.ca\/\" target=\"_blank\">TRIUMF<\/a><\/li>\n\t\t\t\t<\/ul>\n\t\t  <\/div>\n<\/section>\n","protected":false},"excerpt":{"rendered":"<p>Membres de CANARIE Nous sommes reconnaissants pour le soutien de nos membres.<\/p>\n","protected":false},"author":4,"featured_media":0,"parent":7092,"menu_order":0,"comment_status":"closed","ping_status":"closed","template":"","meta":{"_acf_changed":false,"footnotes":""},"class_list":["post-7094","page","type-page","status-publish","hentry"],"acf":[],"yoast_head":"<!-- This site is optimized with the Yoast SEO plugin v27.4 - https:\/\/yoast.com\/product\/yoast-seo-wordpress\/ -->\n<title>Membres de CANARIE - CANARIE<\/title>\n<meta name=\"robots\" content=\"index, follow, max-snippet:-1, max-image-preview:large, max-video-preview:-1\" \/>\n<link rel=\"canonical\" href=\"https:\/\/www.canarie.ca\/fr\/membres\/liste\/\" \/>\n<meta property=\"og:locale\" content=\"fr_FR\" \/>\n<meta property=\"og:type\" content=\"article\" \/>\n<meta property=\"og:title\" content=\"Membres de CANARIE - CANARIE\" \/>\n<meta property=\"og:description\" content=\"Membres de CANARIE Nous sommes reconnaissants pour le soutien de nos membres.\" \/>\n<meta property=\"og:url\" content=\"https:\/\/www.canarie.ca\/fr\/membres\/liste\/\" \/>\n<meta property=\"og:site_name\" content=\"CANARIE\" \/>\n<meta property=\"article:modified_time\" content=\"2025-09-02T17:51:21+00:00\" \/>\n<meta name=\"twitter:card\" content=\"summary_large_image\" \/>\n<script type=\"application\/ld+json\" class=\"yoast-schema-graph\">{\"@context\":\"https:\\\/\\\/schema.org\",\"@graph\":[{\"@type\":\"WebPage\",\"@id\":\"https:\\\/\\\/www.canarie.ca\\\/fr\\\/membres\\\/liste\\\/\",\"url\":\"https:\\\/\\\/www.canarie.ca\\\/fr\\\/membres\\\/liste\\\/\",\"name\":\"Membres de CANARIE - CANARIE\",\"isPartOf\":{\"@id\":\"https:\\\/\\\/www.canarie.ca\\\/#website\"},\"datePublished\":\"2020-04-20T17:48:07+00:00\",\"dateModified\":\"2025-09-02T17:51:21+00:00\",\"breadcrumb\":{\"@id\":\"https:\\\/\\\/www.canarie.ca\\\/fr\\\/membres\\\/liste\\\/#breadcrumb\"},\"inLanguage\":\"fr-FR\",\"potentialAction\":[{\"@type\":\"ReadAction\",\"target\":[\"https:\\\/\\\/www.canarie.ca\\\/fr\\\/membres\\\/liste\\\/\"]}]},{\"@type\":\"BreadcrumbList\",\"@id\":\"https:\\\/\\\/www.canarie.ca\\\/fr\\\/membres\\\/liste\\\/#breadcrumb\",\"itemListElement\":[{\"@type\":\"ListItem\",\"position\":1,\"name\":\"Accueil\",\"item\":\"https:\\\/\\\/www.canarie.ca\\\/fr\\\/\"},{\"@type\":\"ListItem\",\"position\":2,\"name\":\"Adh\u00e9sion \u00e0 CANARIE\",\"item\":\"https:\\\/\\\/www.canarie.ca\\\/fr\\\/membres\\\/\"},{\"@type\":\"ListItem\",\"position\":3,\"name\":\"Membres de CANARIE\"}]},{\"@type\":\"WebSite\",\"@id\":\"https:\\\/\\\/www.canarie.ca\\\/#website\",\"url\":\"https:\\\/\\\/www.canarie.ca\\\/\",\"name\":\"CANARIE\",\"description\":\"\",\"potentialAction\":[{\"@type\":\"SearchAction\",\"target\":{\"@type\":\"EntryPoint\",\"urlTemplate\":\"https:\\\/\\\/www.canarie.ca\\\/?s={search_term_string}\"},\"query-input\":{\"@type\":\"PropertyValueSpecification\",\"valueRequired\":true,\"valueName\":\"search_term_string\"}}],\"inLanguage\":\"fr-FR\"}]}<\/script>\n<!-- \/ Yoast SEO plugin. -->","yoast_head_json":{"title":"Membres de CANARIE - CANARIE","robots":{"index":"index","follow":"follow","max-snippet":"max-snippet:-1","max-image-preview":"max-image-preview:large","max-video-preview":"max-video-preview:-1"},"canonical":"https:\/\/www.canarie.ca\/fr\/membres\/liste\/","og_locale":"fr_FR","og_type":"article","og_title":"Membres de CANARIE - CANARIE","og_description":"Membres de CANARIE Nous sommes reconnaissants pour le soutien de nos membres.","og_url":"https:\/\/www.canarie.ca\/fr\/membres\/liste\/","og_site_name":"CANARIE","article_modified_time":"2025-09-02T17:51:21+00:00","twitter_card":"summary_large_image","schema":{"@context":"https:\/\/schema.org","@graph":[{"@type":"WebPage","@id":"https:\/\/www.canarie.ca\/fr\/membres\/liste\/","url":"https:\/\/www.canarie.ca\/fr\/membres\/liste\/","name":"Membres de CANARIE - CANARIE","isPartOf":{"@id":"https:\/\/www.canarie.ca\/#website"},"datePublished":"2020-04-20T17:48:07+00:00","dateModified":"2025-09-02T17:51:21+00:00","breadcrumb":{"@id":"https:\/\/www.canarie.ca\/fr\/membres\/liste\/#breadcrumb"},"inLanguage":"fr-FR","potentialAction":[{"@type":"ReadAction","target":["https:\/\/www.canarie.ca\/fr\/membres\/liste\/"]}]},{"@type":"BreadcrumbList","@id":"https:\/\/www.canarie.ca\/fr\/membres\/liste\/#breadcrumb","itemListElement":[{"@type":"ListItem","position":1,"name":"Accueil","item":"https:\/\/www.canarie.ca\/fr\/"},{"@type":"ListItem","position":2,"name":"Adh\u00e9sion \u00e0 CANARIE","item":"https:\/\/www.canarie.ca\/fr\/membres\/"},{"@type":"ListItem","position":3,"name":"Membres de CANARIE"}]},{"@type":"WebSite","@id":"https:\/\/www.canarie.ca\/#website","url":"https:\/\/www.canarie.ca\/","name":"CANARIE","description":"","potentialAction":[{"@type":"SearchAction","target":{"@type":"EntryPoint","urlTemplate":"https:\/\/www.canarie.ca\/?s={search_term_string}"},"query-input":{"@type":"PropertyValueSpecification","valueRequired":true,"valueName":"search_term_string"}}],"inLanguage":"fr-FR"}]}},"_links":{"self":[{"href":"https:\/\/www.canarie.ca\/fr\/wp-json\/wp\/v2\/pages\/7094","targetHints":{"allow":["GET"]}}],"collection":[{"href":"https:\/\/www.canarie.ca\/fr\/wp-json\/wp\/v2\/pages"}],"about":[{"href":"https:\/\/www.canarie.ca\/fr\/wp-json\/wp\/v2\/types\/page"}],"author":[{"embeddable":true,"href":"https:\/\/www.canarie.ca\/fr\/wp-json\/wp\/v2\/users\/4"}],"replies":[{"embeddable":true,"href":"https:\/\/www.canarie.ca\/fr\/wp-json\/wp\/v2\/comments?post=7094"}],"version-history":[{"count":10,"href":"https:\/\/www.canarie.ca\/fr\/wp-json\/wp\/v2\/pages\/7094\/revisions"}],"predecessor-version":[{"id":46693,"href":"https:\/\/www.canarie.ca\/fr\/wp-json\/wp\/v2\/pages\/7094\/revisions\/46693"}],"up":[{"embeddable":true,"href":"https:\/\/www.canarie.ca\/fr\/wp-json\/wp\/v2\/pages\/7092"}],"wp:attachment":[{"href":"https:\/\/www.canarie.ca\/fr\/wp-json\/wp\/v2\/media?parent=7094"}],"curies":[{"name":"wp","href":"https:\/\/api.w.org\/{rel}","templated":true}]}}