{"id":7251,"date":"2021-01-21T15:47:56","date_gmt":"2021-01-21T20:47:56","guid":{"rendered":"https:\/\/canarie.machinedev.ca\/rne\/case-studies\/aurora-college\/"},"modified":"2023-09-21T08:11:44","modified_gmt":"2023-09-21T12:11:44","slug":"aurora-college","status":"publish","type":"page","link":"https:\/\/www.canarie.ca\/fr\/rnre\/etudes-de-cas\/aurora-college\/","title":{"rendered":"Coll\u00e8ge Aurora"},"content":{"rendered":"\n\n<section class=\"section section--text-with-image  alignfull container squares-right\">\n  <svg version=\"1.1\" class=\"animated-square-graphic\" xmlns=\"http:\/\/www.w3.org\/2000\/svg\" xmlns:xlink=\"http:\/\/www.w3.org\/1999\/xlink\" x=\"0px\" y=\"0px\"\n\t viewBox=\"0 0 1084.85 1080\" style=\"enable-background:new 0 0 1084.85 1080;\" xml:space=\"preserve\">\n<style type=\"text\/css\">\n\t.st0{opacity:0.51;fill:#FEFEFE;}\n\t.st1{fill:#F4F4F5;}\n\t.st2{fill:#58C3D2;}\n\t.st3{fill:#E90D0B;}\n\t.st4{fill:#393D3F;}\n<\/style>\n<g>\n\t<path class=\"st0\" d=\"M275.09,0c0,20.92,0.02,41.84-0.04,62.75c-0.01,1.9,0.82,4.06-1.04,5.66c-1.33-1.48-1.49-3.32-1.5-5.17\n\t\tc-0.07-19.54-0.1-39.07,0.02-58.61c0.01-1,0.15-2,0.5-2.95c0.27-0.62,0.62-1.18,1.06-1.68C274.42,0,274.76,0,275.09,0z\"\/>\n\t<path class=\"st0\" d=\"M270.93,134.87c0,0.67,0,1.34,0,2.01c-1.96-0.21-3.39-1.13-2.71-3.24c0.6-1.87,2.15-2.92,4.31-2.71\n\t\tc21.9,2.09,43.85,0.35,65.77,0.92c-0.01,0.67-0.01,1.34-0.02,2.01c-1.73,0.94-3.6,0.46-5.4,0.47c-19.36,0.04-38.73,0.02-58.09,0.04\n\t\tC273.5,134.36,272.11,133.88,270.93,134.87z\"\/>\n\t<path class=\"st0\" d=\"M67.6,132.85c-0.22,2.23,0.79,3.24,3.02,3.02c-0.21,1.56-0.6,3.05-2.65,2.59c-1.53-0.34-2.62-1.44-2.96-2.96\n\t\tC64.55,133.46,66.04,133.06,67.6,132.85z\"\/>\n\t<path class=\"st0\" d=\"M270.93,134.87c0.15-0.9,0.44-1.31,1.6-1.31c21.92,0.15,43.84,0.21,65.76,0.29c-1.46,1.71-3.44,0.97-5.18,0.97\n\t\tC312.38,134.88,291.66,134.87,270.93,134.87z\"\/>\n\t<rect x=\"71.76\" y=\"67.43\" class=\"st1\" width=\"67.44\" height=\"67.44\"\/>\n\t<rect x=\"206.62\" class=\"st2\" width=\"67.44\" height=\"67.44\"\/>\n\t<rect x=\"410.45\" class=\"st2\" width=\"67.44\" height=\"67.44\"\/>\n\t<rect x=\"343.11\" y=\"67.73\" class=\"st2\" width=\"67.44\" height=\"67.44\"\/>\n\t<rect x=\"544.46\" y=\"0.06\" class=\"st1\" width=\"67.44\" height=\"67.44\"\/>\n\t<rect x=\"680.21\" class=\"st1\" width=\"67.44\" height=\"67.44\"\/>\n\t<rect x=\"815.09\" class=\"st1\" width=\"67.44\" height=\"67.44\"\/>\n\t<rect x=\"949.97\" class=\"st2\" width=\"67.44\" height=\"67.44\"\/>\n\t<rect x=\"477.89\" y=\"67.73\" class=\"st3\" width=\"67.44\" height=\"67.44\"\/>\n\t<rect x=\"612.77\" y=\"67.73\" class=\"st2\" width=\"67.44\" height=\"67.44\"\/>\n\t<rect x=\"747.65\" y=\"67.73\" class=\"st4\" width=\"67.44\" height=\"67.44\"\/>\n\t<rect x=\"882.53\" y=\"67.83\" class=\"st1\" width=\"67.44\" height=\"67.44\"\/>\n\t<rect x=\"1017.41\" y=\"67.73\" class=\"st2\" width=\"67.44\" height=\"67.44\"\/>\n\t<rect x=\"1017.41\" y=\"203.13\" class=\"st2\" width=\"67.44\" height=\"67.44\"\/>\n\t<rect x=\"275.67\" y=\"135.45\" class=\"st1\" width=\"67.44\" height=\"67.44\"\/>\n\t<rect x=\"208.23\" y=\"202.81\" class=\"st3\" width=\"67.44\" height=\"67.44\"\/>\n\t<rect x=\"1.8\" y=\"202.81\" class=\"st1\" width=\"67.44\" height=\"67.44\"\/>\n\t<rect x=\"69.24\" y=\"270.83\" class=\"st2\" width=\"67.44\" height=\"67.44\"\/>\n\t<rect x=\"410.55\" y=\"270.57\" class=\"st1\" width=\"67.44\" height=\"67.44\"\/>\n\t<rect x=\"545.43\" y=\"270.57\" class=\"st1\" width=\"67.44\" height=\"67.44\"\/>\n\t<rect x=\"680.44\" y=\"270.57\" class=\"st2\" width=\"67.44\" height=\"67.44\"\/>\n\t<rect x=\"815.3\" y=\"270.57\" class=\"st1\" width=\"67.44\" height=\"67.44\"\/>\n\t<rect x=\"950.11\" y=\"270.57\" class=\"st2\" width=\"67.44\" height=\"67.44\"\/>\n\t<rect x=\"1017.41\" y=\"270.57\" class=\"st4\" width=\"67.44\" height=\"67.44\"\/>\n\t<rect x=\"1017.41\" y=\"338.01\" class=\"st2\" width=\"67.44\" height=\"67.44\"\/>\n\t<rect x=\"882.5\" y=\"338.16\" class=\"st2\" width=\"67.44\" height=\"67.44\"\/>\n\t<rect x=\"747.86\" y=\"338.16\" class=\"st1\" width=\"67.44\" height=\"67.44\"\/>\n\t<rect x=\"612.87\" y=\"338.16\" class=\"st2\" width=\"67.44\" height=\"67.44\"\/>\n\t<rect x=\"271.44\" y=\"338.01\" class=\"st1\" width=\"67.44\" height=\"67.44\"\/>\n\t<rect x=\"136.7\" y=\"405.75\" class=\"st3\" width=\"67.44\" height=\"67.44\"\/>\n\t<rect x=\"407.3\" y=\"405.6\" class=\"st3\" width=\"67.44\" height=\"67.44\"\/>\n\t<rect x=\"815.06\" y=\"405.6\" class=\"st2\" width=\"67.44\" height=\"67.44\"\/>\n\t<rect x=\"950.11\" y=\"405.6\" class=\"st1\" width=\"67.44\" height=\"67.44\"\/>\n\t<rect x=\"1017.41\" y=\"473.04\" class=\"st1\" width=\"67.44\" height=\"67.44\"\/>\n\t<rect x=\"882.5\" y=\"473.04\" class=\"st1\" width=\"67.44\" height=\"67.44\"\/>\n\t<rect x=\"747.62\" y=\"473.04\" class=\"st1\" width=\"67.44\" height=\"67.44\"\/>\n\t<rect x=\"611.17\" y=\"473.04\" class=\"st4\" width=\"67.44\" height=\"67.44\"\/>\n\t<rect y=\"475.55\" class=\"st1\" width=\"67.44\" height=\"67.44\"\/>\n\t<rect x=\"410.55\" y=\"135.45\" class=\"st4\" width=\"67.44\" height=\"67.44\"\/>\n\t<rect x=\"680.42\" y=\"135.17\" class=\"st1\" width=\"67.44\" height=\"67.44\"\/>\n\t<rect x=\"815.23\" y=\"135.36\" class=\"st1\" width=\"67.44\" height=\"67.44\"\/>\n\t<rect x=\"950.12\" y=\"135.36\" class=\"st4\" width=\"67.44\" height=\"67.44\"\/>\n\t<rect x=\"343.11\" y=\"202.81\" class=\"st3\" width=\"67.44\" height=\"67.44\"\/>\n\t<rect x=\"477.99\" y=\"202.81\" class=\"st2\" width=\"67.44\" height=\"67.44\"\/>\n\t<rect x=\"613\" y=\"202.81\" class=\"st4\" width=\"67.44\" height=\"67.44\"\/>\n\t<rect x=\"747.86\" y=\"202.74\" class=\"st2\" width=\"67.44\" height=\"67.44\"\/>\n\t<rect x=\"882.67\" y=\"202.8\" class=\"st2\" width=\"67.44\" height=\"67.44\"\/>\n\t<rect x=\"950.08\" y=\"540.48\" class=\"st2\" width=\"67.44\" height=\"67.44\"\/>\n\t<rect x=\"815.06\" y=\"540.48\" class=\"st2\" width=\"67.44\" height=\"67.44\"\/>\n\t<rect x=\"1017.41\" y=\"607.92\" class=\"st2\" width=\"67.44\" height=\"67.44\"\/>\n\t<rect x=\"882.44\" y=\"607.92\" class=\"st4\" width=\"67.44\" height=\"67.44\"\/>\n\t<rect x=\"747.62\" y=\"607.92\" class=\"st4\" width=\"67.44\" height=\"67.44\"\/>\n\t<rect x=\"950.06\" y=\"675.36\" class=\"st1\" width=\"67.44\" height=\"67.44\"\/>\n\t<rect x=\"815\" y=\"675.36\" class=\"st2\" width=\"67.44\" height=\"67.44\"\/>\n\t<rect x=\"680.18\" y=\"675.36\" class=\"st2\" width=\"67.44\" height=\"67.44\"\/>\n\t<rect x=\"882.7\" y=\"742.8\" class=\"st1\" width=\"67.44\" height=\"67.44\"\/>\n\t<rect x=\"1017.41\" y=\"742.8\" class=\"st2\" width=\"67.44\" height=\"67.44\"\/>\n\t<rect x=\"1017.41\" y=\"810.24\" class=\"st1\" width=\"67.44\" height=\"67.44\"\/>\n\t<rect x=\"950.06\" y=\"810.24\" class=\"st2\" width=\"67.44\" height=\"67.44\"\/>\n\t<rect x=\"950.06\" y=\"877.68\" class=\"st3\" width=\"67.44\" height=\"67.44\"\/>\n\t<rect x=\"882.62\" y=\"877.68\" class=\"st2\" width=\"67.44\" height=\"67.44\"\/>\n\t<rect x=\"747.66\" y=\"877.68\" class=\"st3\" width=\"67.44\" height=\"67.44\"\/>\n\t<rect x=\"680.22\" y=\"877.68\" class=\"st1\" width=\"67.44\" height=\"67.44\"\/>\n\t<rect x=\"815.06\" y=\"945.12\" class=\"st4\" width=\"67.44\" height=\"67.44\"\/>\n\t<rect x=\"747.66\" y=\"945.12\" class=\"st2\" width=\"67.44\" height=\"67.44\"\/>\n\t<rect x=\"1017.5\" y=\"945.12\" class=\"st4\" width=\"67.44\" height=\"67.44\"\/>\n\t<rect x=\"950.06\" y=\"945.12\" class=\"st2\" width=\"67.44\" height=\"67.44\"\/>\n\t<rect x=\"882.5\" y=\"1012.56\" class=\"st4\" width=\"67.44\" height=\"67.44\"\/>\n\t<rect x=\"1017.5\" y=\"1012.56\" class=\"st2\" width=\"67.44\" height=\"67.44\"\/>\n\t<rect x=\"545.3\" y=\"1012.56\" class=\"st4\" width=\"67.44\" height=\"67.44\"\/>\n\t<rect x=\"407.54\" y=\"1012.56\" class=\"st2\" width=\"67.44\" height=\"67.44\"\/>\n\t<rect x=\"815.06\" y=\"1012.56\" class=\"st2\" width=\"67.44\" height=\"67.44\"\/>\n\t<rect x=\"747.66\" y=\"1012.56\" class=\"st3\" width=\"67.44\" height=\"67.44\"\/>\n\t<rect x=\"680.18\" y=\"1012.56\" class=\"st2\" width=\"67.44\" height=\"67.44\"\/>\n\t<rect x=\"747.62\" y=\"742.8\" class=\"st2\" width=\"67.44\" height=\"67.44\"\/>\n\t<rect x=\"612.74\" y=\"742.8\" class=\"st4\" width=\"67.44\" height=\"67.44\"\/>\n\t<rect x=\"545.3\" y=\"877.68\" class=\"st2\" width=\"67.44\" height=\"67.44\"\/>\n\t<rect x=\"612.74\" y=\"945.12\" class=\"st4\" width=\"67.44\" height=\"67.44\"\/>\n<\/g>\n<\/svg>\n  <div class=\"grid-container simple-fade\">\n    <div class=\"grid-x grid-padding-x align-middle\">\n      <div class=\"cell medium-6 medium-order-2\">\n\t\t  \t\t\t  <img decoding=\"async\" src=\"https:\/\/www.canarie.ca\/wp-content\/uploads\/2021\/01\/headerimg_Aurora.png\" alt=\"\">\n\t\t        <\/div>\n      <div class=\"cell medium-6 medium-order-1 text-left text-cell \">\n  \t\t  \t\t          <h1 class=\"cssanimation leFadeIn\">Tirer parti des ressources nationales pour former une main-d\u2019\u0153uvre locale de qualit\u00e9<\/h1>\n  \t\t  \t\t                              <\/div>\n    <\/div>\n  <\/div>\n<\/section>\n\n\n\n\n\n<p><strong>\u00c9tude de cas du RNRE par&nbsp;<a href=\"http:\/\/auroracollege.nt.ca\/\" target=\"_blank\" rel=\"noreferrer noopener\">Coll\u00e8ge Aurora<\/a><\/strong><\/p>\n\n\n\n<p>Selon un rapport r\u00e9cent du Conference Board du Canada formulant des pr\u00e9visions sur le march\u00e9 du travail, les Territoires du Nord-Ouest (T.N.-O.) pourraient profiter d\u2019une croissance \u00e9conomique appr\u00e9ciable d\u2019ici 2030. Cependant, il y a un hic&nbsp;: la main-d\u2019\u0153uvre locale n\u2019est pas pr\u00eate. Pour \u00eatre comp\u00e9titifs et garder une \u00e9conomie vigoureuse, les T.N.-O. devront combler les lacunes actuelles sur les plans de l\u2019\u00e9ducation et de l\u2019acquisition de comp\u00e9tences, car beaucoup de futurs emplois exigeront un dipl\u00f4me coll\u00e9gial ou universitaire. Les soins de sant\u00e9, plus pr\u00e9cis\u00e9ment les sciences infirmi\u00e8res, ont un besoin criant de travailleurs qualifi\u00e9s.<\/p>\n\n\n\n<hr class=\"wp-block-separator has-css-opacity\"\/>\n\n\n\n<p>Sur un territoire aussi \u00e9tendu et si peu dens\u00e9ment peupl\u00e9, o\u00f9 les \u00e9tablissements d\u2019enseignement sup\u00e9rieur sont rares, parer \u00e0 une telle situation signifie faire preuve de cr\u00e9ativit\u00e9.<\/p>\n\n\n\n<h3 class=\"wp-block-heading\">Une collaboration nationale aux retomb\u00e9es locales<\/h3>\n\n\n\n<p>Relevant le d\u00e9fi, le Coll\u00e8ge Aurora s\u2019est alli\u00e9 \u00e0 l\u2019Universit\u00e9 de Victoria pour d\u00e9velopper un programme qui permettra aux \u00e9tudiants des T.N.-O. de d\u00e9crocher un dipl\u00f4me universitaire en sciences infirmi\u00e8res sans quitter le Nord. Pareil programme n\u2019aurait toutefois pu voir le jour sans le R\u00e9seau national de la recherche et de l\u2019\u00e9ducation (RNRE) canadien et ses partenaires provinciaux et territoriaux.<\/p>\n\n\n\n<blockquote class=\"wp-block-quote small is-layout-flow wp-block-quote-is-layout-flow\">\n<p><strong><strong>Qu\u2019est-ce que le RNRE?<\/strong><\/strong><\/p>\n\n\n\n<p><em><em>Le R\u00e9seau national de recherche et d\u2019\u00e9ducation (RNRE) est un regroupement d\u2019infrastructures, d\u2019outils et de personnes d\u2019une importance capitale dont la raison d\u2019\u00eatre est de rehausser le leadership du Canada dans les domaines de la recherche, de l\u2019enseignement et de l\u2019innovation. Les partenaires du RNRE canadien coop\u00e8rent afin de rendre cette infrastructure indispensable encore plus s\u00fbre. Un projet pancanadien sans pr\u00e9c\u00e9dent dans l\u2019histoire est en cours pour assurer une surveillance coordonn\u00e9e des menaces qui p\u00e8sent sur le r\u00e9seau.<\/em><\/em><\/p>\n<\/blockquote>\n\n\n\n<p>La puissante infrastructure num\u00e9rique mise en place par les 12&nbsp;provinces et territoires membres du RNRE et par CANARIE connecte les chercheurs des quatre coins du pays afin que la distance ou les contraintes techniques n\u2019entravent plus l\u2019innovation ni l\u2019excellence, un aspect d\u2019une importance cruciale dans le Nord canadien, o\u00f9 les \u00e9normes distances et les rigueurs de la m\u00e9t\u00e9o rendent les d\u00e9placements et la collaboration en personne difficiles.<\/p>\n\n\n\n<p>Le baccalaur\u00e9at en sciences infirmi\u00e8res offert par le Coll\u00e8ge Aurora, \u00e0 Yellowknife, et agr\u00e9\u00e9 par l\u2019Association canadienne des \u00e9coles de sciences infirmi\u00e8res a \u00e9t\u00e9 con\u00e7u pour satisfaire aux besoins, \u00e0 la culture et aux infrastructures du Nord canadien sans pour autant d\u00e9roger aux strictes exigences du baccalaur\u00e9at. L\u2019\u00e9laboration du programme a n\u00e9cessit\u00e9 une collaboration r\u00e9guli\u00e8re et extensive entre professeurs, instructeurs et chercheurs, connect\u00e9s gr\u00e2ce au RNRE. Le corps professoral a ainsi pu dispenser son enseignement et diriger des travaux pratiques, souvent par vid\u00e9oconf\u00e9rence, m\u00eame si 2&nbsp;000&nbsp;kilom\u00e8tres s\u00e9paraient classes, laboratoires et bureaux.<\/p>\n\n\n\n<h3 class=\"wp-block-heading\">Parvenir \u00e0 un juste \u00e9quilibre entre les besoins individuels et ceux de la communaut\u00e9<\/h3>\n\n\n\n<p>Les \u00e9tudiants des T.N.-O. qui entreprennent un baccalaur\u00e9at en sciences infirmi\u00e8res assistent aux cours au Coll\u00e8ge Aurora. Ils n\u2019ont plus \u00e0 se rendre dans le sud pour acqu\u00e9rir une formation dans un domaine essentiel localement, car, en plus de leur co\u00fbt prohibitif, les d\u00e9placements s\u2019av\u00e8rent souvent p\u00e9rilleux en hiver, dans le Nord. Pour certains \u00e9tudiants, quitter les Territoires provoque aussi parfois un choc culturel. Enfin, les petites localit\u00e9s qu\u2019ils abandonnent derri\u00e8re eux doivent composer avec la perte d\u2019un r\u00e9sident appr\u00e9ci\u00e9, dont les comp\u00e9tences pourraient se r\u00e9v\u00e9ler pr\u00e9cieuses pour le bien-\u00eatre de ses concitoyens.<\/p>\n\n\n\n<p>Le programme de quatre ans figure d\u00e9sormais parmi les plus r\u00e9ussis du Coll\u00e8ge Aurora.<\/p>\n\n\n\n<h3 class=\"wp-block-heading\">Former des talents locaux<\/h3>\n\n\n\n<p>Si le Nord continue d\u2019avoir des besoins particuliers au niveau de l\u2019\u00e9ducation, le RNRE et le Coll\u00e8ge Aurora, son partenaire, offrent aux communaut\u00e9s des T.N.-O. la possibilit\u00e9 d\u2019imaginer des solutions inventives afin de se doter d\u2019une main-d\u2019\u0153uvre locale tr\u00e8s comp\u00e9tente. Les infirmi\u00e8res et infirmiers agr\u00e9\u00e9s depuis peu trouveront un poste dans de nouveaux \u00e9tablissements m\u00e9dicaux, tels l\u2019H\u00f4pital territorial Stanton de Yellowknife ou le Centre des services m\u00e9dicaux et sociaux Den\u0131\u0301nu K\u0173\u0301\u0119\u0301 \u00e0 Fort Resolution. Gr\u00e2ce au RNRE, le Coll\u00e8ge Aurora n\u2019a plus rien \u00e0 envier aux grandes universit\u00e9s. Ses \u00e9tudiants ne sont plus contraints de se d\u00e9placer pour obtenir un dipl\u00f4me ou un grade, et les jeunes talentueux restent dans les communaut\u00e9s nordiques, qui b\u00e9n\u00e9ficieront de leurs comp\u00e9tences.<\/p>\n\n\n\n<section class=\"section section--quick-links\">\n    <div class=\"grid-container\">\n      <div class=\"grid-x grid-padding-x\">\n        <div class=\"cell\">\n                  \t<h2>En savoir plus :<\/h2>\n                                <div class=\"wp-block-buttons\">\n                \t\t\t\t  \t<a class=\"button wp-block-button__link\" href=\"http:\/\/auroracollege.nt.ca\" target=\"_blank\">auroracollege.nt.ca<\/a><br>\n    \t\t\t        \t\t\t  <\/div>\n    \t\t\t          <\/div>\n      <\/div>\n    <\/div>\n  <\/section>","protected":false},"excerpt":{"rendered":"<p>\u00c9tude de cas du RNRE par&nbsp;Coll\u00e8ge Aurora Selon un rapport r\u00e9cent du Conference Board du Canada formulant des pr\u00e9visions sur [&hellip;]<\/p>\n","protected":false},"author":4,"featured_media":6391,"parent":7168,"menu_order":0,"comment_status":"closed","ping_status":"closed","template":"","meta":{"_acf_changed":false,"footnotes":""},"class_list":["post-7251","page","type-page","status-publish","has-post-thumbnail","hentry"],"acf":[],"yoast_head":"<!-- This site is optimized with the Yoast SEO plugin v27.4 - https:\/\/yoast.com\/product\/yoast-seo-wordpress\/ -->\n<title>Coll\u00e8ge Aurora - CANARIE<\/title>\n<meta name=\"robots\" content=\"index, follow, max-snippet:-1, max-image-preview:large, max-video-preview:-1\" \/>\n<link rel=\"canonical\" href=\"https:\/\/www.canarie.ca\/fr\/rnre\/etudes-de-cas\/aurora-college\/\" \/>\n<meta property=\"og:locale\" content=\"fr_FR\" \/>\n<meta property=\"og:type\" content=\"article\" \/>\n<meta property=\"og:title\" content=\"Coll\u00e8ge Aurora - CANARIE\" \/>\n<meta property=\"og:description\" content=\"\u00c9tude de cas du RNRE par&nbsp;Coll\u00e8ge Aurora Selon un rapport r\u00e9cent du Conference Board du Canada formulant des pr\u00e9visions sur [&hellip;]\" \/>\n<meta property=\"og:url\" content=\"https:\/\/www.canarie.ca\/fr\/rnre\/etudes-de-cas\/aurora-college\/\" \/>\n<meta property=\"og:site_name\" content=\"CANARIE\" \/>\n<meta property=\"article:modified_time\" content=\"2023-09-21T12:11:44+00:00\" \/>\n<meta property=\"og:image\" content=\"https:\/\/www.canarie.ca\/wp-content\/uploads\/2021\/01\/headerimg_Aurora.png\" \/>\n\t<meta property=\"og:image:width\" content=\"997\" \/>\n\t<meta property=\"og:image:height\" content=\"379\" \/>\n\t<meta property=\"og:image:type\" content=\"image\/png\" \/>\n<meta name=\"twitter:card\" content=\"summary_large_image\" \/>\n<script type=\"application\/ld+json\" class=\"yoast-schema-graph\">{\"@context\":\"https:\\\/\\\/schema.org\",\"@graph\":[{\"@type\":\"WebPage\",\"@id\":\"https:\\\/\\\/www.canarie.ca\\\/fr\\\/rnre\\\/etudes-de-cas\\\/aurora-college\\\/\",\"url\":\"https:\\\/\\\/www.canarie.ca\\\/fr\\\/rnre\\\/etudes-de-cas\\\/aurora-college\\\/\",\"name\":\"Coll\u00e8ge Aurora - CANARIE\",\"isPartOf\":{\"@id\":\"https:\\\/\\\/www.canarie.ca\\\/#website\"},\"primaryImageOfPage\":{\"@id\":\"https:\\\/\\\/www.canarie.ca\\\/fr\\\/rnre\\\/etudes-de-cas\\\/aurora-college\\\/#primaryimage\"},\"image\":{\"@id\":\"https:\\\/\\\/www.canarie.ca\\\/fr\\\/rnre\\\/etudes-de-cas\\\/aurora-college\\\/#primaryimage\"},\"thumbnailUrl\":\"https:\\\/\\\/www.canarie.ca\\\/wp-content\\\/uploads\\\/2021\\\/01\\\/headerimg_Aurora.png\",\"datePublished\":\"2021-01-21T20:47:56+00:00\",\"dateModified\":\"2023-09-21T12:11:44+00:00\",\"breadcrumb\":{\"@id\":\"https:\\\/\\\/www.canarie.ca\\\/fr\\\/rnre\\\/etudes-de-cas\\\/aurora-college\\\/#breadcrumb\"},\"inLanguage\":\"fr-FR\",\"potentialAction\":[{\"@type\":\"ReadAction\",\"target\":[\"https:\\\/\\\/www.canarie.ca\\\/fr\\\/rnre\\\/etudes-de-cas\\\/aurora-college\\\/\"]}]},{\"@type\":\"ImageObject\",\"inLanguage\":\"fr-FR\",\"@id\":\"https:\\\/\\\/www.canarie.ca\\\/fr\\\/rnre\\\/etudes-de-cas\\\/aurora-college\\\/#primaryimage\",\"url\":\"https:\\\/\\\/www.canarie.ca\\\/wp-content\\\/uploads\\\/2021\\\/01\\\/headerimg_Aurora.png\",\"contentUrl\":\"https:\\\/\\\/www.canarie.ca\\\/wp-content\\\/uploads\\\/2021\\\/01\\\/headerimg_Aurora.png\",\"width\":997,\"height\":379},{\"@type\":\"BreadcrumbList\",\"@id\":\"https:\\\/\\\/www.canarie.ca\\\/fr\\\/rnre\\\/etudes-de-cas\\\/aurora-college\\\/#breadcrumb\",\"itemListElement\":[{\"@type\":\"ListItem\",\"position\":1,\"name\":\"Accueil\",\"item\":\"https:\\\/\\\/www.canarie.ca\\\/fr\\\/\"},{\"@type\":\"ListItem\",\"position\":2,\"name\":\"Le R\u00e9seau national de la recherche et de l\u2019\u00e9ducation du Canada\",\"item\":\"https:\\\/\\\/www.canarie.ca\\\/fr\\\/rnre\\\/\"},{\"@type\":\"ListItem\",\"position\":3,\"name\":\"\u00c9tudes de cas\",\"item\":\"https:\\\/\\\/www.canarie.ca\\\/fr\\\/rnre\\\/etudes-de-cas\\\/\"},{\"@type\":\"ListItem\",\"position\":4,\"name\":\"Coll\u00e8ge Aurora\"}]},{\"@type\":\"WebSite\",\"@id\":\"https:\\\/\\\/www.canarie.ca\\\/#website\",\"url\":\"https:\\\/\\\/www.canarie.ca\\\/\",\"name\":\"CANARIE\",\"description\":\"\",\"potentialAction\":[{\"@type\":\"SearchAction\",\"target\":{\"@type\":\"EntryPoint\",\"urlTemplate\":\"https:\\\/\\\/www.canarie.ca\\\/?s={search_term_string}\"},\"query-input\":{\"@type\":\"PropertyValueSpecification\",\"valueRequired\":true,\"valueName\":\"search_term_string\"}}],\"inLanguage\":\"fr-FR\"}]}<\/script>\n<!-- \/ Yoast SEO plugin. -->","yoast_head_json":{"title":"Coll\u00e8ge Aurora - CANARIE","robots":{"index":"index","follow":"follow","max-snippet":"max-snippet:-1","max-image-preview":"max-image-preview:large","max-video-preview":"max-video-preview:-1"},"canonical":"https:\/\/www.canarie.ca\/fr\/rnre\/etudes-de-cas\/aurora-college\/","og_locale":"fr_FR","og_type":"article","og_title":"Coll\u00e8ge Aurora - CANARIE","og_description":"\u00c9tude de cas du RNRE par&nbsp;Coll\u00e8ge Aurora Selon un rapport r\u00e9cent du Conference Board du Canada formulant des pr\u00e9visions sur [&hellip;]","og_url":"https:\/\/www.canarie.ca\/fr\/rnre\/etudes-de-cas\/aurora-college\/","og_site_name":"CANARIE","article_modified_time":"2023-09-21T12:11:44+00:00","og_image":[{"width":997,"height":379,"url":"https:\/\/www.canarie.ca\/wp-content\/uploads\/2021\/01\/headerimg_Aurora.png","type":"image\/png"}],"twitter_card":"summary_large_image","schema":{"@context":"https:\/\/schema.org","@graph":[{"@type":"WebPage","@id":"https:\/\/www.canarie.ca\/fr\/rnre\/etudes-de-cas\/aurora-college\/","url":"https:\/\/www.canarie.ca\/fr\/rnre\/etudes-de-cas\/aurora-college\/","name":"Coll\u00e8ge Aurora - CANARIE","isPartOf":{"@id":"https:\/\/www.canarie.ca\/#website"},"primaryImageOfPage":{"@id":"https:\/\/www.canarie.ca\/fr\/rnre\/etudes-de-cas\/aurora-college\/#primaryimage"},"image":{"@id":"https:\/\/www.canarie.ca\/fr\/rnre\/etudes-de-cas\/aurora-college\/#primaryimage"},"thumbnailUrl":"https:\/\/www.canarie.ca\/wp-content\/uploads\/2021\/01\/headerimg_Aurora.png","datePublished":"2021-01-21T20:47:56+00:00","dateModified":"2023-09-21T12:11:44+00:00","breadcrumb":{"@id":"https:\/\/www.canarie.ca\/fr\/rnre\/etudes-de-cas\/aurora-college\/#breadcrumb"},"inLanguage":"fr-FR","potentialAction":[{"@type":"ReadAction","target":["https:\/\/www.canarie.ca\/fr\/rnre\/etudes-de-cas\/aurora-college\/"]}]},{"@type":"ImageObject","inLanguage":"fr-FR","@id":"https:\/\/www.canarie.ca\/fr\/rnre\/etudes-de-cas\/aurora-college\/#primaryimage","url":"https:\/\/www.canarie.ca\/wp-content\/uploads\/2021\/01\/headerimg_Aurora.png","contentUrl":"https:\/\/www.canarie.ca\/wp-content\/uploads\/2021\/01\/headerimg_Aurora.png","width":997,"height":379},{"@type":"BreadcrumbList","@id":"https:\/\/www.canarie.ca\/fr\/rnre\/etudes-de-cas\/aurora-college\/#breadcrumb","itemListElement":[{"@type":"ListItem","position":1,"name":"Accueil","item":"https:\/\/www.canarie.ca\/fr\/"},{"@type":"ListItem","position":2,"name":"Le R\u00e9seau national de la recherche et de l\u2019\u00e9ducation du Canada","item":"https:\/\/www.canarie.ca\/fr\/rnre\/"},{"@type":"ListItem","position":3,"name":"\u00c9tudes de cas","item":"https:\/\/www.canarie.ca\/fr\/rnre\/etudes-de-cas\/"},{"@type":"ListItem","position":4,"name":"Coll\u00e8ge Aurora"}]},{"@type":"WebSite","@id":"https:\/\/www.canarie.ca\/#website","url":"https:\/\/www.canarie.ca\/","name":"CANARIE","description":"","potentialAction":[{"@type":"SearchAction","target":{"@type":"EntryPoint","urlTemplate":"https:\/\/www.canarie.ca\/?s={search_term_string}"},"query-input":{"@type":"PropertyValueSpecification","valueRequired":true,"valueName":"search_term_string"}}],"inLanguage":"fr-FR"}]}},"_links":{"self":[{"href":"https:\/\/www.canarie.ca\/fr\/wp-json\/wp\/v2\/pages\/7251","targetHints":{"allow":["GET"]}}],"collection":[{"href":"https:\/\/www.canarie.ca\/fr\/wp-json\/wp\/v2\/pages"}],"about":[{"href":"https:\/\/www.canarie.ca\/fr\/wp-json\/wp\/v2\/types\/page"}],"author":[{"embeddable":true,"href":"https:\/\/www.canarie.ca\/fr\/wp-json\/wp\/v2\/users\/4"}],"replies":[{"embeddable":true,"href":"https:\/\/www.canarie.ca\/fr\/wp-json\/wp\/v2\/comments?post=7251"}],"version-history":[{"count":0,"href":"https:\/\/www.canarie.ca\/fr\/wp-json\/wp\/v2\/pages\/7251\/revisions"}],"up":[{"embeddable":true,"href":"https:\/\/www.canarie.ca\/fr\/wp-json\/wp\/v2\/pages\/7168"}],"wp:featuredmedia":[{"embeddable":true,"href":"https:\/\/www.canarie.ca\/fr\/wp-json\/wp\/v2\/media\/6391"}],"wp:attachment":[{"href":"https:\/\/www.canarie.ca\/fr\/wp-json\/wp\/v2\/media?parent=7251"}],"curies":[{"name":"wp","href":"https:\/\/api.w.org\/{rel}","templated":true}]}}