{"id":7260,"date":"2021-01-21T15:48:41","date_gmt":"2021-01-21T20:48:41","guid":{"rendered":"https:\/\/canarie.machinedev.ca\/rne\/case-studies\/bcnet\/"},"modified":"2021-03-25T15:25:44","modified_gmt":"2021-03-25T19:25:44","slug":"bcnet","status":"publish","type":"page","link":"https:\/\/www.canarie.ca\/fr\/rnre\/etudes-de-cas\/bcnet\/","title":{"rendered":"BCNET"},"content":{"rendered":"\n\n<section class=\"section section--text-with-image  alignfull container squares-right\">\n  <svg version=\"1.1\" class=\"animated-square-graphic\" xmlns=\"http:\/\/www.w3.org\/2000\/svg\" xmlns:xlink=\"http:\/\/www.w3.org\/1999\/xlink\" x=\"0px\" y=\"0px\"\n\t viewBox=\"0 0 1084.85 1080\" style=\"enable-background:new 0 0 1084.85 1080;\" xml:space=\"preserve\">\n<style type=\"text\/css\">\n\t.st0{opacity:0.51;fill:#FEFEFE;}\n\t.st1{fill:#F4F4F5;}\n\t.st2{fill:#58C3D2;}\n\t.st3{fill:#E90D0B;}\n\t.st4{fill:#393D3F;}\n<\/style>\n<g>\n\t<path class=\"st0\" d=\"M275.09,0c0,20.92,0.02,41.84-0.04,62.75c-0.01,1.9,0.82,4.06-1.04,5.66c-1.33-1.48-1.49-3.32-1.5-5.17\n\t\tc-0.07-19.54-0.1-39.07,0.02-58.61c0.01-1,0.15-2,0.5-2.95c0.27-0.62,0.62-1.18,1.06-1.68C274.42,0,274.76,0,275.09,0z\"\/>\n\t<path class=\"st0\" d=\"M270.93,134.87c0,0.67,0,1.34,0,2.01c-1.96-0.21-3.39-1.13-2.71-3.24c0.6-1.87,2.15-2.92,4.31-2.71\n\t\tc21.9,2.09,43.85,0.35,65.77,0.92c-0.01,0.67-0.01,1.34-0.02,2.01c-1.73,0.94-3.6,0.46-5.4,0.47c-19.36,0.04-38.73,0.02-58.09,0.04\n\t\tC273.5,134.36,272.11,133.88,270.93,134.87z\"\/>\n\t<path class=\"st0\" d=\"M67.6,132.85c-0.22,2.23,0.79,3.24,3.02,3.02c-0.21,1.56-0.6,3.05-2.65,2.59c-1.53-0.34-2.62-1.44-2.96-2.96\n\t\tC64.55,133.46,66.04,133.06,67.6,132.85z\"\/>\n\t<path class=\"st0\" d=\"M270.93,134.87c0.15-0.9,0.44-1.31,1.6-1.31c21.92,0.15,43.84,0.21,65.76,0.29c-1.46,1.71-3.44,0.97-5.18,0.97\n\t\tC312.38,134.88,291.66,134.87,270.93,134.87z\"\/>\n\t<rect x=\"71.76\" y=\"67.43\" class=\"st1\" width=\"67.44\" height=\"67.44\"\/>\n\t<rect x=\"206.62\" class=\"st2\" width=\"67.44\" height=\"67.44\"\/>\n\t<rect x=\"410.45\" class=\"st2\" width=\"67.44\" height=\"67.44\"\/>\n\t<rect x=\"343.11\" y=\"67.73\" class=\"st2\" width=\"67.44\" height=\"67.44\"\/>\n\t<rect x=\"544.46\" y=\"0.06\" class=\"st1\" width=\"67.44\" height=\"67.44\"\/>\n\t<rect x=\"680.21\" class=\"st1\" width=\"67.44\" height=\"67.44\"\/>\n\t<rect x=\"815.09\" class=\"st1\" width=\"67.44\" height=\"67.44\"\/>\n\t<rect x=\"949.97\" class=\"st2\" width=\"67.44\" height=\"67.44\"\/>\n\t<rect x=\"477.89\" y=\"67.73\" class=\"st3\" width=\"67.44\" height=\"67.44\"\/>\n\t<rect x=\"612.77\" y=\"67.73\" class=\"st2\" width=\"67.44\" height=\"67.44\"\/>\n\t<rect x=\"747.65\" y=\"67.73\" class=\"st4\" width=\"67.44\" height=\"67.44\"\/>\n\t<rect x=\"882.53\" y=\"67.83\" class=\"st1\" width=\"67.44\" height=\"67.44\"\/>\n\t<rect x=\"1017.41\" y=\"67.73\" class=\"st2\" width=\"67.44\" height=\"67.44\"\/>\n\t<rect x=\"1017.41\" y=\"203.13\" class=\"st2\" width=\"67.44\" height=\"67.44\"\/>\n\t<rect x=\"275.67\" y=\"135.45\" class=\"st1\" width=\"67.44\" height=\"67.44\"\/>\n\t<rect x=\"208.23\" y=\"202.81\" class=\"st3\" width=\"67.44\" height=\"67.44\"\/>\n\t<rect x=\"1.8\" y=\"202.81\" class=\"st1\" width=\"67.44\" height=\"67.44\"\/>\n\t<rect x=\"69.24\" y=\"270.83\" class=\"st2\" width=\"67.44\" height=\"67.44\"\/>\n\t<rect x=\"410.55\" y=\"270.57\" class=\"st1\" width=\"67.44\" height=\"67.44\"\/>\n\t<rect x=\"545.43\" y=\"270.57\" class=\"st1\" width=\"67.44\" height=\"67.44\"\/>\n\t<rect x=\"680.44\" y=\"270.57\" class=\"st2\" width=\"67.44\" height=\"67.44\"\/>\n\t<rect x=\"815.3\" y=\"270.57\" class=\"st1\" width=\"67.44\" height=\"67.44\"\/>\n\t<rect x=\"950.11\" y=\"270.57\" class=\"st2\" width=\"67.44\" height=\"67.44\"\/>\n\t<rect x=\"1017.41\" y=\"270.57\" class=\"st4\" width=\"67.44\" height=\"67.44\"\/>\n\t<rect x=\"1017.41\" y=\"338.01\" class=\"st2\" width=\"67.44\" height=\"67.44\"\/>\n\t<rect x=\"882.5\" y=\"338.16\" class=\"st2\" width=\"67.44\" height=\"67.44\"\/>\n\t<rect x=\"747.86\" y=\"338.16\" class=\"st1\" width=\"67.44\" height=\"67.44\"\/>\n\t<rect x=\"612.87\" y=\"338.16\" class=\"st2\" width=\"67.44\" height=\"67.44\"\/>\n\t<rect x=\"271.44\" y=\"338.01\" class=\"st1\" width=\"67.44\" height=\"67.44\"\/>\n\t<rect x=\"136.7\" y=\"405.75\" class=\"st3\" width=\"67.44\" height=\"67.44\"\/>\n\t<rect x=\"407.3\" y=\"405.6\" class=\"st3\" width=\"67.44\" height=\"67.44\"\/>\n\t<rect x=\"815.06\" y=\"405.6\" class=\"st2\" width=\"67.44\" height=\"67.44\"\/>\n\t<rect x=\"950.11\" y=\"405.6\" class=\"st1\" width=\"67.44\" height=\"67.44\"\/>\n\t<rect x=\"1017.41\" y=\"473.04\" class=\"st1\" width=\"67.44\" height=\"67.44\"\/>\n\t<rect x=\"882.5\" y=\"473.04\" class=\"st1\" width=\"67.44\" height=\"67.44\"\/>\n\t<rect x=\"747.62\" y=\"473.04\" class=\"st1\" width=\"67.44\" height=\"67.44\"\/>\n\t<rect x=\"611.17\" y=\"473.04\" class=\"st4\" width=\"67.44\" height=\"67.44\"\/>\n\t<rect y=\"475.55\" class=\"st1\" width=\"67.44\" height=\"67.44\"\/>\n\t<rect x=\"410.55\" y=\"135.45\" class=\"st4\" width=\"67.44\" height=\"67.44\"\/>\n\t<rect x=\"680.42\" y=\"135.17\" class=\"st1\" width=\"67.44\" height=\"67.44\"\/>\n\t<rect x=\"815.23\" y=\"135.36\" class=\"st1\" width=\"67.44\" height=\"67.44\"\/>\n\t<rect x=\"950.12\" y=\"135.36\" class=\"st4\" width=\"67.44\" height=\"67.44\"\/>\n\t<rect x=\"343.11\" y=\"202.81\" class=\"st3\" width=\"67.44\" height=\"67.44\"\/>\n\t<rect x=\"477.99\" y=\"202.81\" class=\"st2\" width=\"67.44\" height=\"67.44\"\/>\n\t<rect x=\"613\" y=\"202.81\" class=\"st4\" width=\"67.44\" height=\"67.44\"\/>\n\t<rect x=\"747.86\" y=\"202.74\" class=\"st2\" width=\"67.44\" height=\"67.44\"\/>\n\t<rect x=\"882.67\" y=\"202.8\" class=\"st2\" width=\"67.44\" height=\"67.44\"\/>\n\t<rect x=\"950.08\" y=\"540.48\" class=\"st2\" width=\"67.44\" height=\"67.44\"\/>\n\t<rect x=\"815.06\" y=\"540.48\" class=\"st2\" width=\"67.44\" height=\"67.44\"\/>\n\t<rect x=\"1017.41\" y=\"607.92\" class=\"st2\" width=\"67.44\" height=\"67.44\"\/>\n\t<rect x=\"882.44\" y=\"607.92\" class=\"st4\" width=\"67.44\" height=\"67.44\"\/>\n\t<rect x=\"747.62\" y=\"607.92\" class=\"st4\" width=\"67.44\" height=\"67.44\"\/>\n\t<rect x=\"950.06\" y=\"675.36\" class=\"st1\" width=\"67.44\" height=\"67.44\"\/>\n\t<rect x=\"815\" y=\"675.36\" class=\"st2\" width=\"67.44\" height=\"67.44\"\/>\n\t<rect x=\"680.18\" y=\"675.36\" class=\"st2\" width=\"67.44\" height=\"67.44\"\/>\n\t<rect x=\"882.7\" y=\"742.8\" class=\"st1\" width=\"67.44\" height=\"67.44\"\/>\n\t<rect x=\"1017.41\" y=\"742.8\" class=\"st2\" width=\"67.44\" height=\"67.44\"\/>\n\t<rect x=\"1017.41\" y=\"810.24\" class=\"st1\" width=\"67.44\" height=\"67.44\"\/>\n\t<rect x=\"950.06\" y=\"810.24\" class=\"st2\" width=\"67.44\" height=\"67.44\"\/>\n\t<rect x=\"950.06\" y=\"877.68\" class=\"st3\" width=\"67.44\" height=\"67.44\"\/>\n\t<rect x=\"882.62\" y=\"877.68\" class=\"st2\" width=\"67.44\" height=\"67.44\"\/>\n\t<rect x=\"747.66\" y=\"877.68\" class=\"st3\" width=\"67.44\" height=\"67.44\"\/>\n\t<rect x=\"680.22\" y=\"877.68\" class=\"st1\" width=\"67.44\" height=\"67.44\"\/>\n\t<rect x=\"815.06\" y=\"945.12\" class=\"st4\" width=\"67.44\" height=\"67.44\"\/>\n\t<rect x=\"747.66\" y=\"945.12\" class=\"st2\" width=\"67.44\" height=\"67.44\"\/>\n\t<rect x=\"1017.5\" y=\"945.12\" class=\"st4\" width=\"67.44\" height=\"67.44\"\/>\n\t<rect x=\"950.06\" y=\"945.12\" class=\"st2\" width=\"67.44\" height=\"67.44\"\/>\n\t<rect x=\"882.5\" y=\"1012.56\" class=\"st4\" width=\"67.44\" height=\"67.44\"\/>\n\t<rect x=\"1017.5\" y=\"1012.56\" class=\"st2\" width=\"67.44\" height=\"67.44\"\/>\n\t<rect x=\"545.3\" y=\"1012.56\" class=\"st4\" width=\"67.44\" height=\"67.44\"\/>\n\t<rect x=\"407.54\" y=\"1012.56\" class=\"st2\" width=\"67.44\" height=\"67.44\"\/>\n\t<rect x=\"815.06\" y=\"1012.56\" class=\"st2\" width=\"67.44\" height=\"67.44\"\/>\n\t<rect x=\"747.66\" y=\"1012.56\" class=\"st3\" width=\"67.44\" height=\"67.44\"\/>\n\t<rect x=\"680.18\" y=\"1012.56\" class=\"st2\" width=\"67.44\" height=\"67.44\"\/>\n\t<rect x=\"747.62\" y=\"742.8\" class=\"st2\" width=\"67.44\" height=\"67.44\"\/>\n\t<rect x=\"612.74\" y=\"742.8\" class=\"st4\" width=\"67.44\" height=\"67.44\"\/>\n\t<rect x=\"545.3\" y=\"877.68\" class=\"st2\" width=\"67.44\" height=\"67.44\"\/>\n\t<rect x=\"612.74\" y=\"945.12\" class=\"st4\" width=\"67.44\" height=\"67.44\"\/>\n<\/g>\n<\/svg>\n  <div class=\"grid-container simple-fade\">\n    <div class=\"grid-x grid-padding-x align-middle\">\n      <div class=\"cell medium-6 medium-order-2\">\n\t\t  \t\t\t  <img decoding=\"async\" src=\"https:\/\/www.canarie.ca\/wp-content\/uploads\/2021\/01\/headerimg_BCNET.png\" alt=\"\">\n\t\t        <\/div>\n      <div class=\"cell medium-6 medium-order-1 text-left text-cell \">\n  \t\t  \t\t          <h1 class=\"cssanimation leFadeIn\">Poser les bases de la sant\u00e9 g\u00e9n\u00e9tique<\/h1>\n  \t\t  \t\t                              <\/div>\n    <\/div>\n  <\/div>\n<\/section>\n\n\n\n\n\n<p><strong>\u00c9tude de cas du RNRE par&nbsp;<a href=\"http:\/\/bc.net\/\">BCNET<\/a><\/strong><\/p>\n\n\n\n<h3 class=\"wp-block-heading\">Une mani\u00e8re s\u00fbre d\u2019exploiter les donn\u00e9es m\u00e9dicales<\/h3>\n\n\n\n<p>Le s\u00e9quen\u00e7age de l\u2019ADN est d\u00e9sormais chose courante et, qui plus est, bon march\u00e9. Il en a r\u00e9sult\u00e9 une multitude d\u2019applications qui font usage des donn\u00e9es issues du g\u00e9nome et servent \u00e0 identifier les malfaiteurs, \u00e0 valider l\u2019utilit\u00e9 des ingr\u00e9dients m\u00e9dicinaux et \u00e0 prot\u00e9ger la faune. Des services de g\u00e9notypage \u00e0 l\u2019intention du consommateur proposent maintenant d\u2019\u00e9tablir l\u2019ascendance de chacun ou les risques que l\u2019h\u00e9r\u00e9dit\u00e9 soul\u00e8ve pour la sant\u00e9. Cependant, une nouvelle utilisation du s\u00e9quen\u00e7age de l\u2019ADN se pointe \u00e0 l\u2019horizon&nbsp;: les plans de traitement personnalis\u00e9s. En d\u00e9cryptant le g\u00e9nome, les caract\u00e8res individuels et les ant\u00e9c\u00e9dents m\u00e9dicaux de ceux qui b\u00e9n\u00e9ficient de soins de sant\u00e9, on commence \u00e0 se faire une id\u00e9e des traitements qui fonctionneront le mieux pour telle ou telle personne pr\u00e9sentant certains g\u00e8nes ou souffrant d\u2019un trouble h\u00e9r\u00e9ditaire particulier. Au bout du compte, on forgera des traitements qui cibleront avec une grande pr\u00e9cision la maladie d\u2019Alzheimer, la fibrose kystique, diverses formes de cancer et d\u2019autres affections.<\/p>\n\n\n\n<hr class=\"wp-block-separator\"\/>\n\n\n\n<p>Toutefois, la gestion, le partage et le traitement de donn\u00e9es aussi volumineuses que celles venant du g\u00e9nome humain soul\u00e8vent des difficult\u00e9s. En effet, analyser ces donn\u00e9es requiert d\u2019\u00e9normes ressources informatiques. La t\u00e2che est titanesque, car une personne repr\u00e9sentera \u00e0 elle seule environ trois t\u00e9raoctets (l\u2019\u00e9quivalent de plus de 4&nbsp;500&nbsp;CD) de donn\u00e9es g\u00e9n\u00e9tiques. Une autre difficult\u00e9, \u00e0 ne pas n\u00e9gliger, de la recherche en g\u00e9nomique a trait \u00e0 la protection des renseignements personnels \u2013 ou plut\u00f4t, au risque qu\u2019on les \u00e9gare. Les donn\u00e9es g\u00e9nomiques sont habituellement conserv\u00e9es en lieu s\u00fbr dans les nombreux h\u00f4pitaux, centres universitaires et instituts m\u00e9dicaux qui les recueillent, mais les chercheurs comptent absolument sur la collaboration entre institutions pour amasser des \u00e9chantillons de la taille ad\u00e9quate et effectuer des d\u00e9ductions vitales.<\/p>\n\n\n\n<blockquote class=\"wp-block-quote small is-layout-flow wp-block-quote-is-layout-flow\"><p><strong><strong>Qu\u2019est-ce que le RNRE?<\/strong><\/strong><\/p><p><em><em>Le R\u00e9seau national de recherche et d\u2019\u00e9ducation (RNRE) est un regroupement d\u2019infrastructures, d\u2019outils et de personnes d\u2019une importance capitale dont la raison d\u2019\u00eatre est de rehausser le leadership du Canada dans les domaines de la recherche, de l\u2019enseignement et de l\u2019innovation. Les partenaires du RNRE canadien coop\u00e8rent afin de rendre cette infrastructure indispensable encore plus s\u00fbre. Un projet pancanadien sans pr\u00e9c\u00e9dent dans l\u2019histoire est en cours pour assurer une surveillance coordonn\u00e9e des menaces qui p\u00e8sent sur le r\u00e9seau.<\/em><\/em><\/p><\/blockquote>\n\n\n\n<p>Pour surmonter ces difficult\u00e9s, des chercheurs de la Colombie-Britannique et leurs homologues de l\u2019Ontario et du Qu\u00e9bec ont lanc\u00e9 le projet CanDIG. Financ\u00e9 par la Fondation canadienne pour l\u2019innovation (FCI), leur collaboration s\u2019appuie lourdement sur le R\u00e9seau national de la recherche et de l\u2019\u00e9ducation (RNRE) du Canada afin que les scientifiques partagent les jeux de donn\u00e9es en g\u00e9nomique et y acc\u00e8dent efficacement partout au pays.<\/p>\n\n\n\n<h3 class=\"wp-block-heading\">Une plateforme de recherche en g\u00e9nomique<\/h3>\n\n\n\n<p>CanDIG a pour but principal l\u2019\u00e9laboration d\u2019une plateforme logicielle de recherche en g\u00e9nomique, c\u2019est-\u00e0-dire une m\u00e9thode r\u00e9partie, uniformis\u00e9e et anonyme qui permettra d\u2019examiner les donn\u00e9es g\u00e9n\u00e9tiques \u00e0 des fins cliniques et scientifiques. Le RNRE, qui est constitu\u00e9 de CANARIE et de ses douze partenaires provinciaux et territoriaux, procure \u00e0 CanDIG les outils et la rapidit\u00e9 dont la plateforme a besoin pour transmettre les jeux colossaux de donn\u00e9es g\u00e9nomiques aux chercheurs canadiens, et les partager avec d\u2019autres scientifiques dans le monde entier.<\/p>\n\n\n\n<p>Pour l\u2019instant, CanDIG ne fonctionne qu\u2019avec un nombre restreint d\u2019h\u00f4pitaux et d\u2019instituts de recherche majeurs. La plateforme prot\u00e8ge le profil, les ant\u00e9c\u00e9dents m\u00e9dicaux et les donn\u00e9es g\u00e9n\u00e9tiques du patient, l\u00e0 o\u00f9 ces informations ont \u00e9t\u00e9 glan\u00e9es, tout en laissant les chercheurs consulter les bases de donn\u00e9es r\u00e9parties, sans qu\u2019il y ait la moindre fuite de renseignements personnels. De cette mani\u00e8re, le chercheur peut \u00e9tudier les jeux de donn\u00e9es g\u00e9nomiques \u00e0 l\u2019\u00e9chelon national sans d\u00e9roger \u00e0 la r\u00e9glementation des provinces sur la protection des donn\u00e9es m\u00e9dicales.<\/p>\n\n\n\n<h3 class=\"wp-block-heading\">Tirer parti du RNRE canadien<\/h3>\n\n\n\n<p>Pour faciliter le projet sur le RNRE, BCNET \u00e9tablit la connexion avec les sites de CanDIG en Colombie-Britannique tandis qu\u2019ORION et le RISQ en font respectivement autant en Ontario et au Qu\u00e9bec. CANARIE assure la connectivit\u00e9 entre les provinces et avec d\u2019autres pays afin que les collaborations sur les plans national et international soient r\u00e9alisables.<\/p>\n\n\n\n<p>Avec un d\u00e9bit allant jusqu\u2019\u00e0 100&nbsp;gigabits par seconde, le RNRE est des milliers de fois plus rapide que les r\u00e9seaux commerciaux actuels. Il ne lui faut que quatre minutes pour transf\u00e9rer trois t\u00e9raoctets de donn\u00e9es g\u00e9nomiques, par exemple, alors que 27&nbsp;jours seraient n\u00e9cessaires avec une connexion normale \u00e0 Internet.<\/p>\n\n\n\n<h3 class=\"wp-block-heading\">Traitements adapt\u00e9s<\/h3>\n\n\n\n<p>Les importantes collaborations qu\u2019autorise le projet CanDIG engendreront des applications cliniques ultra personnalis\u00e9es avec lesquelles on pourra non seulement \u00e9tablir les soins qui conviennent le mieux \u00e0 un malade, mais aussi trouver un rem\u00e8de \u00e0 de rares maladies h\u00e9r\u00e9ditaires. Le projet permettra \u00e9galement de r\u00e9pondre de mani\u00e8re plus compl\u00e8te aux interrogations que soul\u00e8vent la sant\u00e9 et l\u2019\u00e9volution des maladies associ\u00e9es \u00e0 l\u2019ADN ou \u00e0 l\u2019ARN et les risques connexes.<\/p>\n\n\n\n<p>D\u00e8s que les essais initiaux auront d\u00e9montr\u00e9 l\u2019utilit\u00e9 de CanDIG, la plateforme sera d\u00e9ploy\u00e9e dans les institutions universitaires, scientifiques et m\u00e9dicales du pays. Les chercheurs auront donc acc\u00e8s \u00e0 une base de donn\u00e9es beaucoup plus riche en g\u00e9n\u00e9tique. Le RNRE, qui connecte pr\u00e8s de 715&nbsp;universit\u00e9s, h\u00f4pitaux et laboratoires de recherche au Canada est l\u2019infrastructure id\u00e9ale pour autoriser un aussi vaste regroupement de chercheurs en sant\u00e9.<\/p>\n\n\n\n<h3 class=\"wp-block-heading\">Une alliance internationale<\/h3>\n\n\n\n<p>CanDIG illustre \u00e0 merveille le leadership du Canada en science. L\u2019an dernier, la Global Alliance for Genomics and Health (GA4GH) a retenu la plateforme en vue de l\u2019\u00e9laboration de normes internationales en g\u00e9nomique. L\u2019Alliance s\u00e9lectionne les projets qui font progresser l\u2019\u00e9change des donn\u00e9es en g\u00e9nomique et pourraient avoir un v\u00e9ritable impact mondial. Dans le cas pr\u00e9sent, on esp\u00e8re cr\u00e9er des normes internationales qui s\u2019appliqueront \u00e0 l\u2019\u00e9change des donn\u00e9es en g\u00e9nomique humaine. T\u00e9moignage du leadership canadien dans la recherche en g\u00e9nomique, CanDIG pave la voie aux retomb\u00e9es plan\u00e9taires qu\u2019une individualisation des traitements m\u00e9dicaux laisse imaginer.<\/p>\n\n\n\n<section class=\"section section--quick-links\">\n    <div class=\"grid-container\">\n      <div class=\"grid-x grid-padding-x\">\n        <div class=\"cell\">\n                  \t<h2>En savoir plus de BCNET, visitez :<\/h2>\n                                <div class=\"wp-block-buttons\">\n                \t\t\t\t  \t<a class=\"button wp-block-button__link\" href=\"http:\/\/bc.net\" target=\"_blank\">bc.net<\/a><br>\n    \t\t\t        \t\t\t  <\/div>\n    \t\t\t          <\/div>\n      <\/div>\n    <\/div>\n  <\/section>\n\n\n<section class=\"section section--resources\">\n  <div class=\"grid-container text-center\">\n        \t<p class=\"subtitle\">T\u00e9l\u00e9chargez l&rsquo;\u00e9tude de cas<\/p>\n              <ul class=\"resource-links\">\n                <li>\n            <a href=\"https:\/\/www.canarie.ca\/wp-content\/uploads\/2021\/01\/RNRE-Etude-de-cas-BCNET.pdf\" target=\"_blank\">\n              <img decoding=\"async\" src=\"https:\/\/www.canarie.ca\/wp-content\/themes\/canarie\/img\/icon-pdf.svg\" alt=\"\">\n              <span>L\u2019\u00e9tude de cas \u2013 BCNET<\/span>\n            <\/a>\n          <\/li>\n                  <\/ul>\n          \n  <\/div>\n<\/section>\n  ","protected":false},"excerpt":{"rendered":"<p>\u00c9tude de cas du RNRE par&nbsp;BCNET Une mani\u00e8re s\u00fbre d\u2019exploiter les donn\u00e9es m\u00e9dicales Le s\u00e9quen\u00e7age de l\u2019ADN est d\u00e9sormais chose [&hellip;]<\/p>\n","protected":false},"author":4,"featured_media":6406,"parent":7168,"menu_order":0,"comment_status":"closed","ping_status":"closed","template":"","meta":{"_acf_changed":false,"footnotes":""},"class_list":["post-7260","page","type-page","status-publish","has-post-thumbnail","hentry"],"acf":[],"yoast_head":"<!-- This site is optimized with the Yoast SEO plugin v27.4 - https:\/\/yoast.com\/product\/yoast-seo-wordpress\/ -->\n<title>BCNET - CANARIE<\/title>\n<meta name=\"robots\" content=\"index, follow, max-snippet:-1, max-image-preview:large, max-video-preview:-1\" \/>\n<link rel=\"canonical\" href=\"https:\/\/www.canarie.ca\/fr\/rnre\/etudes-de-cas\/bcnet\/\" \/>\n<meta property=\"og:locale\" content=\"fr_FR\" \/>\n<meta property=\"og:type\" content=\"article\" \/>\n<meta property=\"og:title\" content=\"BCNET - CANARIE\" \/>\n<meta property=\"og:description\" content=\"\u00c9tude de cas du RNRE par&nbsp;BCNET Une mani\u00e8re s\u00fbre d\u2019exploiter les donn\u00e9es m\u00e9dicales Le s\u00e9quen\u00e7age de l\u2019ADN est d\u00e9sormais chose [&hellip;]\" \/>\n<meta property=\"og:url\" content=\"https:\/\/www.canarie.ca\/fr\/rnre\/etudes-de-cas\/bcnet\/\" \/>\n<meta property=\"og:site_name\" content=\"CANARIE\" \/>\n<meta property=\"article:modified_time\" content=\"2021-03-25T19:25:44+00:00\" \/>\n<meta property=\"og:image\" content=\"https:\/\/www.canarie.ca\/wp-content\/uploads\/2021\/01\/headerimg_BCNET.png\" \/>\n\t<meta property=\"og:image:width\" content=\"997\" \/>\n\t<meta property=\"og:image:height\" content=\"379\" \/>\n\t<meta property=\"og:image:type\" content=\"image\/png\" \/>\n<meta name=\"twitter:card\" content=\"summary_large_image\" \/>\n<script type=\"application\/ld+json\" class=\"yoast-schema-graph\">{\"@context\":\"https:\\\/\\\/schema.org\",\"@graph\":[{\"@type\":\"WebPage\",\"@id\":\"https:\\\/\\\/www.canarie.ca\\\/fr\\\/rnre\\\/etudes-de-cas\\\/bcnet\\\/\",\"url\":\"https:\\\/\\\/www.canarie.ca\\\/fr\\\/rnre\\\/etudes-de-cas\\\/bcnet\\\/\",\"name\":\"BCNET - CANARIE\",\"isPartOf\":{\"@id\":\"https:\\\/\\\/www.canarie.ca\\\/#website\"},\"primaryImageOfPage\":{\"@id\":\"https:\\\/\\\/www.canarie.ca\\\/fr\\\/rnre\\\/etudes-de-cas\\\/bcnet\\\/#primaryimage\"},\"image\":{\"@id\":\"https:\\\/\\\/www.canarie.ca\\\/fr\\\/rnre\\\/etudes-de-cas\\\/bcnet\\\/#primaryimage\"},\"thumbnailUrl\":\"https:\\\/\\\/www.canarie.ca\\\/wp-content\\\/uploads\\\/2021\\\/01\\\/headerimg_BCNET.png\",\"datePublished\":\"2021-01-21T20:48:41+00:00\",\"dateModified\":\"2021-03-25T19:25:44+00:00\",\"breadcrumb\":{\"@id\":\"https:\\\/\\\/www.canarie.ca\\\/fr\\\/rnre\\\/etudes-de-cas\\\/bcnet\\\/#breadcrumb\"},\"inLanguage\":\"fr-FR\",\"potentialAction\":[{\"@type\":\"ReadAction\",\"target\":[\"https:\\\/\\\/www.canarie.ca\\\/fr\\\/rnre\\\/etudes-de-cas\\\/bcnet\\\/\"]}]},{\"@type\":\"ImageObject\",\"inLanguage\":\"fr-FR\",\"@id\":\"https:\\\/\\\/www.canarie.ca\\\/fr\\\/rnre\\\/etudes-de-cas\\\/bcnet\\\/#primaryimage\",\"url\":\"https:\\\/\\\/www.canarie.ca\\\/wp-content\\\/uploads\\\/2021\\\/01\\\/headerimg_BCNET.png\",\"contentUrl\":\"https:\\\/\\\/www.canarie.ca\\\/wp-content\\\/uploads\\\/2021\\\/01\\\/headerimg_BCNET.png\",\"width\":997,\"height\":379},{\"@type\":\"BreadcrumbList\",\"@id\":\"https:\\\/\\\/www.canarie.ca\\\/fr\\\/rnre\\\/etudes-de-cas\\\/bcnet\\\/#breadcrumb\",\"itemListElement\":[{\"@type\":\"ListItem\",\"position\":1,\"name\":\"Accueil\",\"item\":\"https:\\\/\\\/www.canarie.ca\\\/fr\\\/\"},{\"@type\":\"ListItem\",\"position\":2,\"name\":\"Le R\u00e9seau national de la recherche et de l\u2019\u00e9ducation du Canada\",\"item\":\"https:\\\/\\\/www.canarie.ca\\\/fr\\\/rnre\\\/\"},{\"@type\":\"ListItem\",\"position\":3,\"name\":\"\u00c9tudes de cas\",\"item\":\"https:\\\/\\\/www.canarie.ca\\\/fr\\\/rnre\\\/etudes-de-cas\\\/\"},{\"@type\":\"ListItem\",\"position\":4,\"name\":\"BCNET\"}]},{\"@type\":\"WebSite\",\"@id\":\"https:\\\/\\\/www.canarie.ca\\\/#website\",\"url\":\"https:\\\/\\\/www.canarie.ca\\\/\",\"name\":\"CANARIE\",\"description\":\"\",\"potentialAction\":[{\"@type\":\"SearchAction\",\"target\":{\"@type\":\"EntryPoint\",\"urlTemplate\":\"https:\\\/\\\/www.canarie.ca\\\/?s={search_term_string}\"},\"query-input\":{\"@type\":\"PropertyValueSpecification\",\"valueRequired\":true,\"valueName\":\"search_term_string\"}}],\"inLanguage\":\"fr-FR\"}]}<\/script>\n<!-- \/ Yoast SEO plugin. -->","yoast_head_json":{"title":"BCNET - CANARIE","robots":{"index":"index","follow":"follow","max-snippet":"max-snippet:-1","max-image-preview":"max-image-preview:large","max-video-preview":"max-video-preview:-1"},"canonical":"https:\/\/www.canarie.ca\/fr\/rnre\/etudes-de-cas\/bcnet\/","og_locale":"fr_FR","og_type":"article","og_title":"BCNET - CANARIE","og_description":"\u00c9tude de cas du RNRE par&nbsp;BCNET Une mani\u00e8re s\u00fbre d\u2019exploiter les donn\u00e9es m\u00e9dicales Le s\u00e9quen\u00e7age de l\u2019ADN est d\u00e9sormais chose [&hellip;]","og_url":"https:\/\/www.canarie.ca\/fr\/rnre\/etudes-de-cas\/bcnet\/","og_site_name":"CANARIE","article_modified_time":"2021-03-25T19:25:44+00:00","og_image":[{"width":997,"height":379,"url":"https:\/\/www.canarie.ca\/wp-content\/uploads\/2021\/01\/headerimg_BCNET.png","type":"image\/png"}],"twitter_card":"summary_large_image","schema":{"@context":"https:\/\/schema.org","@graph":[{"@type":"WebPage","@id":"https:\/\/www.canarie.ca\/fr\/rnre\/etudes-de-cas\/bcnet\/","url":"https:\/\/www.canarie.ca\/fr\/rnre\/etudes-de-cas\/bcnet\/","name":"BCNET - CANARIE","isPartOf":{"@id":"https:\/\/www.canarie.ca\/#website"},"primaryImageOfPage":{"@id":"https:\/\/www.canarie.ca\/fr\/rnre\/etudes-de-cas\/bcnet\/#primaryimage"},"image":{"@id":"https:\/\/www.canarie.ca\/fr\/rnre\/etudes-de-cas\/bcnet\/#primaryimage"},"thumbnailUrl":"https:\/\/www.canarie.ca\/wp-content\/uploads\/2021\/01\/headerimg_BCNET.png","datePublished":"2021-01-21T20:48:41+00:00","dateModified":"2021-03-25T19:25:44+00:00","breadcrumb":{"@id":"https:\/\/www.canarie.ca\/fr\/rnre\/etudes-de-cas\/bcnet\/#breadcrumb"},"inLanguage":"fr-FR","potentialAction":[{"@type":"ReadAction","target":["https:\/\/www.canarie.ca\/fr\/rnre\/etudes-de-cas\/bcnet\/"]}]},{"@type":"ImageObject","inLanguage":"fr-FR","@id":"https:\/\/www.canarie.ca\/fr\/rnre\/etudes-de-cas\/bcnet\/#primaryimage","url":"https:\/\/www.canarie.ca\/wp-content\/uploads\/2021\/01\/headerimg_BCNET.png","contentUrl":"https:\/\/www.canarie.ca\/wp-content\/uploads\/2021\/01\/headerimg_BCNET.png","width":997,"height":379},{"@type":"BreadcrumbList","@id":"https:\/\/www.canarie.ca\/fr\/rnre\/etudes-de-cas\/bcnet\/#breadcrumb","itemListElement":[{"@type":"ListItem","position":1,"name":"Accueil","item":"https:\/\/www.canarie.ca\/fr\/"},{"@type":"ListItem","position":2,"name":"Le R\u00e9seau national de la recherche et de l\u2019\u00e9ducation du Canada","item":"https:\/\/www.canarie.ca\/fr\/rnre\/"},{"@type":"ListItem","position":3,"name":"\u00c9tudes de cas","item":"https:\/\/www.canarie.ca\/fr\/rnre\/etudes-de-cas\/"},{"@type":"ListItem","position":4,"name":"BCNET"}]},{"@type":"WebSite","@id":"https:\/\/www.canarie.ca\/#website","url":"https:\/\/www.canarie.ca\/","name":"CANARIE","description":"","potentialAction":[{"@type":"SearchAction","target":{"@type":"EntryPoint","urlTemplate":"https:\/\/www.canarie.ca\/?s={search_term_string}"},"query-input":{"@type":"PropertyValueSpecification","valueRequired":true,"valueName":"search_term_string"}}],"inLanguage":"fr-FR"}]}},"_links":{"self":[{"href":"https:\/\/www.canarie.ca\/fr\/wp-json\/wp\/v2\/pages\/7260","targetHints":{"allow":["GET"]}}],"collection":[{"href":"https:\/\/www.canarie.ca\/fr\/wp-json\/wp\/v2\/pages"}],"about":[{"href":"https:\/\/www.canarie.ca\/fr\/wp-json\/wp\/v2\/types\/page"}],"author":[{"embeddable":true,"href":"https:\/\/www.canarie.ca\/fr\/wp-json\/wp\/v2\/users\/4"}],"replies":[{"embeddable":true,"href":"https:\/\/www.canarie.ca\/fr\/wp-json\/wp\/v2\/comments?post=7260"}],"version-history":[{"count":0,"href":"https:\/\/www.canarie.ca\/fr\/wp-json\/wp\/v2\/pages\/7260\/revisions"}],"up":[{"embeddable":true,"href":"https:\/\/www.canarie.ca\/fr\/wp-json\/wp\/v2\/pages\/7168"}],"wp:featuredmedia":[{"embeddable":true,"href":"https:\/\/www.canarie.ca\/fr\/wp-json\/wp\/v2\/media\/6406"}],"wp:attachment":[{"href":"https:\/\/www.canarie.ca\/fr\/wp-json\/wp\/v2\/media?parent=7260"}],"curies":[{"name":"wp","href":"https:\/\/api.w.org\/{rel}","templated":true}]}}