{"id":7288,"date":"2021-01-21T15:51:11","date_gmt":"2021-01-21T20:51:11","guid":{"rendered":"https:\/\/canarie.machinedev.ca\/rne\/case-studies\/educational-computer-network-new-brunswick\/"},"modified":"2023-09-21T08:13:37","modified_gmt":"2023-09-21T12:13:37","slug":"educational-computer-network-new-brunswick","status":"publish","type":"page","link":"https:\/\/www.canarie.ca\/fr\/rnre\/etudes-de-cas\/educational-computer-network-new-brunswick\/","title":{"rendered":"Educational Computer Network \u2013 Nouveau Brunswick"},"content":{"rendered":"\n\n<section class=\"section section--text-with-image  alignfull container squares-right\">\n  <svg version=\"1.1\" class=\"animated-square-graphic\" xmlns=\"http:\/\/www.w3.org\/2000\/svg\" xmlns:xlink=\"http:\/\/www.w3.org\/1999\/xlink\" x=\"0px\" y=\"0px\"\n\t viewBox=\"0 0 1084.85 1080\" style=\"enable-background:new 0 0 1084.85 1080;\" xml:space=\"preserve\">\n<style type=\"text\/css\">\n\t.st0{opacity:0.51;fill:#FEFEFE;}\n\t.st1{fill:#F4F4F5;}\n\t.st2{fill:#58C3D2;}\n\t.st3{fill:#E90D0B;}\n\t.st4{fill:#393D3F;}\n<\/style>\n<g>\n\t<path class=\"st0\" d=\"M275.09,0c0,20.92,0.02,41.84-0.04,62.75c-0.01,1.9,0.82,4.06-1.04,5.66c-1.33-1.48-1.49-3.32-1.5-5.17\n\t\tc-0.07-19.54-0.1-39.07,0.02-58.61c0.01-1,0.15-2,0.5-2.95c0.27-0.62,0.62-1.18,1.06-1.68C274.42,0,274.76,0,275.09,0z\"\/>\n\t<path class=\"st0\" d=\"M270.93,134.87c0,0.67,0,1.34,0,2.01c-1.96-0.21-3.39-1.13-2.71-3.24c0.6-1.87,2.15-2.92,4.31-2.71\n\t\tc21.9,2.09,43.85,0.35,65.77,0.92c-0.01,0.67-0.01,1.34-0.02,2.01c-1.73,0.94-3.6,0.46-5.4,0.47c-19.36,0.04-38.73,0.02-58.09,0.04\n\t\tC273.5,134.36,272.11,133.88,270.93,134.87z\"\/>\n\t<path class=\"st0\" d=\"M67.6,132.85c-0.22,2.23,0.79,3.24,3.02,3.02c-0.21,1.56-0.6,3.05-2.65,2.59c-1.53-0.34-2.62-1.44-2.96-2.96\n\t\tC64.55,133.46,66.04,133.06,67.6,132.85z\"\/>\n\t<path class=\"st0\" d=\"M270.93,134.87c0.15-0.9,0.44-1.31,1.6-1.31c21.92,0.15,43.84,0.21,65.76,0.29c-1.46,1.71-3.44,0.97-5.18,0.97\n\t\tC312.38,134.88,291.66,134.87,270.93,134.87z\"\/>\n\t<rect x=\"71.76\" y=\"67.43\" class=\"st1\" width=\"67.44\" height=\"67.44\"\/>\n\t<rect x=\"206.62\" class=\"st2\" width=\"67.44\" height=\"67.44\"\/>\n\t<rect x=\"410.45\" class=\"st2\" width=\"67.44\" height=\"67.44\"\/>\n\t<rect x=\"343.11\" y=\"67.73\" class=\"st2\" width=\"67.44\" height=\"67.44\"\/>\n\t<rect x=\"544.46\" y=\"0.06\" class=\"st1\" width=\"67.44\" height=\"67.44\"\/>\n\t<rect x=\"680.21\" class=\"st1\" width=\"67.44\" height=\"67.44\"\/>\n\t<rect x=\"815.09\" class=\"st1\" width=\"67.44\" height=\"67.44\"\/>\n\t<rect x=\"949.97\" class=\"st2\" width=\"67.44\" height=\"67.44\"\/>\n\t<rect x=\"477.89\" y=\"67.73\" class=\"st3\" width=\"67.44\" height=\"67.44\"\/>\n\t<rect x=\"612.77\" y=\"67.73\" class=\"st2\" width=\"67.44\" height=\"67.44\"\/>\n\t<rect x=\"747.65\" y=\"67.73\" class=\"st4\" width=\"67.44\" height=\"67.44\"\/>\n\t<rect x=\"882.53\" y=\"67.83\" class=\"st1\" width=\"67.44\" height=\"67.44\"\/>\n\t<rect x=\"1017.41\" y=\"67.73\" class=\"st2\" width=\"67.44\" height=\"67.44\"\/>\n\t<rect x=\"1017.41\" y=\"203.13\" class=\"st2\" width=\"67.44\" height=\"67.44\"\/>\n\t<rect x=\"275.67\" y=\"135.45\" class=\"st1\" width=\"67.44\" height=\"67.44\"\/>\n\t<rect x=\"208.23\" y=\"202.81\" class=\"st3\" width=\"67.44\" height=\"67.44\"\/>\n\t<rect x=\"1.8\" y=\"202.81\" class=\"st1\" width=\"67.44\" height=\"67.44\"\/>\n\t<rect x=\"69.24\" y=\"270.83\" class=\"st2\" width=\"67.44\" height=\"67.44\"\/>\n\t<rect x=\"410.55\" y=\"270.57\" class=\"st1\" width=\"67.44\" height=\"67.44\"\/>\n\t<rect x=\"545.43\" y=\"270.57\" class=\"st1\" width=\"67.44\" height=\"67.44\"\/>\n\t<rect x=\"680.44\" y=\"270.57\" class=\"st2\" width=\"67.44\" height=\"67.44\"\/>\n\t<rect x=\"815.3\" y=\"270.57\" class=\"st1\" width=\"67.44\" height=\"67.44\"\/>\n\t<rect x=\"950.11\" y=\"270.57\" class=\"st2\" width=\"67.44\" height=\"67.44\"\/>\n\t<rect x=\"1017.41\" y=\"270.57\" class=\"st4\" width=\"67.44\" height=\"67.44\"\/>\n\t<rect x=\"1017.41\" y=\"338.01\" class=\"st2\" width=\"67.44\" height=\"67.44\"\/>\n\t<rect x=\"882.5\" y=\"338.16\" class=\"st2\" width=\"67.44\" height=\"67.44\"\/>\n\t<rect x=\"747.86\" y=\"338.16\" class=\"st1\" width=\"67.44\" height=\"67.44\"\/>\n\t<rect x=\"612.87\" y=\"338.16\" class=\"st2\" width=\"67.44\" height=\"67.44\"\/>\n\t<rect x=\"271.44\" y=\"338.01\" class=\"st1\" width=\"67.44\" height=\"67.44\"\/>\n\t<rect x=\"136.7\" y=\"405.75\" class=\"st3\" width=\"67.44\" height=\"67.44\"\/>\n\t<rect x=\"407.3\" y=\"405.6\" class=\"st3\" width=\"67.44\" height=\"67.44\"\/>\n\t<rect x=\"815.06\" y=\"405.6\" class=\"st2\" width=\"67.44\" height=\"67.44\"\/>\n\t<rect x=\"950.11\" y=\"405.6\" class=\"st1\" width=\"67.44\" height=\"67.44\"\/>\n\t<rect x=\"1017.41\" y=\"473.04\" class=\"st1\" width=\"67.44\" height=\"67.44\"\/>\n\t<rect x=\"882.5\" y=\"473.04\" class=\"st1\" width=\"67.44\" height=\"67.44\"\/>\n\t<rect x=\"747.62\" y=\"473.04\" class=\"st1\" width=\"67.44\" height=\"67.44\"\/>\n\t<rect x=\"611.17\" y=\"473.04\" class=\"st4\" width=\"67.44\" height=\"67.44\"\/>\n\t<rect y=\"475.55\" class=\"st1\" width=\"67.44\" height=\"67.44\"\/>\n\t<rect x=\"410.55\" y=\"135.45\" class=\"st4\" width=\"67.44\" height=\"67.44\"\/>\n\t<rect x=\"680.42\" y=\"135.17\" class=\"st1\" width=\"67.44\" height=\"67.44\"\/>\n\t<rect x=\"815.23\" y=\"135.36\" class=\"st1\" width=\"67.44\" height=\"67.44\"\/>\n\t<rect x=\"950.12\" y=\"135.36\" class=\"st4\" width=\"67.44\" height=\"67.44\"\/>\n\t<rect x=\"343.11\" y=\"202.81\" class=\"st3\" width=\"67.44\" height=\"67.44\"\/>\n\t<rect x=\"477.99\" y=\"202.81\" class=\"st2\" width=\"67.44\" height=\"67.44\"\/>\n\t<rect x=\"613\" y=\"202.81\" class=\"st4\" width=\"67.44\" height=\"67.44\"\/>\n\t<rect x=\"747.86\" y=\"202.74\" class=\"st2\" width=\"67.44\" height=\"67.44\"\/>\n\t<rect x=\"882.67\" y=\"202.8\" class=\"st2\" width=\"67.44\" height=\"67.44\"\/>\n\t<rect x=\"950.08\" y=\"540.48\" class=\"st2\" width=\"67.44\" height=\"67.44\"\/>\n\t<rect x=\"815.06\" y=\"540.48\" class=\"st2\" width=\"67.44\" height=\"67.44\"\/>\n\t<rect x=\"1017.41\" y=\"607.92\" class=\"st2\" width=\"67.44\" height=\"67.44\"\/>\n\t<rect x=\"882.44\" y=\"607.92\" class=\"st4\" width=\"67.44\" height=\"67.44\"\/>\n\t<rect x=\"747.62\" y=\"607.92\" class=\"st4\" width=\"67.44\" height=\"67.44\"\/>\n\t<rect x=\"950.06\" y=\"675.36\" class=\"st1\" width=\"67.44\" height=\"67.44\"\/>\n\t<rect x=\"815\" y=\"675.36\" class=\"st2\" width=\"67.44\" height=\"67.44\"\/>\n\t<rect x=\"680.18\" y=\"675.36\" class=\"st2\" width=\"67.44\" height=\"67.44\"\/>\n\t<rect x=\"882.7\" y=\"742.8\" class=\"st1\" width=\"67.44\" height=\"67.44\"\/>\n\t<rect x=\"1017.41\" y=\"742.8\" class=\"st2\" width=\"67.44\" height=\"67.44\"\/>\n\t<rect x=\"1017.41\" y=\"810.24\" class=\"st1\" width=\"67.44\" height=\"67.44\"\/>\n\t<rect x=\"950.06\" y=\"810.24\" class=\"st2\" width=\"67.44\" height=\"67.44\"\/>\n\t<rect x=\"950.06\" y=\"877.68\" class=\"st3\" width=\"67.44\" height=\"67.44\"\/>\n\t<rect x=\"882.62\" y=\"877.68\" class=\"st2\" width=\"67.44\" height=\"67.44\"\/>\n\t<rect x=\"747.66\" y=\"877.68\" class=\"st3\" width=\"67.44\" height=\"67.44\"\/>\n\t<rect x=\"680.22\" y=\"877.68\" class=\"st1\" width=\"67.44\" height=\"67.44\"\/>\n\t<rect x=\"815.06\" y=\"945.12\" class=\"st4\" width=\"67.44\" height=\"67.44\"\/>\n\t<rect x=\"747.66\" y=\"945.12\" class=\"st2\" width=\"67.44\" height=\"67.44\"\/>\n\t<rect x=\"1017.5\" y=\"945.12\" class=\"st4\" width=\"67.44\" height=\"67.44\"\/>\n\t<rect x=\"950.06\" y=\"945.12\" class=\"st2\" width=\"67.44\" height=\"67.44\"\/>\n\t<rect x=\"882.5\" y=\"1012.56\" class=\"st4\" width=\"67.44\" height=\"67.44\"\/>\n\t<rect x=\"1017.5\" y=\"1012.56\" class=\"st2\" width=\"67.44\" height=\"67.44\"\/>\n\t<rect x=\"545.3\" y=\"1012.56\" class=\"st4\" width=\"67.44\" height=\"67.44\"\/>\n\t<rect x=\"407.54\" y=\"1012.56\" class=\"st2\" width=\"67.44\" height=\"67.44\"\/>\n\t<rect x=\"815.06\" y=\"1012.56\" class=\"st2\" width=\"67.44\" height=\"67.44\"\/>\n\t<rect x=\"747.66\" y=\"1012.56\" class=\"st3\" width=\"67.44\" height=\"67.44\"\/>\n\t<rect x=\"680.18\" y=\"1012.56\" class=\"st2\" width=\"67.44\" height=\"67.44\"\/>\n\t<rect x=\"747.62\" y=\"742.8\" class=\"st2\" width=\"67.44\" height=\"67.44\"\/>\n\t<rect x=\"612.74\" y=\"742.8\" class=\"st4\" width=\"67.44\" height=\"67.44\"\/>\n\t<rect x=\"545.3\" y=\"877.68\" class=\"st2\" width=\"67.44\" height=\"67.44\"\/>\n\t<rect x=\"612.74\" y=\"945.12\" class=\"st4\" width=\"67.44\" height=\"67.44\"\/>\n<\/g>\n<\/svg>\n  <div class=\"grid-container simple-fade\">\n    <div class=\"grid-x grid-padding-x align-middle\">\n      <div class=\"cell medium-6 medium-order-2\">\n\t\t  \t\t\t  <img decoding=\"async\" src=\"https:\/\/www.canarie.ca\/wp-content\/uploads\/2021\/01\/headerimg_ECN-NB.png\" alt=\"\">\n\t\t        <\/div>\n      <div class=\"cell medium-6 medium-order-1 text-left text-cell \">\n  \t\t  \t\t          <h1 class=\"cssanimation leFadeIn\">Prot\u00e9ger notre infrastructure num\u00e9rique<\/h1>\n  \t\t  \t\t                              <\/div>\n    <\/div>\n  <\/div>\n<\/section>\n\n\n\n\n\n<p><strong>\u00c9tude de cas du RNRE par&nbsp;<a href=\"http:\/\/nbpei-ecn.ca\/\" target=\"_blank\" rel=\"noreferrer noopener\">ECN-NB<\/a><\/strong><\/p>\n\n\n\n<h3 class=\"wp-block-heading\">La cybers\u00e9curit\u00e9&nbsp;: un d\u00e9fi<\/h3>\n\n\n\n<p>Les bulletins d\u2019information en parlent presque tous les jours&nbsp;: les menaces qui planent sur la cybers\u00e9curit\u00e9 sont bien r\u00e9elles, on ne s\u2019en d\u00e9barrassera pas de sit\u00f4t et elles ne cessent d\u2019\u00e9voluer. Pour emp\u00eacher le ran\u00e7onnement des infrastructures indispensables, la perte massive de renseignements personnels et la d\u00e9stabilisation des m\u00e9canismes politiques par les pirates informatiques, on a besoin d\u2019un \u00ab&nbsp;syst\u00e8me immun num\u00e9rique&nbsp;\u00bb, c\u2019est-\u00e0-dire de mesures de cybers\u00e9curit\u00e9 permanentes qui s\u2019adapteront constamment en fonction des nouvelles menaces et qui prot\u00e8geront chaque point d\u2019acc\u00e8s possible. La vitalit\u00e9 de notre \u00e9conomie num\u00e9rique et la prosp\u00e9rit\u00e9 de la soci\u00e9t\u00e9 en d\u00e9pendent.<\/p>\n\n\n\n<hr class=\"wp-block-separator has-css-opacity\"\/>\n\n\n\n<p>L\u2019Universit\u00e9 du Nouveau-Brunswick (UNB) est depuis longtemps r\u00e9put\u00e9e pour son excellence dans les sciences informatiques. Il y a de nombreuses ann\u00e9es d\u00e9j\u00e0, ses chercheurs ont pris conscience que la cybers\u00e9curit\u00e9 serait l\u2019une des nouvelles grandes fronti\u00e8res dans cette discipline. Ils ont tout de suite compris que, pour ne pas \u00eatre d\u00e9pass\u00e9s dans un domaine \u00e9voluant aussi vite, ils devraient collaborer de pr\u00e8s avec l\u2019industrie, le gouvernement et les universit\u00e9s du monde entier. Parall\u00e8lement, ils ont r\u00e9alis\u00e9 qu\u2019ils devraient trouver sans attendre une application pratique \u00e0 leurs r\u00e9sultats afin que leurs travaux aient un sens.<\/p>\n\n\n\n<blockquote class=\"wp-block-quote small is-style-default is-layout-flow wp-block-quote-is-layout-flow\">\n<p><strong><strong>Qu\u2019est-ce que le RNRE?<\/strong><\/strong><\/p>\n\n\n\n<p><em><em>Le R\u00e9seau national de recherche et d\u2019\u00e9ducation (RNRE) est un regroupement d\u2019infrastructures, d\u2019outils et de personnes d\u2019une importance capitale dont la raison d\u2019\u00eatre est de rehausser le leadership du Canada dans les domaines de la recherche, de l\u2019enseignement et de l\u2019innovation. Les partenaires du RNRE canadien coop\u00e8rent afin de rendre cette infrastructure indispensable encore plus s\u00fbre. Un projet pancanadien sans pr\u00e9c\u00e9dent dans l\u2019histoire est en cours pour assurer une surveillance coordonn\u00e9e des menaces qui p\u00e8sent sur le r\u00e9seau.<\/em><\/em><\/p>\n<\/blockquote>\n\n\n\n<h3 class=\"wp-block-heading\">Un centre d\u2019excellence<\/h3>\n\n\n\n<p>Ces constatations ont eu pour cons\u00e9quence la fondation de l\u2019Institut canadien sur la cybers\u00e9curit\u00e9 (ICS) par l\u2019UNB, en 2017. Le nouvel institut a \u00e9t\u00e9 charg\u00e9 d\u2019entreprendre des recherches de pointe en les axant sur des applications \u00e0 l\u2019utilit\u00e9 imm\u00e9diate. Ses travaux, poursuivis en \u00e9troite collaboration avec les soci\u00e9t\u00e9s qui sont ses partenaires, couvrent une multitude d\u2019activit\u00e9s en cybers\u00e9curit\u00e9. Forer le trafic sur le r\u00e9seau pour d\u00e9tecter d\u2019\u00e9ventuels logiciels malveillants, recourir \u00e0 l\u2019apprentissage automatique pour pr\u00e9voir les comportements anormaux, valider les solutions en reproduisant des cyberattaques, rep\u00e9rer les nouvelles fallacieuses qui circulent dans les m\u00e9dias sociaux et identifier les cybercriminels en puissance en sont quelques exemples.<\/p>\n\n\n\n<p>Pour mener \u00e0 bien ces t\u00e2ches capitales, l\u2019ICS recourt \u00e0 ECN-NB, le r\u00e9seau de la recherche et de l\u2019\u00e9ducation (R-E) du Nouveau-Brunswick, qui procure un acc\u00e8s Internet et des services r\u00e9seau s\u00e9curis\u00e9s aux \u00e9tablissements d\u2019enseignement sup\u00e9rieur de la province. Partenaire du R\u00e9seau national de la recherche et de l\u2019\u00e9ducation (RNRE) du Canada, ECN-NB sert aussi de passerelle entre les universit\u00e9s canadiennes et \u00e9trang\u00e8res. Gr\u00e2ce aux communications ultra s\u00e9curis\u00e9es du r\u00e9seau, l\u2019ICS est en mesure de partager des donn\u00e9es de base cruciales, d\u2019\u00e9changer des biens intellectuels sensibles et de participer \u00e0 la cr\u00e9ation de logiciels et d\u2019\u00e9quipement fortifi\u00e9s avec ses nombreux collaborateurs.<\/p>\n\n\n\n<h3 class=\"wp-block-heading\">Des partenaires coop\u00e9ratifs<\/h3>\n\n\n\n<p>CyberSpark est l\u2019un des partenaires en recherche \u00e9trangers de l\u2019ICS. Ce centre d\u2019innovation situ\u00e9 \u00e0 l\u2019Universit\u00e9 Ben-Gurion, en Isra\u00ebl, a une orientation similaire, \u00e0 savoir l\u2019obtention de r\u00e9sultats concrets, et r\u00e9unit les meilleurs \u00e9l\u00e9ments des universit\u00e9s, des administrations publiques et de l\u2019industrie. Parce qu\u2019ils partagent la m\u00eame philosophie, articul\u00e9e sur la recherche appliqu\u00e9e, et b\u00e9n\u00e9ficient de r\u00e9seaux pour les appuyer, comme ECN-NB, les scientifiques de l\u2019ICS et de CyberSpark travaillent en harmonie sur une vaste gamme d\u2019enjeux en cybers\u00e9curit\u00e9.<\/p>\n\n\n\n<p>Le Global Ecosystem of Ecosystems Partnership in Innovation and Cybersecurity (Global EPIC) en est un autre exemple. Lanc\u00e9 il y a peu, Global EPIC est l\u2019initiative d\u2019importantes institutions en cybers\u00e9curit\u00e9 et a pour buts la coordination et l\u2019\u00e9change des connaissances en vue de renforcer les cyberd\u00e9fenses de la plan\u00e8te. L\u2019ICS est mondialement connu pour la fiabilit\u00e9 de ses donn\u00e9es de base en cybers\u00e9curit\u00e9 et les chercheurs utilisent ces derni\u00e8res pour tester de nouvelles m\u00e9thodes de d\u00e9celer et de combattre les logiciels malveillants. Les donn\u00e9es en question renferment une masse d\u2019informations ultra d\u00e9licates, dangereuses et infectieuses sur lesquelles on doit exercer un contr\u00f4le tr\u00e8s rigoureux. L\u2019ICS compte sur le r\u00e9seau ECN-NB pour les acheminer de fa\u00e7on s\u00e9curitaire aux nombreux membres de Global EPIC, telles l\u2019Universit\u00e9 Carleton, \u00e0 Ottawa, ou l\u2019Universit\u00e9 Queen\u2019s de Belfast, en Irlande du Nord.<\/p>\n\n\n\n<h3 class=\"wp-block-heading\">Retomb\u00e9es locales, port\u00e9e internationale<\/h3>\n\n\n\n<p>L\u2019ICS et l\u2019UNB ont sensiblement favoris\u00e9 l\u2019\u00e9conomie du Nouveau-Brunswick en donnant naissance \u00e0 un secteur de la haute technologie en plein essor qui ne cesse d\u2019engendrer des jeunes pousses et des entreprises d\u00e9riv\u00e9es, s\u00e9duit les talents les plus brillants dans le monde entier et attire les soci\u00e9t\u00e9s int\u00e9ress\u00e9es \u00e0 collaborer pour mieux s\u2019implanter localement, y compris bon nombre d\u2019entreprises class\u00e9es dans les Fortune&nbsp;500 comme IBM, Siemens et Bell.<\/p>\n\n\n\n<p>Le principal cependant reste sans doute que le travail effectu\u00e9 par l\u2019ICS a aid\u00e9 et continue d\u2019aider les Canadiens et les gens du monde entier en d\u00e9jouant les tentatives d\u2019hame\u00e7onnage par courriel, en mettant les ordinateurs \u00e0 l\u2019abri des virus, en freinant l\u2019exploitation des enfants, en pr\u00e9servant les r\u00e9seaux d\u2019\u00e9lectricit\u00e9 et en prot\u00e9geant les identit\u00e9s en ligne. Une t\u00e2che qui, pour \u00eatre colossale, demeure r\u00e9alisable gr\u00e2ce \u00e0 l\u2019ECN-NB et au RNRE.<\/p>\n\n\n\n<section class=\"section section--quick-links\">\n    <div class=\"grid-container\">\n      <div class=\"grid-x grid-padding-x\">\n        <div class=\"cell\">\n                  \t<h2>En savoir plus sur l\u2019ECN-NB, visitez :<\/h2>\n                                <div class=\"wp-block-buttons\">\n                \t\t\t\t  \t<a class=\"button wp-block-button__link\" href=\"http:\/\/nbpei-ecn.ca\" target=\"_blank\">nbpei-ecn.ca<\/a><br>\n    \t\t\t        \t\t\t  <\/div>\n    \t\t\t          <\/div>\n      <\/div>\n    <\/div>\n  <\/section>","protected":false},"excerpt":{"rendered":"<p>\u00c9tude de cas du RNRE par&nbsp;ECN-NB La cybers\u00e9curit\u00e9&nbsp;: un d\u00e9fi Les bulletins d\u2019information en parlent presque tous les jours&nbsp;: les [&hellip;]<\/p>\n","protected":false},"author":4,"featured_media":6946,"parent":7168,"menu_order":0,"comment_status":"closed","ping_status":"closed","template":"","meta":{"_acf_changed":false,"footnotes":""},"class_list":["post-7288","page","type-page","status-publish","has-post-thumbnail","hentry"],"acf":[],"yoast_head":"<!-- This site is optimized with the Yoast SEO plugin v27.4 - https:\/\/yoast.com\/product\/yoast-seo-wordpress\/ -->\n<title>Educational Computer Network \u2013 Nouveau Brunswick - CANARIE<\/title>\n<meta name=\"robots\" content=\"index, follow, max-snippet:-1, max-image-preview:large, max-video-preview:-1\" \/>\n<link rel=\"canonical\" href=\"https:\/\/www.canarie.ca\/fr\/rnre\/etudes-de-cas\/educational-computer-network-new-brunswick\/\" \/>\n<meta property=\"og:locale\" content=\"fr_FR\" \/>\n<meta property=\"og:type\" content=\"article\" \/>\n<meta property=\"og:title\" content=\"Educational Computer Network \u2013 Nouveau Brunswick - CANARIE\" \/>\n<meta property=\"og:description\" content=\"\u00c9tude de cas du RNRE par&nbsp;ECN-NB La cybers\u00e9curit\u00e9&nbsp;: un d\u00e9fi Les bulletins d\u2019information en parlent presque tous les jours&nbsp;: les [&hellip;]\" \/>\n<meta property=\"og:url\" content=\"https:\/\/www.canarie.ca\/fr\/rnre\/etudes-de-cas\/educational-computer-network-new-brunswick\/\" \/>\n<meta property=\"og:site_name\" content=\"CANARIE\" \/>\n<meta property=\"article:modified_time\" content=\"2023-09-21T12:13:37+00:00\" \/>\n<meta property=\"og:image\" content=\"https:\/\/www.canarie.ca\/wp-content\/uploads\/2021\/01\/headerimg_ECN-NB.png\" \/>\n\t<meta property=\"og:image:width\" content=\"997\" \/>\n\t<meta property=\"og:image:height\" content=\"379\" \/>\n\t<meta property=\"og:image:type\" content=\"image\/png\" \/>\n<meta name=\"twitter:card\" content=\"summary_large_image\" \/>\n<script type=\"application\/ld+json\" class=\"yoast-schema-graph\">{\"@context\":\"https:\\\/\\\/schema.org\",\"@graph\":[{\"@type\":\"WebPage\",\"@id\":\"https:\\\/\\\/www.canarie.ca\\\/fr\\\/rnre\\\/etudes-de-cas\\\/educational-computer-network-new-brunswick\\\/\",\"url\":\"https:\\\/\\\/www.canarie.ca\\\/fr\\\/rnre\\\/etudes-de-cas\\\/educational-computer-network-new-brunswick\\\/\",\"name\":\"Educational Computer Network \u2013 Nouveau Brunswick - CANARIE\",\"isPartOf\":{\"@id\":\"https:\\\/\\\/www.canarie.ca\\\/#website\"},\"primaryImageOfPage\":{\"@id\":\"https:\\\/\\\/www.canarie.ca\\\/fr\\\/rnre\\\/etudes-de-cas\\\/educational-computer-network-new-brunswick\\\/#primaryimage\"},\"image\":{\"@id\":\"https:\\\/\\\/www.canarie.ca\\\/fr\\\/rnre\\\/etudes-de-cas\\\/educational-computer-network-new-brunswick\\\/#primaryimage\"},\"thumbnailUrl\":\"https:\\\/\\\/www.canarie.ca\\\/wp-content\\\/uploads\\\/2021\\\/01\\\/headerimg_ECN-NB.png\",\"datePublished\":\"2021-01-21T20:51:11+00:00\",\"dateModified\":\"2023-09-21T12:13:37+00:00\",\"breadcrumb\":{\"@id\":\"https:\\\/\\\/www.canarie.ca\\\/fr\\\/rnre\\\/etudes-de-cas\\\/educational-computer-network-new-brunswick\\\/#breadcrumb\"},\"inLanguage\":\"fr-FR\",\"potentialAction\":[{\"@type\":\"ReadAction\",\"target\":[\"https:\\\/\\\/www.canarie.ca\\\/fr\\\/rnre\\\/etudes-de-cas\\\/educational-computer-network-new-brunswick\\\/\"]}]},{\"@type\":\"ImageObject\",\"inLanguage\":\"fr-FR\",\"@id\":\"https:\\\/\\\/www.canarie.ca\\\/fr\\\/rnre\\\/etudes-de-cas\\\/educational-computer-network-new-brunswick\\\/#primaryimage\",\"url\":\"https:\\\/\\\/www.canarie.ca\\\/wp-content\\\/uploads\\\/2021\\\/01\\\/headerimg_ECN-NB.png\",\"contentUrl\":\"https:\\\/\\\/www.canarie.ca\\\/wp-content\\\/uploads\\\/2021\\\/01\\\/headerimg_ECN-NB.png\",\"width\":997,\"height\":379},{\"@type\":\"BreadcrumbList\",\"@id\":\"https:\\\/\\\/www.canarie.ca\\\/fr\\\/rnre\\\/etudes-de-cas\\\/educational-computer-network-new-brunswick\\\/#breadcrumb\",\"itemListElement\":[{\"@type\":\"ListItem\",\"position\":1,\"name\":\"Accueil\",\"item\":\"https:\\\/\\\/www.canarie.ca\\\/fr\\\/\"},{\"@type\":\"ListItem\",\"position\":2,\"name\":\"Le R\u00e9seau national de la recherche et de l\u2019\u00e9ducation du Canada\",\"item\":\"https:\\\/\\\/www.canarie.ca\\\/fr\\\/rnre\\\/\"},{\"@type\":\"ListItem\",\"position\":3,\"name\":\"\u00c9tudes de cas\",\"item\":\"https:\\\/\\\/www.canarie.ca\\\/fr\\\/rnre\\\/etudes-de-cas\\\/\"},{\"@type\":\"ListItem\",\"position\":4,\"name\":\"Educational Computer Network \u2013 Nouveau Brunswick\"}]},{\"@type\":\"WebSite\",\"@id\":\"https:\\\/\\\/www.canarie.ca\\\/#website\",\"url\":\"https:\\\/\\\/www.canarie.ca\\\/\",\"name\":\"CANARIE\",\"description\":\"\",\"potentialAction\":[{\"@type\":\"SearchAction\",\"target\":{\"@type\":\"EntryPoint\",\"urlTemplate\":\"https:\\\/\\\/www.canarie.ca\\\/?s={search_term_string}\"},\"query-input\":{\"@type\":\"PropertyValueSpecification\",\"valueRequired\":true,\"valueName\":\"search_term_string\"}}],\"inLanguage\":\"fr-FR\"}]}<\/script>\n<!-- \/ Yoast SEO plugin. -->","yoast_head_json":{"title":"Educational Computer Network \u2013 Nouveau Brunswick - CANARIE","robots":{"index":"index","follow":"follow","max-snippet":"max-snippet:-1","max-image-preview":"max-image-preview:large","max-video-preview":"max-video-preview:-1"},"canonical":"https:\/\/www.canarie.ca\/fr\/rnre\/etudes-de-cas\/educational-computer-network-new-brunswick\/","og_locale":"fr_FR","og_type":"article","og_title":"Educational Computer Network \u2013 Nouveau Brunswick - CANARIE","og_description":"\u00c9tude de cas du RNRE par&nbsp;ECN-NB La cybers\u00e9curit\u00e9&nbsp;: un d\u00e9fi Les bulletins d\u2019information en parlent presque tous les jours&nbsp;: les [&hellip;]","og_url":"https:\/\/www.canarie.ca\/fr\/rnre\/etudes-de-cas\/educational-computer-network-new-brunswick\/","og_site_name":"CANARIE","article_modified_time":"2023-09-21T12:13:37+00:00","og_image":[{"width":997,"height":379,"url":"https:\/\/www.canarie.ca\/wp-content\/uploads\/2021\/01\/headerimg_ECN-NB.png","type":"image\/png"}],"twitter_card":"summary_large_image","schema":{"@context":"https:\/\/schema.org","@graph":[{"@type":"WebPage","@id":"https:\/\/www.canarie.ca\/fr\/rnre\/etudes-de-cas\/educational-computer-network-new-brunswick\/","url":"https:\/\/www.canarie.ca\/fr\/rnre\/etudes-de-cas\/educational-computer-network-new-brunswick\/","name":"Educational Computer Network \u2013 Nouveau Brunswick - CANARIE","isPartOf":{"@id":"https:\/\/www.canarie.ca\/#website"},"primaryImageOfPage":{"@id":"https:\/\/www.canarie.ca\/fr\/rnre\/etudes-de-cas\/educational-computer-network-new-brunswick\/#primaryimage"},"image":{"@id":"https:\/\/www.canarie.ca\/fr\/rnre\/etudes-de-cas\/educational-computer-network-new-brunswick\/#primaryimage"},"thumbnailUrl":"https:\/\/www.canarie.ca\/wp-content\/uploads\/2021\/01\/headerimg_ECN-NB.png","datePublished":"2021-01-21T20:51:11+00:00","dateModified":"2023-09-21T12:13:37+00:00","breadcrumb":{"@id":"https:\/\/www.canarie.ca\/fr\/rnre\/etudes-de-cas\/educational-computer-network-new-brunswick\/#breadcrumb"},"inLanguage":"fr-FR","potentialAction":[{"@type":"ReadAction","target":["https:\/\/www.canarie.ca\/fr\/rnre\/etudes-de-cas\/educational-computer-network-new-brunswick\/"]}]},{"@type":"ImageObject","inLanguage":"fr-FR","@id":"https:\/\/www.canarie.ca\/fr\/rnre\/etudes-de-cas\/educational-computer-network-new-brunswick\/#primaryimage","url":"https:\/\/www.canarie.ca\/wp-content\/uploads\/2021\/01\/headerimg_ECN-NB.png","contentUrl":"https:\/\/www.canarie.ca\/wp-content\/uploads\/2021\/01\/headerimg_ECN-NB.png","width":997,"height":379},{"@type":"BreadcrumbList","@id":"https:\/\/www.canarie.ca\/fr\/rnre\/etudes-de-cas\/educational-computer-network-new-brunswick\/#breadcrumb","itemListElement":[{"@type":"ListItem","position":1,"name":"Accueil","item":"https:\/\/www.canarie.ca\/fr\/"},{"@type":"ListItem","position":2,"name":"Le R\u00e9seau national de la recherche et de l\u2019\u00e9ducation du Canada","item":"https:\/\/www.canarie.ca\/fr\/rnre\/"},{"@type":"ListItem","position":3,"name":"\u00c9tudes de cas","item":"https:\/\/www.canarie.ca\/fr\/rnre\/etudes-de-cas\/"},{"@type":"ListItem","position":4,"name":"Educational Computer Network \u2013 Nouveau Brunswick"}]},{"@type":"WebSite","@id":"https:\/\/www.canarie.ca\/#website","url":"https:\/\/www.canarie.ca\/","name":"CANARIE","description":"","potentialAction":[{"@type":"SearchAction","target":{"@type":"EntryPoint","urlTemplate":"https:\/\/www.canarie.ca\/?s={search_term_string}"},"query-input":{"@type":"PropertyValueSpecification","valueRequired":true,"valueName":"search_term_string"}}],"inLanguage":"fr-FR"}]}},"_links":{"self":[{"href":"https:\/\/www.canarie.ca\/fr\/wp-json\/wp\/v2\/pages\/7288","targetHints":{"allow":["GET"]}}],"collection":[{"href":"https:\/\/www.canarie.ca\/fr\/wp-json\/wp\/v2\/pages"}],"about":[{"href":"https:\/\/www.canarie.ca\/fr\/wp-json\/wp\/v2\/types\/page"}],"author":[{"embeddable":true,"href":"https:\/\/www.canarie.ca\/fr\/wp-json\/wp\/v2\/users\/4"}],"replies":[{"embeddable":true,"href":"https:\/\/www.canarie.ca\/fr\/wp-json\/wp\/v2\/comments?post=7288"}],"version-history":[{"count":0,"href":"https:\/\/www.canarie.ca\/fr\/wp-json\/wp\/v2\/pages\/7288\/revisions"}],"up":[{"embeddable":true,"href":"https:\/\/www.canarie.ca\/fr\/wp-json\/wp\/v2\/pages\/7168"}],"wp:featuredmedia":[{"embeddable":true,"href":"https:\/\/www.canarie.ca\/fr\/wp-json\/wp\/v2\/media\/6946"}],"wp:attachment":[{"href":"https:\/\/www.canarie.ca\/fr\/wp-json\/wp\/v2\/media?parent=7288"}],"curies":[{"name":"wp","href":"https:\/\/api.w.org\/{rel}","templated":true}]}}