{"id":7345,"date":"2021-01-21T15:55:14","date_gmt":"2021-01-21T20:55:14","guid":{"rendered":"https:\/\/canarie.machinedev.ca\/rne\/case-studies\/srnet\/"},"modified":"2023-09-21T08:20:14","modified_gmt":"2023-09-21T12:20:14","slug":"srnet","status":"publish","type":"page","link":"https:\/\/www.canarie.ca\/fr\/rnre\/etudes-de-cas\/srnet\/","title":{"rendered":"SRNet"},"content":{"rendered":"\n\n<section class=\"section section--text-with-image  alignfull container squares-right\">\n  <svg version=\"1.1\" class=\"animated-square-graphic\" xmlns=\"http:\/\/www.w3.org\/2000\/svg\" xmlns:xlink=\"http:\/\/www.w3.org\/1999\/xlink\" x=\"0px\" y=\"0px\"\n\t viewBox=\"0 0 1084.85 1080\" style=\"enable-background:new 0 0 1084.85 1080;\" xml:space=\"preserve\">\n<style type=\"text\/css\">\n\t.st0{opacity:0.51;fill:#FEFEFE;}\n\t.st1{fill:#F4F4F5;}\n\t.st2{fill:#58C3D2;}\n\t.st3{fill:#E90D0B;}\n\t.st4{fill:#393D3F;}\n<\/style>\n<g>\n\t<path class=\"st0\" d=\"M275.09,0c0,20.92,0.02,41.84-0.04,62.75c-0.01,1.9,0.82,4.06-1.04,5.66c-1.33-1.48-1.49-3.32-1.5-5.17\n\t\tc-0.07-19.54-0.1-39.07,0.02-58.61c0.01-1,0.15-2,0.5-2.95c0.27-0.62,0.62-1.18,1.06-1.68C274.42,0,274.76,0,275.09,0z\"\/>\n\t<path class=\"st0\" d=\"M270.93,134.87c0,0.67,0,1.34,0,2.01c-1.96-0.21-3.39-1.13-2.71-3.24c0.6-1.87,2.15-2.92,4.31-2.71\n\t\tc21.9,2.09,43.85,0.35,65.77,0.92c-0.01,0.67-0.01,1.34-0.02,2.01c-1.73,0.94-3.6,0.46-5.4,0.47c-19.36,0.04-38.73,0.02-58.09,0.04\n\t\tC273.5,134.36,272.11,133.88,270.93,134.87z\"\/>\n\t<path class=\"st0\" d=\"M67.6,132.85c-0.22,2.23,0.79,3.24,3.02,3.02c-0.21,1.56-0.6,3.05-2.65,2.59c-1.53-0.34-2.62-1.44-2.96-2.96\n\t\tC64.55,133.46,66.04,133.06,67.6,132.85z\"\/>\n\t<path class=\"st0\" d=\"M270.93,134.87c0.15-0.9,0.44-1.31,1.6-1.31c21.92,0.15,43.84,0.21,65.76,0.29c-1.46,1.71-3.44,0.97-5.18,0.97\n\t\tC312.38,134.88,291.66,134.87,270.93,134.87z\"\/>\n\t<rect x=\"71.76\" y=\"67.43\" class=\"st1\" width=\"67.44\" height=\"67.44\"\/>\n\t<rect x=\"206.62\" class=\"st2\" width=\"67.44\" height=\"67.44\"\/>\n\t<rect x=\"410.45\" class=\"st2\" width=\"67.44\" height=\"67.44\"\/>\n\t<rect x=\"343.11\" y=\"67.73\" class=\"st2\" width=\"67.44\" height=\"67.44\"\/>\n\t<rect x=\"544.46\" y=\"0.06\" class=\"st1\" width=\"67.44\" height=\"67.44\"\/>\n\t<rect x=\"680.21\" class=\"st1\" width=\"67.44\" height=\"67.44\"\/>\n\t<rect x=\"815.09\" class=\"st1\" width=\"67.44\" height=\"67.44\"\/>\n\t<rect x=\"949.97\" class=\"st2\" width=\"67.44\" height=\"67.44\"\/>\n\t<rect x=\"477.89\" y=\"67.73\" class=\"st3\" width=\"67.44\" height=\"67.44\"\/>\n\t<rect x=\"612.77\" y=\"67.73\" class=\"st2\" width=\"67.44\" height=\"67.44\"\/>\n\t<rect x=\"747.65\" y=\"67.73\" class=\"st4\" width=\"67.44\" height=\"67.44\"\/>\n\t<rect x=\"882.53\" y=\"67.83\" class=\"st1\" width=\"67.44\" height=\"67.44\"\/>\n\t<rect x=\"1017.41\" y=\"67.73\" class=\"st2\" width=\"67.44\" height=\"67.44\"\/>\n\t<rect x=\"1017.41\" y=\"203.13\" class=\"st2\" width=\"67.44\" height=\"67.44\"\/>\n\t<rect x=\"275.67\" y=\"135.45\" class=\"st1\" width=\"67.44\" height=\"67.44\"\/>\n\t<rect x=\"208.23\" y=\"202.81\" class=\"st3\" width=\"67.44\" height=\"67.44\"\/>\n\t<rect x=\"1.8\" y=\"202.81\" class=\"st1\" width=\"67.44\" height=\"67.44\"\/>\n\t<rect x=\"69.24\" y=\"270.83\" class=\"st2\" width=\"67.44\" height=\"67.44\"\/>\n\t<rect x=\"410.55\" y=\"270.57\" class=\"st1\" width=\"67.44\" height=\"67.44\"\/>\n\t<rect x=\"545.43\" y=\"270.57\" class=\"st1\" width=\"67.44\" height=\"67.44\"\/>\n\t<rect x=\"680.44\" y=\"270.57\" class=\"st2\" width=\"67.44\" height=\"67.44\"\/>\n\t<rect x=\"815.3\" y=\"270.57\" class=\"st1\" width=\"67.44\" height=\"67.44\"\/>\n\t<rect x=\"950.11\" y=\"270.57\" class=\"st2\" width=\"67.44\" height=\"67.44\"\/>\n\t<rect x=\"1017.41\" y=\"270.57\" class=\"st4\" width=\"67.44\" height=\"67.44\"\/>\n\t<rect x=\"1017.41\" y=\"338.01\" class=\"st2\" width=\"67.44\" height=\"67.44\"\/>\n\t<rect x=\"882.5\" y=\"338.16\" class=\"st2\" width=\"67.44\" height=\"67.44\"\/>\n\t<rect x=\"747.86\" y=\"338.16\" class=\"st1\" width=\"67.44\" height=\"67.44\"\/>\n\t<rect x=\"612.87\" y=\"338.16\" class=\"st2\" width=\"67.44\" height=\"67.44\"\/>\n\t<rect x=\"271.44\" y=\"338.01\" class=\"st1\" width=\"67.44\" height=\"67.44\"\/>\n\t<rect x=\"136.7\" y=\"405.75\" class=\"st3\" width=\"67.44\" height=\"67.44\"\/>\n\t<rect x=\"407.3\" y=\"405.6\" class=\"st3\" width=\"67.44\" height=\"67.44\"\/>\n\t<rect x=\"815.06\" y=\"405.6\" class=\"st2\" width=\"67.44\" height=\"67.44\"\/>\n\t<rect x=\"950.11\" y=\"405.6\" class=\"st1\" width=\"67.44\" height=\"67.44\"\/>\n\t<rect x=\"1017.41\" y=\"473.04\" class=\"st1\" width=\"67.44\" height=\"67.44\"\/>\n\t<rect x=\"882.5\" y=\"473.04\" class=\"st1\" width=\"67.44\" height=\"67.44\"\/>\n\t<rect x=\"747.62\" y=\"473.04\" class=\"st1\" width=\"67.44\" height=\"67.44\"\/>\n\t<rect x=\"611.17\" y=\"473.04\" class=\"st4\" width=\"67.44\" height=\"67.44\"\/>\n\t<rect y=\"475.55\" class=\"st1\" width=\"67.44\" height=\"67.44\"\/>\n\t<rect x=\"410.55\" y=\"135.45\" class=\"st4\" width=\"67.44\" height=\"67.44\"\/>\n\t<rect x=\"680.42\" y=\"135.17\" class=\"st1\" width=\"67.44\" height=\"67.44\"\/>\n\t<rect x=\"815.23\" y=\"135.36\" class=\"st1\" width=\"67.44\" height=\"67.44\"\/>\n\t<rect x=\"950.12\" y=\"135.36\" class=\"st4\" width=\"67.44\" height=\"67.44\"\/>\n\t<rect x=\"343.11\" y=\"202.81\" class=\"st3\" width=\"67.44\" height=\"67.44\"\/>\n\t<rect x=\"477.99\" y=\"202.81\" class=\"st2\" width=\"67.44\" height=\"67.44\"\/>\n\t<rect x=\"613\" y=\"202.81\" class=\"st4\" width=\"67.44\" height=\"67.44\"\/>\n\t<rect x=\"747.86\" y=\"202.74\" class=\"st2\" width=\"67.44\" height=\"67.44\"\/>\n\t<rect x=\"882.67\" y=\"202.8\" class=\"st2\" width=\"67.44\" height=\"67.44\"\/>\n\t<rect x=\"950.08\" y=\"540.48\" class=\"st2\" width=\"67.44\" height=\"67.44\"\/>\n\t<rect x=\"815.06\" y=\"540.48\" class=\"st2\" width=\"67.44\" height=\"67.44\"\/>\n\t<rect x=\"1017.41\" y=\"607.92\" class=\"st2\" width=\"67.44\" height=\"67.44\"\/>\n\t<rect x=\"882.44\" y=\"607.92\" class=\"st4\" width=\"67.44\" height=\"67.44\"\/>\n\t<rect x=\"747.62\" y=\"607.92\" class=\"st4\" width=\"67.44\" height=\"67.44\"\/>\n\t<rect x=\"950.06\" y=\"675.36\" class=\"st1\" width=\"67.44\" height=\"67.44\"\/>\n\t<rect x=\"815\" y=\"675.36\" class=\"st2\" width=\"67.44\" height=\"67.44\"\/>\n\t<rect x=\"680.18\" y=\"675.36\" class=\"st2\" width=\"67.44\" height=\"67.44\"\/>\n\t<rect x=\"882.7\" y=\"742.8\" class=\"st1\" width=\"67.44\" height=\"67.44\"\/>\n\t<rect x=\"1017.41\" y=\"742.8\" class=\"st2\" width=\"67.44\" height=\"67.44\"\/>\n\t<rect x=\"1017.41\" y=\"810.24\" class=\"st1\" width=\"67.44\" height=\"67.44\"\/>\n\t<rect x=\"950.06\" y=\"810.24\" class=\"st2\" width=\"67.44\" height=\"67.44\"\/>\n\t<rect x=\"950.06\" y=\"877.68\" class=\"st3\" width=\"67.44\" height=\"67.44\"\/>\n\t<rect x=\"882.62\" y=\"877.68\" class=\"st2\" width=\"67.44\" height=\"67.44\"\/>\n\t<rect x=\"747.66\" y=\"877.68\" class=\"st3\" width=\"67.44\" height=\"67.44\"\/>\n\t<rect x=\"680.22\" y=\"877.68\" class=\"st1\" width=\"67.44\" height=\"67.44\"\/>\n\t<rect x=\"815.06\" y=\"945.12\" class=\"st4\" width=\"67.44\" height=\"67.44\"\/>\n\t<rect x=\"747.66\" y=\"945.12\" class=\"st2\" width=\"67.44\" height=\"67.44\"\/>\n\t<rect x=\"1017.5\" y=\"945.12\" class=\"st4\" width=\"67.44\" height=\"67.44\"\/>\n\t<rect x=\"950.06\" y=\"945.12\" class=\"st2\" width=\"67.44\" height=\"67.44\"\/>\n\t<rect x=\"882.5\" y=\"1012.56\" class=\"st4\" width=\"67.44\" height=\"67.44\"\/>\n\t<rect x=\"1017.5\" y=\"1012.56\" class=\"st2\" width=\"67.44\" height=\"67.44\"\/>\n\t<rect x=\"545.3\" y=\"1012.56\" class=\"st4\" width=\"67.44\" height=\"67.44\"\/>\n\t<rect x=\"407.54\" y=\"1012.56\" class=\"st2\" width=\"67.44\" height=\"67.44\"\/>\n\t<rect x=\"815.06\" y=\"1012.56\" class=\"st2\" width=\"67.44\" height=\"67.44\"\/>\n\t<rect x=\"747.66\" y=\"1012.56\" class=\"st3\" width=\"67.44\" height=\"67.44\"\/>\n\t<rect x=\"680.18\" y=\"1012.56\" class=\"st2\" width=\"67.44\" height=\"67.44\"\/>\n\t<rect x=\"747.62\" y=\"742.8\" class=\"st2\" width=\"67.44\" height=\"67.44\"\/>\n\t<rect x=\"612.74\" y=\"742.8\" class=\"st4\" width=\"67.44\" height=\"67.44\"\/>\n\t<rect x=\"545.3\" y=\"877.68\" class=\"st2\" width=\"67.44\" height=\"67.44\"\/>\n\t<rect x=\"612.74\" y=\"945.12\" class=\"st4\" width=\"67.44\" height=\"67.44\"\/>\n<\/g>\n<\/svg>\n  <div class=\"grid-container simple-fade\">\n    <div class=\"grid-x grid-padding-x align-middle\">\n      <div class=\"cell medium-6 \">\n\t\t  \t\t\t  <img decoding=\"async\" src=\"https:\/\/www.canarie.ca\/wp-content\/uploads\/2021\/01\/headerimg_SRNet-1.png\" alt=\"\">\n\t\t        <\/div>\n      <div class=\"cell medium-6  text-left text-cell \">\n  \t\t  \t\t          <h1 class=\"cssanimation leFadeIn\">Illuminer la diversit\u00e9 en recherche<\/h1>\n  \t\t  \t\t                              <\/div>\n    <\/div>\n  <\/div>\n<\/section>\n\n\n\n\n\n<p><strong>\u00c9tude de cas du RNRE par&nbsp;<a href=\"http:\/\/srnet.ca\/\" target=\"_blank\" rel=\"noreferrer noopener\">SRNET<\/a><\/strong><\/p>\n\n\n\n<p>Difficile de lire quand il fait noir. Pour bien voir, il faut un bon \u00e9clairage. On pourrait en dire autant lorsqu\u2019il faut examiner quelque chose au microscope \u00e0 balayage. Plus puissante sera la lumi\u00e8re, mieux on d\u00e9taillera l\u2019objet. Le Centre canadien de rayonnement synchrotron (CCRS), \u00e0 Saskatoon, est l\u2019une des sources lumineuses les plus puissantes de la plan\u00e8te. Cette installation de recherche nationale engendre d\u2019intenses faisceaux de rayons&nbsp;X, ultraviolets et infrarouges qui facilitent la recherche dans une foule de domaines&nbsp;: biom\u00e9decine, pal\u00e9ontologie, chimie, anthropologie, science des mat\u00e9riaux, biologie, science quantique et agriculture, pour ne mentionner qu\u2019eux. La lumi\u00e8re du CCRS est un million de fois plus brillante que celle du soleil et autorise le d\u00e9roulement simultan\u00e9 de maintes exp\u00e9riences. Il n\u2019y a qu\u2019un hic&nbsp;: saisir l\u2019incroyable masse de donn\u00e9es venant de ces derni\u00e8res est un v\u00e9ritable casse-t\u00eate!<\/p>\n\n\n\n<hr class=\"wp-block-separator has-css-opacity\"\/>\n\n\n\n<h3 class=\"wp-block-heading\">Question de disque dur<\/h3>\n\n\n\n<p>Beaucoup d\u2019exp\u00e9riences entreprises au CCRS engendrent des jeux colossaux de donn\u00e9es multidimensionnelles en saisissant tr\u00e8s rapidement une image \u00e0 haute r\u00e9solution des \u00e9chantillons \u00e0 l\u2019\u00e9tude. Prenons l\u2019imagerie 3D. Les donn\u00e9es qui en r\u00e9sultent, comme c\u2019est souvent le cas au CCRS, sont trop volumineuses pour \u00eatre transmises sur un r\u00e9seau. Ces pr\u00e9cieuses informations \u00e9taient donc enregistr\u00e9es sur un disque dur qu\u2019on exp\u00e9diait \u00e0 l\u2019institution du chercheur ou que celui-ci engouffrait dans sa mallette, une m\u00e9thode non seulement tr\u00e8s lente et laborieuse, mais extr\u00eamement risqu\u00e9e, car \u00e9garer l\u2019appareil ou le laisser tomber par accident peut susciter la perte de donn\u00e9es qu\u2019on aura \u00e9norm\u00e9ment de mal \u00e0 reproduire.<\/p>\n\n\n\n<blockquote class=\"wp-block-quote small is-style-default is-layout-flow wp-block-quote-is-layout-flow\">\n<p><strong><strong>Qu\u2019est-ce que le RNRE?<\/strong><\/strong><\/p>\n\n\n\n<p><em><em>Le R\u00e9seau national de recherche et d\u2019\u00e9ducation (RNRE) est un regroupement d\u2019infrastructures, d\u2019outils et de personnes d\u2019une importance capitale dont la raison d\u2019\u00eatre est de rehausser le leadership du Canada dans les domaines de la recherche, de l\u2019enseignement et de l\u2019innovation. Les partenaires du RNRE canadien coop\u00e8rent afin de rendre cette infrastructure indispensable encore plus s\u00fbre. Un projet pancanadien sans pr\u00e9c\u00e9dent dans l\u2019histoire est en cours pour assurer une surveillance coordonn\u00e9e des menaces qui p\u00e8sent sur le r\u00e9seau.<\/em><\/em><\/p>\n<\/blockquote>\n\n\n\n<p>SRNet, le bras du R\u00e9seau national de la recherche et de l\u2019\u00e9ducation (RNRE) canadien en Saskatchewan, a r\u00e9solu l\u2019\u00e9pineux probl\u00e8me que les m\u00e9ga donn\u00e9es posaient au CCRS en connectant celui-ci \u00e0 l\u2019Universit\u00e9 de la Saskatchewan, l\u2019institution \u00e0 laquelle il est affili\u00e9, et aux chercheurs de la province gr\u00e2ce \u00e0 un canal de transmission ultrarapide \u00e0 grande largeur de bande. SRNet et CANARIE, son partenaire f\u00e9d\u00e9ral, raccordent aussi le CCRS aux chercheurs d\u2019autres institutions du Canada et de l\u2019\u00e9tranger. SRNet permet au flot de donn\u00e9es scientifiques qui \u00e9mane chaque jour du CCRS d\u2019\u00eatre exp\u00e9di\u00e9 instantan\u00e9ment partout au pays et ailleurs dans le monde, sans le moindre disque dur.<\/p>\n\n\n\n<h3 class=\"wp-block-heading\">D\u00e9couvertes \u00e0 foison<\/h3>\n\n\n\n<p>Les explorations et l\u2019analyse des m\u00e9ga donn\u00e9es r\u00e9alis\u00e9es au CCRS nous apprennent exactement comment les r\u00e9actions chimiques se d\u00e9roulent dans les batteries, ce qui nous aide \u00e0 en rehausser la performance et \u00e0 r\u00e9duire le nombre de leurs d\u00e9faillances. Elles nous disent aussi comment l\u2019organisme r\u00e9agit \u00e0 la fibrose kystique comme jamais ne pourraient le faire des radiographies ordinaires. Elles nous am\u00e8nent aux fronti\u00e8res de la superconductivit\u00e9 des mat\u00e9riaux quantiques, pavant la voie \u00e0 la cr\u00e9ation de dispositifs et d\u2019infrastructures \u00e9lectriques d\u2019une efficacit\u00e9 \u00e0 toute \u00e9preuve. Enfin, elles r\u00e9v\u00e8lent pourquoi les champignons propagent la maladie dans les cultures, ce qui nous aidera \u00e0 s\u00e9curiser les approvisionnements d\u2019aliments.<\/p>\n\n\n\n<p>Ce qui pr\u00e9c\u00e8de n\u2019est qu\u2019un petit exemple des exp\u00e9riences que les chercheurs du Canada entier et d\u2019ailleurs r\u00e9alisent au CCRS. Tous ces projets b\u00e9n\u00e9ficient consid\u00e9rablement de la capacit\u00e9 du CCRS \u00e0 relayer les donn\u00e9es des exp\u00e9riences qui y sont men\u00e9es simplement et rapidement \u00e0 l\u2019universit\u00e9, au laboratoire ou au centre de recherche du scientifique concern\u00e9. Les r\u00e9sultats obtenus seront profitables aux Canadiens dans toutes les sph\u00e8res de la vie.<\/p>\n\n\n\n<h3 class=\"wp-block-heading\">Ne pas perdre du terrain<\/h3>\n\n\n\n<p>Bien qu\u2019il existe des installations similaires ailleurs dans le monde, le CCRS \u00e9pargne aux chercheurs canadiens de longues files d\u2019attente devant la porte du laboratoire. Il leur \u00e9vite des voyages \u00e0 l\u2019\u00e9tranger et les co\u00fbts associ\u00e9s \u00e0 l\u2019utilisation de l\u2019\u00e9quipement d\u2019un autre pays, et \u00e9limine le risque qu\u2019un projet soit repouss\u00e9 en raison de priorit\u00e9s int\u00e9rieures. Gr\u00e2ce au CCRS, le Canada dispose de son propre synchrotron et les explorations scientifiques qui s\u2019y d\u00e9roulent concurrencent les d\u00e9couvertes \u00e0 la fine pointe de la science r\u00e9alis\u00e9es ailleurs sur le globe.<\/p>\n\n\n\n<section class=\"section section--quick-links\">\n    <div class=\"grid-container\">\n      <div class=\"grid-x grid-padding-x\">\n        <div class=\"cell\">\n                  \t<h2>En savoir plus sur SRNET, visitez :<\/h2>\n                                <div class=\"wp-block-buttons\">\n                \t\t\t\t  \t<a class=\"button wp-block-button__link\" href=\"http:\/\/srnet.ca\" target=\"_blank\">srnet.ca<\/a><br>\n    \t\t\t        \t\t\t  <\/div>\n    \t\t\t          <\/div>\n      <\/div>\n    <\/div>\n  <\/section>","protected":false},"excerpt":{"rendered":"<p>\u00c9tude de cas du RNRE par&nbsp;SRNET Difficile de lire quand il fait noir. Pour bien voir, il faut un bon [&hellip;]<\/p>\n","protected":false},"author":4,"featured_media":7042,"parent":7168,"menu_order":0,"comment_status":"closed","ping_status":"closed","template":"","meta":{"_acf_changed":false,"footnotes":""},"class_list":["post-7345","page","type-page","status-publish","has-post-thumbnail","hentry"],"acf":[],"yoast_head":"<!-- This site is optimized with the Yoast SEO plugin v27.4 - https:\/\/yoast.com\/product\/yoast-seo-wordpress\/ -->\n<title>SRNet - CANARIE<\/title>\n<meta name=\"robots\" content=\"index, follow, max-snippet:-1, max-image-preview:large, max-video-preview:-1\" \/>\n<link rel=\"canonical\" href=\"https:\/\/www.canarie.ca\/fr\/rnre\/etudes-de-cas\/srnet\/\" \/>\n<meta property=\"og:locale\" content=\"fr_FR\" \/>\n<meta property=\"og:type\" content=\"article\" \/>\n<meta property=\"og:title\" content=\"SRNet - CANARIE\" \/>\n<meta property=\"og:description\" content=\"\u00c9tude de cas du RNRE par&nbsp;SRNET Difficile de lire quand il fait noir. Pour bien voir, il faut un bon [&hellip;]\" \/>\n<meta property=\"og:url\" content=\"https:\/\/www.canarie.ca\/fr\/rnre\/etudes-de-cas\/srnet\/\" \/>\n<meta property=\"og:site_name\" content=\"CANARIE\" \/>\n<meta property=\"article:modified_time\" content=\"2023-09-21T12:20:14+00:00\" \/>\n<meta property=\"og:image\" content=\"https:\/\/www.canarie.ca\/wp-content\/uploads\/2021\/01\/headerimg_SRNet-1.png\" \/>\n\t<meta property=\"og:image:width\" content=\"997\" \/>\n\t<meta property=\"og:image:height\" content=\"379\" \/>\n\t<meta property=\"og:image:type\" content=\"image\/png\" \/>\n<meta name=\"twitter:card\" content=\"summary_large_image\" \/>\n<script type=\"application\/ld+json\" class=\"yoast-schema-graph\">{\"@context\":\"https:\\\/\\\/schema.org\",\"@graph\":[{\"@type\":\"WebPage\",\"@id\":\"https:\\\/\\\/www.canarie.ca\\\/fr\\\/rnre\\\/etudes-de-cas\\\/srnet\\\/\",\"url\":\"https:\\\/\\\/www.canarie.ca\\\/fr\\\/rnre\\\/etudes-de-cas\\\/srnet\\\/\",\"name\":\"SRNet - CANARIE\",\"isPartOf\":{\"@id\":\"https:\\\/\\\/www.canarie.ca\\\/#website\"},\"primaryImageOfPage\":{\"@id\":\"https:\\\/\\\/www.canarie.ca\\\/fr\\\/rnre\\\/etudes-de-cas\\\/srnet\\\/#primaryimage\"},\"image\":{\"@id\":\"https:\\\/\\\/www.canarie.ca\\\/fr\\\/rnre\\\/etudes-de-cas\\\/srnet\\\/#primaryimage\"},\"thumbnailUrl\":\"https:\\\/\\\/www.canarie.ca\\\/wp-content\\\/uploads\\\/2021\\\/01\\\/headerimg_SRNet-1.png\",\"datePublished\":\"2021-01-21T20:55:14+00:00\",\"dateModified\":\"2023-09-21T12:20:14+00:00\",\"breadcrumb\":{\"@id\":\"https:\\\/\\\/www.canarie.ca\\\/fr\\\/rnre\\\/etudes-de-cas\\\/srnet\\\/#breadcrumb\"},\"inLanguage\":\"fr-FR\",\"potentialAction\":[{\"@type\":\"ReadAction\",\"target\":[\"https:\\\/\\\/www.canarie.ca\\\/fr\\\/rnre\\\/etudes-de-cas\\\/srnet\\\/\"]}]},{\"@type\":\"ImageObject\",\"inLanguage\":\"fr-FR\",\"@id\":\"https:\\\/\\\/www.canarie.ca\\\/fr\\\/rnre\\\/etudes-de-cas\\\/srnet\\\/#primaryimage\",\"url\":\"https:\\\/\\\/www.canarie.ca\\\/wp-content\\\/uploads\\\/2021\\\/01\\\/headerimg_SRNet-1.png\",\"contentUrl\":\"https:\\\/\\\/www.canarie.ca\\\/wp-content\\\/uploads\\\/2021\\\/01\\\/headerimg_SRNet-1.png\",\"width\":997,\"height\":379},{\"@type\":\"BreadcrumbList\",\"@id\":\"https:\\\/\\\/www.canarie.ca\\\/fr\\\/rnre\\\/etudes-de-cas\\\/srnet\\\/#breadcrumb\",\"itemListElement\":[{\"@type\":\"ListItem\",\"position\":1,\"name\":\"Accueil\",\"item\":\"https:\\\/\\\/www.canarie.ca\\\/fr\\\/\"},{\"@type\":\"ListItem\",\"position\":2,\"name\":\"Le R\u00e9seau national de la recherche et de l\u2019\u00e9ducation du Canada\",\"item\":\"https:\\\/\\\/www.canarie.ca\\\/fr\\\/rnre\\\/\"},{\"@type\":\"ListItem\",\"position\":3,\"name\":\"\u00c9tudes de cas\",\"item\":\"https:\\\/\\\/www.canarie.ca\\\/fr\\\/rnre\\\/etudes-de-cas\\\/\"},{\"@type\":\"ListItem\",\"position\":4,\"name\":\"SRNet\"}]},{\"@type\":\"WebSite\",\"@id\":\"https:\\\/\\\/www.canarie.ca\\\/#website\",\"url\":\"https:\\\/\\\/www.canarie.ca\\\/\",\"name\":\"CANARIE\",\"description\":\"\",\"potentialAction\":[{\"@type\":\"SearchAction\",\"target\":{\"@type\":\"EntryPoint\",\"urlTemplate\":\"https:\\\/\\\/www.canarie.ca\\\/?s={search_term_string}\"},\"query-input\":{\"@type\":\"PropertyValueSpecification\",\"valueRequired\":true,\"valueName\":\"search_term_string\"}}],\"inLanguage\":\"fr-FR\"}]}<\/script>\n<!-- \/ Yoast SEO plugin. -->","yoast_head_json":{"title":"SRNet - CANARIE","robots":{"index":"index","follow":"follow","max-snippet":"max-snippet:-1","max-image-preview":"max-image-preview:large","max-video-preview":"max-video-preview:-1"},"canonical":"https:\/\/www.canarie.ca\/fr\/rnre\/etudes-de-cas\/srnet\/","og_locale":"fr_FR","og_type":"article","og_title":"SRNet - CANARIE","og_description":"\u00c9tude de cas du RNRE par&nbsp;SRNET Difficile de lire quand il fait noir. Pour bien voir, il faut un bon [&hellip;]","og_url":"https:\/\/www.canarie.ca\/fr\/rnre\/etudes-de-cas\/srnet\/","og_site_name":"CANARIE","article_modified_time":"2023-09-21T12:20:14+00:00","og_image":[{"width":997,"height":379,"url":"https:\/\/www.canarie.ca\/wp-content\/uploads\/2021\/01\/headerimg_SRNet-1.png","type":"image\/png"}],"twitter_card":"summary_large_image","schema":{"@context":"https:\/\/schema.org","@graph":[{"@type":"WebPage","@id":"https:\/\/www.canarie.ca\/fr\/rnre\/etudes-de-cas\/srnet\/","url":"https:\/\/www.canarie.ca\/fr\/rnre\/etudes-de-cas\/srnet\/","name":"SRNet - CANARIE","isPartOf":{"@id":"https:\/\/www.canarie.ca\/#website"},"primaryImageOfPage":{"@id":"https:\/\/www.canarie.ca\/fr\/rnre\/etudes-de-cas\/srnet\/#primaryimage"},"image":{"@id":"https:\/\/www.canarie.ca\/fr\/rnre\/etudes-de-cas\/srnet\/#primaryimage"},"thumbnailUrl":"https:\/\/www.canarie.ca\/wp-content\/uploads\/2021\/01\/headerimg_SRNet-1.png","datePublished":"2021-01-21T20:55:14+00:00","dateModified":"2023-09-21T12:20:14+00:00","breadcrumb":{"@id":"https:\/\/www.canarie.ca\/fr\/rnre\/etudes-de-cas\/srnet\/#breadcrumb"},"inLanguage":"fr-FR","potentialAction":[{"@type":"ReadAction","target":["https:\/\/www.canarie.ca\/fr\/rnre\/etudes-de-cas\/srnet\/"]}]},{"@type":"ImageObject","inLanguage":"fr-FR","@id":"https:\/\/www.canarie.ca\/fr\/rnre\/etudes-de-cas\/srnet\/#primaryimage","url":"https:\/\/www.canarie.ca\/wp-content\/uploads\/2021\/01\/headerimg_SRNet-1.png","contentUrl":"https:\/\/www.canarie.ca\/wp-content\/uploads\/2021\/01\/headerimg_SRNet-1.png","width":997,"height":379},{"@type":"BreadcrumbList","@id":"https:\/\/www.canarie.ca\/fr\/rnre\/etudes-de-cas\/srnet\/#breadcrumb","itemListElement":[{"@type":"ListItem","position":1,"name":"Accueil","item":"https:\/\/www.canarie.ca\/fr\/"},{"@type":"ListItem","position":2,"name":"Le R\u00e9seau national de la recherche et de l\u2019\u00e9ducation du Canada","item":"https:\/\/www.canarie.ca\/fr\/rnre\/"},{"@type":"ListItem","position":3,"name":"\u00c9tudes de cas","item":"https:\/\/www.canarie.ca\/fr\/rnre\/etudes-de-cas\/"},{"@type":"ListItem","position":4,"name":"SRNet"}]},{"@type":"WebSite","@id":"https:\/\/www.canarie.ca\/#website","url":"https:\/\/www.canarie.ca\/","name":"CANARIE","description":"","potentialAction":[{"@type":"SearchAction","target":{"@type":"EntryPoint","urlTemplate":"https:\/\/www.canarie.ca\/?s={search_term_string}"},"query-input":{"@type":"PropertyValueSpecification","valueRequired":true,"valueName":"search_term_string"}}],"inLanguage":"fr-FR"}]}},"_links":{"self":[{"href":"https:\/\/www.canarie.ca\/fr\/wp-json\/wp\/v2\/pages\/7345","targetHints":{"allow":["GET"]}}],"collection":[{"href":"https:\/\/www.canarie.ca\/fr\/wp-json\/wp\/v2\/pages"}],"about":[{"href":"https:\/\/www.canarie.ca\/fr\/wp-json\/wp\/v2\/types\/page"}],"author":[{"embeddable":true,"href":"https:\/\/www.canarie.ca\/fr\/wp-json\/wp\/v2\/users\/4"}],"replies":[{"embeddable":true,"href":"https:\/\/www.canarie.ca\/fr\/wp-json\/wp\/v2\/comments?post=7345"}],"version-history":[{"count":0,"href":"https:\/\/www.canarie.ca\/fr\/wp-json\/wp\/v2\/pages\/7345\/revisions"}],"up":[{"embeddable":true,"href":"https:\/\/www.canarie.ca\/fr\/wp-json\/wp\/v2\/pages\/7168"}],"wp:featuredmedia":[{"embeddable":true,"href":"https:\/\/www.canarie.ca\/fr\/wp-json\/wp\/v2\/media\/7042"}],"wp:attachment":[{"href":"https:\/\/www.canarie.ca\/fr\/wp-json\/wp\/v2\/media?parent=7345"}],"curies":[{"name":"wp","href":"https:\/\/api.w.org\/{rel}","templated":true}]}}