{"id":7361,"date":"2021-01-21T15:55:43","date_gmt":"2021-01-21T20:55:43","guid":{"rendered":"https:\/\/canarie.machinedev.ca\/rne\/case-studies\/yukon-university\/"},"modified":"2023-09-21T08:21:53","modified_gmt":"2023-09-21T12:21:53","slug":"yukon-university","status":"publish","type":"page","link":"https:\/\/www.canarie.ca\/fr\/rnre\/etudes-de-cas\/yukon-university\/","title":{"rendered":"Universit\u00e9 de Yukon"},"content":{"rendered":"\n\n<section class=\"section section--text-with-image  alignfull container squares-right\">\n  <svg version=\"1.1\" class=\"animated-square-graphic\" xmlns=\"http:\/\/www.w3.org\/2000\/svg\" xmlns:xlink=\"http:\/\/www.w3.org\/1999\/xlink\" x=\"0px\" y=\"0px\"\n\t viewBox=\"0 0 1084.85 1080\" style=\"enable-background:new 0 0 1084.85 1080;\" xml:space=\"preserve\">\n<style type=\"text\/css\">\n\t.st0{opacity:0.51;fill:#FEFEFE;}\n\t.st1{fill:#F4F4F5;}\n\t.st2{fill:#58C3D2;}\n\t.st3{fill:#E90D0B;}\n\t.st4{fill:#393D3F;}\n<\/style>\n<g>\n\t<path class=\"st0\" d=\"M275.09,0c0,20.92,0.02,41.84-0.04,62.75c-0.01,1.9,0.82,4.06-1.04,5.66c-1.33-1.48-1.49-3.32-1.5-5.17\n\t\tc-0.07-19.54-0.1-39.07,0.02-58.61c0.01-1,0.15-2,0.5-2.95c0.27-0.62,0.62-1.18,1.06-1.68C274.42,0,274.76,0,275.09,0z\"\/>\n\t<path class=\"st0\" d=\"M270.93,134.87c0,0.67,0,1.34,0,2.01c-1.96-0.21-3.39-1.13-2.71-3.24c0.6-1.87,2.15-2.92,4.31-2.71\n\t\tc21.9,2.09,43.85,0.35,65.77,0.92c-0.01,0.67-0.01,1.34-0.02,2.01c-1.73,0.94-3.6,0.46-5.4,0.47c-19.36,0.04-38.73,0.02-58.09,0.04\n\t\tC273.5,134.36,272.11,133.88,270.93,134.87z\"\/>\n\t<path class=\"st0\" d=\"M67.6,132.85c-0.22,2.23,0.79,3.24,3.02,3.02c-0.21,1.56-0.6,3.05-2.65,2.59c-1.53-0.34-2.62-1.44-2.96-2.96\n\t\tC64.55,133.46,66.04,133.06,67.6,132.85z\"\/>\n\t<path class=\"st0\" d=\"M270.93,134.87c0.15-0.9,0.44-1.31,1.6-1.31c21.92,0.15,43.84,0.21,65.76,0.29c-1.46,1.71-3.44,0.97-5.18,0.97\n\t\tC312.38,134.88,291.66,134.87,270.93,134.87z\"\/>\n\t<rect x=\"71.76\" y=\"67.43\" class=\"st1\" width=\"67.44\" height=\"67.44\"\/>\n\t<rect x=\"206.62\" class=\"st2\" width=\"67.44\" height=\"67.44\"\/>\n\t<rect x=\"410.45\" class=\"st2\" width=\"67.44\" height=\"67.44\"\/>\n\t<rect x=\"343.11\" y=\"67.73\" class=\"st2\" width=\"67.44\" height=\"67.44\"\/>\n\t<rect x=\"544.46\" y=\"0.06\" class=\"st1\" width=\"67.44\" height=\"67.44\"\/>\n\t<rect x=\"680.21\" class=\"st1\" width=\"67.44\" height=\"67.44\"\/>\n\t<rect x=\"815.09\" class=\"st1\" width=\"67.44\" height=\"67.44\"\/>\n\t<rect x=\"949.97\" class=\"st2\" width=\"67.44\" height=\"67.44\"\/>\n\t<rect x=\"477.89\" y=\"67.73\" class=\"st3\" width=\"67.44\" height=\"67.44\"\/>\n\t<rect x=\"612.77\" y=\"67.73\" class=\"st2\" width=\"67.44\" height=\"67.44\"\/>\n\t<rect x=\"747.65\" y=\"67.73\" class=\"st4\" width=\"67.44\" height=\"67.44\"\/>\n\t<rect x=\"882.53\" y=\"67.83\" class=\"st1\" width=\"67.44\" height=\"67.44\"\/>\n\t<rect x=\"1017.41\" y=\"67.73\" class=\"st2\" width=\"67.44\" height=\"67.44\"\/>\n\t<rect x=\"1017.41\" y=\"203.13\" class=\"st2\" width=\"67.44\" height=\"67.44\"\/>\n\t<rect x=\"275.67\" y=\"135.45\" class=\"st1\" width=\"67.44\" height=\"67.44\"\/>\n\t<rect x=\"208.23\" y=\"202.81\" class=\"st3\" width=\"67.44\" height=\"67.44\"\/>\n\t<rect x=\"1.8\" y=\"202.81\" class=\"st1\" width=\"67.44\" height=\"67.44\"\/>\n\t<rect x=\"69.24\" y=\"270.83\" class=\"st2\" width=\"67.44\" height=\"67.44\"\/>\n\t<rect x=\"410.55\" y=\"270.57\" class=\"st1\" width=\"67.44\" height=\"67.44\"\/>\n\t<rect x=\"545.43\" y=\"270.57\" class=\"st1\" width=\"67.44\" height=\"67.44\"\/>\n\t<rect x=\"680.44\" y=\"270.57\" class=\"st2\" width=\"67.44\" height=\"67.44\"\/>\n\t<rect x=\"815.3\" y=\"270.57\" class=\"st1\" width=\"67.44\" height=\"67.44\"\/>\n\t<rect x=\"950.11\" y=\"270.57\" class=\"st2\" width=\"67.44\" height=\"67.44\"\/>\n\t<rect x=\"1017.41\" y=\"270.57\" class=\"st4\" width=\"67.44\" height=\"67.44\"\/>\n\t<rect x=\"1017.41\" y=\"338.01\" class=\"st2\" width=\"67.44\" height=\"67.44\"\/>\n\t<rect x=\"882.5\" y=\"338.16\" class=\"st2\" width=\"67.44\" height=\"67.44\"\/>\n\t<rect x=\"747.86\" y=\"338.16\" class=\"st1\" width=\"67.44\" height=\"67.44\"\/>\n\t<rect x=\"612.87\" y=\"338.16\" class=\"st2\" width=\"67.44\" height=\"67.44\"\/>\n\t<rect x=\"271.44\" y=\"338.01\" class=\"st1\" width=\"67.44\" height=\"67.44\"\/>\n\t<rect x=\"136.7\" y=\"405.75\" class=\"st3\" width=\"67.44\" height=\"67.44\"\/>\n\t<rect x=\"407.3\" y=\"405.6\" class=\"st3\" width=\"67.44\" height=\"67.44\"\/>\n\t<rect x=\"815.06\" y=\"405.6\" class=\"st2\" width=\"67.44\" height=\"67.44\"\/>\n\t<rect x=\"950.11\" y=\"405.6\" class=\"st1\" width=\"67.44\" height=\"67.44\"\/>\n\t<rect x=\"1017.41\" y=\"473.04\" class=\"st1\" width=\"67.44\" height=\"67.44\"\/>\n\t<rect x=\"882.5\" y=\"473.04\" class=\"st1\" width=\"67.44\" height=\"67.44\"\/>\n\t<rect x=\"747.62\" y=\"473.04\" class=\"st1\" width=\"67.44\" height=\"67.44\"\/>\n\t<rect x=\"611.17\" y=\"473.04\" class=\"st4\" width=\"67.44\" height=\"67.44\"\/>\n\t<rect y=\"475.55\" class=\"st1\" width=\"67.44\" height=\"67.44\"\/>\n\t<rect x=\"410.55\" y=\"135.45\" class=\"st4\" width=\"67.44\" height=\"67.44\"\/>\n\t<rect x=\"680.42\" y=\"135.17\" class=\"st1\" width=\"67.44\" height=\"67.44\"\/>\n\t<rect x=\"815.23\" y=\"135.36\" class=\"st1\" width=\"67.44\" height=\"67.44\"\/>\n\t<rect x=\"950.12\" y=\"135.36\" class=\"st4\" width=\"67.44\" height=\"67.44\"\/>\n\t<rect x=\"343.11\" y=\"202.81\" class=\"st3\" width=\"67.44\" height=\"67.44\"\/>\n\t<rect x=\"477.99\" y=\"202.81\" class=\"st2\" width=\"67.44\" height=\"67.44\"\/>\n\t<rect x=\"613\" y=\"202.81\" class=\"st4\" width=\"67.44\" height=\"67.44\"\/>\n\t<rect x=\"747.86\" y=\"202.74\" class=\"st2\" width=\"67.44\" height=\"67.44\"\/>\n\t<rect x=\"882.67\" y=\"202.8\" class=\"st2\" width=\"67.44\" height=\"67.44\"\/>\n\t<rect x=\"950.08\" y=\"540.48\" class=\"st2\" width=\"67.44\" height=\"67.44\"\/>\n\t<rect x=\"815.06\" y=\"540.48\" class=\"st2\" width=\"67.44\" height=\"67.44\"\/>\n\t<rect x=\"1017.41\" y=\"607.92\" class=\"st2\" width=\"67.44\" height=\"67.44\"\/>\n\t<rect x=\"882.44\" y=\"607.92\" class=\"st4\" width=\"67.44\" height=\"67.44\"\/>\n\t<rect x=\"747.62\" y=\"607.92\" class=\"st4\" width=\"67.44\" height=\"67.44\"\/>\n\t<rect x=\"950.06\" y=\"675.36\" class=\"st1\" width=\"67.44\" height=\"67.44\"\/>\n\t<rect x=\"815\" y=\"675.36\" class=\"st2\" width=\"67.44\" height=\"67.44\"\/>\n\t<rect x=\"680.18\" y=\"675.36\" class=\"st2\" width=\"67.44\" height=\"67.44\"\/>\n\t<rect x=\"882.7\" y=\"742.8\" class=\"st1\" width=\"67.44\" height=\"67.44\"\/>\n\t<rect x=\"1017.41\" y=\"742.8\" class=\"st2\" width=\"67.44\" height=\"67.44\"\/>\n\t<rect x=\"1017.41\" y=\"810.24\" class=\"st1\" width=\"67.44\" height=\"67.44\"\/>\n\t<rect x=\"950.06\" y=\"810.24\" class=\"st2\" width=\"67.44\" height=\"67.44\"\/>\n\t<rect x=\"950.06\" y=\"877.68\" class=\"st3\" width=\"67.44\" height=\"67.44\"\/>\n\t<rect x=\"882.62\" y=\"877.68\" class=\"st2\" width=\"67.44\" height=\"67.44\"\/>\n\t<rect x=\"747.66\" y=\"877.68\" class=\"st3\" width=\"67.44\" height=\"67.44\"\/>\n\t<rect x=\"680.22\" y=\"877.68\" class=\"st1\" width=\"67.44\" height=\"67.44\"\/>\n\t<rect x=\"815.06\" y=\"945.12\" class=\"st4\" width=\"67.44\" height=\"67.44\"\/>\n\t<rect x=\"747.66\" y=\"945.12\" class=\"st2\" width=\"67.44\" height=\"67.44\"\/>\n\t<rect x=\"1017.5\" y=\"945.12\" class=\"st4\" width=\"67.44\" height=\"67.44\"\/>\n\t<rect x=\"950.06\" y=\"945.12\" class=\"st2\" width=\"67.44\" height=\"67.44\"\/>\n\t<rect x=\"882.5\" y=\"1012.56\" class=\"st4\" width=\"67.44\" height=\"67.44\"\/>\n\t<rect x=\"1017.5\" y=\"1012.56\" class=\"st2\" width=\"67.44\" height=\"67.44\"\/>\n\t<rect x=\"545.3\" y=\"1012.56\" class=\"st4\" width=\"67.44\" height=\"67.44\"\/>\n\t<rect x=\"407.54\" y=\"1012.56\" class=\"st2\" width=\"67.44\" height=\"67.44\"\/>\n\t<rect x=\"815.06\" y=\"1012.56\" class=\"st2\" width=\"67.44\" height=\"67.44\"\/>\n\t<rect x=\"747.66\" y=\"1012.56\" class=\"st3\" width=\"67.44\" height=\"67.44\"\/>\n\t<rect x=\"680.18\" y=\"1012.56\" class=\"st2\" width=\"67.44\" height=\"67.44\"\/>\n\t<rect x=\"747.62\" y=\"742.8\" class=\"st2\" width=\"67.44\" height=\"67.44\"\/>\n\t<rect x=\"612.74\" y=\"742.8\" class=\"st4\" width=\"67.44\" height=\"67.44\"\/>\n\t<rect x=\"545.3\" y=\"877.68\" class=\"st2\" width=\"67.44\" height=\"67.44\"\/>\n\t<rect x=\"612.74\" y=\"945.12\" class=\"st4\" width=\"67.44\" height=\"67.44\"\/>\n<\/g>\n<\/svg>\n  <div class=\"grid-container simple-fade\">\n    <div class=\"grid-x grid-padding-x align-middle\">\n      <div class=\"cell medium-6 medium-order-2\">\n\t\t  \t\t\t  <img decoding=\"async\" src=\"https:\/\/www.canarie.ca\/wp-content\/uploads\/2021\/01\/headerimg_Yukon.png\" alt=\"\">\n\t\t        <\/div>\n      <div class=\"cell medium-6 medium-order-1 text-left text-cell \">\n  \t\t  \t\t          <h1 class=\"cssanimation leFadeIn\">Vers une intendance plus raisonnable des \u00e9cosyst\u00e8mes marins<\/h1>\n  \t\t  \t\t                              <\/div>\n    <\/div>\n  <\/div>\n<\/section>\n\n\n\n\n\n<p><strong>\u00c9tude de cas du RNRE par&nbsp;<a href=\"http:\/\/yukonu.ca\/\" target=\"_blank\" rel=\"noreferrer noopener\">Universit\u00e9 de Yukon<\/a><\/strong><\/p>\n\n\n\n<p>Le Nord canadien regorge de richesses naturelles inexploit\u00e9es. Diamant, or, fer et m\u00e9taux importants en sont des illustrations. Tout au long de l\u2019histoire, l\u2019extraction de ces mat\u00e9riaux s\u2019est souvent r\u00e9alis\u00e9e sans la participation des habitants locaux, privant ceux-ci d\u2019une prosp\u00e9rit\u00e9 et d\u2019une source d\u2019emplois dont la communaut\u00e9 avait grand besoin. \u00c0 pr\u00e9sent, les soci\u00e9t\u00e9s mini\u00e8res sont plus conscientes qu\u2019il faut collaborer avec les Premi\u00e8res Nations. Cependant, on ignore toujours quelle est la meilleure fa\u00e7on de combiner la culture et les valeurs ancestrales aux pratiques commerciales courantes.<\/p>\n\n\n\n<hr class=\"wp-block-separator has-css-opacity\"\/>\n\n\n\n<h3 class=\"wp-block-heading\">Intelligence et durabilit\u00e9<\/h3>\n\n\n\n<p>Resources and Sustainable Development in the Arctic (ReSDA) est le nom d\u2019un r\u00e9seau de chercheurs d\u00e9termin\u00e9s \u00e0 trouver la solution. En examinant les points o\u00f9 la collectivit\u00e9, le gouvernement, le secteur priv\u00e9 et les organisations sans but lucratif s\u2019entrecoupent dans le Nord, le ReSDA souhaite que les communaut\u00e9s locales en obtiennent davantage des industries d\u2019extraction et cela, \u00e0 moindres frais pour leur culture et la population. Avec pour centre de coordination l\u2019Universit\u00e9 de Yukon, le ReSDA rassemble les scientifiques du Nord canadien et d\u2019autres r\u00e9gions arctiques qui d\u00e9sirent faire du nord un \u00e9cosyst\u00e8me durable pour tous les concern\u00e9s.<\/p>\n\n\n\n<p>Les questions auxquelles les chercheurs tentent de r\u00e9pondre couvrent une foule de probl\u00e8mes soci\u00e9taux et culturels&nbsp;: comment minimiser l\u2019\u00e9rosion du territoire et att\u00e9nuer l\u2019impact des activit\u00e9s mini\u00e8res sur l\u2019environnement, comment \u00e9quilibrer le mode de vie ancestral avec une \u00e9conomie fond\u00e9e sur la r\u00e9mun\u00e9ration, comment allier le savoir culturel aux pratiques et aux droits des travailleurs, comment jauger les r\u00e9percussions de la barri\u00e8re des genres sur le processus d\u00e9cisionnel de la communaut\u00e9, comment instruire et former le mieux les travailleurs du cru ou comment pr\u00e9server les liens familiaux quand on travaille longtemps dans un lieu isol\u00e9. Jusqu\u2019\u00e0 pr\u00e9sent, le ReSDA a r\u00e9dig\u00e9 des dizaines de documents et d\u2019articles dont le contenu aura une incidence d\u00e9terminante sur le maintien de la culture particuli\u00e8re du Nord, face \u00e0 une multiplication explosive des possibilit\u00e9s d\u2019affaire.<\/p>\n\n\n\n<blockquote class=\"wp-block-quote small is-style-default is-layout-flow wp-block-quote-is-layout-flow\">\n<p><strong><strong>Qu\u2019est-ce que le RNRE?<\/strong><\/strong><\/p>\n\n\n\n<p><em><em>Le R\u00e9seau national de recherche et d\u2019\u00e9ducation (RNRE) est un regroupement d\u2019infrastructures, d\u2019outils et de personnes d\u2019une importance capitale dont la raison d\u2019\u00eatre est de rehausser le leadership du Canada dans les domaines de la recherche, de l\u2019enseignement et de l\u2019innovation. Les partenaires du RNRE canadien coop\u00e8rent afin de rendre cette infrastructure indispensable encore plus s\u00fbre. Un projet pancanadien sans pr\u00e9c\u00e9dent dans l\u2019histoire est en cours pour assurer une surveillance coordonn\u00e9e des menaces qui p\u00e8sent sur le r\u00e9seau.<\/em><\/em><\/p>\n<\/blockquote>\n\n\n\n<p>Pour \u00e9pauler les chercheurs et leurs partenaires de la communaut\u00e9, le ReSDA a cr\u00e9\u00e9 Atlas, une riche base de donn\u00e9es sur l\u2019exploitation pass\u00e9e et pr\u00e9sente des ressources du Yukon, des Territoires du Nord-Ouest, du Nunavut, du Nunavik et du Labrador regroupant rapports, articles de journaux et statistiques.<\/p>\n\n\n\n<h3 class=\"wp-block-heading\">Un r\u00e9seau nordique<\/h3>\n\n\n\n<p>L\u2019Universit\u00e9 de Yukon, qui administre le bras territorial du R\u00e9seau national de la recherche et de l\u2019\u00e9ducation (RNRE) canadien, ayant pour partenaires les provinces et les territoires ainsi que CANARIE, le partenaire f\u00e9d\u00e9ral, procure la technologie sans laquelle le ReSDA n\u2019existerait pas. En effet, il met \u00e0 la disposition des chercheurs travaillant dans le Nord un r\u00e9seau robuste et ultrarapide avec lequel ils peuvent \u00e9changer de fa\u00e7on fiable leurs donn\u00e9es, tandis que CANARIE assure la connexion entre le Canada et les institutions mondiales, afin qu\u2019ils puissent comparer leurs notes et collaborer harmonieusement avec leurs homologues d\u2019Islande, du Groenland, de Scandinavie, de Russie et des \u00c9tats-Unis qui s\u2019int\u00e9ressent \u00e9galement \u00e0 l\u2019Arctique.<\/p>\n\n\n\n<h3 class=\"wp-block-heading\">Le Canada, un chef de file<\/h3>\n\n\n\n<p>Le ReSDA aide le Nord \u00e0 pr\u00e9server le patrimoine, la culture et l\u2019\u00e9cosyst\u00e8me qui lui sont propres tout en enrichissant la vie des habitants de la r\u00e9gion gr\u00e2ce \u00e0 l\u2019argent et aux emplois qui d\u00e9coulent de l\u2019exploitation des ressources naturelles. Il a, par exemple, facilit\u00e9 la n\u00e9gociation d\u2019ententes avec les soci\u00e9t\u00e9s mini\u00e8res qui prennent en compte la culture et les usages ancestraux des Premi\u00e8res Nations. Parall\u00e8lement, le ReSDA a r\u00e9dig\u00e9 un guide pour aider les travailleurs itin\u00e9rants et ceux qui se relaient en \u00e9quipe \u00e0 composer avec le stress d\u2019une vie qui les tient longtemps \u00e0 l\u2019\u00e9cart du foyer. Ce guide renferme aussi des informations pr\u00e9cieuses pour les soci\u00e9t\u00e9s mini\u00e8res et les collectivit\u00e9s locales affect\u00e9es par ceux qui vivent loin de leur lieu de travail ou qui font constamment la route dans les deux sens jusqu\u2019aux campements miniers.<\/p>\n\n\n\n<p>Avec le soutien du l\u2019Universit\u00e9 de Yukon et des partenaires du RNRE canadien, le ReSDA aide les peuples autochtones de l\u2019Arctique, leur gouvernement et l\u2019industrie priv\u00e9e \u00e0 collaborer efficacement tout en faisant du Canada un leader mondial dans le dossier d\u2019un d\u00e9veloppement socialement durable des ressources dont profiteront au maximum les communaut\u00e9s locales.<\/p>\n\n\n\n<section class=\"section section--quick-links\">\n    <div class=\"grid-container\">\n      <div class=\"grid-x grid-padding-x\">\n        <div class=\"cell\">\n                  \t<h2>En savoir plus sur l\u2019Universit\u00e9 de Yukon, visitez :<\/h2>\n                                <div class=\"wp-block-buttons\">\n                \t\t\t\t  \t<a class=\"button wp-block-button__link\" href=\"http:\/\/yukonu.ca\/\" target=\"_blank\">http:\/\/yukonu.ca\/<\/a><br>\n    \t\t\t        \t\t\t  <\/div>\n    \t\t\t          <\/div>\n      <\/div>\n    <\/div>\n  <\/section>","protected":false},"excerpt":{"rendered":"<p>\u00c9tude de cas du RNRE par&nbsp;Universit\u00e9 de Yukon Le Nord canadien regorge de richesses naturelles inexploit\u00e9es. Diamant, or, fer et [&hellip;]<\/p>\n","protected":false},"author":4,"featured_media":7055,"parent":7168,"menu_order":0,"comment_status":"closed","ping_status":"closed","template":"","meta":{"_acf_changed":false,"footnotes":""},"class_list":["post-7361","page","type-page","status-publish","has-post-thumbnail","hentry"],"acf":[],"yoast_head":"<!-- This site is optimized with the Yoast SEO plugin v27.4 - https:\/\/yoast.com\/product\/yoast-seo-wordpress\/ -->\n<title>Universit\u00e9 de Yukon - CANARIE<\/title>\n<meta name=\"robots\" content=\"index, follow, max-snippet:-1, max-image-preview:large, max-video-preview:-1\" \/>\n<link rel=\"canonical\" href=\"https:\/\/www.canarie.ca\/fr\/rnre\/etudes-de-cas\/yukon-university\/\" \/>\n<meta property=\"og:locale\" content=\"fr_FR\" \/>\n<meta property=\"og:type\" content=\"article\" \/>\n<meta property=\"og:title\" content=\"Universit\u00e9 de Yukon - CANARIE\" \/>\n<meta property=\"og:description\" content=\"\u00c9tude de cas du RNRE par&nbsp;Universit\u00e9 de Yukon Le Nord canadien regorge de richesses naturelles inexploit\u00e9es. Diamant, or, fer et [&hellip;]\" \/>\n<meta property=\"og:url\" content=\"https:\/\/www.canarie.ca\/fr\/rnre\/etudes-de-cas\/yukon-university\/\" \/>\n<meta property=\"og:site_name\" content=\"CANARIE\" \/>\n<meta property=\"article:modified_time\" content=\"2023-09-21T12:21:53+00:00\" \/>\n<meta property=\"og:image\" content=\"https:\/\/www.canarie.ca\/wp-content\/uploads\/2021\/01\/headerimg_Yukon.png\" \/>\n\t<meta property=\"og:image:width\" content=\"997\" \/>\n\t<meta property=\"og:image:height\" content=\"379\" \/>\n\t<meta property=\"og:image:type\" content=\"image\/png\" \/>\n<meta name=\"twitter:card\" content=\"summary_large_image\" \/>\n<script type=\"application\/ld+json\" class=\"yoast-schema-graph\">{\"@context\":\"https:\\\/\\\/schema.org\",\"@graph\":[{\"@type\":\"WebPage\",\"@id\":\"https:\\\/\\\/www.canarie.ca\\\/fr\\\/rnre\\\/etudes-de-cas\\\/yukon-university\\\/\",\"url\":\"https:\\\/\\\/www.canarie.ca\\\/fr\\\/rnre\\\/etudes-de-cas\\\/yukon-university\\\/\",\"name\":\"Universit\u00e9 de Yukon - CANARIE\",\"isPartOf\":{\"@id\":\"https:\\\/\\\/www.canarie.ca\\\/#website\"},\"primaryImageOfPage\":{\"@id\":\"https:\\\/\\\/www.canarie.ca\\\/fr\\\/rnre\\\/etudes-de-cas\\\/yukon-university\\\/#primaryimage\"},\"image\":{\"@id\":\"https:\\\/\\\/www.canarie.ca\\\/fr\\\/rnre\\\/etudes-de-cas\\\/yukon-university\\\/#primaryimage\"},\"thumbnailUrl\":\"https:\\\/\\\/www.canarie.ca\\\/wp-content\\\/uploads\\\/2021\\\/01\\\/headerimg_Yukon.png\",\"datePublished\":\"2021-01-21T20:55:43+00:00\",\"dateModified\":\"2023-09-21T12:21:53+00:00\",\"breadcrumb\":{\"@id\":\"https:\\\/\\\/www.canarie.ca\\\/fr\\\/rnre\\\/etudes-de-cas\\\/yukon-university\\\/#breadcrumb\"},\"inLanguage\":\"fr-FR\",\"potentialAction\":[{\"@type\":\"ReadAction\",\"target\":[\"https:\\\/\\\/www.canarie.ca\\\/fr\\\/rnre\\\/etudes-de-cas\\\/yukon-university\\\/\"]}]},{\"@type\":\"ImageObject\",\"inLanguage\":\"fr-FR\",\"@id\":\"https:\\\/\\\/www.canarie.ca\\\/fr\\\/rnre\\\/etudes-de-cas\\\/yukon-university\\\/#primaryimage\",\"url\":\"https:\\\/\\\/www.canarie.ca\\\/wp-content\\\/uploads\\\/2021\\\/01\\\/headerimg_Yukon.png\",\"contentUrl\":\"https:\\\/\\\/www.canarie.ca\\\/wp-content\\\/uploads\\\/2021\\\/01\\\/headerimg_Yukon.png\",\"width\":997,\"height\":379},{\"@type\":\"BreadcrumbList\",\"@id\":\"https:\\\/\\\/www.canarie.ca\\\/fr\\\/rnre\\\/etudes-de-cas\\\/yukon-university\\\/#breadcrumb\",\"itemListElement\":[{\"@type\":\"ListItem\",\"position\":1,\"name\":\"Accueil\",\"item\":\"https:\\\/\\\/www.canarie.ca\\\/fr\\\/\"},{\"@type\":\"ListItem\",\"position\":2,\"name\":\"Le R\u00e9seau national de la recherche et de l\u2019\u00e9ducation du Canada\",\"item\":\"https:\\\/\\\/www.canarie.ca\\\/fr\\\/rnre\\\/\"},{\"@type\":\"ListItem\",\"position\":3,\"name\":\"\u00c9tudes de cas\",\"item\":\"https:\\\/\\\/www.canarie.ca\\\/fr\\\/rnre\\\/etudes-de-cas\\\/\"},{\"@type\":\"ListItem\",\"position\":4,\"name\":\"Universit\u00e9 de Yukon\"}]},{\"@type\":\"WebSite\",\"@id\":\"https:\\\/\\\/www.canarie.ca\\\/#website\",\"url\":\"https:\\\/\\\/www.canarie.ca\\\/\",\"name\":\"CANARIE\",\"description\":\"\",\"potentialAction\":[{\"@type\":\"SearchAction\",\"target\":{\"@type\":\"EntryPoint\",\"urlTemplate\":\"https:\\\/\\\/www.canarie.ca\\\/?s={search_term_string}\"},\"query-input\":{\"@type\":\"PropertyValueSpecification\",\"valueRequired\":true,\"valueName\":\"search_term_string\"}}],\"inLanguage\":\"fr-FR\"}]}<\/script>\n<!-- \/ Yoast SEO plugin. -->","yoast_head_json":{"title":"Universit\u00e9 de Yukon - CANARIE","robots":{"index":"index","follow":"follow","max-snippet":"max-snippet:-1","max-image-preview":"max-image-preview:large","max-video-preview":"max-video-preview:-1"},"canonical":"https:\/\/www.canarie.ca\/fr\/rnre\/etudes-de-cas\/yukon-university\/","og_locale":"fr_FR","og_type":"article","og_title":"Universit\u00e9 de Yukon - CANARIE","og_description":"\u00c9tude de cas du RNRE par&nbsp;Universit\u00e9 de Yukon Le Nord canadien regorge de richesses naturelles inexploit\u00e9es. Diamant, or, fer et [&hellip;]","og_url":"https:\/\/www.canarie.ca\/fr\/rnre\/etudes-de-cas\/yukon-university\/","og_site_name":"CANARIE","article_modified_time":"2023-09-21T12:21:53+00:00","og_image":[{"width":997,"height":379,"url":"https:\/\/www.canarie.ca\/wp-content\/uploads\/2021\/01\/headerimg_Yukon.png","type":"image\/png"}],"twitter_card":"summary_large_image","schema":{"@context":"https:\/\/schema.org","@graph":[{"@type":"WebPage","@id":"https:\/\/www.canarie.ca\/fr\/rnre\/etudes-de-cas\/yukon-university\/","url":"https:\/\/www.canarie.ca\/fr\/rnre\/etudes-de-cas\/yukon-university\/","name":"Universit\u00e9 de Yukon - CANARIE","isPartOf":{"@id":"https:\/\/www.canarie.ca\/#website"},"primaryImageOfPage":{"@id":"https:\/\/www.canarie.ca\/fr\/rnre\/etudes-de-cas\/yukon-university\/#primaryimage"},"image":{"@id":"https:\/\/www.canarie.ca\/fr\/rnre\/etudes-de-cas\/yukon-university\/#primaryimage"},"thumbnailUrl":"https:\/\/www.canarie.ca\/wp-content\/uploads\/2021\/01\/headerimg_Yukon.png","datePublished":"2021-01-21T20:55:43+00:00","dateModified":"2023-09-21T12:21:53+00:00","breadcrumb":{"@id":"https:\/\/www.canarie.ca\/fr\/rnre\/etudes-de-cas\/yukon-university\/#breadcrumb"},"inLanguage":"fr-FR","potentialAction":[{"@type":"ReadAction","target":["https:\/\/www.canarie.ca\/fr\/rnre\/etudes-de-cas\/yukon-university\/"]}]},{"@type":"ImageObject","inLanguage":"fr-FR","@id":"https:\/\/www.canarie.ca\/fr\/rnre\/etudes-de-cas\/yukon-university\/#primaryimage","url":"https:\/\/www.canarie.ca\/wp-content\/uploads\/2021\/01\/headerimg_Yukon.png","contentUrl":"https:\/\/www.canarie.ca\/wp-content\/uploads\/2021\/01\/headerimg_Yukon.png","width":997,"height":379},{"@type":"BreadcrumbList","@id":"https:\/\/www.canarie.ca\/fr\/rnre\/etudes-de-cas\/yukon-university\/#breadcrumb","itemListElement":[{"@type":"ListItem","position":1,"name":"Accueil","item":"https:\/\/www.canarie.ca\/fr\/"},{"@type":"ListItem","position":2,"name":"Le R\u00e9seau national de la recherche et de l\u2019\u00e9ducation du Canada","item":"https:\/\/www.canarie.ca\/fr\/rnre\/"},{"@type":"ListItem","position":3,"name":"\u00c9tudes de cas","item":"https:\/\/www.canarie.ca\/fr\/rnre\/etudes-de-cas\/"},{"@type":"ListItem","position":4,"name":"Universit\u00e9 de Yukon"}]},{"@type":"WebSite","@id":"https:\/\/www.canarie.ca\/#website","url":"https:\/\/www.canarie.ca\/","name":"CANARIE","description":"","potentialAction":[{"@type":"SearchAction","target":{"@type":"EntryPoint","urlTemplate":"https:\/\/www.canarie.ca\/?s={search_term_string}"},"query-input":{"@type":"PropertyValueSpecification","valueRequired":true,"valueName":"search_term_string"}}],"inLanguage":"fr-FR"}]}},"_links":{"self":[{"href":"https:\/\/www.canarie.ca\/fr\/wp-json\/wp\/v2\/pages\/7361","targetHints":{"allow":["GET"]}}],"collection":[{"href":"https:\/\/www.canarie.ca\/fr\/wp-json\/wp\/v2\/pages"}],"about":[{"href":"https:\/\/www.canarie.ca\/fr\/wp-json\/wp\/v2\/types\/page"}],"author":[{"embeddable":true,"href":"https:\/\/www.canarie.ca\/fr\/wp-json\/wp\/v2\/users\/4"}],"replies":[{"embeddable":true,"href":"https:\/\/www.canarie.ca\/fr\/wp-json\/wp\/v2\/comments?post=7361"}],"version-history":[{"count":0,"href":"https:\/\/www.canarie.ca\/fr\/wp-json\/wp\/v2\/pages\/7361\/revisions"}],"up":[{"embeddable":true,"href":"https:\/\/www.canarie.ca\/fr\/wp-json\/wp\/v2\/pages\/7168"}],"wp:featuredmedia":[{"embeddable":true,"href":"https:\/\/www.canarie.ca\/fr\/wp-json\/wp\/v2\/media\/7055"}],"wp:attachment":[{"href":"https:\/\/www.canarie.ca\/fr\/wp-json\/wp\/v2\/media?parent=7361"}],"curies":[{"name":"wp","href":"https:\/\/api.w.org\/{rel}","templated":true}]}}