{"id":7789,"date":"2021-01-21T12:14:31","date_gmt":"2021-01-21T17:14:31","guid":{"rendered":"https:\/\/canarie.machinedev.ca\/advanced-property-exposure\/"},"modified":"2021-03-29T09:54:33","modified_gmt":"2021-03-29T13:54:33","slug":"advanced-property-exposure","status":"publish","type":"page","link":"https:\/\/www.canarie.ca\/fr\/nuagepage\/etudes-cas\/advanced-property-exposure\/","title":{"rendered":"Advanced Property eXposure"},"content":{"rendered":"\n\n<section class=\"section section--text-with-image  alignfull container squares-right\">\n  <svg version=\"1.1\" class=\"animated-square-graphic\" xmlns=\"http:\/\/www.w3.org\/2000\/svg\" xmlns:xlink=\"http:\/\/www.w3.org\/1999\/xlink\" x=\"0px\" y=\"0px\"\n\t viewBox=\"0 0 1084.85 1080\" style=\"enable-background:new 0 0 1084.85 1080;\" xml:space=\"preserve\">\n<style type=\"text\/css\">\n\t.st0{opacity:0.51;fill:#FEFEFE;}\n\t.st1{fill:#F4F4F5;}\n\t.st2{fill:#58C3D2;}\n\t.st3{fill:#E90D0B;}\n\t.st4{fill:#393D3F;}\n<\/style>\n<g>\n\t<path class=\"st0\" d=\"M275.09,0c0,20.92,0.02,41.84-0.04,62.75c-0.01,1.9,0.82,4.06-1.04,5.66c-1.33-1.48-1.49-3.32-1.5-5.17\n\t\tc-0.07-19.54-0.1-39.07,0.02-58.61c0.01-1,0.15-2,0.5-2.95c0.27-0.62,0.62-1.18,1.06-1.68C274.42,0,274.76,0,275.09,0z\"\/>\n\t<path class=\"st0\" d=\"M270.93,134.87c0,0.67,0,1.34,0,2.01c-1.96-0.21-3.39-1.13-2.71-3.24c0.6-1.87,2.15-2.92,4.31-2.71\n\t\tc21.9,2.09,43.85,0.35,65.77,0.92c-0.01,0.67-0.01,1.34-0.02,2.01c-1.73,0.94-3.6,0.46-5.4,0.47c-19.36,0.04-38.73,0.02-58.09,0.04\n\t\tC273.5,134.36,272.11,133.88,270.93,134.87z\"\/>\n\t<path class=\"st0\" d=\"M67.6,132.85c-0.22,2.23,0.79,3.24,3.02,3.02c-0.21,1.56-0.6,3.05-2.65,2.59c-1.53-0.34-2.62-1.44-2.96-2.96\n\t\tC64.55,133.46,66.04,133.06,67.6,132.85z\"\/>\n\t<path class=\"st0\" d=\"M270.93,134.87c0.15-0.9,0.44-1.31,1.6-1.31c21.92,0.15,43.84,0.21,65.76,0.29c-1.46,1.71-3.44,0.97-5.18,0.97\n\t\tC312.38,134.88,291.66,134.87,270.93,134.87z\"\/>\n\t<rect x=\"71.76\" y=\"67.43\" class=\"st1\" width=\"67.44\" height=\"67.44\"\/>\n\t<rect x=\"206.62\" class=\"st2\" width=\"67.44\" height=\"67.44\"\/>\n\t<rect x=\"410.45\" class=\"st2\" width=\"67.44\" height=\"67.44\"\/>\n\t<rect x=\"343.11\" y=\"67.73\" class=\"st2\" width=\"67.44\" height=\"67.44\"\/>\n\t<rect x=\"544.46\" y=\"0.06\" class=\"st1\" width=\"67.44\" height=\"67.44\"\/>\n\t<rect x=\"680.21\" class=\"st1\" width=\"67.44\" height=\"67.44\"\/>\n\t<rect x=\"815.09\" class=\"st1\" width=\"67.44\" height=\"67.44\"\/>\n\t<rect x=\"949.97\" class=\"st2\" width=\"67.44\" height=\"67.44\"\/>\n\t<rect x=\"477.89\" y=\"67.73\" class=\"st3\" width=\"67.44\" height=\"67.44\"\/>\n\t<rect x=\"612.77\" y=\"67.73\" class=\"st2\" width=\"67.44\" height=\"67.44\"\/>\n\t<rect x=\"747.65\" y=\"67.73\" class=\"st4\" width=\"67.44\" height=\"67.44\"\/>\n\t<rect x=\"882.53\" y=\"67.83\" class=\"st1\" width=\"67.44\" height=\"67.44\"\/>\n\t<rect x=\"1017.41\" y=\"67.73\" class=\"st2\" width=\"67.44\" height=\"67.44\"\/>\n\t<rect x=\"1017.41\" y=\"203.13\" class=\"st2\" width=\"67.44\" height=\"67.44\"\/>\n\t<rect x=\"275.67\" y=\"135.45\" class=\"st1\" width=\"67.44\" height=\"67.44\"\/>\n\t<rect x=\"208.23\" y=\"202.81\" class=\"st3\" width=\"67.44\" height=\"67.44\"\/>\n\t<rect x=\"1.8\" y=\"202.81\" class=\"st1\" width=\"67.44\" height=\"67.44\"\/>\n\t<rect x=\"69.24\" y=\"270.83\" class=\"st2\" width=\"67.44\" height=\"67.44\"\/>\n\t<rect x=\"410.55\" y=\"270.57\" class=\"st1\" width=\"67.44\" height=\"67.44\"\/>\n\t<rect x=\"545.43\" y=\"270.57\" class=\"st1\" width=\"67.44\" height=\"67.44\"\/>\n\t<rect x=\"680.44\" y=\"270.57\" class=\"st2\" width=\"67.44\" height=\"67.44\"\/>\n\t<rect x=\"815.3\" y=\"270.57\" class=\"st1\" width=\"67.44\" height=\"67.44\"\/>\n\t<rect x=\"950.11\" y=\"270.57\" class=\"st2\" width=\"67.44\" height=\"67.44\"\/>\n\t<rect x=\"1017.41\" y=\"270.57\" class=\"st4\" width=\"67.44\" height=\"67.44\"\/>\n\t<rect x=\"1017.41\" y=\"338.01\" class=\"st2\" width=\"67.44\" height=\"67.44\"\/>\n\t<rect x=\"882.5\" y=\"338.16\" class=\"st2\" width=\"67.44\" height=\"67.44\"\/>\n\t<rect x=\"747.86\" y=\"338.16\" class=\"st1\" width=\"67.44\" height=\"67.44\"\/>\n\t<rect x=\"612.87\" y=\"338.16\" class=\"st2\" width=\"67.44\" height=\"67.44\"\/>\n\t<rect x=\"271.44\" y=\"338.01\" class=\"st1\" width=\"67.44\" height=\"67.44\"\/>\n\t<rect x=\"136.7\" y=\"405.75\" class=\"st3\" width=\"67.44\" height=\"67.44\"\/>\n\t<rect x=\"407.3\" y=\"405.6\" class=\"st3\" width=\"67.44\" height=\"67.44\"\/>\n\t<rect x=\"815.06\" y=\"405.6\" class=\"st2\" width=\"67.44\" height=\"67.44\"\/>\n\t<rect x=\"950.11\" y=\"405.6\" class=\"st1\" width=\"67.44\" height=\"67.44\"\/>\n\t<rect x=\"1017.41\" y=\"473.04\" class=\"st1\" width=\"67.44\" height=\"67.44\"\/>\n\t<rect x=\"882.5\" y=\"473.04\" class=\"st1\" width=\"67.44\" height=\"67.44\"\/>\n\t<rect x=\"747.62\" y=\"473.04\" class=\"st1\" width=\"67.44\" height=\"67.44\"\/>\n\t<rect x=\"611.17\" y=\"473.04\" class=\"st4\" width=\"67.44\" height=\"67.44\"\/>\n\t<rect y=\"475.55\" class=\"st1\" width=\"67.44\" height=\"67.44\"\/>\n\t<rect x=\"410.55\" y=\"135.45\" class=\"st4\" width=\"67.44\" height=\"67.44\"\/>\n\t<rect x=\"680.42\" y=\"135.17\" class=\"st1\" width=\"67.44\" height=\"67.44\"\/>\n\t<rect x=\"815.23\" y=\"135.36\" class=\"st1\" width=\"67.44\" height=\"67.44\"\/>\n\t<rect x=\"950.12\" y=\"135.36\" class=\"st4\" width=\"67.44\" height=\"67.44\"\/>\n\t<rect x=\"343.11\" y=\"202.81\" class=\"st3\" width=\"67.44\" height=\"67.44\"\/>\n\t<rect x=\"477.99\" y=\"202.81\" class=\"st2\" width=\"67.44\" height=\"67.44\"\/>\n\t<rect x=\"613\" y=\"202.81\" class=\"st4\" width=\"67.44\" height=\"67.44\"\/>\n\t<rect x=\"747.86\" y=\"202.74\" class=\"st2\" width=\"67.44\" height=\"67.44\"\/>\n\t<rect x=\"882.67\" y=\"202.8\" class=\"st2\" width=\"67.44\" height=\"67.44\"\/>\n\t<rect x=\"950.08\" y=\"540.48\" class=\"st2\" width=\"67.44\" height=\"67.44\"\/>\n\t<rect x=\"815.06\" y=\"540.48\" class=\"st2\" width=\"67.44\" height=\"67.44\"\/>\n\t<rect x=\"1017.41\" y=\"607.92\" class=\"st2\" width=\"67.44\" height=\"67.44\"\/>\n\t<rect x=\"882.44\" y=\"607.92\" class=\"st4\" width=\"67.44\" height=\"67.44\"\/>\n\t<rect x=\"747.62\" y=\"607.92\" class=\"st4\" width=\"67.44\" height=\"67.44\"\/>\n\t<rect x=\"950.06\" y=\"675.36\" class=\"st1\" width=\"67.44\" height=\"67.44\"\/>\n\t<rect x=\"815\" y=\"675.36\" class=\"st2\" width=\"67.44\" height=\"67.44\"\/>\n\t<rect x=\"680.18\" y=\"675.36\" class=\"st2\" width=\"67.44\" height=\"67.44\"\/>\n\t<rect x=\"882.7\" y=\"742.8\" class=\"st1\" width=\"67.44\" height=\"67.44\"\/>\n\t<rect x=\"1017.41\" y=\"742.8\" class=\"st2\" width=\"67.44\" height=\"67.44\"\/>\n\t<rect x=\"1017.41\" y=\"810.24\" class=\"st1\" width=\"67.44\" height=\"67.44\"\/>\n\t<rect x=\"950.06\" y=\"810.24\" class=\"st2\" width=\"67.44\" height=\"67.44\"\/>\n\t<rect x=\"950.06\" y=\"877.68\" class=\"st3\" width=\"67.44\" height=\"67.44\"\/>\n\t<rect x=\"882.62\" y=\"877.68\" class=\"st2\" width=\"67.44\" height=\"67.44\"\/>\n\t<rect x=\"747.66\" y=\"877.68\" class=\"st3\" width=\"67.44\" height=\"67.44\"\/>\n\t<rect x=\"680.22\" y=\"877.68\" class=\"st1\" width=\"67.44\" height=\"67.44\"\/>\n\t<rect x=\"815.06\" y=\"945.12\" class=\"st4\" width=\"67.44\" height=\"67.44\"\/>\n\t<rect x=\"747.66\" y=\"945.12\" class=\"st2\" width=\"67.44\" height=\"67.44\"\/>\n\t<rect x=\"1017.5\" y=\"945.12\" class=\"st4\" width=\"67.44\" height=\"67.44\"\/>\n\t<rect x=\"950.06\" y=\"945.12\" class=\"st2\" width=\"67.44\" height=\"67.44\"\/>\n\t<rect x=\"882.5\" y=\"1012.56\" class=\"st4\" width=\"67.44\" height=\"67.44\"\/>\n\t<rect x=\"1017.5\" y=\"1012.56\" class=\"st2\" width=\"67.44\" height=\"67.44\"\/>\n\t<rect x=\"545.3\" y=\"1012.56\" class=\"st4\" width=\"67.44\" height=\"67.44\"\/>\n\t<rect x=\"407.54\" y=\"1012.56\" class=\"st2\" width=\"67.44\" height=\"67.44\"\/>\n\t<rect x=\"815.06\" y=\"1012.56\" class=\"st2\" width=\"67.44\" height=\"67.44\"\/>\n\t<rect x=\"747.66\" y=\"1012.56\" class=\"st3\" width=\"67.44\" height=\"67.44\"\/>\n\t<rect x=\"680.18\" y=\"1012.56\" class=\"st2\" width=\"67.44\" height=\"67.44\"\/>\n\t<rect x=\"747.62\" y=\"742.8\" class=\"st2\" width=\"67.44\" height=\"67.44\"\/>\n\t<rect x=\"612.74\" y=\"742.8\" class=\"st4\" width=\"67.44\" height=\"67.44\"\/>\n\t<rect x=\"545.3\" y=\"877.68\" class=\"st2\" width=\"67.44\" height=\"67.44\"\/>\n\t<rect x=\"612.74\" y=\"945.12\" class=\"st4\" width=\"67.44\" height=\"67.44\"\/>\n<\/g>\n<\/svg>\n  <div class=\"grid-container simple-fade\">\n    <div class=\"grid-x grid-padding-x align-middle\">\n      <div class=\"cell medium-6 \">\n\t\t  \t\t\t  <img decoding=\"async\" src=\"https:\/\/www.canarie.ca\/wp-content\/uploads\/2021\/01\/apx-image-web.png\" alt=\"\">\n\t\t        <\/div>\n      <div class=\"cell medium-6  text-left text-cell \">\n  \t\t  \t\t          <h1 class=\"cssanimation leFadeIn\">Advanced Property eXposure<\/h1>\n  \t\t  \t\t                  <p class=\"subtitle fade-in-delay\">Plaidoyer pour un nuage<\/p>\n                          <div class=\"fade-in-delay text-cell-text\"><p><strong>Warren Gallagher, directeur de la technologie<\/strong><\/p>\n<\/div>\n                      <\/div>\n    <\/div>\n  <\/div>\n<\/section>\n\n\n\n\n\n<section class=\"section section--text-columns no-background\">\n    <div class=\"grid-container\">\n      <div class=\"grid-x grid-padding-x\">\n        <div class=\"cell\">\n                  \t<h3>Quel \u00e9tait le probl\u00e8me?<\/h3>\n                    <p>Notre produit s\u2019adresse aux intervenants de premi\u00e8re ligne \u2013 policiers, pompiers, ambulanciers. Il leur relaie des renseignements indispensables sur le b\u00e2timent par leur t\u00e9l\u00e9phone intelligent. Re\u00e7ues en temps utile, ces informations sur le plan de l\u2019\u00e9difice, les sorties, les disjoncteurs principaux et les personnes \u00e0 contacter leur permettent de mieux se pr\u00e9parer et de sauver de pr\u00e9cieuses minutes dans les situations o\u00f9 le temps manque.<\/p>\n<p>Nous avons particip\u00e9 \u00e0 un concours parrain\u00e9 par Recherche et d\u00e9veloppement pour la D\u00e9fense Canada et remport\u00e9 la possibilit\u00e9 de tester notre produit avec le service de police de Prince Albert \u2013 une chance fantastique de v\u00e9rifier la technologie dans des conditions presque r\u00e9elles. En vertu de cet essai pilote, la police de Prince Albert utilisera notre produit pendant deux ans.<\/p>\n                  <\/div>\n      <\/div>\n    <\/div>\n  <\/section>\n\n\n<blockquote class=\"wp-block-quote is-layout-flow wp-block-quote-is-layout-flow\"><p><strong><strong>Selon 58 % des PME, recourir au nuage r\u00e9duit les frais TI.<sup>1<\/sup><\/strong><\/strong><\/p><\/blockquote>\n\n\n\n<section class=\"section section--text-columns no-background\">\n    <div class=\"grid-container\">\n      <div class=\"grid-x grid-padding-x\">\n        <div class=\"cell\">\n                  \t<h3>\u00c0 quelles solutions a-t-on song\u00e9?<\/h3>\n                    <p>Nous avons examin\u00e9 ce qu\u2019offraient les services commerciaux d\u2019infonuagique, mais une petite entreprise comme la n\u00f4tre ne pouvait absorber le co\u00fbt d\u2019une d\u00e9monstration qui durerait deux ans.<\/p>\n                  <\/div>\n      <\/div>\n    <\/div>\n  <\/section>\n\n\n<section class=\"section section--text-columns no-background\">\n    <div class=\"grid-container\">\n      <div class=\"grid-x grid-padding-x\">\n        <div class=\"cell\">\n                  \t<h3>Laquelle a \u00e9t\u00e9 retenue?<\/h3>\n                    <p>L\u2019ATIR \u00e9tait la solution id\u00e9ale. L\u2019installation s\u2019est d\u00e9roul\u00e9e sans heurt et mettre l\u2019application en place pour la tester et la valider s\u2019est r\u00e9v\u00e9l\u00e9 tr\u00e8s facile. Durant l\u2019essai pilote \u00e0 long terme, l\u2019ATIR nous procure les ressources et la capacit\u00e9 d\u2019adaptation avec lesquelles nous continuerons \u00e0 perfectionner le produit d\u2019apr\u00e8s les commentaires transmis par le service de police de Prince Albert. Le fait que la technologie soit h\u00e9berg\u00e9e sur l\u2019ATIR en a aussi facilit\u00e9 l\u2019adoption par les policiers de cette ville.<\/p>\n                  <\/div>\n      <\/div>\n    <\/div>\n  <\/section>\n\n\n<section class=\"section section--text-columns no-background\">\n    <div class=\"grid-container\">\n      <div class=\"grid-x grid-padding-x\">\n        <div class=\"cell\">\n                  \t<h3>R\u00e9sultat?<\/h3>\n                    <p>Nous int\u00e9grons les commentaires qui r\u00e9sultent des exercices effectu\u00e9s avec le service de police de Prince Albert \u2013 le premier simule un tireur en activit\u00e9 et l\u2019autre, une prise d\u2019otage. Nous travaillons aussi avec nos partenaires du Canadian Information Technology Interoperability Group, qui rassemble les chefs des services de police, des services d\u2019incendie et des services m\u00e9dicaux d\u2019urgence du pays, afin d\u2019\u00e9laborer des normes en mati\u00e8re d\u2019interop\u00e9rabilit\u00e9. SaskTel s\u2019est associ\u00e9 avec nous dans le cadre de ce projet en dispensant des dispositifs et un service \u00e0 technologie LTE en vue d\u2019initiatives sur large bande de plus grande envergure en s\u00e9curit\u00e9 publique. Nous pensons que les technologies innovantes comme la n\u00f4tre aideraient consid\u00e9rablement les intervenants de premi\u00e8re ligne et attendons impatiemment de voir nos services prendre de l\u2019expansion et \u00eatre adopt\u00e9s.<\/p>\n<p><sup data-rich-text-format-boundary=\"true\">1<\/sup>University of Manchester Business School\/Rackforce Survey 2012. 1500 entreprises interrog\u00e9es au Royaume-Uni et aux \u00c9tats-Unis<\/p>\n                  <\/div>\n      <\/div>\n    <\/div>\n  <\/section>\n\n\n<section class=\"section section--quick-links\">\n    <div class=\"grid-container\">\n      <div class=\"grid-x grid-padding-x\">\n        <div class=\"cell\">\n                  \t<h2>Liens rapides:<\/h2>\n                                <div class=\"wp-block-buttons\">\n                \t\t\t\t  \t<a class=\"button wp-block-button__link\" href=\"https:\/\/canarie.limequery.org\/381368?lang=fr\" target=\"_blank\">Appliquer \u00e0 ATIR<\/a><br>\n    \t\t\t        \t\t\t\t  \t<a class=\"button wp-block-button__link\" href=\"https:\/\/apxdata.com\/\" target=\"_blank\">Site Web de l\u2019entreprise<\/a><br>\n    \t\t\t        \t\t\t  <\/div>\n    \t\t\t          <\/div>\n      <\/div>\n    <\/div>\n  <\/section>\n\n\n<section class=\"section section--resources\">\n  <div class=\"grid-container text-center\">\n        \t<p class=\"subtitle\">Ressources suppl\u00e9mentaires<\/p>\n              <ul class=\"resource-links\">\n                <li>\n            <a href=\"https:\/\/www.canarie.ca\/wp-content\/uploads\/2020\/12\/Etude-de-cas-ATIR-APX-Consult.pdf\" target=\"_blank\">\n              <img decoding=\"async\" src=\"https:\/\/www.canarie.ca\/wp-content\/themes\/canarie\/img\/icon-pdf.svg\" alt=\"\">\n              <span>L\u2019\u00e9tude de cas &#8211; APX consult<\/span>\n            <\/a>\n          <\/li>\n                    <li>\n            <a href=\"https:\/\/www.canarie.ca\/wp-content\/uploads\/2021\/01\/Fiche-dinformation-Nuage-de-lATIR-Batisseurs_fr.pdf\" target=\"_blank\">\n              <img decoding=\"async\" src=\"https:\/\/www.canarie.ca\/wp-content\/themes\/canarie\/img\/icon-pdf.svg\" alt=\"\">\n              <span>Fiche d\u2019information de l\u2019ATIR<\/span>\n            <\/a>\n          <\/li>\n                  <\/ul>\n          \n  <\/div>\n<\/section>\n  ","protected":false},"excerpt":{"rendered":"<p>Selon 58 % des PME, recourir au nuage r\u00e9duit les frais TI.1<\/p>\n","protected":false},"author":3,"featured_media":4176,"parent":7927,"menu_order":0,"comment_status":"closed","ping_status":"closed","template":"","meta":{"_acf_changed":false,"footnotes":""},"class_list":["post-7789","page","type-page","status-publish","has-post-thumbnail","hentry"],"acf":[],"yoast_head":"<!-- This site is optimized with the Yoast SEO plugin v27.4 - https:\/\/yoast.com\/product\/yoast-seo-wordpress\/ -->\n<title>Advanced Property eXposure - CANARIE<\/title>\n<meta name=\"robots\" content=\"index, follow, max-snippet:-1, max-image-preview:large, max-video-preview:-1\" \/>\n<link rel=\"canonical\" href=\"https:\/\/www.canarie.ca\/fr\/nuagepage\/etudes-cas\/advanced-property-exposure\/\" \/>\n<meta property=\"og:locale\" content=\"fr_FR\" \/>\n<meta property=\"og:type\" content=\"article\" \/>\n<meta property=\"og:title\" content=\"Advanced Property eXposure - CANARIE\" \/>\n<meta property=\"og:description\" content=\"Selon 58 % des PME, recourir au nuage r\u00e9duit les frais TI.1\" \/>\n<meta property=\"og:url\" content=\"https:\/\/www.canarie.ca\/fr\/nuagepage\/etudes-cas\/advanced-property-exposure\/\" \/>\n<meta property=\"og:site_name\" content=\"CANARIE\" \/>\n<meta property=\"article:modified_time\" content=\"2021-03-29T13:54:33+00:00\" \/>\n<meta property=\"og:image\" content=\"https:\/\/www.canarie.ca\/wp-content\/uploads\/2021\/01\/apx-image-web.png\" \/>\n\t<meta property=\"og:image:width\" content=\"998\" \/>\n\t<meta property=\"og:image:height\" content=\"379\" \/>\n\t<meta property=\"og:image:type\" content=\"image\/png\" \/>\n<meta name=\"twitter:card\" content=\"summary_large_image\" \/>\n<script type=\"application\/ld+json\" class=\"yoast-schema-graph\">{\"@context\":\"https:\\\/\\\/schema.org\",\"@graph\":[{\"@type\":\"WebPage\",\"@id\":\"https:\\\/\\\/www.canarie.ca\\\/fr\\\/nuagepage\\\/etudes-cas\\\/advanced-property-exposure\\\/\",\"url\":\"https:\\\/\\\/www.canarie.ca\\\/fr\\\/nuagepage\\\/etudes-cas\\\/advanced-property-exposure\\\/\",\"name\":\"Advanced Property eXposure - CANARIE\",\"isPartOf\":{\"@id\":\"https:\\\/\\\/www.canarie.ca\\\/#website\"},\"primaryImageOfPage\":{\"@id\":\"https:\\\/\\\/www.canarie.ca\\\/fr\\\/nuagepage\\\/etudes-cas\\\/advanced-property-exposure\\\/#primaryimage\"},\"image\":{\"@id\":\"https:\\\/\\\/www.canarie.ca\\\/fr\\\/nuagepage\\\/etudes-cas\\\/advanced-property-exposure\\\/#primaryimage\"},\"thumbnailUrl\":\"https:\\\/\\\/www.canarie.ca\\\/wp-content\\\/uploads\\\/2021\\\/01\\\/apx-image-web.png\",\"datePublished\":\"2021-01-21T17:14:31+00:00\",\"dateModified\":\"2021-03-29T13:54:33+00:00\",\"breadcrumb\":{\"@id\":\"https:\\\/\\\/www.canarie.ca\\\/fr\\\/nuagepage\\\/etudes-cas\\\/advanced-property-exposure\\\/#breadcrumb\"},\"inLanguage\":\"fr-FR\",\"potentialAction\":[{\"@type\":\"ReadAction\",\"target\":[\"https:\\\/\\\/www.canarie.ca\\\/fr\\\/nuagepage\\\/etudes-cas\\\/advanced-property-exposure\\\/\"]}]},{\"@type\":\"ImageObject\",\"inLanguage\":\"fr-FR\",\"@id\":\"https:\\\/\\\/www.canarie.ca\\\/fr\\\/nuagepage\\\/etudes-cas\\\/advanced-property-exposure\\\/#primaryimage\",\"url\":\"https:\\\/\\\/www.canarie.ca\\\/wp-content\\\/uploads\\\/2021\\\/01\\\/apx-image-web.png\",\"contentUrl\":\"https:\\\/\\\/www.canarie.ca\\\/wp-content\\\/uploads\\\/2021\\\/01\\\/apx-image-web.png\",\"width\":998,\"height\":379},{\"@type\":\"BreadcrumbList\",\"@id\":\"https:\\\/\\\/www.canarie.ca\\\/fr\\\/nuagepage\\\/etudes-cas\\\/advanced-property-exposure\\\/#breadcrumb\",\"itemListElement\":[{\"@type\":\"ListItem\",\"position\":1,\"name\":\"Accueil\",\"item\":\"https:\\\/\\\/www.canarie.ca\\\/fr\\\/homepage\\\/\"},{\"@type\":\"ListItem\",\"position\":2,\"name\":\"Programme \u00ab Nuage de l\u2019ATIR \u00bb\",\"item\":\"https:\\\/\\\/www.canarie.ca\\\/fr\\\/?page_id=6512\"},{\"@type\":\"ListItem\",\"position\":3,\"name\":\"\u00c9tudes de cas\",\"item\":\"https:\\\/\\\/www.canarie.ca\\\/fr\\\/nuagepage\\\/etudes-cas\\\/\"},{\"@type\":\"ListItem\",\"position\":4,\"name\":\"Advanced Property eXposure\"}]},{\"@type\":\"WebSite\",\"@id\":\"https:\\\/\\\/www.canarie.ca\\\/#website\",\"url\":\"https:\\\/\\\/www.canarie.ca\\\/\",\"name\":\"CANARIE\",\"description\":\"\",\"potentialAction\":[{\"@type\":\"SearchAction\",\"target\":{\"@type\":\"EntryPoint\",\"urlTemplate\":\"https:\\\/\\\/www.canarie.ca\\\/?s={search_term_string}\"},\"query-input\":{\"@type\":\"PropertyValueSpecification\",\"valueRequired\":true,\"valueName\":\"search_term_string\"}}],\"inLanguage\":\"fr-FR\"}]}<\/script>\n<!-- \/ Yoast SEO plugin. -->","yoast_head_json":{"title":"Advanced Property eXposure - CANARIE","robots":{"index":"index","follow":"follow","max-snippet":"max-snippet:-1","max-image-preview":"max-image-preview:large","max-video-preview":"max-video-preview:-1"},"canonical":"https:\/\/www.canarie.ca\/fr\/nuagepage\/etudes-cas\/advanced-property-exposure\/","og_locale":"fr_FR","og_type":"article","og_title":"Advanced Property eXposure - CANARIE","og_description":"Selon 58 % des PME, recourir au nuage r\u00e9duit les frais TI.1","og_url":"https:\/\/www.canarie.ca\/fr\/nuagepage\/etudes-cas\/advanced-property-exposure\/","og_site_name":"CANARIE","article_modified_time":"2021-03-29T13:54:33+00:00","og_image":[{"width":998,"height":379,"url":"https:\/\/www.canarie.ca\/wp-content\/uploads\/2021\/01\/apx-image-web.png","type":"image\/png"}],"twitter_card":"summary_large_image","schema":{"@context":"https:\/\/schema.org","@graph":[{"@type":"WebPage","@id":"https:\/\/www.canarie.ca\/fr\/nuagepage\/etudes-cas\/advanced-property-exposure\/","url":"https:\/\/www.canarie.ca\/fr\/nuagepage\/etudes-cas\/advanced-property-exposure\/","name":"Advanced Property eXposure - CANARIE","isPartOf":{"@id":"https:\/\/www.canarie.ca\/#website"},"primaryImageOfPage":{"@id":"https:\/\/www.canarie.ca\/fr\/nuagepage\/etudes-cas\/advanced-property-exposure\/#primaryimage"},"image":{"@id":"https:\/\/www.canarie.ca\/fr\/nuagepage\/etudes-cas\/advanced-property-exposure\/#primaryimage"},"thumbnailUrl":"https:\/\/www.canarie.ca\/wp-content\/uploads\/2021\/01\/apx-image-web.png","datePublished":"2021-01-21T17:14:31+00:00","dateModified":"2021-03-29T13:54:33+00:00","breadcrumb":{"@id":"https:\/\/www.canarie.ca\/fr\/nuagepage\/etudes-cas\/advanced-property-exposure\/#breadcrumb"},"inLanguage":"fr-FR","potentialAction":[{"@type":"ReadAction","target":["https:\/\/www.canarie.ca\/fr\/nuagepage\/etudes-cas\/advanced-property-exposure\/"]}]},{"@type":"ImageObject","inLanguage":"fr-FR","@id":"https:\/\/www.canarie.ca\/fr\/nuagepage\/etudes-cas\/advanced-property-exposure\/#primaryimage","url":"https:\/\/www.canarie.ca\/wp-content\/uploads\/2021\/01\/apx-image-web.png","contentUrl":"https:\/\/www.canarie.ca\/wp-content\/uploads\/2021\/01\/apx-image-web.png","width":998,"height":379},{"@type":"BreadcrumbList","@id":"https:\/\/www.canarie.ca\/fr\/nuagepage\/etudes-cas\/advanced-property-exposure\/#breadcrumb","itemListElement":[{"@type":"ListItem","position":1,"name":"Accueil","item":"https:\/\/www.canarie.ca\/fr\/homepage\/"},{"@type":"ListItem","position":2,"name":"Programme \u00ab Nuage de l\u2019ATIR \u00bb","item":"https:\/\/www.canarie.ca\/fr\/?page_id=6512"},{"@type":"ListItem","position":3,"name":"\u00c9tudes de cas","item":"https:\/\/www.canarie.ca\/fr\/nuagepage\/etudes-cas\/"},{"@type":"ListItem","position":4,"name":"Advanced Property eXposure"}]},{"@type":"WebSite","@id":"https:\/\/www.canarie.ca\/#website","url":"https:\/\/www.canarie.ca\/","name":"CANARIE","description":"","potentialAction":[{"@type":"SearchAction","target":{"@type":"EntryPoint","urlTemplate":"https:\/\/www.canarie.ca\/?s={search_term_string}"},"query-input":{"@type":"PropertyValueSpecification","valueRequired":true,"valueName":"search_term_string"}}],"inLanguage":"fr-FR"}]}},"_links":{"self":[{"href":"https:\/\/www.canarie.ca\/fr\/wp-json\/wp\/v2\/pages\/7789","targetHints":{"allow":["GET"]}}],"collection":[{"href":"https:\/\/www.canarie.ca\/fr\/wp-json\/wp\/v2\/pages"}],"about":[{"href":"https:\/\/www.canarie.ca\/fr\/wp-json\/wp\/v2\/types\/page"}],"author":[{"embeddable":true,"href":"https:\/\/www.canarie.ca\/fr\/wp-json\/wp\/v2\/users\/3"}],"replies":[{"embeddable":true,"href":"https:\/\/www.canarie.ca\/fr\/wp-json\/wp\/v2\/comments?post=7789"}],"version-history":[{"count":0,"href":"https:\/\/www.canarie.ca\/fr\/wp-json\/wp\/v2\/pages\/7789\/revisions"}],"up":[{"embeddable":true,"href":"https:\/\/www.canarie.ca\/fr\/wp-json\/wp\/v2\/pages\/7927"}],"wp:featuredmedia":[{"embeddable":true,"href":"https:\/\/www.canarie.ca\/fr\/wp-json\/wp\/v2\/media\/4176"}],"wp:attachment":[{"href":"https:\/\/www.canarie.ca\/fr\/wp-json\/wp\/v2\/media?parent=7789"}],"curies":[{"name":"wp","href":"https:\/\/api.w.org\/{rel}","templated":true}]}}