{"id":7942,"date":"2021-01-21T13:11:12","date_gmt":"2021-01-21T18:11:12","guid":{"rendered":"https:\/\/canarie.machinedev.ca\/nuage\/etudes-cas\/edms\/"},"modified":"2021-03-26T11:14:15","modified_gmt":"2021-03-26T15:14:15","slug":"edms","status":"publish","type":"page","link":"https:\/\/www.canarie.ca\/fr\/nuagepage\/etudes-cas\/edms\/","title":{"rendered":"Enterprise Dental Management Systems"},"content":{"rendered":"\n\n<section class=\"section section--text-with-image  alignfull container squares-right\">\n  <svg version=\"1.1\" class=\"animated-square-graphic\" xmlns=\"http:\/\/www.w3.org\/2000\/svg\" xmlns:xlink=\"http:\/\/www.w3.org\/1999\/xlink\" x=\"0px\" y=\"0px\"\n\t viewBox=\"0 0 1084.85 1080\" style=\"enable-background:new 0 0 1084.85 1080;\" xml:space=\"preserve\">\n<style type=\"text\/css\">\n\t.st0{opacity:0.51;fill:#FEFEFE;}\n\t.st1{fill:#F4F4F5;}\n\t.st2{fill:#58C3D2;}\n\t.st3{fill:#E90D0B;}\n\t.st4{fill:#393D3F;}\n<\/style>\n<g>\n\t<path class=\"st0\" d=\"M275.09,0c0,20.92,0.02,41.84-0.04,62.75c-0.01,1.9,0.82,4.06-1.04,5.66c-1.33-1.48-1.49-3.32-1.5-5.17\n\t\tc-0.07-19.54-0.1-39.07,0.02-58.61c0.01-1,0.15-2,0.5-2.95c0.27-0.62,0.62-1.18,1.06-1.68C274.42,0,274.76,0,275.09,0z\"\/>\n\t<path class=\"st0\" d=\"M270.93,134.87c0,0.67,0,1.34,0,2.01c-1.96-0.21-3.39-1.13-2.71-3.24c0.6-1.87,2.15-2.92,4.31-2.71\n\t\tc21.9,2.09,43.85,0.35,65.77,0.92c-0.01,0.67-0.01,1.34-0.02,2.01c-1.73,0.94-3.6,0.46-5.4,0.47c-19.36,0.04-38.73,0.02-58.09,0.04\n\t\tC273.5,134.36,272.11,133.88,270.93,134.87z\"\/>\n\t<path class=\"st0\" d=\"M67.6,132.85c-0.22,2.23,0.79,3.24,3.02,3.02c-0.21,1.56-0.6,3.05-2.65,2.59c-1.53-0.34-2.62-1.44-2.96-2.96\n\t\tC64.55,133.46,66.04,133.06,67.6,132.85z\"\/>\n\t<path class=\"st0\" d=\"M270.93,134.87c0.15-0.9,0.44-1.31,1.6-1.31c21.92,0.15,43.84,0.21,65.76,0.29c-1.46,1.71-3.44,0.97-5.18,0.97\n\t\tC312.38,134.88,291.66,134.87,270.93,134.87z\"\/>\n\t<rect x=\"71.76\" y=\"67.43\" class=\"st1\" width=\"67.44\" height=\"67.44\"\/>\n\t<rect x=\"206.62\" class=\"st2\" width=\"67.44\" height=\"67.44\"\/>\n\t<rect x=\"410.45\" class=\"st2\" width=\"67.44\" height=\"67.44\"\/>\n\t<rect x=\"343.11\" y=\"67.73\" class=\"st2\" width=\"67.44\" height=\"67.44\"\/>\n\t<rect x=\"544.46\" y=\"0.06\" class=\"st1\" width=\"67.44\" height=\"67.44\"\/>\n\t<rect x=\"680.21\" class=\"st1\" width=\"67.44\" height=\"67.44\"\/>\n\t<rect x=\"815.09\" class=\"st1\" width=\"67.44\" height=\"67.44\"\/>\n\t<rect x=\"949.97\" class=\"st2\" width=\"67.44\" height=\"67.44\"\/>\n\t<rect x=\"477.89\" y=\"67.73\" class=\"st3\" width=\"67.44\" height=\"67.44\"\/>\n\t<rect x=\"612.77\" y=\"67.73\" class=\"st2\" width=\"67.44\" height=\"67.44\"\/>\n\t<rect x=\"747.65\" y=\"67.73\" class=\"st4\" width=\"67.44\" height=\"67.44\"\/>\n\t<rect x=\"882.53\" y=\"67.83\" class=\"st1\" width=\"67.44\" height=\"67.44\"\/>\n\t<rect x=\"1017.41\" y=\"67.73\" class=\"st2\" width=\"67.44\" height=\"67.44\"\/>\n\t<rect x=\"1017.41\" y=\"203.13\" class=\"st2\" width=\"67.44\" height=\"67.44\"\/>\n\t<rect x=\"275.67\" y=\"135.45\" class=\"st1\" width=\"67.44\" height=\"67.44\"\/>\n\t<rect x=\"208.23\" y=\"202.81\" class=\"st3\" width=\"67.44\" height=\"67.44\"\/>\n\t<rect x=\"1.8\" y=\"202.81\" class=\"st1\" width=\"67.44\" height=\"67.44\"\/>\n\t<rect x=\"69.24\" y=\"270.83\" class=\"st2\" width=\"67.44\" height=\"67.44\"\/>\n\t<rect x=\"410.55\" y=\"270.57\" class=\"st1\" width=\"67.44\" height=\"67.44\"\/>\n\t<rect x=\"545.43\" y=\"270.57\" class=\"st1\" width=\"67.44\" height=\"67.44\"\/>\n\t<rect x=\"680.44\" y=\"270.57\" class=\"st2\" width=\"67.44\" height=\"67.44\"\/>\n\t<rect x=\"815.3\" y=\"270.57\" class=\"st1\" width=\"67.44\" height=\"67.44\"\/>\n\t<rect x=\"950.11\" y=\"270.57\" class=\"st2\" width=\"67.44\" height=\"67.44\"\/>\n\t<rect x=\"1017.41\" y=\"270.57\" class=\"st4\" width=\"67.44\" height=\"67.44\"\/>\n\t<rect x=\"1017.41\" y=\"338.01\" class=\"st2\" width=\"67.44\" height=\"67.44\"\/>\n\t<rect x=\"882.5\" y=\"338.16\" class=\"st2\" width=\"67.44\" height=\"67.44\"\/>\n\t<rect x=\"747.86\" y=\"338.16\" class=\"st1\" width=\"67.44\" height=\"67.44\"\/>\n\t<rect x=\"612.87\" y=\"338.16\" class=\"st2\" width=\"67.44\" height=\"67.44\"\/>\n\t<rect x=\"271.44\" y=\"338.01\" class=\"st1\" width=\"67.44\" height=\"67.44\"\/>\n\t<rect x=\"136.7\" y=\"405.75\" class=\"st3\" width=\"67.44\" height=\"67.44\"\/>\n\t<rect x=\"407.3\" y=\"405.6\" class=\"st3\" width=\"67.44\" height=\"67.44\"\/>\n\t<rect x=\"815.06\" y=\"405.6\" class=\"st2\" width=\"67.44\" height=\"67.44\"\/>\n\t<rect x=\"950.11\" y=\"405.6\" class=\"st1\" width=\"67.44\" height=\"67.44\"\/>\n\t<rect x=\"1017.41\" y=\"473.04\" class=\"st1\" width=\"67.44\" height=\"67.44\"\/>\n\t<rect x=\"882.5\" y=\"473.04\" class=\"st1\" width=\"67.44\" height=\"67.44\"\/>\n\t<rect x=\"747.62\" y=\"473.04\" class=\"st1\" width=\"67.44\" height=\"67.44\"\/>\n\t<rect x=\"611.17\" y=\"473.04\" class=\"st4\" width=\"67.44\" height=\"67.44\"\/>\n\t<rect y=\"475.55\" class=\"st1\" width=\"67.44\" height=\"67.44\"\/>\n\t<rect x=\"410.55\" y=\"135.45\" class=\"st4\" width=\"67.44\" height=\"67.44\"\/>\n\t<rect x=\"680.42\" y=\"135.17\" class=\"st1\" width=\"67.44\" height=\"67.44\"\/>\n\t<rect x=\"815.23\" y=\"135.36\" class=\"st1\" width=\"67.44\" height=\"67.44\"\/>\n\t<rect x=\"950.12\" y=\"135.36\" class=\"st4\" width=\"67.44\" height=\"67.44\"\/>\n\t<rect x=\"343.11\" y=\"202.81\" class=\"st3\" width=\"67.44\" height=\"67.44\"\/>\n\t<rect x=\"477.99\" y=\"202.81\" class=\"st2\" width=\"67.44\" height=\"67.44\"\/>\n\t<rect x=\"613\" y=\"202.81\" class=\"st4\" width=\"67.44\" height=\"67.44\"\/>\n\t<rect x=\"747.86\" y=\"202.74\" class=\"st2\" width=\"67.44\" height=\"67.44\"\/>\n\t<rect x=\"882.67\" y=\"202.8\" class=\"st2\" width=\"67.44\" height=\"67.44\"\/>\n\t<rect x=\"950.08\" y=\"540.48\" class=\"st2\" width=\"67.44\" height=\"67.44\"\/>\n\t<rect x=\"815.06\" y=\"540.48\" class=\"st2\" width=\"67.44\" height=\"67.44\"\/>\n\t<rect x=\"1017.41\" y=\"607.92\" class=\"st2\" width=\"67.44\" height=\"67.44\"\/>\n\t<rect x=\"882.44\" y=\"607.92\" class=\"st4\" width=\"67.44\" height=\"67.44\"\/>\n\t<rect x=\"747.62\" y=\"607.92\" class=\"st4\" width=\"67.44\" height=\"67.44\"\/>\n\t<rect x=\"950.06\" y=\"675.36\" class=\"st1\" width=\"67.44\" height=\"67.44\"\/>\n\t<rect x=\"815\" y=\"675.36\" class=\"st2\" width=\"67.44\" height=\"67.44\"\/>\n\t<rect x=\"680.18\" y=\"675.36\" class=\"st2\" width=\"67.44\" height=\"67.44\"\/>\n\t<rect x=\"882.7\" y=\"742.8\" class=\"st1\" width=\"67.44\" height=\"67.44\"\/>\n\t<rect x=\"1017.41\" y=\"742.8\" class=\"st2\" width=\"67.44\" height=\"67.44\"\/>\n\t<rect x=\"1017.41\" y=\"810.24\" class=\"st1\" width=\"67.44\" height=\"67.44\"\/>\n\t<rect x=\"950.06\" y=\"810.24\" class=\"st2\" width=\"67.44\" height=\"67.44\"\/>\n\t<rect x=\"950.06\" y=\"877.68\" class=\"st3\" width=\"67.44\" height=\"67.44\"\/>\n\t<rect x=\"882.62\" y=\"877.68\" class=\"st2\" width=\"67.44\" height=\"67.44\"\/>\n\t<rect x=\"747.66\" y=\"877.68\" class=\"st3\" width=\"67.44\" height=\"67.44\"\/>\n\t<rect x=\"680.22\" y=\"877.68\" class=\"st1\" width=\"67.44\" height=\"67.44\"\/>\n\t<rect x=\"815.06\" y=\"945.12\" class=\"st4\" width=\"67.44\" height=\"67.44\"\/>\n\t<rect x=\"747.66\" y=\"945.12\" class=\"st2\" width=\"67.44\" height=\"67.44\"\/>\n\t<rect x=\"1017.5\" y=\"945.12\" class=\"st4\" width=\"67.44\" height=\"67.44\"\/>\n\t<rect x=\"950.06\" y=\"945.12\" class=\"st2\" width=\"67.44\" height=\"67.44\"\/>\n\t<rect x=\"882.5\" y=\"1012.56\" class=\"st4\" width=\"67.44\" height=\"67.44\"\/>\n\t<rect x=\"1017.5\" y=\"1012.56\" class=\"st2\" width=\"67.44\" height=\"67.44\"\/>\n\t<rect x=\"545.3\" y=\"1012.56\" class=\"st4\" width=\"67.44\" height=\"67.44\"\/>\n\t<rect x=\"407.54\" y=\"1012.56\" class=\"st2\" width=\"67.44\" height=\"67.44\"\/>\n\t<rect x=\"815.06\" y=\"1012.56\" class=\"st2\" width=\"67.44\" height=\"67.44\"\/>\n\t<rect x=\"747.66\" y=\"1012.56\" class=\"st3\" width=\"67.44\" height=\"67.44\"\/>\n\t<rect x=\"680.18\" y=\"1012.56\" class=\"st2\" width=\"67.44\" height=\"67.44\"\/>\n\t<rect x=\"747.62\" y=\"742.8\" class=\"st2\" width=\"67.44\" height=\"67.44\"\/>\n\t<rect x=\"612.74\" y=\"742.8\" class=\"st4\" width=\"67.44\" height=\"67.44\"\/>\n\t<rect x=\"545.3\" y=\"877.68\" class=\"st2\" width=\"67.44\" height=\"67.44\"\/>\n\t<rect x=\"612.74\" y=\"945.12\" class=\"st4\" width=\"67.44\" height=\"67.44\"\/>\n<\/g>\n<\/svg>\n  <div class=\"grid-container simple-fade\">\n    <div class=\"grid-x grid-padding-x align-middle\">\n      <div class=\"cell medium-6 \">\n\t\t  \t\t\t  <img decoding=\"async\" src=\"https:\/\/www.canarie.ca\/wp-content\/uploads\/2021\/01\/enterdent-web-image.png\" alt=\"\">\n\t\t        <\/div>\n      <div class=\"cell medium-6  text-left text-cell \">\n  \t\t  \t\t          <h1 class=\"cssanimation leFadeIn\">Enterprise Dental Management Systemsv<\/h1>\n  \t\t  \t\t                  <p class=\"subtitle fade-in-delay\">Plaidoyer pour un nuage<\/p>\n                          <div class=\"fade-in-delay text-cell-text\"><p><strong>Peter Evans, pr\u00e9sident<\/strong><\/p>\n<\/div>\n                      <\/div>\n    <\/div>\n  <\/div>\n<\/section>\n\n\n\n\n\n<section class=\"section section--text-columns no-background\">\n    <div class=\"grid-container\">\n      <div class=\"grid-x grid-padding-x\">\n        <div class=\"cell\">\n                  \t<h3>Quel \u00e9tait le probl\u00e8me?<\/h3>\n                    <p>La plateforme EDMS int\u00e8gre les donn\u00e9es venant de cliniques qui utilisent des logiciels de m\u00e9decine dentaire disparates. Depuis dix ans, la dentisterie d\u2019entreprise est devenue la norme en m\u00e9decine dentaire. Aujourd\u2019hui, de grandes entreprises dirigent un certain nombre de cliniques dentaires, alors qu\u2019autrefois, un dentiste ou un groupe de dentistes exploitaient leur propre clinique. G\u00e9rer et interpr\u00e9ter les donn\u00e9es issues du large \u00e9ventail de syst\u00e8mes employ\u00e9s dans ces cliniques devient un probl\u00e8me de taille pour la soci\u00e9t\u00e9 qui en est propri\u00e9taire. Gr\u00e2ce \u00e0 notre solution, les gestionnaires int\u00e8grent les donn\u00e9es actuelles sur les cliniques, peu importe le logiciel de m\u00e9decine dentaire qu\u2019elles utilisent. En servant de plateforme commune pour la pr\u00e9sentation des rapports, EDMS offre \u00e0 ces entreprises un moyen pour soutenir la prise de d\u00e9cisions et mieux planifier l\u2019avenir non seulement des cliniques individuelles, mais aussi de la soci\u00e9t\u00e9 proprement dite. EDMS avait besoin d\u2019une plateforme pour d\u00e9velopper et tester sa solution, ainsi que pour v\u00e9rifier l\u2019int\u00e9gration de nouvelles donn\u00e9es cliniques, qu\u2019il fallait garder s\u00e9par\u00e9es des serveurs de production.<\/p>\n                  <\/div>\n      <\/div>\n    <\/div>\n  <\/section>\n\n\n<blockquote class=\"wp-block-quote is-layout-flow wp-block-quote-is-layout-flow\"><p><strong>D\u2019ici 2020, 78 % des petites entreprises seront pass\u00e9es \u00e0 l\u2019infonuagique.<sup>1<\/sup>&nbsp;<\/strong><\/p><\/blockquote>\n\n\n\n<section class=\"section section--text-columns no-background\">\n    <div class=\"grid-container\">\n      <div class=\"grid-x grid-padding-x\">\n        <div class=\"cell\">\n                  \t<h3>\u00c0 quelles solutions a-t-on song\u00e9?<\/h3>\n                    <p>En tant que jeune entreprise, nous devons surveiller de pr\u00e8s nos d\u00e9penses. De plus, puisque notre solution n\u00e9cessite l\u2019acc\u00e8s aux donn\u00e9es sur les patients, nous \u00e9tions oblig\u00e9s de garder l\u2019information au Canada. Nos options \u00e9taient donc limit\u00e9es.<\/p>\n                  <\/div>\n      <\/div>\n    <\/div>\n  <\/section>\n\n\n<section class=\"section section--text-columns no-background\">\n    <div class=\"grid-container\">\n      <div class=\"grid-x grid-padding-x\">\n        <div class=\"cell\">\n                  \t<h3>Laquelle a \u00e9t\u00e9 retenue?<\/h3>\n                    <p>L\u2019ATIR s\u2019est r\u00e9v\u00e9l\u00e9 la solution id\u00e9ale. Les donn\u00e9es demeurent au Canada et l\u2019infrastructure est assez puissante pour en g\u00e9rer de grosses masses. Nous pouvons effectuer des d\u00e9monstrations impressionnantes aupr\u00e8s de clients \u00e9ventuels et leur illustrer la puissance de notre solution tout en poursuivant le d\u00e9veloppement de cette derni\u00e8re et en testant les m\u00e9thodes d\u2019int\u00e9gration avec une quantit\u00e9 volumineuse de donn\u00e9es.<\/p>\n                  <\/div>\n      <\/div>\n    <\/div>\n  <\/section>\n\n\n<section class=\"section section--text-columns no-background\">\n    <div class=\"grid-container\">\n      <div class=\"grid-x grid-padding-x\">\n        <div class=\"cell\">\n                  \t<h3>R\u00e9sultat?<\/h3>\n                    <p>Nous avons commenc\u00e9 des essais avec quelques-uns des plus grands propri\u00e9taires de cliniques dentaires du Canada et amorc\u00e9 des discussions avec certains joueurs majeurs des \u00c9tats-Unis. Nous continuons de d\u00e9velopper notre solution en vue d\u2019y ajouter un module qui mod\u00e9lisera les pr\u00e9visions, ce qui en accro\u00eetra consid\u00e9rablement la valeur.<\/p>\n<p><sup data-rich-text-format-boundary=\"true\">1<\/sup>\u00a0<a href=\"http:\/\/cloudtweaks.com\/2015\/04\/cloud-infographic-guide-to-small-business-cloud-computing\/\" target=\"_blank\" rel=\"noreferrer noopener\">http:\/\/cloudtweaks.com\/2015\/04\/cloud-infographic-guide-to-small-business-cloud-computing\/<\/a><\/p>\n                  <\/div>\n      <\/div>\n    <\/div>\n  <\/section>\n\n\n<section class=\"section section--quick-links\">\n    <div class=\"grid-container\">\n      <div class=\"grid-x grid-padding-x\">\n        <div class=\"cell\">\n                  \t<h2>Liens rapides:<\/h2>\n                                <div class=\"wp-block-buttons\">\n                \t\t\t\t  \t<a class=\"button wp-block-button__link\" href=\"https:\/\/canarie.limequery.org\/381368?lang=fr\" target=\"_blank\">Appliquer \u00e0 ATIR<\/a><br>\n    \t\t\t        \t\t\t\t  \t<a class=\"button wp-block-button__link\" href=\"https:\/\/edmsdental.com\/\" target=\"_blank\">Site Web de l\u2019entreprise<\/a><br>\n    \t\t\t        \t\t\t  <\/div>\n    \t\t\t          <\/div>\n      <\/div>\n    <\/div>\n  <\/section>\n\n\n<section class=\"section section--resources\">\n  <div class=\"grid-container text-center\">\n        \t<p class=\"subtitle\">Ressources suppl\u00e9mentaires<\/p>\n              <ul class=\"resource-links\">\n                <li>\n            <a href=\"https:\/\/www.canarie.ca\/wp-content\/uploads\/2021\/01\/Etude-de-cas-ATIR-Enterdent.pdf\" target=\"_blank\">\n              <img decoding=\"async\" src=\"https:\/\/www.canarie.ca\/wp-content\/themes\/canarie\/img\/icon-pdf.svg\" alt=\"\">\n              <span>L\u2019\u00e9tude de cas &#8211; EDMS<\/span>\n            <\/a>\n          <\/li>\n                    <li>\n            <a href=\"https:\/\/www.canarie.ca\/wp-content\/uploads\/2021\/01\/Fiche-dinformation-Nuage-de-lATIR-Batisseurs_fr.pdf\" target=\"_blank\">\n              <img decoding=\"async\" src=\"https:\/\/www.canarie.ca\/wp-content\/themes\/canarie\/img\/icon-pdf.svg\" alt=\"\">\n              <span>Fiche d\u2019information de l\u2019ATIR<\/span>\n            <\/a>\n          <\/li>\n                  <\/ul>\n          \n  <\/div>\n<\/section>\n  ","protected":false},"excerpt":{"rendered":"<p>D\u2019ici 2020, 78 % des petites entreprises seront pass\u00e9es \u00e0 l\u2019infonuagique.1&nbsp;<\/p>\n","protected":false},"author":3,"featured_media":4211,"parent":7927,"menu_order":0,"comment_status":"closed","ping_status":"closed","template":"","meta":{"_acf_changed":false,"footnotes":""},"class_list":["post-7942","page","type-page","status-publish","has-post-thumbnail","hentry"],"acf":[],"yoast_head":"<!-- This site is optimized with the Yoast SEO plugin v27.4 - https:\/\/yoast.com\/product\/yoast-seo-wordpress\/ -->\n<title>Enterprise Dental Management Systems - CANARIE<\/title>\n<meta name=\"robots\" content=\"index, follow, max-snippet:-1, max-image-preview:large, max-video-preview:-1\" \/>\n<link rel=\"canonical\" href=\"https:\/\/www.canarie.ca\/fr\/nuagepage\/etudes-cas\/edms\/\" \/>\n<meta property=\"og:locale\" content=\"fr_FR\" \/>\n<meta property=\"og:type\" content=\"article\" \/>\n<meta property=\"og:title\" content=\"Enterprise Dental Management Systems - CANARIE\" \/>\n<meta property=\"og:description\" content=\"D\u2019ici 2020, 78 % des petites entreprises seront pass\u00e9es \u00e0 l\u2019infonuagique.1&nbsp;\" \/>\n<meta property=\"og:url\" content=\"https:\/\/www.canarie.ca\/fr\/nuagepage\/etudes-cas\/edms\/\" \/>\n<meta property=\"og:site_name\" content=\"CANARIE\" \/>\n<meta property=\"article:modified_time\" content=\"2021-03-26T15:14:15+00:00\" \/>\n<meta property=\"og:image\" content=\"https:\/\/www.canarie.ca\/wp-content\/uploads\/2021\/01\/enterdent-web-image.png\" \/>\n\t<meta property=\"og:image:width\" content=\"998\" \/>\n\t<meta property=\"og:image:height\" content=\"379\" \/>\n\t<meta property=\"og:image:type\" content=\"image\/png\" \/>\n<meta name=\"twitter:card\" content=\"summary_large_image\" \/>\n<script type=\"application\/ld+json\" class=\"yoast-schema-graph\">{\"@context\":\"https:\\\/\\\/schema.org\",\"@graph\":[{\"@type\":\"WebPage\",\"@id\":\"https:\\\/\\\/www.canarie.ca\\\/fr\\\/nuagepage\\\/etudes-cas\\\/edms\\\/\",\"url\":\"https:\\\/\\\/www.canarie.ca\\\/fr\\\/nuagepage\\\/etudes-cas\\\/edms\\\/\",\"name\":\"Enterprise Dental Management Systems - CANARIE\",\"isPartOf\":{\"@id\":\"https:\\\/\\\/www.canarie.ca\\\/#website\"},\"primaryImageOfPage\":{\"@id\":\"https:\\\/\\\/www.canarie.ca\\\/fr\\\/nuagepage\\\/etudes-cas\\\/edms\\\/#primaryimage\"},\"image\":{\"@id\":\"https:\\\/\\\/www.canarie.ca\\\/fr\\\/nuagepage\\\/etudes-cas\\\/edms\\\/#primaryimage\"},\"thumbnailUrl\":\"https:\\\/\\\/www.canarie.ca\\\/wp-content\\\/uploads\\\/2021\\\/01\\\/enterdent-web-image.png\",\"datePublished\":\"2021-01-21T18:11:12+00:00\",\"dateModified\":\"2021-03-26T15:14:15+00:00\",\"breadcrumb\":{\"@id\":\"https:\\\/\\\/www.canarie.ca\\\/fr\\\/nuagepage\\\/etudes-cas\\\/edms\\\/#breadcrumb\"},\"inLanguage\":\"fr-FR\",\"potentialAction\":[{\"@type\":\"ReadAction\",\"target\":[\"https:\\\/\\\/www.canarie.ca\\\/fr\\\/nuagepage\\\/etudes-cas\\\/edms\\\/\"]}]},{\"@type\":\"ImageObject\",\"inLanguage\":\"fr-FR\",\"@id\":\"https:\\\/\\\/www.canarie.ca\\\/fr\\\/nuagepage\\\/etudes-cas\\\/edms\\\/#primaryimage\",\"url\":\"https:\\\/\\\/www.canarie.ca\\\/wp-content\\\/uploads\\\/2021\\\/01\\\/enterdent-web-image.png\",\"contentUrl\":\"https:\\\/\\\/www.canarie.ca\\\/wp-content\\\/uploads\\\/2021\\\/01\\\/enterdent-web-image.png\",\"width\":998,\"height\":379},{\"@type\":\"BreadcrumbList\",\"@id\":\"https:\\\/\\\/www.canarie.ca\\\/fr\\\/nuagepage\\\/etudes-cas\\\/edms\\\/#breadcrumb\",\"itemListElement\":[{\"@type\":\"ListItem\",\"position\":1,\"name\":\"Accueil\",\"item\":\"https:\\\/\\\/www.canarie.ca\\\/fr\\\/homepage\\\/\"},{\"@type\":\"ListItem\",\"position\":2,\"name\":\"Programme \u00ab Nuage de l\u2019ATIR \u00bb\",\"item\":\"https:\\\/\\\/www.canarie.ca\\\/fr\\\/?page_id=6512\"},{\"@type\":\"ListItem\",\"position\":3,\"name\":\"\u00c9tudes de cas\",\"item\":\"https:\\\/\\\/www.canarie.ca\\\/fr\\\/nuagepage\\\/etudes-cas\\\/\"},{\"@type\":\"ListItem\",\"position\":4,\"name\":\"Enterprise Dental Management Systems\"}]},{\"@type\":\"WebSite\",\"@id\":\"https:\\\/\\\/www.canarie.ca\\\/#website\",\"url\":\"https:\\\/\\\/www.canarie.ca\\\/\",\"name\":\"CANARIE\",\"description\":\"\",\"potentialAction\":[{\"@type\":\"SearchAction\",\"target\":{\"@type\":\"EntryPoint\",\"urlTemplate\":\"https:\\\/\\\/www.canarie.ca\\\/?s={search_term_string}\"},\"query-input\":{\"@type\":\"PropertyValueSpecification\",\"valueRequired\":true,\"valueName\":\"search_term_string\"}}],\"inLanguage\":\"fr-FR\"}]}<\/script>\n<!-- \/ Yoast SEO plugin. -->","yoast_head_json":{"title":"Enterprise Dental Management Systems - CANARIE","robots":{"index":"index","follow":"follow","max-snippet":"max-snippet:-1","max-image-preview":"max-image-preview:large","max-video-preview":"max-video-preview:-1"},"canonical":"https:\/\/www.canarie.ca\/fr\/nuagepage\/etudes-cas\/edms\/","og_locale":"fr_FR","og_type":"article","og_title":"Enterprise Dental Management Systems - CANARIE","og_description":"D\u2019ici 2020, 78 % des petites entreprises seront pass\u00e9es \u00e0 l\u2019infonuagique.1&nbsp;","og_url":"https:\/\/www.canarie.ca\/fr\/nuagepage\/etudes-cas\/edms\/","og_site_name":"CANARIE","article_modified_time":"2021-03-26T15:14:15+00:00","og_image":[{"width":998,"height":379,"url":"https:\/\/www.canarie.ca\/wp-content\/uploads\/2021\/01\/enterdent-web-image.png","type":"image\/png"}],"twitter_card":"summary_large_image","schema":{"@context":"https:\/\/schema.org","@graph":[{"@type":"WebPage","@id":"https:\/\/www.canarie.ca\/fr\/nuagepage\/etudes-cas\/edms\/","url":"https:\/\/www.canarie.ca\/fr\/nuagepage\/etudes-cas\/edms\/","name":"Enterprise Dental Management Systems - CANARIE","isPartOf":{"@id":"https:\/\/www.canarie.ca\/#website"},"primaryImageOfPage":{"@id":"https:\/\/www.canarie.ca\/fr\/nuagepage\/etudes-cas\/edms\/#primaryimage"},"image":{"@id":"https:\/\/www.canarie.ca\/fr\/nuagepage\/etudes-cas\/edms\/#primaryimage"},"thumbnailUrl":"https:\/\/www.canarie.ca\/wp-content\/uploads\/2021\/01\/enterdent-web-image.png","datePublished":"2021-01-21T18:11:12+00:00","dateModified":"2021-03-26T15:14:15+00:00","breadcrumb":{"@id":"https:\/\/www.canarie.ca\/fr\/nuagepage\/etudes-cas\/edms\/#breadcrumb"},"inLanguage":"fr-FR","potentialAction":[{"@type":"ReadAction","target":["https:\/\/www.canarie.ca\/fr\/nuagepage\/etudes-cas\/edms\/"]}]},{"@type":"ImageObject","inLanguage":"fr-FR","@id":"https:\/\/www.canarie.ca\/fr\/nuagepage\/etudes-cas\/edms\/#primaryimage","url":"https:\/\/www.canarie.ca\/wp-content\/uploads\/2021\/01\/enterdent-web-image.png","contentUrl":"https:\/\/www.canarie.ca\/wp-content\/uploads\/2021\/01\/enterdent-web-image.png","width":998,"height":379},{"@type":"BreadcrumbList","@id":"https:\/\/www.canarie.ca\/fr\/nuagepage\/etudes-cas\/edms\/#breadcrumb","itemListElement":[{"@type":"ListItem","position":1,"name":"Accueil","item":"https:\/\/www.canarie.ca\/fr\/homepage\/"},{"@type":"ListItem","position":2,"name":"Programme \u00ab Nuage de l\u2019ATIR \u00bb","item":"https:\/\/www.canarie.ca\/fr\/?page_id=6512"},{"@type":"ListItem","position":3,"name":"\u00c9tudes de cas","item":"https:\/\/www.canarie.ca\/fr\/nuagepage\/etudes-cas\/"},{"@type":"ListItem","position":4,"name":"Enterprise Dental Management Systems"}]},{"@type":"WebSite","@id":"https:\/\/www.canarie.ca\/#website","url":"https:\/\/www.canarie.ca\/","name":"CANARIE","description":"","potentialAction":[{"@type":"SearchAction","target":{"@type":"EntryPoint","urlTemplate":"https:\/\/www.canarie.ca\/?s={search_term_string}"},"query-input":{"@type":"PropertyValueSpecification","valueRequired":true,"valueName":"search_term_string"}}],"inLanguage":"fr-FR"}]}},"_links":{"self":[{"href":"https:\/\/www.canarie.ca\/fr\/wp-json\/wp\/v2\/pages\/7942","targetHints":{"allow":["GET"]}}],"collection":[{"href":"https:\/\/www.canarie.ca\/fr\/wp-json\/wp\/v2\/pages"}],"about":[{"href":"https:\/\/www.canarie.ca\/fr\/wp-json\/wp\/v2\/types\/page"}],"author":[{"embeddable":true,"href":"https:\/\/www.canarie.ca\/fr\/wp-json\/wp\/v2\/users\/3"}],"replies":[{"embeddable":true,"href":"https:\/\/www.canarie.ca\/fr\/wp-json\/wp\/v2\/comments?post=7942"}],"version-history":[{"count":0,"href":"https:\/\/www.canarie.ca\/fr\/wp-json\/wp\/v2\/pages\/7942\/revisions"}],"up":[{"embeddable":true,"href":"https:\/\/www.canarie.ca\/fr\/wp-json\/wp\/v2\/pages\/7927"}],"wp:featuredmedia":[{"embeddable":true,"href":"https:\/\/www.canarie.ca\/fr\/wp-json\/wp\/v2\/media\/4211"}],"wp:attachment":[{"href":"https:\/\/www.canarie.ca\/fr\/wp-json\/wp\/v2\/media?parent=7942"}],"curies":[{"name":"wp","href":"https:\/\/api.w.org\/{rel}","templated":true}]}}