{"id":7984,"date":"2021-01-21T13:34:52","date_gmt":"2021-01-21T18:34:52","guid":{"rendered":"https:\/\/canarie.machinedev.ca\/nuage\/etudes-cas\/etreatmd\/"},"modified":"2021-03-26T11:18:17","modified_gmt":"2021-03-26T15:18:17","slug":"etreatmd","status":"publish","type":"page","link":"https:\/\/www.canarie.ca\/fr\/nuagepage\/etudes-cas\/etreatmd\/","title":{"rendered":"eTreatMD"},"content":{"rendered":"\n\n<section class=\"section section--text-with-image  alignfull container squares-right\">\n  <svg version=\"1.1\" class=\"animated-square-graphic\" xmlns=\"http:\/\/www.w3.org\/2000\/svg\" xmlns:xlink=\"http:\/\/www.w3.org\/1999\/xlink\" x=\"0px\" y=\"0px\"\n\t viewBox=\"0 0 1084.85 1080\" style=\"enable-background:new 0 0 1084.85 1080;\" xml:space=\"preserve\">\n<style type=\"text\/css\">\n\t.st0{opacity:0.51;fill:#FEFEFE;}\n\t.st1{fill:#F4F4F5;}\n\t.st2{fill:#58C3D2;}\n\t.st3{fill:#E90D0B;}\n\t.st4{fill:#393D3F;}\n<\/style>\n<g>\n\t<path class=\"st0\" d=\"M275.09,0c0,20.92,0.02,41.84-0.04,62.75c-0.01,1.9,0.82,4.06-1.04,5.66c-1.33-1.48-1.49-3.32-1.5-5.17\n\t\tc-0.07-19.54-0.1-39.07,0.02-58.61c0.01-1,0.15-2,0.5-2.95c0.27-0.62,0.62-1.18,1.06-1.68C274.42,0,274.76,0,275.09,0z\"\/>\n\t<path class=\"st0\" d=\"M270.93,134.87c0,0.67,0,1.34,0,2.01c-1.96-0.21-3.39-1.13-2.71-3.24c0.6-1.87,2.15-2.92,4.31-2.71\n\t\tc21.9,2.09,43.85,0.35,65.77,0.92c-0.01,0.67-0.01,1.34-0.02,2.01c-1.73,0.94-3.6,0.46-5.4,0.47c-19.36,0.04-38.73,0.02-58.09,0.04\n\t\tC273.5,134.36,272.11,133.88,270.93,134.87z\"\/>\n\t<path class=\"st0\" d=\"M67.6,132.85c-0.22,2.23,0.79,3.24,3.02,3.02c-0.21,1.56-0.6,3.05-2.65,2.59c-1.53-0.34-2.62-1.44-2.96-2.96\n\t\tC64.55,133.46,66.04,133.06,67.6,132.85z\"\/>\n\t<path class=\"st0\" d=\"M270.93,134.87c0.15-0.9,0.44-1.31,1.6-1.31c21.92,0.15,43.84,0.21,65.76,0.29c-1.46,1.71-3.44,0.97-5.18,0.97\n\t\tC312.38,134.88,291.66,134.87,270.93,134.87z\"\/>\n\t<rect x=\"71.76\" y=\"67.43\" class=\"st1\" width=\"67.44\" height=\"67.44\"\/>\n\t<rect x=\"206.62\" class=\"st2\" width=\"67.44\" height=\"67.44\"\/>\n\t<rect x=\"410.45\" class=\"st2\" width=\"67.44\" height=\"67.44\"\/>\n\t<rect x=\"343.11\" y=\"67.73\" class=\"st2\" width=\"67.44\" height=\"67.44\"\/>\n\t<rect x=\"544.46\" y=\"0.06\" class=\"st1\" width=\"67.44\" height=\"67.44\"\/>\n\t<rect x=\"680.21\" class=\"st1\" width=\"67.44\" height=\"67.44\"\/>\n\t<rect x=\"815.09\" class=\"st1\" width=\"67.44\" height=\"67.44\"\/>\n\t<rect x=\"949.97\" class=\"st2\" width=\"67.44\" height=\"67.44\"\/>\n\t<rect x=\"477.89\" y=\"67.73\" class=\"st3\" width=\"67.44\" height=\"67.44\"\/>\n\t<rect x=\"612.77\" y=\"67.73\" class=\"st2\" width=\"67.44\" height=\"67.44\"\/>\n\t<rect x=\"747.65\" y=\"67.73\" class=\"st4\" width=\"67.44\" height=\"67.44\"\/>\n\t<rect x=\"882.53\" y=\"67.83\" class=\"st1\" width=\"67.44\" height=\"67.44\"\/>\n\t<rect x=\"1017.41\" y=\"67.73\" class=\"st2\" width=\"67.44\" height=\"67.44\"\/>\n\t<rect x=\"1017.41\" y=\"203.13\" class=\"st2\" width=\"67.44\" height=\"67.44\"\/>\n\t<rect x=\"275.67\" y=\"135.45\" class=\"st1\" width=\"67.44\" height=\"67.44\"\/>\n\t<rect x=\"208.23\" y=\"202.81\" class=\"st3\" width=\"67.44\" height=\"67.44\"\/>\n\t<rect x=\"1.8\" y=\"202.81\" class=\"st1\" width=\"67.44\" height=\"67.44\"\/>\n\t<rect x=\"69.24\" y=\"270.83\" class=\"st2\" width=\"67.44\" height=\"67.44\"\/>\n\t<rect x=\"410.55\" y=\"270.57\" class=\"st1\" width=\"67.44\" height=\"67.44\"\/>\n\t<rect x=\"545.43\" y=\"270.57\" class=\"st1\" width=\"67.44\" height=\"67.44\"\/>\n\t<rect x=\"680.44\" y=\"270.57\" class=\"st2\" width=\"67.44\" height=\"67.44\"\/>\n\t<rect x=\"815.3\" y=\"270.57\" class=\"st1\" width=\"67.44\" height=\"67.44\"\/>\n\t<rect x=\"950.11\" y=\"270.57\" class=\"st2\" width=\"67.44\" height=\"67.44\"\/>\n\t<rect x=\"1017.41\" y=\"270.57\" class=\"st4\" width=\"67.44\" height=\"67.44\"\/>\n\t<rect x=\"1017.41\" y=\"338.01\" class=\"st2\" width=\"67.44\" height=\"67.44\"\/>\n\t<rect x=\"882.5\" y=\"338.16\" class=\"st2\" width=\"67.44\" height=\"67.44\"\/>\n\t<rect x=\"747.86\" y=\"338.16\" class=\"st1\" width=\"67.44\" height=\"67.44\"\/>\n\t<rect x=\"612.87\" y=\"338.16\" class=\"st2\" width=\"67.44\" height=\"67.44\"\/>\n\t<rect x=\"271.44\" y=\"338.01\" class=\"st1\" width=\"67.44\" height=\"67.44\"\/>\n\t<rect x=\"136.7\" y=\"405.75\" class=\"st3\" width=\"67.44\" height=\"67.44\"\/>\n\t<rect x=\"407.3\" y=\"405.6\" class=\"st3\" width=\"67.44\" height=\"67.44\"\/>\n\t<rect x=\"815.06\" y=\"405.6\" class=\"st2\" width=\"67.44\" height=\"67.44\"\/>\n\t<rect x=\"950.11\" y=\"405.6\" class=\"st1\" width=\"67.44\" height=\"67.44\"\/>\n\t<rect x=\"1017.41\" y=\"473.04\" class=\"st1\" width=\"67.44\" height=\"67.44\"\/>\n\t<rect x=\"882.5\" y=\"473.04\" class=\"st1\" width=\"67.44\" height=\"67.44\"\/>\n\t<rect x=\"747.62\" y=\"473.04\" class=\"st1\" width=\"67.44\" height=\"67.44\"\/>\n\t<rect x=\"611.17\" y=\"473.04\" class=\"st4\" width=\"67.44\" height=\"67.44\"\/>\n\t<rect y=\"475.55\" class=\"st1\" width=\"67.44\" height=\"67.44\"\/>\n\t<rect x=\"410.55\" y=\"135.45\" class=\"st4\" width=\"67.44\" height=\"67.44\"\/>\n\t<rect x=\"680.42\" y=\"135.17\" class=\"st1\" width=\"67.44\" height=\"67.44\"\/>\n\t<rect x=\"815.23\" y=\"135.36\" class=\"st1\" width=\"67.44\" height=\"67.44\"\/>\n\t<rect x=\"950.12\" y=\"135.36\" class=\"st4\" width=\"67.44\" height=\"67.44\"\/>\n\t<rect x=\"343.11\" y=\"202.81\" class=\"st3\" width=\"67.44\" height=\"67.44\"\/>\n\t<rect x=\"477.99\" y=\"202.81\" class=\"st2\" width=\"67.44\" height=\"67.44\"\/>\n\t<rect x=\"613\" y=\"202.81\" class=\"st4\" width=\"67.44\" height=\"67.44\"\/>\n\t<rect x=\"747.86\" y=\"202.74\" class=\"st2\" width=\"67.44\" height=\"67.44\"\/>\n\t<rect x=\"882.67\" y=\"202.8\" class=\"st2\" width=\"67.44\" height=\"67.44\"\/>\n\t<rect x=\"950.08\" y=\"540.48\" class=\"st2\" width=\"67.44\" height=\"67.44\"\/>\n\t<rect x=\"815.06\" y=\"540.48\" class=\"st2\" width=\"67.44\" height=\"67.44\"\/>\n\t<rect x=\"1017.41\" y=\"607.92\" class=\"st2\" width=\"67.44\" height=\"67.44\"\/>\n\t<rect x=\"882.44\" y=\"607.92\" class=\"st4\" width=\"67.44\" height=\"67.44\"\/>\n\t<rect x=\"747.62\" y=\"607.92\" class=\"st4\" width=\"67.44\" height=\"67.44\"\/>\n\t<rect x=\"950.06\" y=\"675.36\" class=\"st1\" width=\"67.44\" height=\"67.44\"\/>\n\t<rect x=\"815\" y=\"675.36\" class=\"st2\" width=\"67.44\" height=\"67.44\"\/>\n\t<rect x=\"680.18\" y=\"675.36\" class=\"st2\" width=\"67.44\" height=\"67.44\"\/>\n\t<rect x=\"882.7\" y=\"742.8\" class=\"st1\" width=\"67.44\" height=\"67.44\"\/>\n\t<rect x=\"1017.41\" y=\"742.8\" class=\"st2\" width=\"67.44\" height=\"67.44\"\/>\n\t<rect x=\"1017.41\" y=\"810.24\" class=\"st1\" width=\"67.44\" height=\"67.44\"\/>\n\t<rect x=\"950.06\" y=\"810.24\" class=\"st2\" width=\"67.44\" height=\"67.44\"\/>\n\t<rect x=\"950.06\" y=\"877.68\" class=\"st3\" width=\"67.44\" height=\"67.44\"\/>\n\t<rect x=\"882.62\" y=\"877.68\" class=\"st2\" width=\"67.44\" height=\"67.44\"\/>\n\t<rect x=\"747.66\" y=\"877.68\" class=\"st3\" width=\"67.44\" height=\"67.44\"\/>\n\t<rect x=\"680.22\" y=\"877.68\" class=\"st1\" width=\"67.44\" height=\"67.44\"\/>\n\t<rect x=\"815.06\" y=\"945.12\" class=\"st4\" width=\"67.44\" height=\"67.44\"\/>\n\t<rect x=\"747.66\" y=\"945.12\" class=\"st2\" width=\"67.44\" height=\"67.44\"\/>\n\t<rect x=\"1017.5\" y=\"945.12\" class=\"st4\" width=\"67.44\" height=\"67.44\"\/>\n\t<rect x=\"950.06\" y=\"945.12\" class=\"st2\" width=\"67.44\" height=\"67.44\"\/>\n\t<rect x=\"882.5\" y=\"1012.56\" class=\"st4\" width=\"67.44\" height=\"67.44\"\/>\n\t<rect x=\"1017.5\" y=\"1012.56\" class=\"st2\" width=\"67.44\" height=\"67.44\"\/>\n\t<rect x=\"545.3\" y=\"1012.56\" class=\"st4\" width=\"67.44\" height=\"67.44\"\/>\n\t<rect x=\"407.54\" y=\"1012.56\" class=\"st2\" width=\"67.44\" height=\"67.44\"\/>\n\t<rect x=\"815.06\" y=\"1012.56\" class=\"st2\" width=\"67.44\" height=\"67.44\"\/>\n\t<rect x=\"747.66\" y=\"1012.56\" class=\"st3\" width=\"67.44\" height=\"67.44\"\/>\n\t<rect x=\"680.18\" y=\"1012.56\" class=\"st2\" width=\"67.44\" height=\"67.44\"\/>\n\t<rect x=\"747.62\" y=\"742.8\" class=\"st2\" width=\"67.44\" height=\"67.44\"\/>\n\t<rect x=\"612.74\" y=\"742.8\" class=\"st4\" width=\"67.44\" height=\"67.44\"\/>\n\t<rect x=\"545.3\" y=\"877.68\" class=\"st2\" width=\"67.44\" height=\"67.44\"\/>\n\t<rect x=\"612.74\" y=\"945.12\" class=\"st4\" width=\"67.44\" height=\"67.44\"\/>\n<\/g>\n<\/svg>\n  <div class=\"grid-container simple-fade\">\n    <div class=\"grid-x grid-padding-x align-middle\">\n      <div class=\"cell medium-5 \">\n\t\t  \t\t\t  <img decoding=\"async\" src=\"https:\/\/www.canarie.ca\/wp-content\/uploads\/2021\/01\/etreatmd-webimg.png\" alt=\"\">\n\t\t        <\/div>\n      <div class=\"cell medium-7  text-left text-cell \">\n  \t\t  \t\t          <h1 class=\"cssanimation leFadeIn\">eTreatMD<\/h1>\n  \t\t  \t\t                  <p class=\"subtitle fade-in-delay\">Plaidoyer pour un nuage<\/p>\n                          <div class=\"fade-in-delay text-cell-text\"><p><strong>Nick MacKinnon, fondateur et v.-p., strat\u00e9gie clinique<\/strong><\/p>\n<\/div>\n                      <\/div>\n    <\/div>\n  <\/div>\n<\/section>\n\n\n\n\n\n<section class=\"section section--text-columns no-background\">\n    <div class=\"grid-container\">\n      <div class=\"grid-x grid-padding-x\">\n        <div class=\"cell\">\n                  \t<h3>Quel \u00e9tait le probl\u00e8me?<\/h3>\n                    <p>Les personnes atteintes d\u2019arthrite chronique sont mal desservies par l\u2019industrie m\u00e9dicale. En effet, les capacit\u00e9s actuelles de suivi et le pi\u00e8tre acc\u00e8s aux donn\u00e9es signifient que les possibilit\u00e9s de traitement sont peu nombreuses. Parce qu\u2019elle se manifeste habituellement dans les tissus mous des articulations, l\u2019arthrite est difficile \u00e0 d\u00e9celer et \u00e0 analyser efficacement avec les technologies d\u2019imagerie m\u00e9dicale actuelles. Sans outils pour suivre avec pr\u00e9cision et en temps opportun la maladie et son \u00e9volution, le m\u00e9decin ne peut prescrire qu\u2019un traitement g\u00e9n\u00e9ral, mal adapt\u00e9 au patient.<\/p>\n                  <\/div>\n      <\/div>\n    <\/div>\n  <\/section>\n\n\n<section class=\"section section--text-columns no-background\">\n    <div class=\"grid-container\">\n      <div class=\"grid-x grid-padding-x\">\n        <div class=\"cell\">\n                  \t<h3>De quelle fa\u00e7on votre produit l\u2019a-t-il r\u00e9solu?<\/h3>\n                    <p>eTreat MD a cr\u00e9\u00e9 la plateforme LiveWithArthritis permettant de dispenser \u00e0 ceux souffrant d\u2019arthrite chronique un traitement individualis\u00e9 au bon moment. Cette application mobile transforme le t\u00e9l\u00e9phone intelligent du malade en outil personnel de gestion de l\u2019arthrite. La plateforme rassemble des donn\u00e9es sur le conditionnement physique, l\u2019alimentation, la pharmacoth\u00e9rapie et le traitement \u00e0 l\u2019intention du professionnel de la sant\u00e9. Ces donn\u00e9es concourent \u00e0 \u00e9laborer la th\u00e9rapie qui convient le mieux au malade. La plateforme offre \u00e9galement un service Web articul\u00e9 sur l\u2019intelligence artificielle qui analyse les images des mains et des pieds de la personne atteinte pour d\u00e9boucher sur une analyse et une visualisation puissantes de la maladie dans son \u00e9volution dont le m\u00e9decin traitant pourra se servir.<\/p>\n                  <\/div>\n      <\/div>\n    <\/div>\n  <\/section>\n\n\n<section class=\"section section--text-columns no-background\">\n    <div class=\"grid-container\">\n      <div class=\"grid-x grid-padding-x\">\n        <div class=\"cell\">\n                  \t<h3>De quelles ressources techniques aviez-vous besoin?<\/h3>\n                    <p>Tout d\u2019abord, nous avions besoin de ressources d\u2019infonuagique peu co\u00fbteuses sur lesquelles effectuer des essais, cr\u00e9er un prototype et perfectionner notre technologie de num\u00e9risation des images reposant sur l\u2019intelligence artificielle. Ensuite, nous avions besoin d\u2019une plateforme qu\u2019on pourrait transf\u00e9rer ais\u00e9ment \u00e0 un nuage commercial, une fois le produit au point. Finalement, il nous fallait une polyvalence ad\u00e9quate, car nous utilisons des ordinateurs Linux et Windows pour le d\u00e9veloppement.<\/p>\n                  <\/div>\n      <\/div>\n    <\/div>\n  <\/section>\n\n\n<section class=\"section section--text-columns no-background\">\n    <div class=\"grid-container\">\n      <div class=\"grid-x grid-padding-x\">\n        <div class=\"cell\">\n                  \t<h3>Pourquoi avoir choisi l\u2019ATIR?<\/h3>\n                    <p>D\u2019entr\u00e9e de jeu, nos d\u00e9veloppeurs ont \u00e9t\u00e9 ravis par la latitude que leur offrait l\u2019ATIR. L\u2019adaptabilit\u00e9, la facilit\u00e9 de transfert d\u2019un service d\u2019infonuagique \u00e0 l\u2019autre et la capacit\u00e9 d\u2019exploiter les syst\u00e8mes Windows et Linux \u00e9taient cruciales pour nous. Et difficile de trouver un meilleur prix que gratuit!<\/p>\n                  <\/div>\n      <\/div>\n    <\/div>\n  <\/section>\n\n\n<section class=\"section section--text-columns no-background\">\n    <div class=\"grid-container\">\n      <div class=\"grid-x grid-padding-x\">\n        <div class=\"cell\">\n                  \t<h3>Qu\u2019a apport\u00e9 l\u2019ATIR \u00e0 l\u2019entreprise?<\/h3>\n                    <p>En plus des \u00e9conomies, l\u2019ATIR nous a permis de raccourcir le traitement des donn\u00e9es de trois ou quatre jours \u00e0 trois heures, ce qui nous a \u00e9pargn\u00e9 d\u2019innombrables semaines de d\u00e9veloppement. L\u2019ATIR nous a aussi permis d\u2019effectuer des simulations dans des conditions r\u00e9elles sur de multiples serveurs pour v\u00e9rifier si notre solution pouvait \u00eatre mise \u00e0 l\u2019\u00e9chelle.<\/p>\n<p>Nous avons exploit\u00e9 les ressources de l\u2019ATIR pour cr\u00e9er un prototype que nous avons pr\u00e9sent\u00e9 \u00e0 des investisseurs potentiels ainsi qu\u2019\u00e0 Sant\u00e9 Canada en vue de son homologation.<\/p>\n                  <\/div>\n      <\/div>\n    <\/div>\n  <\/section>\n\n\n<section class=\"section section--text-columns no-background\">\n    <div class=\"grid-container\">\n      <div class=\"grid-x grid-padding-x\">\n        <div class=\"cell\">\n                  \t<h3>Qu\u2019en est-il ressorti?<\/h3>\n                    <p>Nous avons\u00a0<a href=\"https:\/\/www.nature.com\/articles\/srep04924\" target=\"_blank\" rel=\"noopener noreferrer\">publi\u00e9 les r\u00e9sultats de nos travaux<\/a>\u00a0et commen\u00e7ons \u00e0 chercher des investisseurs aux \u00c9tats-Unis apr\u00e8s le succ\u00e8s remport\u00e9 lors de l\u2019essai de la version b\u00eata au Canada.<\/p>\n                  <\/div>\n      <\/div>\n    <\/div>\n  <\/section>\n\n\n<section class=\"section section--quick-links\">\n    <div class=\"grid-container\">\n      <div class=\"grid-x grid-padding-x\">\n        <div class=\"cell\">\n                  \t<h2>Liens rapides:<\/h2>\n                                <div class=\"wp-block-buttons\">\n                \t\t\t\t  \t<a class=\"button wp-block-button__link\" href=\"https:\/\/canarie.limequery.org\/381368?lang=fr\" target=\"_blank\">Appliquer \u00e0 ATIR<\/a><br>\n    \t\t\t        \t\t\t\t  \t<a class=\"button wp-block-button__link\" href=\"http:\/\/etreatmd.com\/\" target=\"_blank\">Site Web de l\u2019entreprise<\/a><br>\n    \t\t\t        \t\t\t  <\/div>\n    \t\t\t          <\/div>\n      <\/div>\n    <\/div>\n  <\/section>\n\n\n<section class=\"section section--resources\">\n  <div class=\"grid-container text-center\">\n        \t<p class=\"subtitle\">Ressources suppl\u00e9mentaires<\/p>\n              <ul class=\"resource-links\">\n                <li>\n            <a href=\"https:\/\/www.canarie.ca\/wp-content\/uploads\/2021\/01\/Etude-de-cas-ATIR-eTreatMD.pdf\" target=\"_blank\">\n              <img decoding=\"async\" src=\"https:\/\/www.canarie.ca\/wp-content\/themes\/canarie\/img\/icon-pdf.svg\" alt=\"\">\n              <span>L\u2019\u00e9tude de cas &#8211; eTreatMD<\/span>\n            <\/a>\n          <\/li>\n                    <li>\n            <a href=\"https:\/\/www.canarie.ca\/wp-content\/uploads\/2021\/01\/Fiche-dinformation-Nuage-de-lATIR-Batisseurs_fr.pdf\" target=\"_blank\">\n              <img decoding=\"async\" src=\"https:\/\/www.canarie.ca\/wp-content\/themes\/canarie\/img\/icon-pdf.svg\" alt=\"\">\n              <span>Fiche d\u2019information de l\u2019ATIR<\/span>\n            <\/a>\n          <\/li>\n                  <\/ul>\n          \n  <\/div>\n<\/section>\n  ","protected":false},"excerpt":{"rendered":"","protected":false},"author":3,"featured_media":4243,"parent":7927,"menu_order":0,"comment_status":"closed","ping_status":"closed","template":"","meta":{"_acf_changed":false,"footnotes":""},"class_list":["post-7984","page","type-page","status-publish","has-post-thumbnail","hentry"],"acf":[],"yoast_head":"<!-- This site is optimized with the Yoast SEO plugin v27.4 - https:\/\/yoast.com\/product\/yoast-seo-wordpress\/ -->\n<title>eTreatMD - CANARIE<\/title>\n<meta name=\"robots\" content=\"index, follow, max-snippet:-1, max-image-preview:large, max-video-preview:-1\" \/>\n<link rel=\"canonical\" href=\"https:\/\/www.canarie.ca\/fr\/nuagepage\/etudes-cas\/etreatmd\/\" \/>\n<meta property=\"og:locale\" content=\"fr_FR\" \/>\n<meta property=\"og:type\" content=\"article\" \/>\n<meta property=\"og:title\" content=\"eTreatMD - CANARIE\" \/>\n<meta property=\"og:url\" content=\"https:\/\/www.canarie.ca\/fr\/nuagepage\/etudes-cas\/etreatmd\/\" \/>\n<meta property=\"og:site_name\" content=\"CANARIE\" \/>\n<meta property=\"article:modified_time\" content=\"2021-03-26T15:18:17+00:00\" \/>\n<meta property=\"og:image\" content=\"https:\/\/www.canarie.ca\/wp-content\/uploads\/2021\/01\/etreatmd-webimg.png\" \/>\n\t<meta property=\"og:image:width\" content=\"998\" \/>\n\t<meta property=\"og:image:height\" content=\"379\" \/>\n\t<meta property=\"og:image:type\" content=\"image\/png\" \/>\n<meta name=\"twitter:card\" content=\"summary_large_image\" \/>\n<script type=\"application\/ld+json\" class=\"yoast-schema-graph\">{\"@context\":\"https:\\\/\\\/schema.org\",\"@graph\":[{\"@type\":\"WebPage\",\"@id\":\"https:\\\/\\\/www.canarie.ca\\\/fr\\\/nuagepage\\\/etudes-cas\\\/etreatmd\\\/\",\"url\":\"https:\\\/\\\/www.canarie.ca\\\/fr\\\/nuagepage\\\/etudes-cas\\\/etreatmd\\\/\",\"name\":\"eTreatMD - CANARIE\",\"isPartOf\":{\"@id\":\"https:\\\/\\\/www.canarie.ca\\\/#website\"},\"primaryImageOfPage\":{\"@id\":\"https:\\\/\\\/www.canarie.ca\\\/fr\\\/nuagepage\\\/etudes-cas\\\/etreatmd\\\/#primaryimage\"},\"image\":{\"@id\":\"https:\\\/\\\/www.canarie.ca\\\/fr\\\/nuagepage\\\/etudes-cas\\\/etreatmd\\\/#primaryimage\"},\"thumbnailUrl\":\"https:\\\/\\\/www.canarie.ca\\\/wp-content\\\/uploads\\\/2021\\\/01\\\/etreatmd-webimg.png\",\"datePublished\":\"2021-01-21T18:34:52+00:00\",\"dateModified\":\"2021-03-26T15:18:17+00:00\",\"breadcrumb\":{\"@id\":\"https:\\\/\\\/www.canarie.ca\\\/fr\\\/nuagepage\\\/etudes-cas\\\/etreatmd\\\/#breadcrumb\"},\"inLanguage\":\"fr-FR\",\"potentialAction\":[{\"@type\":\"ReadAction\",\"target\":[\"https:\\\/\\\/www.canarie.ca\\\/fr\\\/nuagepage\\\/etudes-cas\\\/etreatmd\\\/\"]}]},{\"@type\":\"ImageObject\",\"inLanguage\":\"fr-FR\",\"@id\":\"https:\\\/\\\/www.canarie.ca\\\/fr\\\/nuagepage\\\/etudes-cas\\\/etreatmd\\\/#primaryimage\",\"url\":\"https:\\\/\\\/www.canarie.ca\\\/wp-content\\\/uploads\\\/2021\\\/01\\\/etreatmd-webimg.png\",\"contentUrl\":\"https:\\\/\\\/www.canarie.ca\\\/wp-content\\\/uploads\\\/2021\\\/01\\\/etreatmd-webimg.png\",\"width\":998,\"height\":379},{\"@type\":\"BreadcrumbList\",\"@id\":\"https:\\\/\\\/www.canarie.ca\\\/fr\\\/nuagepage\\\/etudes-cas\\\/etreatmd\\\/#breadcrumb\",\"itemListElement\":[{\"@type\":\"ListItem\",\"position\":1,\"name\":\"Accueil\",\"item\":\"https:\\\/\\\/www.canarie.ca\\\/fr\\\/homepage\\\/\"},{\"@type\":\"ListItem\",\"position\":2,\"name\":\"Programme \u00ab Nuage de l\u2019ATIR \u00bb\",\"item\":\"https:\\\/\\\/www.canarie.ca\\\/fr\\\/?page_id=6512\"},{\"@type\":\"ListItem\",\"position\":3,\"name\":\"\u00c9tudes de cas\",\"item\":\"https:\\\/\\\/www.canarie.ca\\\/fr\\\/nuagepage\\\/etudes-cas\\\/\"},{\"@type\":\"ListItem\",\"position\":4,\"name\":\"eTreatMD\"}]},{\"@type\":\"WebSite\",\"@id\":\"https:\\\/\\\/www.canarie.ca\\\/#website\",\"url\":\"https:\\\/\\\/www.canarie.ca\\\/\",\"name\":\"CANARIE\",\"description\":\"\",\"potentialAction\":[{\"@type\":\"SearchAction\",\"target\":{\"@type\":\"EntryPoint\",\"urlTemplate\":\"https:\\\/\\\/www.canarie.ca\\\/?s={search_term_string}\"},\"query-input\":{\"@type\":\"PropertyValueSpecification\",\"valueRequired\":true,\"valueName\":\"search_term_string\"}}],\"inLanguage\":\"fr-FR\"}]}<\/script>\n<!-- \/ Yoast SEO plugin. -->","yoast_head_json":{"title":"eTreatMD - CANARIE","robots":{"index":"index","follow":"follow","max-snippet":"max-snippet:-1","max-image-preview":"max-image-preview:large","max-video-preview":"max-video-preview:-1"},"canonical":"https:\/\/www.canarie.ca\/fr\/nuagepage\/etudes-cas\/etreatmd\/","og_locale":"fr_FR","og_type":"article","og_title":"eTreatMD - CANARIE","og_url":"https:\/\/www.canarie.ca\/fr\/nuagepage\/etudes-cas\/etreatmd\/","og_site_name":"CANARIE","article_modified_time":"2021-03-26T15:18:17+00:00","og_image":[{"width":998,"height":379,"url":"https:\/\/www.canarie.ca\/wp-content\/uploads\/2021\/01\/etreatmd-webimg.png","type":"image\/png"}],"twitter_card":"summary_large_image","schema":{"@context":"https:\/\/schema.org","@graph":[{"@type":"WebPage","@id":"https:\/\/www.canarie.ca\/fr\/nuagepage\/etudes-cas\/etreatmd\/","url":"https:\/\/www.canarie.ca\/fr\/nuagepage\/etudes-cas\/etreatmd\/","name":"eTreatMD - CANARIE","isPartOf":{"@id":"https:\/\/www.canarie.ca\/#website"},"primaryImageOfPage":{"@id":"https:\/\/www.canarie.ca\/fr\/nuagepage\/etudes-cas\/etreatmd\/#primaryimage"},"image":{"@id":"https:\/\/www.canarie.ca\/fr\/nuagepage\/etudes-cas\/etreatmd\/#primaryimage"},"thumbnailUrl":"https:\/\/www.canarie.ca\/wp-content\/uploads\/2021\/01\/etreatmd-webimg.png","datePublished":"2021-01-21T18:34:52+00:00","dateModified":"2021-03-26T15:18:17+00:00","breadcrumb":{"@id":"https:\/\/www.canarie.ca\/fr\/nuagepage\/etudes-cas\/etreatmd\/#breadcrumb"},"inLanguage":"fr-FR","potentialAction":[{"@type":"ReadAction","target":["https:\/\/www.canarie.ca\/fr\/nuagepage\/etudes-cas\/etreatmd\/"]}]},{"@type":"ImageObject","inLanguage":"fr-FR","@id":"https:\/\/www.canarie.ca\/fr\/nuagepage\/etudes-cas\/etreatmd\/#primaryimage","url":"https:\/\/www.canarie.ca\/wp-content\/uploads\/2021\/01\/etreatmd-webimg.png","contentUrl":"https:\/\/www.canarie.ca\/wp-content\/uploads\/2021\/01\/etreatmd-webimg.png","width":998,"height":379},{"@type":"BreadcrumbList","@id":"https:\/\/www.canarie.ca\/fr\/nuagepage\/etudes-cas\/etreatmd\/#breadcrumb","itemListElement":[{"@type":"ListItem","position":1,"name":"Accueil","item":"https:\/\/www.canarie.ca\/fr\/homepage\/"},{"@type":"ListItem","position":2,"name":"Programme \u00ab Nuage de l\u2019ATIR \u00bb","item":"https:\/\/www.canarie.ca\/fr\/?page_id=6512"},{"@type":"ListItem","position":3,"name":"\u00c9tudes de cas","item":"https:\/\/www.canarie.ca\/fr\/nuagepage\/etudes-cas\/"},{"@type":"ListItem","position":4,"name":"eTreatMD"}]},{"@type":"WebSite","@id":"https:\/\/www.canarie.ca\/#website","url":"https:\/\/www.canarie.ca\/","name":"CANARIE","description":"","potentialAction":[{"@type":"SearchAction","target":{"@type":"EntryPoint","urlTemplate":"https:\/\/www.canarie.ca\/?s={search_term_string}"},"query-input":{"@type":"PropertyValueSpecification","valueRequired":true,"valueName":"search_term_string"}}],"inLanguage":"fr-FR"}]}},"_links":{"self":[{"href":"https:\/\/www.canarie.ca\/fr\/wp-json\/wp\/v2\/pages\/7984","targetHints":{"allow":["GET"]}}],"collection":[{"href":"https:\/\/www.canarie.ca\/fr\/wp-json\/wp\/v2\/pages"}],"about":[{"href":"https:\/\/www.canarie.ca\/fr\/wp-json\/wp\/v2\/types\/page"}],"author":[{"embeddable":true,"href":"https:\/\/www.canarie.ca\/fr\/wp-json\/wp\/v2\/users\/3"}],"replies":[{"embeddable":true,"href":"https:\/\/www.canarie.ca\/fr\/wp-json\/wp\/v2\/comments?post=7984"}],"version-history":[{"count":0,"href":"https:\/\/www.canarie.ca\/fr\/wp-json\/wp\/v2\/pages\/7984\/revisions"}],"up":[{"embeddable":true,"href":"https:\/\/www.canarie.ca\/fr\/wp-json\/wp\/v2\/pages\/7927"}],"wp:featuredmedia":[{"embeddable":true,"href":"https:\/\/www.canarie.ca\/fr\/wp-json\/wp\/v2\/media\/4243"}],"wp:attachment":[{"href":"https:\/\/www.canarie.ca\/fr\/wp-json\/wp\/v2\/media?parent=7984"}],"curies":[{"name":"wp","href":"https:\/\/api.w.org\/{rel}","templated":true}]}}