{"id":7998,"date":"2021-01-25T13:46:51","date_gmt":"2021-01-25T18:46:51","guid":{"rendered":"https:\/\/canarie.machinedev.ca\/nuage\/etudes-cas\/rebel-technologies\/"},"modified":"2021-03-26T14:29:57","modified_gmt":"2021-03-26T18:29:57","slug":"rebel-technologies","status":"publish","type":"page","link":"https:\/\/www.canarie.ca\/fr\/nuagepage\/etudes-cas\/rebel-technologies\/","title":{"rendered":"Rebel Technologies"},"content":{"rendered":"\n\n<section class=\"section section--text-with-image  alignfull container squares-right\">\n  <svg version=\"1.1\" class=\"animated-square-graphic\" xmlns=\"http:\/\/www.w3.org\/2000\/svg\" xmlns:xlink=\"http:\/\/www.w3.org\/1999\/xlink\" x=\"0px\" y=\"0px\"\n\t viewBox=\"0 0 1084.85 1080\" style=\"enable-background:new 0 0 1084.85 1080;\" xml:space=\"preserve\">\n<style type=\"text\/css\">\n\t.st0{opacity:0.51;fill:#FEFEFE;}\n\t.st1{fill:#F4F4F5;}\n\t.st2{fill:#58C3D2;}\n\t.st3{fill:#E90D0B;}\n\t.st4{fill:#393D3F;}\n<\/style>\n<g>\n\t<path class=\"st0\" d=\"M275.09,0c0,20.92,0.02,41.84-0.04,62.75c-0.01,1.9,0.82,4.06-1.04,5.66c-1.33-1.48-1.49-3.32-1.5-5.17\n\t\tc-0.07-19.54-0.1-39.07,0.02-58.61c0.01-1,0.15-2,0.5-2.95c0.27-0.62,0.62-1.18,1.06-1.68C274.42,0,274.76,0,275.09,0z\"\/>\n\t<path class=\"st0\" d=\"M270.93,134.87c0,0.67,0,1.34,0,2.01c-1.96-0.21-3.39-1.13-2.71-3.24c0.6-1.87,2.15-2.92,4.31-2.71\n\t\tc21.9,2.09,43.85,0.35,65.77,0.92c-0.01,0.67-0.01,1.34-0.02,2.01c-1.73,0.94-3.6,0.46-5.4,0.47c-19.36,0.04-38.73,0.02-58.09,0.04\n\t\tC273.5,134.36,272.11,133.88,270.93,134.87z\"\/>\n\t<path class=\"st0\" d=\"M67.6,132.85c-0.22,2.23,0.79,3.24,3.02,3.02c-0.21,1.56-0.6,3.05-2.65,2.59c-1.53-0.34-2.62-1.44-2.96-2.96\n\t\tC64.55,133.46,66.04,133.06,67.6,132.85z\"\/>\n\t<path class=\"st0\" d=\"M270.93,134.87c0.15-0.9,0.44-1.31,1.6-1.31c21.92,0.15,43.84,0.21,65.76,0.29c-1.46,1.71-3.44,0.97-5.18,0.97\n\t\tC312.38,134.88,291.66,134.87,270.93,134.87z\"\/>\n\t<rect x=\"71.76\" y=\"67.43\" class=\"st1\" width=\"67.44\" height=\"67.44\"\/>\n\t<rect x=\"206.62\" class=\"st2\" width=\"67.44\" height=\"67.44\"\/>\n\t<rect x=\"410.45\" class=\"st2\" width=\"67.44\" height=\"67.44\"\/>\n\t<rect x=\"343.11\" y=\"67.73\" class=\"st2\" width=\"67.44\" height=\"67.44\"\/>\n\t<rect x=\"544.46\" y=\"0.06\" class=\"st1\" width=\"67.44\" height=\"67.44\"\/>\n\t<rect x=\"680.21\" class=\"st1\" width=\"67.44\" height=\"67.44\"\/>\n\t<rect x=\"815.09\" class=\"st1\" width=\"67.44\" height=\"67.44\"\/>\n\t<rect x=\"949.97\" class=\"st2\" width=\"67.44\" height=\"67.44\"\/>\n\t<rect x=\"477.89\" y=\"67.73\" class=\"st3\" width=\"67.44\" height=\"67.44\"\/>\n\t<rect x=\"612.77\" y=\"67.73\" class=\"st2\" width=\"67.44\" height=\"67.44\"\/>\n\t<rect x=\"747.65\" y=\"67.73\" class=\"st4\" width=\"67.44\" height=\"67.44\"\/>\n\t<rect x=\"882.53\" y=\"67.83\" class=\"st1\" width=\"67.44\" height=\"67.44\"\/>\n\t<rect x=\"1017.41\" y=\"67.73\" class=\"st2\" width=\"67.44\" height=\"67.44\"\/>\n\t<rect x=\"1017.41\" y=\"203.13\" class=\"st2\" width=\"67.44\" height=\"67.44\"\/>\n\t<rect x=\"275.67\" y=\"135.45\" class=\"st1\" width=\"67.44\" height=\"67.44\"\/>\n\t<rect x=\"208.23\" y=\"202.81\" class=\"st3\" width=\"67.44\" height=\"67.44\"\/>\n\t<rect x=\"1.8\" y=\"202.81\" class=\"st1\" width=\"67.44\" height=\"67.44\"\/>\n\t<rect x=\"69.24\" y=\"270.83\" class=\"st2\" width=\"67.44\" height=\"67.44\"\/>\n\t<rect x=\"410.55\" y=\"270.57\" class=\"st1\" width=\"67.44\" height=\"67.44\"\/>\n\t<rect x=\"545.43\" y=\"270.57\" class=\"st1\" width=\"67.44\" height=\"67.44\"\/>\n\t<rect x=\"680.44\" y=\"270.57\" class=\"st2\" width=\"67.44\" height=\"67.44\"\/>\n\t<rect x=\"815.3\" y=\"270.57\" class=\"st1\" width=\"67.44\" height=\"67.44\"\/>\n\t<rect x=\"950.11\" y=\"270.57\" class=\"st2\" width=\"67.44\" height=\"67.44\"\/>\n\t<rect x=\"1017.41\" y=\"270.57\" class=\"st4\" width=\"67.44\" height=\"67.44\"\/>\n\t<rect x=\"1017.41\" y=\"338.01\" class=\"st2\" width=\"67.44\" height=\"67.44\"\/>\n\t<rect x=\"882.5\" y=\"338.16\" class=\"st2\" width=\"67.44\" height=\"67.44\"\/>\n\t<rect x=\"747.86\" y=\"338.16\" class=\"st1\" width=\"67.44\" height=\"67.44\"\/>\n\t<rect x=\"612.87\" y=\"338.16\" class=\"st2\" width=\"67.44\" height=\"67.44\"\/>\n\t<rect x=\"271.44\" y=\"338.01\" class=\"st1\" width=\"67.44\" height=\"67.44\"\/>\n\t<rect x=\"136.7\" y=\"405.75\" class=\"st3\" width=\"67.44\" height=\"67.44\"\/>\n\t<rect x=\"407.3\" y=\"405.6\" class=\"st3\" width=\"67.44\" height=\"67.44\"\/>\n\t<rect x=\"815.06\" y=\"405.6\" class=\"st2\" width=\"67.44\" height=\"67.44\"\/>\n\t<rect x=\"950.11\" y=\"405.6\" class=\"st1\" width=\"67.44\" height=\"67.44\"\/>\n\t<rect x=\"1017.41\" y=\"473.04\" class=\"st1\" width=\"67.44\" height=\"67.44\"\/>\n\t<rect x=\"882.5\" y=\"473.04\" class=\"st1\" width=\"67.44\" height=\"67.44\"\/>\n\t<rect x=\"747.62\" y=\"473.04\" class=\"st1\" width=\"67.44\" height=\"67.44\"\/>\n\t<rect x=\"611.17\" y=\"473.04\" class=\"st4\" width=\"67.44\" height=\"67.44\"\/>\n\t<rect y=\"475.55\" class=\"st1\" width=\"67.44\" height=\"67.44\"\/>\n\t<rect x=\"410.55\" y=\"135.45\" class=\"st4\" width=\"67.44\" height=\"67.44\"\/>\n\t<rect x=\"680.42\" y=\"135.17\" class=\"st1\" width=\"67.44\" height=\"67.44\"\/>\n\t<rect x=\"815.23\" y=\"135.36\" class=\"st1\" width=\"67.44\" height=\"67.44\"\/>\n\t<rect x=\"950.12\" y=\"135.36\" class=\"st4\" width=\"67.44\" height=\"67.44\"\/>\n\t<rect x=\"343.11\" y=\"202.81\" class=\"st3\" width=\"67.44\" height=\"67.44\"\/>\n\t<rect x=\"477.99\" y=\"202.81\" class=\"st2\" width=\"67.44\" height=\"67.44\"\/>\n\t<rect x=\"613\" y=\"202.81\" class=\"st4\" width=\"67.44\" height=\"67.44\"\/>\n\t<rect x=\"747.86\" y=\"202.74\" class=\"st2\" width=\"67.44\" height=\"67.44\"\/>\n\t<rect x=\"882.67\" y=\"202.8\" class=\"st2\" width=\"67.44\" height=\"67.44\"\/>\n\t<rect x=\"950.08\" y=\"540.48\" class=\"st2\" width=\"67.44\" height=\"67.44\"\/>\n\t<rect x=\"815.06\" y=\"540.48\" class=\"st2\" width=\"67.44\" height=\"67.44\"\/>\n\t<rect x=\"1017.41\" y=\"607.92\" class=\"st2\" width=\"67.44\" height=\"67.44\"\/>\n\t<rect x=\"882.44\" y=\"607.92\" class=\"st4\" width=\"67.44\" height=\"67.44\"\/>\n\t<rect x=\"747.62\" y=\"607.92\" class=\"st4\" width=\"67.44\" height=\"67.44\"\/>\n\t<rect x=\"950.06\" y=\"675.36\" class=\"st1\" width=\"67.44\" height=\"67.44\"\/>\n\t<rect x=\"815\" y=\"675.36\" class=\"st2\" width=\"67.44\" height=\"67.44\"\/>\n\t<rect x=\"680.18\" y=\"675.36\" class=\"st2\" width=\"67.44\" height=\"67.44\"\/>\n\t<rect x=\"882.7\" y=\"742.8\" class=\"st1\" width=\"67.44\" height=\"67.44\"\/>\n\t<rect x=\"1017.41\" y=\"742.8\" class=\"st2\" width=\"67.44\" height=\"67.44\"\/>\n\t<rect x=\"1017.41\" y=\"810.24\" class=\"st1\" width=\"67.44\" height=\"67.44\"\/>\n\t<rect x=\"950.06\" y=\"810.24\" class=\"st2\" width=\"67.44\" height=\"67.44\"\/>\n\t<rect x=\"950.06\" y=\"877.68\" class=\"st3\" width=\"67.44\" height=\"67.44\"\/>\n\t<rect x=\"882.62\" y=\"877.68\" class=\"st2\" width=\"67.44\" height=\"67.44\"\/>\n\t<rect x=\"747.66\" y=\"877.68\" class=\"st3\" width=\"67.44\" height=\"67.44\"\/>\n\t<rect x=\"680.22\" y=\"877.68\" class=\"st1\" width=\"67.44\" height=\"67.44\"\/>\n\t<rect x=\"815.06\" y=\"945.12\" class=\"st4\" width=\"67.44\" height=\"67.44\"\/>\n\t<rect x=\"747.66\" y=\"945.12\" class=\"st2\" width=\"67.44\" height=\"67.44\"\/>\n\t<rect x=\"1017.5\" y=\"945.12\" class=\"st4\" width=\"67.44\" height=\"67.44\"\/>\n\t<rect x=\"950.06\" y=\"945.12\" class=\"st2\" width=\"67.44\" height=\"67.44\"\/>\n\t<rect x=\"882.5\" y=\"1012.56\" class=\"st4\" width=\"67.44\" height=\"67.44\"\/>\n\t<rect x=\"1017.5\" y=\"1012.56\" class=\"st2\" width=\"67.44\" height=\"67.44\"\/>\n\t<rect x=\"545.3\" y=\"1012.56\" class=\"st4\" width=\"67.44\" height=\"67.44\"\/>\n\t<rect x=\"407.54\" y=\"1012.56\" class=\"st2\" width=\"67.44\" height=\"67.44\"\/>\n\t<rect x=\"815.06\" y=\"1012.56\" class=\"st2\" width=\"67.44\" height=\"67.44\"\/>\n\t<rect x=\"747.66\" y=\"1012.56\" class=\"st3\" width=\"67.44\" height=\"67.44\"\/>\n\t<rect x=\"680.18\" y=\"1012.56\" class=\"st2\" width=\"67.44\" height=\"67.44\"\/>\n\t<rect x=\"747.62\" y=\"742.8\" class=\"st2\" width=\"67.44\" height=\"67.44\"\/>\n\t<rect x=\"612.74\" y=\"742.8\" class=\"st4\" width=\"67.44\" height=\"67.44\"\/>\n\t<rect x=\"545.3\" y=\"877.68\" class=\"st2\" width=\"67.44\" height=\"67.44\"\/>\n\t<rect x=\"612.74\" y=\"945.12\" class=\"st4\" width=\"67.44\" height=\"67.44\"\/>\n<\/g>\n<\/svg>\n  <div class=\"grid-container simple-fade\">\n    <div class=\"grid-x grid-padding-x align-middle\">\n      <div class=\"cell medium-5 \">\n\t\t  \t\t\t  <img decoding=\"async\" src=\"https:\/\/www.canarie.ca\/wp-content\/uploads\/2021\/01\/rebel-web-img.png\" alt=\"\">\n\t\t        <\/div>\n      <div class=\"cell medium-7  text-left text-cell \">\n  \t\t  \t\t          <h1 class=\"cssanimation leFadeIn\">Rebel Technologies<\/h1>\n  \t\t  \t\t                  <p class=\"subtitle fade-in-delay\">Plaidoyer pour un nuage<\/p>\n                          <div class=\"fade-in-delay text-cell-text\"><p><strong>Sam Agie, directeur de la technologie<\/strong><\/p>\n<\/div>\n                      <\/div>\n    <\/div>\n  <\/div>\n<\/section>\n\n\n\n\n\n<section class=\"section section--text-columns no-background\">\n    <div class=\"grid-container\">\n      <div class=\"grid-x grid-padding-x\">\n        <div class=\"cell\">\n                  \t<h3>Quel \u00e9tait le probl\u00e8me?<\/h3>\n                    <p>Les liens entre propri\u00e9taires de v\u00e9hicules, ateliers de r\u00e9paration et fournisseurs de pi\u00e8ces pour automobiles manquent souvent de transparence et on ne peut dire qu\u2019ils reposent sur la confiance. Des co\u00fbts et un temps d\u2019attente impr\u00e9visibles d\u00e9bouchent fr\u00e9quemment sur des relations houleuses entre les trois parties, et ceux qui exploitent un atelier doivent composer avec des retards on\u00e9reux ainsi qu\u2019un manque d\u2019efficacit\u00e9 quand ils cherchent combien co\u00fbtent les pi\u00e8ces, si elles sont disponibles et quand le fournisseur pourra les leur livrer. De leur c\u00f4t\u00e9, les fournisseurs n\u2019ont pas acc\u00e8s aux analyses en temps r\u00e9el de leurs fili\u00e8res, avec lesquelles ils pourraient adapter leurs calendriers de production et leurs strat\u00e9gies de gestion au niveau de la cha\u00eene d\u2019approvisionnement. La plupart des ateliers de r\u00e9paration utilisent de surcro\u00eet de vieux logiciels maison pour leurs op\u00e9rations, impossibles \u00e0 int\u00e9grer aux syst\u00e8mes de commande des fournisseurs et incapables de produire les rapports et les factures conviviaux qu\u2019attend le consommateur.<\/p>\n                  <\/div>\n      <\/div>\n    <\/div>\n  <\/section>\n\n\n<blockquote class=\"wp-block-quote is-layout-flow wp-block-quote-is-layout-flow\"><p><strong><strong><strong><strong>87 % des petites entreprises estiment que l\u2019infonuagique leur a procur\u00e9 un avantage sur la concurrence.<sup>1<\/sup><\/strong><\/strong><\/strong><\/strong><\/p><\/blockquote>\n\n\n\n<section class=\"section section--text-columns no-background\">\n    <div class=\"grid-container\">\n      <div class=\"grid-x grid-padding-x\">\n        <div class=\"cell\">\n                  \t<h3>De quelle mani\u00e8re votre produit apporte-t-il une solution?<\/h3>\n                    <p>La plateforme de Rebel Technologies fusionne l\u2019\u00e9cosyst\u00e8me des propri\u00e9taires de v\u00e9hicule, des ateliers de r\u00e9paration et des fournisseurs de mani\u00e8re \u00e0 rendre les op\u00e9rations plus efficaces et \u00e0 fid\u00e9liser la client\u00e8le.<\/p>\n<ul>\n<li>Les propri\u00e9taires de v\u00e9hicule obtiennent un devis et des prix transparents, faciles \u00e0 comprendre, ainsi que des rapports en temps r\u00e9el sur l\u2019avancement des travaux qui les aident \u00e0 prendre une d\u00e9cision mieux \u00e9clair\u00e9e.<\/li>\n<li>Les ateliers de r\u00e9paration automobile fid\u00e9lisent leur client\u00e8le en gagnant sa confiance et en faisant preuve d\u2019imputabilit\u00e9, tout en rehaussant sensiblement l\u2019efficacit\u00e9 avec laquelle ils g\u00e8rent leur inventaire et leurs op\u00e9rations.<\/li>\n<li>Les fournisseurs de pi\u00e8ces pour automobiles tirent parti des analyses en temps r\u00e9el des ateliers pour am\u00e9liorer leurs calendriers de production et de livraison, et profitent des ventes plus nombreuses r\u00e9alis\u00e9es par les ateliers qui ont fid\u00e9lis\u00e9 leurs clients.<\/li>\n<\/ul>\n<p>La plateforme de Rebel Technologies int\u00e8gre les syst\u00e8mes de commande en ligne des fournisseurs aux logiciels des points de vente (les ateliers) pour une exp\u00e9rience uniforme et coh\u00e9rente dans laquelle ce que vit le propri\u00e9taire du v\u00e9hicule prime sur tout le reste.<\/p>\n                  <\/div>\n      <\/div>\n    <\/div>\n  <\/section>\n\n\n<section class=\"section section--text-columns no-background\">\n    <div class=\"grid-container\">\n      <div class=\"grid-x grid-padding-x\">\n        <div class=\"cell\">\n                  \t<h3>De quelles ressources techniques aviez-vous besoin?<\/h3>\n                    <p>Nous avions besoin d\u2019un service d\u2019infonuagique bon march\u00e9 qui nous permettrait de tester notre plateforme en cr\u00e9ant des prototypes sous la forme de plusieurs instances. Il nous fallait aussi assez de souplesse pour pouvoir ensuite passer \u00e0 un autre nuage. Ceci posait un probl\u00e8me, car la majorit\u00e9 des services d\u2019infonuagique peu co\u00fbteux offerts sur le march\u00e9 n\u2019autorisent l\u2019essai que d\u2019une instance \u00e0 la fois, ce qui interdit presque la migration vers un autre nuage.<\/p>\n                  <\/div>\n      <\/div>\n    <\/div>\n  <\/section>\n\n\n<section class=\"section section--text-columns no-background\">\n    <div class=\"grid-container\">\n      <div class=\"grid-x grid-padding-x\">\n        <div class=\"cell\">\n                  \t<h3>Pourquoi avoir choisi le nuage de l\u2019ATIR?<\/h3>\n                    <p>La ressource \u00e9tait gratuite. Nous avons donc pu consacrer une plus grande partie du capital de risque au d\u00e9veloppement et \u00e0 l\u2019acquisition d\u2019expertise.<\/p>\n                  <\/div>\n      <\/div>\n    <\/div>\n  <\/section>\n\n\n<section class=\"section section--text-columns no-background\">\n    <div class=\"grid-container\">\n      <div class=\"grid-x grid-padding-x\">\n        <div class=\"cell\">\n                  \t<h3>Quelle aide vous a apport\u00e9e le nuage de l\u2019ATIR?<\/h3>\n                    <p>En plus des \u00e9conomies r\u00e9alis\u00e9es, le nuage de l\u2019ATIR nous a donn\u00e9 l\u2019assurance que nous pourrions facilement passer \u00e0 un service de production en nuage d\u00e8s que la plateforme serait pr\u00eate \u00e0 \u00eatre mise en march\u00e9. Le nuage de l\u2019ATIR est con\u00e7u pour que les donn\u00e9es entrent dans le nuage et en sortent ais\u00e9ment, ce qui a simplifi\u00e9 le d\u00e9veloppement de la plateforme et la cr\u00e9ation d\u2019une carte routi\u00e8re.<\/p>\n<p>Nous avons pu b\u00e2tir quatre instances en m\u00eame temps sur le nuage de l\u2019ATIR, alors que nous n\u2019en aurions construit qu\u2019une lors de la p\u00e9riode d\u2019essai \u00ab gratuite \u00bb de la plupart des nuages commerciaux. Nous avons donc pu tester plusieurs sc\u00e9narios et perfectionner le mod\u00e8le.<\/p>\n                  <\/div>\n      <\/div>\n    <\/div>\n  <\/section>\n\n\n<section class=\"section section--text-columns no-background\">\n    <div class=\"grid-container\">\n      <div class=\"grid-x grid-padding-x\">\n        <div class=\"cell\">\n                  \t<h3>Pourquoi avoir choisi le nuage de l\u2019ATIR?<\/h3>\n                    <p>Le d\u00e9veloppement et les essais de la plateforme de Rebel Technologies sur l\u2019ATIR sont presque termin\u00e9s. Les d\u00e9monstrations aupr\u00e8s des investisseurs et des clients \u00e9ventuels d\u00e9marreront bient\u00f4t.<\/p>\n<p><sup data-rich-text-format-boundary=\"true\">1<\/sup>\u00a0<a href=\"http:\/\/www.dailyinfographic.com\/the-cloud-is-your-friend\" target=\"_blank\" rel=\"noreferrer noopener\">http:\/\/www.dailyinfographic.com\/the-cloud-is-your-friend<\/a><\/p>\n                  <\/div>\n      <\/div>\n    <\/div>\n  <\/section>\n\n\n<section class=\"section section--quick-links\">\n    <div class=\"grid-container\">\n      <div class=\"grid-x grid-padding-x\">\n        <div class=\"cell\">\n                  \t<h2>Liens rapides:<\/h2>\n                                <div class=\"wp-block-buttons\">\n                \t\t\t\t  \t<a class=\"button wp-block-button__link\" href=\"https:\/\/canarie.limequery.org\/381368?lang=fr\" target=\"_blank\">Appliquer \u00e0 ATIR<\/a><br>\n    \t\t\t        \t\t\t\t  \t<a class=\"button wp-block-button__link\" href=\"http:\/\/rebeltechnologies.net\/\" target=\"_blank\">Site Web de l\u2019entreprise<\/a><br>\n    \t\t\t        \t\t\t  <\/div>\n    \t\t\t          <\/div>\n      <\/div>\n    <\/div>\n  <\/section>\n\n\n<section class=\"section section--resources\">\n  <div class=\"grid-container text-center\">\n        \t<p class=\"subtitle\">Ressources suppl\u00e9mentaires<\/p>\n              <ul class=\"resource-links\">\n                <li>\n            <a href=\"https:\/\/www.canarie.ca\/wp-content\/uploads\/2021\/01\/Etude-de-cas-ATIR-Rebel-Technologies.pdf\" target=\"_blank\">\n              <img decoding=\"async\" src=\"https:\/\/www.canarie.ca\/wp-content\/themes\/canarie\/img\/icon-pdf.svg\" alt=\"\">\n              <span>L\u2019\u00e9tude de cas &#8211; Rebel Technologies<\/span>\n            <\/a>\n          <\/li>\n                    <li>\n            <a href=\"https:\/\/www.canarie.ca\/wp-content\/uploads\/2021\/01\/Fiche-dinformation-Nuage-de-lATIR-Batisseurs_fr.pdf\" target=\"_blank\">\n              <img decoding=\"async\" src=\"https:\/\/www.canarie.ca\/wp-content\/themes\/canarie\/img\/icon-pdf.svg\" alt=\"\">\n              <span>Fiche d\u2019information de l\u2019ATIR<\/span>\n            <\/a>\n          <\/li>\n                  <\/ul>\n          \n  <\/div>\n<\/section>\n  ","protected":false},"excerpt":{"rendered":"<p>87 % des petites entreprises estiment que l\u2019infonuagique leur a procur\u00e9 un avantage sur la concurrence.1<\/p>\n","protected":false},"author":3,"featured_media":7833,"parent":7927,"menu_order":0,"comment_status":"closed","ping_status":"closed","template":"","meta":{"_acf_changed":false,"footnotes":""},"class_list":["post-7998","page","type-page","status-publish","has-post-thumbnail","hentry"],"acf":[],"yoast_head":"<!-- This site is optimized with the Yoast SEO plugin v27.4 - https:\/\/yoast.com\/product\/yoast-seo-wordpress\/ -->\n<title>Rebel Technologies - CANARIE<\/title>\n<meta name=\"robots\" content=\"index, follow, max-snippet:-1, max-image-preview:large, max-video-preview:-1\" \/>\n<link rel=\"canonical\" href=\"https:\/\/www.canarie.ca\/fr\/nuagepage\/etudes-cas\/rebel-technologies\/\" \/>\n<meta property=\"og:locale\" content=\"fr_FR\" \/>\n<meta property=\"og:type\" content=\"article\" \/>\n<meta property=\"og:title\" content=\"Rebel Technologies - CANARIE\" \/>\n<meta property=\"og:description\" content=\"87 % des petites entreprises estiment que l\u2019infonuagique leur a procur\u00e9 un avantage sur la concurrence.1\" \/>\n<meta property=\"og:url\" content=\"https:\/\/www.canarie.ca\/fr\/nuagepage\/etudes-cas\/rebel-technologies\/\" \/>\n<meta property=\"og:site_name\" content=\"CANARIE\" \/>\n<meta property=\"article:modified_time\" content=\"2021-03-26T18:29:57+00:00\" \/>\n<meta property=\"og:image\" content=\"https:\/\/www.canarie.ca\/wp-content\/uploads\/2021\/01\/rebel-web-img.png\" \/>\n\t<meta property=\"og:image:width\" content=\"998\" \/>\n\t<meta property=\"og:image:height\" content=\"379\" \/>\n\t<meta property=\"og:image:type\" content=\"image\/png\" \/>\n<meta name=\"twitter:card\" content=\"summary_large_image\" \/>\n<script type=\"application\/ld+json\" class=\"yoast-schema-graph\">{\"@context\":\"https:\\\/\\\/schema.org\",\"@graph\":[{\"@type\":\"WebPage\",\"@id\":\"https:\\\/\\\/www.canarie.ca\\\/fr\\\/nuagepage\\\/etudes-cas\\\/rebel-technologies\\\/\",\"url\":\"https:\\\/\\\/www.canarie.ca\\\/fr\\\/nuagepage\\\/etudes-cas\\\/rebel-technologies\\\/\",\"name\":\"Rebel Technologies - CANARIE\",\"isPartOf\":{\"@id\":\"https:\\\/\\\/www.canarie.ca\\\/#website\"},\"primaryImageOfPage\":{\"@id\":\"https:\\\/\\\/www.canarie.ca\\\/fr\\\/nuagepage\\\/etudes-cas\\\/rebel-technologies\\\/#primaryimage\"},\"image\":{\"@id\":\"https:\\\/\\\/www.canarie.ca\\\/fr\\\/nuagepage\\\/etudes-cas\\\/rebel-technologies\\\/#primaryimage\"},\"thumbnailUrl\":\"https:\\\/\\\/www.canarie.ca\\\/wp-content\\\/uploads\\\/2021\\\/01\\\/rebel-web-img.png\",\"datePublished\":\"2021-01-25T18:46:51+00:00\",\"dateModified\":\"2021-03-26T18:29:57+00:00\",\"breadcrumb\":{\"@id\":\"https:\\\/\\\/www.canarie.ca\\\/fr\\\/nuagepage\\\/etudes-cas\\\/rebel-technologies\\\/#breadcrumb\"},\"inLanguage\":\"fr-FR\",\"potentialAction\":[{\"@type\":\"ReadAction\",\"target\":[\"https:\\\/\\\/www.canarie.ca\\\/fr\\\/nuagepage\\\/etudes-cas\\\/rebel-technologies\\\/\"]}]},{\"@type\":\"ImageObject\",\"inLanguage\":\"fr-FR\",\"@id\":\"https:\\\/\\\/www.canarie.ca\\\/fr\\\/nuagepage\\\/etudes-cas\\\/rebel-technologies\\\/#primaryimage\",\"url\":\"https:\\\/\\\/www.canarie.ca\\\/wp-content\\\/uploads\\\/2021\\\/01\\\/rebel-web-img.png\",\"contentUrl\":\"https:\\\/\\\/www.canarie.ca\\\/wp-content\\\/uploads\\\/2021\\\/01\\\/rebel-web-img.png\",\"width\":998,\"height\":379},{\"@type\":\"BreadcrumbList\",\"@id\":\"https:\\\/\\\/www.canarie.ca\\\/fr\\\/nuagepage\\\/etudes-cas\\\/rebel-technologies\\\/#breadcrumb\",\"itemListElement\":[{\"@type\":\"ListItem\",\"position\":1,\"name\":\"Accueil\",\"item\":\"https:\\\/\\\/www.canarie.ca\\\/fr\\\/homepage\\\/\"},{\"@type\":\"ListItem\",\"position\":2,\"name\":\"Programme \u00ab Nuage de l\u2019ATIR \u00bb\",\"item\":\"https:\\\/\\\/www.canarie.ca\\\/fr\\\/?page_id=6512\"},{\"@type\":\"ListItem\",\"position\":3,\"name\":\"\u00c9tudes de cas\",\"item\":\"https:\\\/\\\/www.canarie.ca\\\/fr\\\/nuagepage\\\/etudes-cas\\\/\"},{\"@type\":\"ListItem\",\"position\":4,\"name\":\"Rebel Technologies\"}]},{\"@type\":\"WebSite\",\"@id\":\"https:\\\/\\\/www.canarie.ca\\\/#website\",\"url\":\"https:\\\/\\\/www.canarie.ca\\\/\",\"name\":\"CANARIE\",\"description\":\"\",\"potentialAction\":[{\"@type\":\"SearchAction\",\"target\":{\"@type\":\"EntryPoint\",\"urlTemplate\":\"https:\\\/\\\/www.canarie.ca\\\/?s={search_term_string}\"},\"query-input\":{\"@type\":\"PropertyValueSpecification\",\"valueRequired\":true,\"valueName\":\"search_term_string\"}}],\"inLanguage\":\"fr-FR\"}]}<\/script>\n<!-- \/ Yoast SEO plugin. -->","yoast_head_json":{"title":"Rebel Technologies - CANARIE","robots":{"index":"index","follow":"follow","max-snippet":"max-snippet:-1","max-image-preview":"max-image-preview:large","max-video-preview":"max-video-preview:-1"},"canonical":"https:\/\/www.canarie.ca\/fr\/nuagepage\/etudes-cas\/rebel-technologies\/","og_locale":"fr_FR","og_type":"article","og_title":"Rebel Technologies - CANARIE","og_description":"87 % des petites entreprises estiment que l\u2019infonuagique leur a procur\u00e9 un avantage sur la concurrence.1","og_url":"https:\/\/www.canarie.ca\/fr\/nuagepage\/etudes-cas\/rebel-technologies\/","og_site_name":"CANARIE","article_modified_time":"2021-03-26T18:29:57+00:00","og_image":[{"width":998,"height":379,"url":"https:\/\/www.canarie.ca\/wp-content\/uploads\/2021\/01\/rebel-web-img.png","type":"image\/png"}],"twitter_card":"summary_large_image","schema":{"@context":"https:\/\/schema.org","@graph":[{"@type":"WebPage","@id":"https:\/\/www.canarie.ca\/fr\/nuagepage\/etudes-cas\/rebel-technologies\/","url":"https:\/\/www.canarie.ca\/fr\/nuagepage\/etudes-cas\/rebel-technologies\/","name":"Rebel Technologies - CANARIE","isPartOf":{"@id":"https:\/\/www.canarie.ca\/#website"},"primaryImageOfPage":{"@id":"https:\/\/www.canarie.ca\/fr\/nuagepage\/etudes-cas\/rebel-technologies\/#primaryimage"},"image":{"@id":"https:\/\/www.canarie.ca\/fr\/nuagepage\/etudes-cas\/rebel-technologies\/#primaryimage"},"thumbnailUrl":"https:\/\/www.canarie.ca\/wp-content\/uploads\/2021\/01\/rebel-web-img.png","datePublished":"2021-01-25T18:46:51+00:00","dateModified":"2021-03-26T18:29:57+00:00","breadcrumb":{"@id":"https:\/\/www.canarie.ca\/fr\/nuagepage\/etudes-cas\/rebel-technologies\/#breadcrumb"},"inLanguage":"fr-FR","potentialAction":[{"@type":"ReadAction","target":["https:\/\/www.canarie.ca\/fr\/nuagepage\/etudes-cas\/rebel-technologies\/"]}]},{"@type":"ImageObject","inLanguage":"fr-FR","@id":"https:\/\/www.canarie.ca\/fr\/nuagepage\/etudes-cas\/rebel-technologies\/#primaryimage","url":"https:\/\/www.canarie.ca\/wp-content\/uploads\/2021\/01\/rebel-web-img.png","contentUrl":"https:\/\/www.canarie.ca\/wp-content\/uploads\/2021\/01\/rebel-web-img.png","width":998,"height":379},{"@type":"BreadcrumbList","@id":"https:\/\/www.canarie.ca\/fr\/nuagepage\/etudes-cas\/rebel-technologies\/#breadcrumb","itemListElement":[{"@type":"ListItem","position":1,"name":"Accueil","item":"https:\/\/www.canarie.ca\/fr\/homepage\/"},{"@type":"ListItem","position":2,"name":"Programme \u00ab Nuage de l\u2019ATIR \u00bb","item":"https:\/\/www.canarie.ca\/fr\/?page_id=6512"},{"@type":"ListItem","position":3,"name":"\u00c9tudes de cas","item":"https:\/\/www.canarie.ca\/fr\/nuagepage\/etudes-cas\/"},{"@type":"ListItem","position":4,"name":"Rebel Technologies"}]},{"@type":"WebSite","@id":"https:\/\/www.canarie.ca\/#website","url":"https:\/\/www.canarie.ca\/","name":"CANARIE","description":"","potentialAction":[{"@type":"SearchAction","target":{"@type":"EntryPoint","urlTemplate":"https:\/\/www.canarie.ca\/?s={search_term_string}"},"query-input":{"@type":"PropertyValueSpecification","valueRequired":true,"valueName":"search_term_string"}}],"inLanguage":"fr-FR"}]}},"_links":{"self":[{"href":"https:\/\/www.canarie.ca\/fr\/wp-json\/wp\/v2\/pages\/7998","targetHints":{"allow":["GET"]}}],"collection":[{"href":"https:\/\/www.canarie.ca\/fr\/wp-json\/wp\/v2\/pages"}],"about":[{"href":"https:\/\/www.canarie.ca\/fr\/wp-json\/wp\/v2\/types\/page"}],"author":[{"embeddable":true,"href":"https:\/\/www.canarie.ca\/fr\/wp-json\/wp\/v2\/users\/3"}],"replies":[{"embeddable":true,"href":"https:\/\/www.canarie.ca\/fr\/wp-json\/wp\/v2\/comments?post=7998"}],"version-history":[{"count":0,"href":"https:\/\/www.canarie.ca\/fr\/wp-json\/wp\/v2\/pages\/7998\/revisions"}],"up":[{"embeddable":true,"href":"https:\/\/www.canarie.ca\/fr\/wp-json\/wp\/v2\/pages\/7927"}],"wp:featuredmedia":[{"embeddable":true,"href":"https:\/\/www.canarie.ca\/fr\/wp-json\/wp\/v2\/media\/7833"}],"wp:attachment":[{"href":"https:\/\/www.canarie.ca\/fr\/wp-json\/wp\/v2\/media?parent=7998"}],"curies":[{"name":"wp","href":"https:\/\/api.w.org\/{rel}","templated":true}]}}