{"id":8541,"date":"2021-01-25T21:31:22","date_gmt":"2021-01-26T02:31:22","guid":{"rendered":"https:\/\/canarie.machinedev.ca\/edmonton-public-library\/"},"modified":"2022-09-14T11:43:48","modified_gmt":"2022-09-14T15:43:48","slug":"la-bibliotheque-municipale-dedmonton","status":"publish","type":"page","link":"https:\/\/www.canarie.ca\/fr\/identite\/etudesdecas\/la-bibliotheque-municipale-dedmonton\/","title":{"rendered":"La biblioth\u00e8que municipale d\u2019Edmonton"},"content":{"rendered":"\n\n<section class=\"section section--text-with-image  alignfull container squares-right\">\n  <svg version=\"1.1\" class=\"animated-square-graphic\" xmlns=\"http:\/\/www.w3.org\/2000\/svg\" xmlns:xlink=\"http:\/\/www.w3.org\/1999\/xlink\" x=\"0px\" y=\"0px\"\n\t viewBox=\"0 0 1084.85 1080\" style=\"enable-background:new 0 0 1084.85 1080;\" xml:space=\"preserve\">\n<style type=\"text\/css\">\n\t.st0{opacity:0.51;fill:#FEFEFE;}\n\t.st1{fill:#F4F4F5;}\n\t.st2{fill:#58C3D2;}\n\t.st3{fill:#E90D0B;}\n\t.st4{fill:#393D3F;}\n<\/style>\n<g>\n\t<path class=\"st0\" d=\"M275.09,0c0,20.92,0.02,41.84-0.04,62.75c-0.01,1.9,0.82,4.06-1.04,5.66c-1.33-1.48-1.49-3.32-1.5-5.17\n\t\tc-0.07-19.54-0.1-39.07,0.02-58.61c0.01-1,0.15-2,0.5-2.95c0.27-0.62,0.62-1.18,1.06-1.68C274.42,0,274.76,0,275.09,0z\"\/>\n\t<path class=\"st0\" d=\"M270.93,134.87c0,0.67,0,1.34,0,2.01c-1.96-0.21-3.39-1.13-2.71-3.24c0.6-1.87,2.15-2.92,4.31-2.71\n\t\tc21.9,2.09,43.85,0.35,65.77,0.92c-0.01,0.67-0.01,1.34-0.02,2.01c-1.73,0.94-3.6,0.46-5.4,0.47c-19.36,0.04-38.73,0.02-58.09,0.04\n\t\tC273.5,134.36,272.11,133.88,270.93,134.87z\"\/>\n\t<path class=\"st0\" d=\"M67.6,132.85c-0.22,2.23,0.79,3.24,3.02,3.02c-0.21,1.56-0.6,3.05-2.65,2.59c-1.53-0.34-2.62-1.44-2.96-2.96\n\t\tC64.55,133.46,66.04,133.06,67.6,132.85z\"\/>\n\t<path class=\"st0\" d=\"M270.93,134.87c0.15-0.9,0.44-1.31,1.6-1.31c21.92,0.15,43.84,0.21,65.76,0.29c-1.46,1.71-3.44,0.97-5.18,0.97\n\t\tC312.38,134.88,291.66,134.87,270.93,134.87z\"\/>\n\t<rect x=\"71.76\" y=\"67.43\" class=\"st1\" width=\"67.44\" height=\"67.44\"\/>\n\t<rect x=\"206.62\" class=\"st2\" width=\"67.44\" height=\"67.44\"\/>\n\t<rect x=\"410.45\" class=\"st2\" width=\"67.44\" height=\"67.44\"\/>\n\t<rect x=\"343.11\" y=\"67.73\" class=\"st2\" width=\"67.44\" height=\"67.44\"\/>\n\t<rect x=\"544.46\" y=\"0.06\" class=\"st1\" width=\"67.44\" height=\"67.44\"\/>\n\t<rect x=\"680.21\" class=\"st1\" width=\"67.44\" height=\"67.44\"\/>\n\t<rect x=\"815.09\" class=\"st1\" width=\"67.44\" height=\"67.44\"\/>\n\t<rect x=\"949.97\" class=\"st2\" width=\"67.44\" height=\"67.44\"\/>\n\t<rect x=\"477.89\" y=\"67.73\" class=\"st3\" width=\"67.44\" height=\"67.44\"\/>\n\t<rect x=\"612.77\" y=\"67.73\" class=\"st2\" width=\"67.44\" height=\"67.44\"\/>\n\t<rect x=\"747.65\" y=\"67.73\" class=\"st4\" width=\"67.44\" height=\"67.44\"\/>\n\t<rect x=\"882.53\" y=\"67.83\" class=\"st1\" width=\"67.44\" height=\"67.44\"\/>\n\t<rect x=\"1017.41\" y=\"67.73\" class=\"st2\" width=\"67.44\" height=\"67.44\"\/>\n\t<rect x=\"1017.41\" y=\"203.13\" class=\"st2\" width=\"67.44\" height=\"67.44\"\/>\n\t<rect x=\"275.67\" y=\"135.45\" class=\"st1\" width=\"67.44\" height=\"67.44\"\/>\n\t<rect x=\"208.23\" y=\"202.81\" class=\"st3\" width=\"67.44\" height=\"67.44\"\/>\n\t<rect x=\"1.8\" y=\"202.81\" class=\"st1\" width=\"67.44\" height=\"67.44\"\/>\n\t<rect x=\"69.24\" y=\"270.83\" class=\"st2\" width=\"67.44\" height=\"67.44\"\/>\n\t<rect x=\"410.55\" y=\"270.57\" class=\"st1\" width=\"67.44\" height=\"67.44\"\/>\n\t<rect x=\"545.43\" y=\"270.57\" class=\"st1\" width=\"67.44\" height=\"67.44\"\/>\n\t<rect x=\"680.44\" y=\"270.57\" class=\"st2\" width=\"67.44\" height=\"67.44\"\/>\n\t<rect x=\"815.3\" y=\"270.57\" class=\"st1\" width=\"67.44\" height=\"67.44\"\/>\n\t<rect x=\"950.11\" y=\"270.57\" class=\"st2\" width=\"67.44\" height=\"67.44\"\/>\n\t<rect x=\"1017.41\" y=\"270.57\" class=\"st4\" width=\"67.44\" height=\"67.44\"\/>\n\t<rect x=\"1017.41\" y=\"338.01\" class=\"st2\" width=\"67.44\" height=\"67.44\"\/>\n\t<rect x=\"882.5\" y=\"338.16\" class=\"st2\" width=\"67.44\" height=\"67.44\"\/>\n\t<rect x=\"747.86\" y=\"338.16\" class=\"st1\" width=\"67.44\" height=\"67.44\"\/>\n\t<rect x=\"612.87\" y=\"338.16\" class=\"st2\" width=\"67.44\" height=\"67.44\"\/>\n\t<rect x=\"271.44\" y=\"338.01\" class=\"st1\" width=\"67.44\" height=\"67.44\"\/>\n\t<rect x=\"136.7\" y=\"405.75\" class=\"st3\" width=\"67.44\" height=\"67.44\"\/>\n\t<rect x=\"407.3\" y=\"405.6\" class=\"st3\" width=\"67.44\" height=\"67.44\"\/>\n\t<rect x=\"815.06\" y=\"405.6\" class=\"st2\" width=\"67.44\" height=\"67.44\"\/>\n\t<rect x=\"950.11\" y=\"405.6\" class=\"st1\" width=\"67.44\" height=\"67.44\"\/>\n\t<rect x=\"1017.41\" y=\"473.04\" class=\"st1\" width=\"67.44\" height=\"67.44\"\/>\n\t<rect x=\"882.5\" y=\"473.04\" class=\"st1\" width=\"67.44\" height=\"67.44\"\/>\n\t<rect x=\"747.62\" y=\"473.04\" class=\"st1\" width=\"67.44\" height=\"67.44\"\/>\n\t<rect x=\"611.17\" y=\"473.04\" class=\"st4\" width=\"67.44\" height=\"67.44\"\/>\n\t<rect y=\"475.55\" class=\"st1\" width=\"67.44\" height=\"67.44\"\/>\n\t<rect x=\"410.55\" y=\"135.45\" class=\"st4\" width=\"67.44\" height=\"67.44\"\/>\n\t<rect x=\"680.42\" y=\"135.17\" class=\"st1\" width=\"67.44\" height=\"67.44\"\/>\n\t<rect x=\"815.23\" y=\"135.36\" class=\"st1\" width=\"67.44\" height=\"67.44\"\/>\n\t<rect x=\"950.12\" y=\"135.36\" class=\"st4\" width=\"67.44\" height=\"67.44\"\/>\n\t<rect x=\"343.11\" y=\"202.81\" class=\"st3\" width=\"67.44\" height=\"67.44\"\/>\n\t<rect x=\"477.99\" y=\"202.81\" class=\"st2\" width=\"67.44\" height=\"67.44\"\/>\n\t<rect x=\"613\" y=\"202.81\" class=\"st4\" width=\"67.44\" height=\"67.44\"\/>\n\t<rect x=\"747.86\" y=\"202.74\" class=\"st2\" width=\"67.44\" height=\"67.44\"\/>\n\t<rect x=\"882.67\" y=\"202.8\" class=\"st2\" width=\"67.44\" height=\"67.44\"\/>\n\t<rect x=\"950.08\" y=\"540.48\" class=\"st2\" width=\"67.44\" height=\"67.44\"\/>\n\t<rect x=\"815.06\" y=\"540.48\" class=\"st2\" width=\"67.44\" height=\"67.44\"\/>\n\t<rect x=\"1017.41\" y=\"607.92\" class=\"st2\" width=\"67.44\" height=\"67.44\"\/>\n\t<rect x=\"882.44\" y=\"607.92\" class=\"st4\" width=\"67.44\" height=\"67.44\"\/>\n\t<rect x=\"747.62\" y=\"607.92\" class=\"st4\" width=\"67.44\" height=\"67.44\"\/>\n\t<rect x=\"950.06\" y=\"675.36\" class=\"st1\" width=\"67.44\" height=\"67.44\"\/>\n\t<rect x=\"815\" y=\"675.36\" class=\"st2\" width=\"67.44\" height=\"67.44\"\/>\n\t<rect x=\"680.18\" y=\"675.36\" class=\"st2\" width=\"67.44\" height=\"67.44\"\/>\n\t<rect x=\"882.7\" y=\"742.8\" class=\"st1\" width=\"67.44\" height=\"67.44\"\/>\n\t<rect x=\"1017.41\" y=\"742.8\" class=\"st2\" width=\"67.44\" height=\"67.44\"\/>\n\t<rect x=\"1017.41\" y=\"810.24\" class=\"st1\" width=\"67.44\" height=\"67.44\"\/>\n\t<rect x=\"950.06\" y=\"810.24\" class=\"st2\" width=\"67.44\" height=\"67.44\"\/>\n\t<rect x=\"950.06\" y=\"877.68\" class=\"st3\" width=\"67.44\" height=\"67.44\"\/>\n\t<rect x=\"882.62\" y=\"877.68\" class=\"st2\" width=\"67.44\" height=\"67.44\"\/>\n\t<rect x=\"747.66\" y=\"877.68\" class=\"st3\" width=\"67.44\" height=\"67.44\"\/>\n\t<rect x=\"680.22\" y=\"877.68\" class=\"st1\" width=\"67.44\" height=\"67.44\"\/>\n\t<rect x=\"815.06\" y=\"945.12\" class=\"st4\" width=\"67.44\" height=\"67.44\"\/>\n\t<rect x=\"747.66\" y=\"945.12\" class=\"st2\" width=\"67.44\" height=\"67.44\"\/>\n\t<rect x=\"1017.5\" y=\"945.12\" class=\"st4\" width=\"67.44\" height=\"67.44\"\/>\n\t<rect x=\"950.06\" y=\"945.12\" class=\"st2\" width=\"67.44\" height=\"67.44\"\/>\n\t<rect x=\"882.5\" y=\"1012.56\" class=\"st4\" width=\"67.44\" height=\"67.44\"\/>\n\t<rect x=\"1017.5\" y=\"1012.56\" class=\"st2\" width=\"67.44\" height=\"67.44\"\/>\n\t<rect x=\"545.3\" y=\"1012.56\" class=\"st4\" width=\"67.44\" height=\"67.44\"\/>\n\t<rect x=\"407.54\" y=\"1012.56\" class=\"st2\" width=\"67.44\" height=\"67.44\"\/>\n\t<rect x=\"815.06\" y=\"1012.56\" class=\"st2\" width=\"67.44\" height=\"67.44\"\/>\n\t<rect x=\"747.66\" y=\"1012.56\" class=\"st3\" width=\"67.44\" height=\"67.44\"\/>\n\t<rect x=\"680.18\" y=\"1012.56\" class=\"st2\" width=\"67.44\" height=\"67.44\"\/>\n\t<rect x=\"747.62\" y=\"742.8\" class=\"st2\" width=\"67.44\" height=\"67.44\"\/>\n\t<rect x=\"612.74\" y=\"742.8\" class=\"st4\" width=\"67.44\" height=\"67.44\"\/>\n\t<rect x=\"545.3\" y=\"877.68\" class=\"st2\" width=\"67.44\" height=\"67.44\"\/>\n\t<rect x=\"612.74\" y=\"945.12\" class=\"st4\" width=\"67.44\" height=\"67.44\"\/>\n<\/g>\n<\/svg>\n  <div class=\"grid-container simple-fade\">\n    <div class=\"grid-x grid-padding-x align-middle\">\n      <div class=\"cell medium-6 \">\n\t\t  \t\t\t  <img decoding=\"async\" src=\"https:\/\/www.canarie.ca\/wp-content\/uploads\/2021\/02\/Identity_cs_edmonton-library.png\" alt=\"\">\n\t\t        <\/div>\n      <div class=\"cell medium-6  text-left text-cell \">\n  \t\t  \t\t          <h1 class=\"cssanimation leFadeIn\">La biblioth\u00e8que municipale d\u2019Edmonton<\/h1>\n  \t\t  \t\t                  <p class=\"subtitle fade-in-delay\">La biblioth\u00e8que municipale d\u2019Edmonton devient la premi\u00e8re institution publique de l\u2019Alberta \u00e0 offrir le service eduroam<\/p>\n                          <div class=\"fade-in-delay text-cell-text\"><p>R\u00e9dig\u00e9 par\u00a0<a href=\"http:\/\/www.cybera.ca\/\" target=\"_blank\" rel=\"noopener noreferrer\">Cybera<\/a>, notre partenaire du RNRE<br \/>\nLisez l\u2019article\u00a0<a href=\"https:\/\/www.cybera.ca\/news-and-events\/tech-radar\/edmonton-public-library-becomes-first-public-institution-in-alberta-to-offer-eduroam\/\" target=\"_blank\" rel=\"noopener noreferrer\">original ici<\/a>.<\/p>\n<\/div>\n                      <\/div>\n    <\/div>\n  <\/div>\n<\/section>\n\n\n\n\n\n<section class=\"section section--text-columns no-background\">\n    <div class=\"grid-container\">\n      <div class=\"grid-x grid-padding-x\">\n        <div class=\"cell\">\n                    <p>Cet \u00e9t\u00e9, la\u00a0<a href=\"https:\/\/www.epl.ca\/\" target=\"_blank\" rel=\"noopener noreferrer\">biblioth\u00e8que municipale d\u2019Edmonton<\/a>\u00a0(BME) est devenue le premier \u00e9tablissement de l\u2019Alberta ne faisant pas partie du milieu de l\u2019enseignement post-secondaire \u00e0 proposer\u00a0<a href=\"https:\/\/www.eduroam.org\/\" target=\"_blank\" rel=\"noopener noreferrer\">eduroam<\/a>, service mondial d\u2019itin\u00e9rance qui assure l\u2019acc\u00e8s \u00e0 Internet. En termes concrets, cela signifie que n\u2019importe quel enseignant ou \u00e9tudiant d\u2019une institution connect\u00e9e \u00e0 eduroam \u2014 le NAIT, l\u2019Universit\u00e9 de l\u2019Alberta, l\u2019Universit\u00e9 MacEwan ou l\u2019Universit\u00e9 Concordia d\u2019Edmonton, par exemple \u2014 qui a configur\u00e9 son t\u00e9l\u00e9phone cellulaire ou son ordinateur portable pour cela se connectera automatiquement \u00e0 Internet en entrant dans une succursale de la biblioth\u00e8que.<\/p>\n<p>Les avantages d\u2019un tel service ne se bornent pas \u00e0 une plus grande commodit\u00e9 pour ceux qui fr\u00e9quentent une des 21\u00a0succursales de la BME ou pour les employ\u00e9s de celle-ci (qui auront s\u00fbrement moins de questions \u00e0 r\u00e9pondre sur l\u2019acc\u00e8s \u00e0 un r\u00e9seau sans fil). En effet, la nouvelle connexion \u00e0 eduroam rend la navigation sur Internet plus s\u00fbre pour l\u2019utilisateur, car il s\u2019agit de la premi\u00e8re liaison sans fil s\u00e9curis\u00e9e offerte par la biblioth\u00e8que au public.<\/p>\n<p>Cette r\u00e9alisation survient au moment o\u00f9 CANARIE et ses partenaires provinciaux du R\u00e9seau national de la recherche et de l\u2019\u00e9ducation, dont fait partie Cybera, en Alberta, entreprennent d\u2019\u00e9tendre le service eduroam \u00e0 un plus grand nombre de biblioth\u00e8ques et de mus\u00e9es. Le raccordement de la BME (la deuxi\u00e8me biblioth\u00e8que municipale du Canada \u00e0 en b\u00e9n\u00e9ficier) porte le nombre de sites canadiens connect\u00e9s \u00e0 eduroam \u00e0 plus de 150. Une centaine de pays dans le monde forment le r\u00e9seau eduroam, qui compte plus de 17\u00a0000\u00a0points d\u2019acc\u00e8s sans fil sur la plan\u00e8te, y compris des a\u00e9roports, des gares et m\u00eame des<a href=\"https:\/\/www.eduroam.org\/2020\/05\/26\/kyoto-vending-machines-supporting-eduroam\/\" target=\"_blank\" rel=\"noopener noreferrer\">\u00a0machines distributrices<\/a>.<\/p>\n<p>Le milieu mondial de la recherche et de l\u2019\u00e9ducation a \u00e9labor\u00e9 le service eduroam pour en finir avec le casse-t\u00eate administratif qu\u2019\u00e9tait la configuration de comptes Internet s\u00e9curis\u00e9s pour les enseignants et les \u00e9tudiants de passage dans les universit\u00e9s. Auparavant, les \u00e9tablissements d\u2019enseignement devaient affecter du personnel suppl\u00e9mentaire pour cr\u00e9er et maintenir les comptes temporaires attribu\u00e9s \u00e0 chacun (un travail aussi on\u00e9reux que laborieux), ou proposer \u00e0 leurs invit\u00e9s d\u2019utiliser un compte public, avec les probl\u00e8mes de s\u00e9curit\u00e9 qu\u2019on imagine. Le compte eduroam est prot\u00e9g\u00e9 et on peut se servir partout dans le monde.<\/p>\n<p>Au Canada, CANARIE administre le service eduroam par le biais de sa\u00a0<a href=\"https:\/\/www.canarie.ca\/fr\/identite\/adhesion\/\" target=\"_blank\" rel=\"noopener noreferrer\">F\u00e9d\u00e9ration canadienne d\u2019acc\u00e8s<\/a>, qui enregistre chaque mois plus de dix millions de connexions au service.<\/p>\n<p>Selon Brittany Watt, analyste des r\u00e9seaux de la BME, la configuration d\u2019eduroam se d\u00e9marque par sa simplicit\u00e9. Dans les heures qui ont suivi le raccordement des succursales de la biblioth\u00e8que, elle a enregistr\u00e9 des centaines de connexions, signe que la technologie, implant\u00e9e discr\u00e8tement en coulisse, fonctionne \u00e0 la perfection.<\/p>\n<p>Cybera et CANARIE envisagent maintenant le raccordement d\u2019autres institutions publiques de l\u2019Alberta \u2014 y compris des municipalit\u00e9s \u2014 \u00e0 eduroam. Pour en apprendre davantage et savoir si votre organisation peut adh\u00e9rer \u00e0 la F\u00e9d\u00e9ration canadienne d\u2019acc\u00e8s, donc b\u00e9n\u00e9ficier du service eduroam,\u00a0<a href=\"mailto:network@cybera.ca\" target=\"_blank\" rel=\"noopener noreferrer\">contactez Cybera<\/a>\u00a0ou\u00a0<a href=\"https:\/\/www.canarie.ca\/fr\/identite\/adhesion\/\">visitez le site Web de CANARIE<\/a>.<\/p>\n                  <\/div>\n      <\/div>\n    <\/div>\n  <\/section>","protected":false},"excerpt":{"rendered":"","protected":false},"author":3,"featured_media":18564,"parent":15045,"menu_order":0,"comment_status":"closed","ping_status":"closed","template":"","meta":{"_acf_changed":false,"footnotes":""},"class_list":["post-8541","page","type-page","status-publish","has-post-thumbnail","hentry"],"acf":[],"yoast_head":"<!-- This site is optimized with the Yoast SEO plugin v27.4 - https:\/\/yoast.com\/product\/yoast-seo-wordpress\/ -->\n<title>La biblioth\u00e8que municipale d\u2019Edmonton - CANARIE<\/title>\n<meta name=\"robots\" content=\"index, follow, max-snippet:-1, max-image-preview:large, max-video-preview:-1\" \/>\n<link rel=\"canonical\" href=\"https:\/\/www.canarie.ca\/fr\/identite\/etudesdecas\/la-bibliotheque-municipale-dedmonton\/\" \/>\n<meta property=\"og:locale\" content=\"fr_FR\" \/>\n<meta property=\"og:type\" content=\"article\" \/>\n<meta property=\"og:title\" content=\"La biblioth\u00e8que municipale d\u2019Edmonton - CANARIE\" \/>\n<meta property=\"og:url\" content=\"https:\/\/www.canarie.ca\/fr\/identite\/etudesdecas\/la-bibliotheque-municipale-dedmonton\/\" \/>\n<meta property=\"og:site_name\" content=\"CANARIE\" \/>\n<meta property=\"article:modified_time\" content=\"2022-09-14T15:43:48+00:00\" \/>\n<meta property=\"og:image\" content=\"https:\/\/www.canarie.ca\/wp-content\/uploads\/2021\/02\/Identity_cs_edmonton-library.png\" \/>\n\t<meta property=\"og:image:width\" content=\"608\" \/>\n\t<meta property=\"og:image:height\" content=\"405\" \/>\n\t<meta property=\"og:image:type\" content=\"image\/png\" \/>\n<meta name=\"twitter:card\" content=\"summary_large_image\" \/>\n<script type=\"application\/ld+json\" class=\"yoast-schema-graph\">{\"@context\":\"https:\\\/\\\/schema.org\",\"@graph\":[{\"@type\":\"WebPage\",\"@id\":\"https:\\\/\\\/www.canarie.ca\\\/fr\\\/identite\\\/etudesdecas\\\/la-bibliotheque-municipale-dedmonton\\\/\",\"url\":\"https:\\\/\\\/www.canarie.ca\\\/fr\\\/identite\\\/etudesdecas\\\/la-bibliotheque-municipale-dedmonton\\\/\",\"name\":\"La biblioth\u00e8que municipale d\u2019Edmonton - CANARIE\",\"isPartOf\":{\"@id\":\"https:\\\/\\\/www.canarie.ca\\\/#website\"},\"primaryImageOfPage\":{\"@id\":\"https:\\\/\\\/www.canarie.ca\\\/fr\\\/identite\\\/etudesdecas\\\/la-bibliotheque-municipale-dedmonton\\\/#primaryimage\"},\"image\":{\"@id\":\"https:\\\/\\\/www.canarie.ca\\\/fr\\\/identite\\\/etudesdecas\\\/la-bibliotheque-municipale-dedmonton\\\/#primaryimage\"},\"thumbnailUrl\":\"https:\\\/\\\/www.canarie.ca\\\/wp-content\\\/uploads\\\/2021\\\/02\\\/Identity_cs_edmonton-library.png\",\"datePublished\":\"2021-01-26T02:31:22+00:00\",\"dateModified\":\"2022-09-14T15:43:48+00:00\",\"breadcrumb\":{\"@id\":\"https:\\\/\\\/www.canarie.ca\\\/fr\\\/identite\\\/etudesdecas\\\/la-bibliotheque-municipale-dedmonton\\\/#breadcrumb\"},\"inLanguage\":\"fr-FR\",\"potentialAction\":[{\"@type\":\"ReadAction\",\"target\":[\"https:\\\/\\\/www.canarie.ca\\\/fr\\\/identite\\\/etudesdecas\\\/la-bibliotheque-municipale-dedmonton\\\/\"]}]},{\"@type\":\"ImageObject\",\"inLanguage\":\"fr-FR\",\"@id\":\"https:\\\/\\\/www.canarie.ca\\\/fr\\\/identite\\\/etudesdecas\\\/la-bibliotheque-municipale-dedmonton\\\/#primaryimage\",\"url\":\"https:\\\/\\\/www.canarie.ca\\\/wp-content\\\/uploads\\\/2021\\\/02\\\/Identity_cs_edmonton-library.png\",\"contentUrl\":\"https:\\\/\\\/www.canarie.ca\\\/wp-content\\\/uploads\\\/2021\\\/02\\\/Identity_cs_edmonton-library.png\",\"width\":608,\"height\":405},{\"@type\":\"BreadcrumbList\",\"@id\":\"https:\\\/\\\/www.canarie.ca\\\/fr\\\/identite\\\/etudesdecas\\\/la-bibliotheque-municipale-dedmonton\\\/#breadcrumb\",\"itemListElement\":[{\"@type\":\"ListItem\",\"position\":1,\"name\":\"Accueil\",\"item\":\"https:\\\/\\\/www.canarie.ca\\\/fr\\\/\"},{\"@type\":\"ListItem\",\"position\":2,\"name\":\"Gestion des identit\u00e9s et des acc\u00e8s\",\"item\":\"https:\\\/\\\/www.canarie.ca\\\/fr\\\/identite\\\/\"},{\"@type\":\"ListItem\",\"position\":3,\"name\":\"\u00c9tudes de cas\",\"item\":\"https:\\\/\\\/www.canarie.ca\\\/fr\\\/identite\\\/etudesdecas\\\/\"},{\"@type\":\"ListItem\",\"position\":4,\"name\":\"La biblioth\u00e8que municipale d\u2019Edmonton\"}]},{\"@type\":\"WebSite\",\"@id\":\"https:\\\/\\\/www.canarie.ca\\\/#website\",\"url\":\"https:\\\/\\\/www.canarie.ca\\\/\",\"name\":\"CANARIE\",\"description\":\"\",\"potentialAction\":[{\"@type\":\"SearchAction\",\"target\":{\"@type\":\"EntryPoint\",\"urlTemplate\":\"https:\\\/\\\/www.canarie.ca\\\/?s={search_term_string}\"},\"query-input\":{\"@type\":\"PropertyValueSpecification\",\"valueRequired\":true,\"valueName\":\"search_term_string\"}}],\"inLanguage\":\"fr-FR\"}]}<\/script>\n<!-- \/ Yoast SEO plugin. -->","yoast_head_json":{"title":"La biblioth\u00e8que municipale d\u2019Edmonton - CANARIE","robots":{"index":"index","follow":"follow","max-snippet":"max-snippet:-1","max-image-preview":"max-image-preview:large","max-video-preview":"max-video-preview:-1"},"canonical":"https:\/\/www.canarie.ca\/fr\/identite\/etudesdecas\/la-bibliotheque-municipale-dedmonton\/","og_locale":"fr_FR","og_type":"article","og_title":"La biblioth\u00e8que municipale d\u2019Edmonton - CANARIE","og_url":"https:\/\/www.canarie.ca\/fr\/identite\/etudesdecas\/la-bibliotheque-municipale-dedmonton\/","og_site_name":"CANARIE","article_modified_time":"2022-09-14T15:43:48+00:00","og_image":[{"width":608,"height":405,"url":"https:\/\/www.canarie.ca\/wp-content\/uploads\/2021\/02\/Identity_cs_edmonton-library.png","type":"image\/png"}],"twitter_card":"summary_large_image","schema":{"@context":"https:\/\/schema.org","@graph":[{"@type":"WebPage","@id":"https:\/\/www.canarie.ca\/fr\/identite\/etudesdecas\/la-bibliotheque-municipale-dedmonton\/","url":"https:\/\/www.canarie.ca\/fr\/identite\/etudesdecas\/la-bibliotheque-municipale-dedmonton\/","name":"La biblioth\u00e8que municipale d\u2019Edmonton - CANARIE","isPartOf":{"@id":"https:\/\/www.canarie.ca\/#website"},"primaryImageOfPage":{"@id":"https:\/\/www.canarie.ca\/fr\/identite\/etudesdecas\/la-bibliotheque-municipale-dedmonton\/#primaryimage"},"image":{"@id":"https:\/\/www.canarie.ca\/fr\/identite\/etudesdecas\/la-bibliotheque-municipale-dedmonton\/#primaryimage"},"thumbnailUrl":"https:\/\/www.canarie.ca\/wp-content\/uploads\/2021\/02\/Identity_cs_edmonton-library.png","datePublished":"2021-01-26T02:31:22+00:00","dateModified":"2022-09-14T15:43:48+00:00","breadcrumb":{"@id":"https:\/\/www.canarie.ca\/fr\/identite\/etudesdecas\/la-bibliotheque-municipale-dedmonton\/#breadcrumb"},"inLanguage":"fr-FR","potentialAction":[{"@type":"ReadAction","target":["https:\/\/www.canarie.ca\/fr\/identite\/etudesdecas\/la-bibliotheque-municipale-dedmonton\/"]}]},{"@type":"ImageObject","inLanguage":"fr-FR","@id":"https:\/\/www.canarie.ca\/fr\/identite\/etudesdecas\/la-bibliotheque-municipale-dedmonton\/#primaryimage","url":"https:\/\/www.canarie.ca\/wp-content\/uploads\/2021\/02\/Identity_cs_edmonton-library.png","contentUrl":"https:\/\/www.canarie.ca\/wp-content\/uploads\/2021\/02\/Identity_cs_edmonton-library.png","width":608,"height":405},{"@type":"BreadcrumbList","@id":"https:\/\/www.canarie.ca\/fr\/identite\/etudesdecas\/la-bibliotheque-municipale-dedmonton\/#breadcrumb","itemListElement":[{"@type":"ListItem","position":1,"name":"Accueil","item":"https:\/\/www.canarie.ca\/fr\/"},{"@type":"ListItem","position":2,"name":"Gestion des identit\u00e9s et des acc\u00e8s","item":"https:\/\/www.canarie.ca\/fr\/identite\/"},{"@type":"ListItem","position":3,"name":"\u00c9tudes de cas","item":"https:\/\/www.canarie.ca\/fr\/identite\/etudesdecas\/"},{"@type":"ListItem","position":4,"name":"La biblioth\u00e8que municipale d\u2019Edmonton"}]},{"@type":"WebSite","@id":"https:\/\/www.canarie.ca\/#website","url":"https:\/\/www.canarie.ca\/","name":"CANARIE","description":"","potentialAction":[{"@type":"SearchAction","target":{"@type":"EntryPoint","urlTemplate":"https:\/\/www.canarie.ca\/?s={search_term_string}"},"query-input":{"@type":"PropertyValueSpecification","valueRequired":true,"valueName":"search_term_string"}}],"inLanguage":"fr-FR"}]}},"_links":{"self":[{"href":"https:\/\/www.canarie.ca\/fr\/wp-json\/wp\/v2\/pages\/8541","targetHints":{"allow":["GET"]}}],"collection":[{"href":"https:\/\/www.canarie.ca\/fr\/wp-json\/wp\/v2\/pages"}],"about":[{"href":"https:\/\/www.canarie.ca\/fr\/wp-json\/wp\/v2\/types\/page"}],"author":[{"embeddable":true,"href":"https:\/\/www.canarie.ca\/fr\/wp-json\/wp\/v2\/users\/3"}],"replies":[{"embeddable":true,"href":"https:\/\/www.canarie.ca\/fr\/wp-json\/wp\/v2\/comments?post=8541"}],"version-history":[{"count":0,"href":"https:\/\/www.canarie.ca\/fr\/wp-json\/wp\/v2\/pages\/8541\/revisions"}],"up":[{"embeddable":true,"href":"https:\/\/www.canarie.ca\/fr\/wp-json\/wp\/v2\/pages\/15045"}],"wp:featuredmedia":[{"embeddable":true,"href":"https:\/\/www.canarie.ca\/fr\/wp-json\/wp\/v2\/media\/18564"}],"wp:attachment":[{"href":"https:\/\/www.canarie.ca\/fr\/wp-json\/wp\/v2\/media?parent=8541"}],"curies":[{"name":"wp","href":"https:\/\/api.w.org\/{rel}","templated":true}]}}